{"id":1468,"date":"2024-01-24T14:49:38","date_gmt":"2024-01-24T12:49:38","guid":{"rendered":"https:\/\/www.solar-model.com\/?page_id=1468"},"modified":"2024-01-24T14:49:38","modified_gmt":"2024-01-24T12:49:38","slug":"politica-de-cookies","status":"publish","type":"page","link":"https:\/\/www.solar-model.com\/de\/cookie-politik\/","title":{"rendered":"Cookies-Politik"},"content":{"rendered":"<p>Willkommen in der COOKIES POLICY der Website von SOLAR MODEL S.L., mit der Steueridentifikationsnummer B42643031, in der wir in klarer und einfacher Sprache alle notwendigen Fragen erl\u00e4utern, damit Sie die Kontrolle \u00fcber sie auf der Grundlage Ihrer pers\u00f6nlichen Entscheidungen haben k\u00f6nnen.<\/p>\n<p>WAS SIND COOKIES UND WOZU VERWENDEN WIR SIE?<br \/>\nEin Cookie ist eine kleine Informationsdatei, die auf Ihrem Computer, Smartphone oder Tablet gespeichert wird, wenn Sie unsere Website besuchen.<\/p>\n<p>Im Prinzip ist ein Cookie harmlos: Es enth\u00e4lt keine Viren, Trojaner, W\u00fcrmer usw., die Ihr Endger\u00e4t besch\u00e4digen k\u00f6nnten, aber es hat gewisse Auswirkungen auf Ihr Recht auf den Schutz Ihrer pers\u00f6nlichen Daten, da es bestimmte Informationen \u00fcber Sie sammelt (Surfgewohnheiten, Identit\u00e4t, Vorlieben usw.).<\/p>\n<p>Aus diesem Grund erfordert die Aktivierung bestimmter Arten von Cookies gem\u00e4\u00df den Bestimmungen der geltenden Gesetzgebung (LSSI und aktuelle Gesetzgebung zum Schutz personenbezogener Daten) Ihre vorherige Zustimmung.<\/p>\n<p>Zuvor werden wir Ihnen einige zus\u00e4tzliche Informationen geben, die Ihnen helfen werden, eine bessere Entscheidung zu treffen:<\/p>\n<p>Cookies k\u00f6nnen je nach ihrem Zweck verschiedene Arten von Cookies sein:<br \/>\nTechnische Cookies sind f\u00fcr das Funktionieren unserer Website erforderlich. Sie bed\u00fcrfen nicht Ihrer Zustimmung und sind die einzigen, die wir standardm\u00e4\u00dfig aktiviert haben.<br \/>\nDie anderen Cookies werden verwendet, um unsere Website zu verbessern, um sie auf der Grundlage Ihrer Pr\u00e4ferenzen zu personalisieren oder um Ihnen Werbung zu zeigen, die auf Ihre Suchanfragen, Ihren Geschmack und Ihre pers\u00f6nlichen Interessen zugeschnitten ist. Sie k\u00f6nnen alle diese Cookies akzeptieren, indem Sie auf die Schaltfl\u00e4che AKZEPTIEREN klicken, oder sie konfigurieren oder ihre Verwendung ablehnen, indem Sie auf den Abschnitt COOKIE KONFIGURATION klicken.<br \/>\nEinige Cookies geh\u00f6ren uns (wir nennen sie unsere eigenen Cookies) und andere geh\u00f6ren zu externen Unternehmen, die Dienstleistungen f\u00fcr unsere Website erbringen (wir nennen sie Drittanbieter-Cookies: ein Beispiel k\u00f6nnten Cookies von externen Anbietern wie Google sein). In diesem Zusammenhang ist es wichtig f\u00fcr Sie zu wissen, dass einige dieser externen Anbieter au\u00dferhalb Spaniens ans\u00e4ssig sein k\u00f6nnen.<br \/>\nWeltweit haben nicht alle L\u00e4nder das gleiche Datenschutzniveau, wobei einige L\u00e4nder sicherer sind als andere (die Europ\u00e4ische Union ist zum Beispiel eine sichere Umgebung f\u00fcr Ihre Daten). Unsere Politik ist es, vertrauensw\u00fcrdige Anbieter zu nutzen, die, unabh\u00e4ngig davon, ob sie in der Europ\u00e4ischen Union ans\u00e4ssig sind oder nicht, angemessene Sicherheitsvorkehrungen f\u00fcr den Schutz Ihrer personenbezogenen Daten getroffen haben. Im Abschnitt WELCHE ART VON COOKIES WIRD AKTUELL AUF UNSERER WEBSITE VERWENDET k\u00f6nnen Sie jedoch die verschiedenen Datenschutzrichtlinien der oben genannten externen Anbieter einsehen, um eine fundierte Entscheidung dar\u00fcber zu treffen, ob Sie die von unserer Website verwendeten Drittanbieter-Cookies aktivieren wollen oder nicht.<\/p>\n<p>Abschlie\u00dfend m\u00f6chten wir darauf hinweisen, dass es zwei Arten von Cookies gibt, je nachdem, wie lange sie aktiv bleiben:<br \/>\nSitzungscookies: Sie verfallen automatisch, wenn Sie Ihre Sitzung auf Ihrem Computer, Smartphone oder Tablet beenden. Sie werden in der Regel verwendet, um die notwendigen Informationen aufzubewahren, w\u00e4hrend Ihnen ein Dienst einmalig zur Verf\u00fcgung gestellt wird.<br \/>\nDauerhafte Cookies: Diese bleiben auf Ihrem Computer, Smartphone oder Tablet f\u00fcr einen bestimmten Zeitraum gespeichert, der von einigen Minuten bis zu mehreren Jahren reichen kann.<\/p>\n<p>WELCHE ART VON COOKIES K\u00d6NNEN WIR AUF UNSERER WEBSITE VERWENDEN?<\/p>\n<p>Technische Cookies:<\/p>\n<p>Technische Cookies sind unbedingt erforderlich, damit unsere Website funktioniert und Sie auf ihr surfen k\u00f6nnen. Bei dieser Art von Cookies handelt es sich um solche, die es uns z. B. erm\u00f6glichen, Sie zu identifizieren, Ihnen gegebenenfalls Zugang zu bestimmten eingeschr\u00e4nkten Teilen der Seite zu gew\u00e4hren oder sich an verschiedene von Ihnen bereits ausgew\u00e4hlte Optionen oder Dienste zu erinnern, wie z. B. Ihre Datenschutzeinstellungen. Aus diesem Grund sind sie standardm\u00e4\u00dfig aktiviert, und Ihre Zustimmung ist nicht erforderlich.<\/p>\n<p>\u00dcber die Einstellungen Ihres Browsers k\u00f6nnen Sie das Vorhandensein dieser Art von Cookies blockieren oder Sie darauf aufmerksam machen, obwohl eine solche Blockierung das ordnungsgem\u00e4\u00dfe Funktionieren der verschiedenen Funktionen unserer Website beeintr\u00e4chtigen wird.<\/p>\n<p>Analytische Cookies:<\/p>\n<p>Analytics-Cookies erm\u00f6glichen es uns, das Nutzerverhalten auf unserer Website im Allgemeinen zu untersuchen (z. B. welche Bereiche der Website am h\u00e4ufigsten besucht werden, welche Dienste am meisten genutzt werden und ob sie korrekt funktionieren usw.).<\/p>\n<p>Anhand der statistischen Informationen \u00fcber das Surfen auf unserer Website k\u00f6nnen wir sowohl die Funktionsweise der Website selbst als auch die verschiedenen angebotenen Dienste verbessern. Diese Cookies haben also keinen Werbezweck, sondern dienen nur dazu, die Funktionsweise unserer Website zu verbessern, indem sie sich an unsere Nutzer im Allgemeinen anpassen. Indem Sie sie aktivieren, tragen Sie zu dieser kontinuierlichen Verbesserung bei.<\/p>\n<p>Sie k\u00f6nnen diese Cookies aktivieren oder deaktivieren, indem Sie das entsprechende K\u00e4stchen anklicken, das standardm\u00e4\u00dfig deaktiviert ist.<\/p>\n<p>Funktionalit\u00e4ts- und Personalisierungs-Cookies:<\/p>\n<p>Funktions-Cookies erm\u00f6glichen es uns, Ihre Pr\u00e4ferenzen zu speichern und bestimmte Funktionen und allgemeine Optionen unserer Website bei jedem Zugriff anzupassen (z. B. die Sprache, in der Ihnen die Informationen pr\u00e4sentiert werden, die als Favoriten gekennzeichneten Bereiche, Ihr Browsertyp usw.).<\/p>\n<p>Diese Art von Cookies hat also keinen Werbezweck, aber durch ihre Aktivierung verbessern Sie die Funktionalit\u00e4t der Website (z. B. durch Anpassung an Ihren Browsertyp) und die Personalisierung der Website auf der Grundlage Ihrer Pr\u00e4ferenzen (z. B. durch Darstellung der Informationen in der von Ihnen bei fr\u00fcheren Gelegenheiten gew\u00e4hlten Sprache), was zur Erleichterung, Benutzerfreundlichkeit und zum Komfort unserer Website w\u00e4hrend Ihres Besuchs beitr\u00e4gt.<\/p>\n<p>Sie k\u00f6nnen diese Cookies aktivieren oder deaktivieren, indem Sie das entsprechende K\u00e4stchen anklicken, das standardm\u00e4\u00dfig deaktiviert ist.<\/p>\n<p>Werbe-Cookies:<\/p>\n<p>Werbe-Cookies erm\u00f6glichen es uns, die Werbefl\u00e4chen auf unserer Website anhand von Kriterien wie dem gezeigten Inhalt oder der H\u00e4ufigkeit der Anzeigen zu verwalten.<\/p>\n<p>Wenn Ihnen beispielsweise dieselbe Werbung mehrmals auf unserer Website angezeigt wurde und Sie kein pers\u00f6nliches Interesse gezeigt haben, indem Sie sie angeklickt haben, wird sie nicht erneut erscheinen. Kurz gesagt, durch die Aktivierung dieser Art von Cookie wird die auf unserer Website angezeigte Werbung n\u00fctzlicher und vielf\u00e4ltiger und weniger repetitiv sein.<\/p>\n<p>Sie k\u00f6nnen diese Cookies aktivieren oder deaktivieren, indem Sie das entsprechende K\u00e4stchen anklicken, das standardm\u00e4\u00dfig deaktiviert ist.<\/p>\n<p>Cookies f\u00fcr verhaltensbasierte Werbung:<\/p>\n<p>Cookies f\u00fcr verhaltensbasierte Werbung erm\u00f6glichen es uns, Informationen zu erhalten, die auf der Beobachtung Ihrer Surfgewohnheiten und Ihres Verhaltens auf der Website beruhen, um Ihnen Werbeinhalte zu zeigen, die besser auf Ihren pers\u00f6nlichen Geschmack und Ihre Interessen abgestimmt sind.<\/p>\n<p>Um Ihnen das Verst\u00e4ndnis zu erleichtern, geben wir Ihnen ein fiktives Beispiel: Wenn Ihre letzten Suchanfragen im Internet mit Thriller-Literatur zu tun hatten, w\u00fcrden wir Ihnen Anzeigen f\u00fcr Thriller-B\u00fccher zeigen.<\/p>\n<p>Wenn Sie diese Art von Cookie aktivieren, wird die Werbung, die wir Ihnen auf unserer Website zeigen, nicht allgemein sein, sondern auf Ihre Suchanfragen, Ihren Geschmack und Ihre Interessen abgestimmt sein und somit ausschlie\u00dflich auf Sie zugeschnitten sein.<\/p>\n<p>Sie k\u00f6nnen diese Cookies aktivieren oder deaktivieren, indem Sie das entsprechende K\u00e4stchen anklicken, das standardm\u00e4\u00dfig deaktiviert ist.<\/p>\n<p>WAS KANN MAN MIT KEKSEN MACHEN?<br \/>\nWenn Sie zum ersten Mal auf unsere Website zugreifen, wird Ihnen ein Fenster angezeigt, in dem wir Sie dar\u00fcber informieren, dass es verschiedene Arten von Cookies geben kann:<\/p>\n<p>Technische Cookies sind f\u00fcr das Funktionieren unserer Website erforderlich. Sie bed\u00fcrfen nicht Ihrer Zustimmung und sind die einzigen, die wir standardm\u00e4\u00dfig aktiviert haben.<br \/>\nDie anderen Cookies werden verwendet, um unsere Website zu verbessern, um sie auf der Grundlage Ihrer Pr\u00e4ferenzen zu personalisieren oder um Ihnen Werbung zu zeigen, die auf Ihre Suchanfragen, Ihren Geschmack und Ihre pers\u00f6nlichen Interessen zugeschnitten ist. Sie k\u00f6nnen alle diese Cookies akzeptieren, indem Sie auf die Schaltfl\u00e4che AKZEPTIEREN klicken, oder sie konfigurieren oder ihre Verwendung ablehnen, indem Sie auf den Abschnitt COOKIE KONFIGURATION klicken.<br \/>\nWir m\u00f6chten Sie au\u00dferdem darauf hinweisen, dass Sie, sobald Sie eine Art von Cookies aktiviert haben, diese jederzeit deaktivieren k\u00f6nnen, indem Sie einfach das entsprechende K\u00e4stchen im Abschnitt COOKIE-KONFIGURATION auf unserer Website deaktivieren. Die Aktivierung unserer eigenen Cookies wird f\u00fcr Sie immer genauso einfach sein wie deren Deaktivierung.<\/p>\n<p>Wir m\u00f6chten Sie auch daran erinnern, dass Sie \u00fcber die Einstellungen Ihres Browsers das Vorhandensein von Cookies blockieren oder darauf hinweisen k\u00f6nnen, auch wenn diese Blockierung das korrekte Funktionieren der verschiedenen Funktionalit\u00e4ten unserer Website im Falle der notwendigen technischen Cookies beeintr\u00e4chtigen kann.<\/p>\n<p>Wenn Sie Cookies von Drittanbietern (externe Unternehmen, die Dienstleistungen f\u00fcr unsere Website erbringen) aktivieren und diese anschlie\u00dfend deaktivieren m\u00f6chten, k\u00f6nnen Sie dies auf zwei Arten tun: \u00fcber die Deaktivierung von Cookies in Ihrem Browser oder \u00fcber die von diesen externen Anbietern eingerichteten Systeme.<\/p>\n<p>Um Ihnen die Arbeit zu erleichtern, finden Sie hier eine Reihe von Links zu den Leitlinien f\u00fcr die Deaktivierung von Cookies in den g\u00e4ngigsten Browsern:<\/p>\n<ul>\n<li><a href=\"https:\/\/support.google.com\/accounts\/answer\/61416?co=GENIE.Platform%3DDesktop&amp;hl=es\">Google Chrome<\/a><\/li>\n<li><a href=\"https:\/\/support.mozilla.org\/es\/kb\/Borrar%20cookies\">Mozilla Firefox<\/a><\/li>\n<li><a href=\"https:\/\/support.microsoft.com\/es-es\/topic\/c%C3%B3mo-eliminar-archivos-de-cookies-en-internet-explorer-bca9446f-d873-78de-77ba-d42645fa52fc\">Internet Explorer<\/a><\/li>\n<li><a href=\"https:\/\/support.apple.com\/es-es\/guide\/safari\/sfri11471\/mac\">Safari<\/a><\/li>\n<li><a href=\"https:\/\/support.apple.com\/es-es\/105082\">Safari f\u00fcr iOS (iPhone und iPad)<\/a><\/li>\n<li><a href=\"https:\/\/support.google.com\/accounts\/answer\/61416?co=GENIE.Platform%3DAndroid&amp;hl=es&amp;oco=1\">Google Chrome f\u00fcr Android<\/a><\/li>\n<li><a href=\"https:\/\/support.google.com\/accounts\/answer\/61416?co=GENIE.Platform%3DiOS&amp;hl=es&amp;oco=1\">Google Chrome f\u00fcr iPhone und iPad<\/a><\/li>\n<\/ul>","protected":false},"excerpt":{"rendered":"<p>Bienvenido\/a a la POL\u00cdTICA DE COOKIES de la p\u00e1gina web de la entidad SOLAR MODEL S.L., provista de NIF B42643031, donde te explicaremos en un lenguaje claro y sencillo todas las cuestiones necesarias para que puedas tener el control sobre ellas en base a tus decisiones personales. \u00bfQU\u00c9 SON LAS COOKIES Y PARA QU\u00c9 LAS [&hellip;]<\/p>\n","protected":false},"author":1,"featured_media":0,"parent":0,"menu_order":0,"comment_status":"closed","ping_status":"closed","template":"","meta":{"site-sidebar-layout":"default","site-content-layout":"","ast-site-content-layout":"default","site-content-style":"default","site-sidebar-style":"default","ast-global-header-display":"","ast-banner-title-visibility":"","ast-main-header-display":"","ast-hfb-above-header-display":"","ast-hfb-below-header-display":"","ast-hfb-mobile-header-display":"","site-post-title":"","ast-breadcrumbs-content":"","ast-featured-img":"","footer-sml-layout":"","ast-disable-related-posts":"","theme-transparent-header-meta":"default","adv-header-id-meta":"","stick-header-meta":"","header-above-stick-meta":"","header-main-stick-meta":"","header-below-stick-meta":"","astra-migrate-meta-layouts":"set","ast-page-background-enabled":"default","ast-page-background-meta":{"desktop":{"background-color":"","background-image":"","background-repeat":"repeat","background-position":"center center","background-size":"auto","background-attachment":"scroll","background-type":"","background-media":"","overlay-type":"","overlay-color":"","overlay-opacity":"","overlay-gradient":""},"tablet":{"background-color":"","background-image":"","background-repeat":"repeat","background-position":"center center","background-size":"auto","background-attachment":"scroll","background-type":"","background-media":"","overlay-type":"","overlay-color":"","overlay-opacity":"","overlay-gradient":""},"mobile":{"background-color":"","background-image":"","background-repeat":"repeat","background-position":"center center","background-size":"auto","background-attachment":"scroll","background-type":"","background-media":"","overlay-type":"","overlay-color":"","overlay-opacity":"","overlay-gradient":""}},"ast-content-background-meta":{"desktop":{"background-color":"var(--ast-global-color-5)","background-image":"","background-repeat":"repeat","background-position":"center center","background-size":"auto","background-attachment":"scroll","background-type":"","background-media":"","overlay-type":"","overlay-color":"","overlay-opacity":"","overlay-gradient":""},"tablet":{"background-color":"var(--ast-global-color-5)","background-image":"","background-repeat":"repeat","background-position":"center center","background-size":"auto","background-attachment":"scroll","background-type":"","background-media":"","overlay-type":"","overlay-color":"","overlay-opacity":"","overlay-gradient":""},"mobile":{"background-color":"var(--ast-global-color-5)","background-image":"","background-repeat":"repeat","background-position":"center center","background-size":"auto","background-attachment":"scroll","background-type":"","background-media":"","overlay-type":"","overlay-color":"","overlay-opacity":"","overlay-gradient":""}},"_joinchat":[],"footnotes":""},"class_list":["post-1468","page","type-page","status-publish","hentry"],"_links":{"self":[{"href":"https:\/\/www.solar-model.com\/de\/wp-json\/wp\/v2\/pages\/1468","targetHints":{"allow":["GET"]}}],"collection":[{"href":"https:\/\/www.solar-model.com\/de\/wp-json\/wp\/v2\/pages"}],"about":[{"href":"https:\/\/www.solar-model.com\/de\/wp-json\/wp\/v2\/types\/page"}],"author":[{"embeddable":true,"href":"https:\/\/www.solar-model.com\/de\/wp-json\/wp\/v2\/users\/1"}],"replies":[{"embeddable":true,"href":"https:\/\/www.solar-model.com\/de\/wp-json\/wp\/v2\/comments?post=1468"}],"version-history":[{"count":1,"href":"https:\/\/www.solar-model.com\/de\/wp-json\/wp\/v2\/pages\/1468\/revisions"}],"predecessor-version":[{"id":1469,"href":"https:\/\/www.solar-model.com\/de\/wp-json\/wp\/v2\/pages\/1468\/revisions\/1469"}],"wp:attachment":[{"href":"https:\/\/www.solar-model.com\/de\/wp-json\/wp\/v2\/media?parent=1468"}],"curies":[{"name":"wp","href":"https:\/\/api.w.org\/{rel}","templated":true}]}}