{"id":845,"date":"2023-11-06T19:01:39","date_gmt":"2023-11-06T17:01:39","guid":{"rendered":"https:\/\/solar-model.com\/?page_id=845"},"modified":"2024-01-24T14:17:01","modified_gmt":"2024-01-24T12:17:01","slug":"energia-solar","status":"publish","type":"page","link":"https:\/\/www.solar-model.com\/de\/solarenergie\/","title":{"rendered":"Solarenergie"},"content":{"rendered":"<div data-elementor-type=\"wp-page\" data-elementor-id=\"845\" class=\"elementor elementor-845\" data-elementor-post-type=\"page\">\n\t\t\t\t\t\t<section class=\"has_ae_slider elementor-section elementor-top-section elementor-element elementor-element-cdbc706 elementor-section-boxed elementor-section-height-default elementor-section-height-default ae-bg-gallery-type-default\" data-id=\"cdbc706\" data-element_type=\"section\" data-e-type=\"section\">\n\t\t\t\t\t\t<div class=\"elementor-container elementor-column-gap-default\">\n\t\t\t\t\t<div class=\"has_ae_slider elementor-column elementor-col-100 elementor-top-column elementor-element elementor-element-72f97a0 ae-bg-gallery-type-default\" data-id=\"72f97a0\" data-element_type=\"column\" data-e-type=\"column\">\n\t\t\t<div class=\"elementor-widget-wrap elementor-element-populated\">\n\t\t\t\t\t\t<div class=\"elementor-element elementor-element-d508ef7 elementor-widget elementor-widget-heading\" data-id=\"d508ef7\" data-element_type=\"widget\" data-e-type=\"widget\" data-widget_type=\"heading.default\">\n\t\t\t\t<div class=\"elementor-widget-container\">\n\t\t\t\t\t<h2 class=\"elementor-heading-title elementor-size-default\">Was ist das und wie funktioniert es?<\/h2>\t\t\t\t<\/div>\n\t\t\t\t<\/div>\n\t\t\t\t\t<\/div>\n\t\t<\/div>\n\t\t\t\t\t<\/div>\n\t\t<\/section>\n\t\t\t\t<section class=\"has_ae_slider elementor-section elementor-top-section elementor-element elementor-element-65af69f elementor-section-boxed elementor-section-height-default elementor-section-height-default ae-bg-gallery-type-default\" data-id=\"65af69f\" data-element_type=\"section\" data-e-type=\"section\">\n\t\t\t\t\t\t<div class=\"elementor-container elementor-column-gap-default\">\n\t\t\t\t\t<div class=\"has_ae_slider elementor-column elementor-col-100 elementor-top-column elementor-element elementor-element-6a928b3 ae-bg-gallery-type-default\" data-id=\"6a928b3\" data-element_type=\"column\" data-e-type=\"column\">\n\t\t\t<div class=\"elementor-widget-wrap elementor-element-populated\">\n\t\t\t\t\t\t<div class=\"elementor-element elementor-element-7b82a8b elementor-widget elementor-widget-text-editor\" data-id=\"7b82a8b\" data-element_type=\"widget\" data-e-type=\"widget\" data-widget_type=\"text-editor.default\">\n\t\t\t\t<div class=\"elementor-widget-container\">\n\t\t\t\t\t\t\t\t\t<p>Solarenergie ist eine der besten Alternativen zum Energiesparen.<\/p><p><span style=\"font-style: inherit; font-weight: inherit; background-color: var(--ast-global-color-5); color: var(--ast-global-color-3);\">Eine Solar-Selbstverbrauchsanlage besteht im Wesentlichen aus Solarmodulen, einem Wechselrichter und gegebenenfalls Batterien zur Speicherung der von der Solaranlage erzeugten zus\u00e4tzlichen Energie.<\/span><\/p><p>Ein Solarenergiesystem funktioniert wie folgt:<\/p><ol><li><strong>Sonnenkollektoren<\/strong>Solarmodule wandeln das Sonnenlicht mit Hilfe von photovoltaischen Zellen in Strom um. Diese Paneele werden auf dem Dach oder in offenen Bereichen installiert, wo sie so viel Sonnenlicht wie m\u00f6glich empfangen k\u00f6nnen.<\/li><li><strong>Anleger<\/strong>Der von den Solarmodulen erzeugte Strom wird in Form von Gleichstrom (DC) geliefert, aber unsere H\u00e4user und elektronischen Ger\u00e4te ben\u00f6tigen Wechselstrom (AC), um zu funktionieren. Der Wechselrichter wandelt den Gleichstrom aus den Modulen in nutzbaren Wechselstrom um.<\/li><li><strong>Selbstverzehr<\/strong>Der von den Solarmodulen erzeugte Strom wird direkt im Haus verbraucht, um Haushaltsger\u00e4te und elektronische Ger\u00e4te zu betreiben. Dies verringert die Abh\u00e4ngigkeit vom Stromnetz und spart Stromkosten.<\/li><li><strong>Bidirektionaler Z\u00e4hler<\/strong>Ein bidirektionaler Z\u00e4hler erfasst die verbrauchte und die von der Solaranlage erzeugte Strommenge. Wenn die Solaranlage mehr Strom produziert als verbraucht wird, wird der \u00fcbersch\u00fcssige Strom ins Netz eingespeist und als Energiegutschrift verbucht.<\/li><li><strong>Batterien<\/strong>Die Batterien der Solaranlage f\u00fcr den Eigenverbrauch erm\u00f6glichen es, tags\u00fcber erzeugten \u00fcbersch\u00fcssigen Strom zu speichern, um ihn in der Nacht oder in Zeiten geringer Sonneneinstrahlung zu nutzen. Diese Batterien werden aufgeladen, wenn das Solarsystem mehr Strom erzeugt als verbraucht wird, und entladen, wenn zus\u00e4tzlicher Strom ben\u00f6tigt wird.<\/li><li><strong>Anschluss an das Stromnetz<\/strong>Wenn die Solaranlage nicht genug Strom erzeugt, um den Bedarf des Haushalts zu decken (z. B. an bew\u00f6lkten Tagen oder in Zeiten hoher Nachfrage), kann der Haushalt Strom aus dem Netz beziehen. Erzeugt die Solaranlage mehr Strom als verbraucht wird, wird der \u00fcbersch\u00fcssige Strom in das Netz zur\u00fcckgespeist und als Energiegutschrift verbucht.<\/li><\/ol><p>Kurz gesagt, ein Solarsystem mit Batterien f\u00fcr den Eigenverbrauch erm\u00f6glicht es, die Sonnenenergie f\u00fcr die Stromversorgung des Hauses zu nutzen und \u00fcbersch\u00fcssigen Strom f\u00fcr den sp\u00e4teren Gebrauch zu speichern. Dies verringert die Abh\u00e4ngigkeit vom Stromnetz und spart Stromkosten, w\u00e4hrend gleichzeitig der CO2-Fu\u00dfabdruck verringert wird.<\/p>\t\t\t\t\t\t\t\t<\/div>\n\t\t\t\t<\/div>\n\t\t\t\t<div class=\"elementor-element elementor-element-c71a6be elementor-widget elementor-widget-image\" data-id=\"c71a6be\" data-element_type=\"widget\" data-e-type=\"widget\" data-widget_type=\"image.default\">\n\t\t\t\t<div class=\"elementor-widget-container\">\n\t\t\t\t\t\t\t\t\t\t\t\t\t\t\t<img fetchpriority=\"high\" decoding=\"async\" width=\"1024\" height=\"507\" src=\"https:\/\/www.solar-model.com\/wp-content\/uploads\/2023\/11\/Sistema-solar-autoconsumo-con-bateria-1-1024x507.jpg\" class=\"attachment-large size-large wp-image-861\" alt=\"\" srcset=\"https:\/\/www.solar-model.com\/wp-content\/uploads\/2023\/11\/Sistema-solar-autoconsumo-con-bateria-1-1024x507.jpg 1024w, https:\/\/www.solar-model.com\/wp-content\/uploads\/2023\/11\/Sistema-solar-autoconsumo-con-bateria-1-300x148.jpg 300w, https:\/\/www.solar-model.com\/wp-content\/uploads\/2023\/11\/Sistema-solar-autoconsumo-con-bateria-1-768x380.jpg 768w, https:\/\/www.solar-model.com\/wp-content\/uploads\/2023\/11\/Sistema-solar-autoconsumo-con-bateria-1-18x9.jpg 18w, https:\/\/www.solar-model.com\/wp-content\/uploads\/2023\/11\/Sistema-solar-autoconsumo-con-bateria-1.jpg 1283w\" sizes=\"(max-width: 1024px) 100vw, 1024px\" \/>\t\t\t\t\t\t\t\t\t\t\t\t\t\t\t<\/div>\n\t\t\t\t<\/div>\n\t\t\t\t\t<\/div>\n\t\t<\/div>\n\t\t\t\t\t<\/div>\n\t\t<\/section>\n\t\t\t\t<section class=\"has_ae_slider elementor-section elementor-top-section elementor-element elementor-element-622a58f elementor-section-boxed elementor-section-height-default elementor-section-height-default ae-bg-gallery-type-default\" data-id=\"622a58f\" data-element_type=\"section\" data-e-type=\"section\">\n\t\t\t\t\t\t<div class=\"elementor-container elementor-column-gap-default\">\n\t\t\t\t\t<div class=\"has_ae_slider elementor-column elementor-col-100 elementor-top-column elementor-element elementor-element-c8cd452 ae-bg-gallery-type-default\" data-id=\"c8cd452\" data-element_type=\"column\" data-e-type=\"column\">\n\t\t\t<div class=\"elementor-widget-wrap elementor-element-populated\">\n\t\t\t\t\t\t<div class=\"elementor-element elementor-element-88bef37 elementor-widget elementor-widget-text-editor\" data-id=\"88bef37\" data-element_type=\"widget\" data-e-type=\"widget\" data-widget_type=\"text-editor.default\">\n\t\t\t\t<div class=\"elementor-widget-container\">\n\t\t\t\t\t\t\t\t\t<p style=\"font-size: 16px; font-style: normal; font-weight: 400;\">Nutzen Sie Solarenergie, um freier zu sein und Geld zu sparen. Machen Sie Ihr Zuhause sauber und unabh\u00e4ngig. Installieren Sie eine Solaranlage f\u00fcr Ihr Haus, Ihre Villa, Ihre Gemeinde oder Ihr Unternehmen!<\/p><p style=\"font-size: 16px; font-style: normal; font-weight: 400;\">Die Installation von Sonnenkollektoren ist ideal f\u00fcr:<\/p><ul style=\"font-size: 16px; font-style: normal; font-weight: 400;\"><li style=\"font-size: 16px;\">Eigent\u00fcmer von Bungalows, H\u00e4usern und Villen. Die Installation von Solarmodulen in Ihrer Gemeinde\/Ihrem Haus kann eine gute Option f\u00fcr Sie und alle Bewohner der Gemeinde sein, die ihre Energiekosten senken und ihre Abh\u00e4ngigkeit von kommerziellen Energieversorgern und schwankenden Energiekosten verringern m\u00f6chten.<\/li><li style=\"font-size: 16px;\">Wie viel kostet der Anschluss von Solarmodulen f\u00fcr ein Privathaus oder ein Unternehmen? Rufen Sie uns an und wir werden Sie informieren.<\/li><li style=\"font-size: 16px;\">Unternehmer. Die Installation von Sonnenkollektoren auf den D\u00e4chern von Gesch\u00e4ftsgeb\u00e4uden (Hotels, Restaurants, Werkst\u00e4tten, landwirtschaftlichen Betrieben, Lagerhallen usw.) wird die Gewinne Ihres Unternehmens durch die Senkung Ihrer Kosten erheblich steigern. Schlie\u00dflich k\u00f6nnen die Energiekosten in einigen Branchen sehr hoch sein, und der Einsatz von Sonnenkollektoren wird Ihre Energierechnungen mittel-\/langfristig um bis zu 90% senken. Auch die Vorteile des \"Carbon Footprint\" f\u00fcr ein Unternehmen sollten hier nicht vergessen werden.<\/li><li style=\"font-size: 16px;\">Investoren, die Solarparks errichten und denen die Maximierung ihrer Gewinne aus der Solarenergie am Herzen liegt. Denn ein Solarpark ist Ihr Gewinnbringer. Wir sagen Ihnen, wie Sie schl\u00fcsselfertige Solarkraftwerke (Solarparks) installieren und anfangen zu verdienen. F\u00fcllen Sie einfach das Formular aus und unser Manager wird sich mit Ihnen in Verbindung setzen.<\/li><li style=\"font-size: 16px;\">Diejenigen, die an die Zukunft des Planeten denken und etwas Gutes f\u00fcr die Umwelt tun wollen. Die Installation von schl\u00fcsselfertigen Solaranlagen durch unser Unternehmen ist ein Beitrag zum Umweltschutz und zur Verringerung der Kohlendioxidemissionen in die Atmosph\u00e4re.<\/li><\/ul>\t\t\t\t\t\t\t\t<\/div>\n\t\t\t\t<\/div>\n\t\t\t\t\t<\/div>\n\t\t<\/div>\n\t\t\t\t\t<\/div>\n\t\t<\/section>\n\t\t\t\t<section class=\"has_ae_slider elementor-section elementor-top-section elementor-element elementor-element-b9ab1ca elementor-section-boxed elementor-section-height-default elementor-section-height-default ae-bg-gallery-type-default\" data-id=\"b9ab1ca\" data-element_type=\"section\" data-e-type=\"section\">\n\t\t\t\t\t\t<div class=\"elementor-container elementor-column-gap-default\">\n\t\t\t\t\t<div class=\"has_ae_slider elementor-column elementor-col-100 elementor-top-column elementor-element elementor-element-2e82e94 ae-bg-gallery-type-default\" data-id=\"2e82e94\" data-element_type=\"column\" data-e-type=\"column\">\n\t\t\t<div class=\"elementor-widget-wrap elementor-element-populated\">\n\t\t\t\t\t\t<div class=\"elementor-element elementor-element-ce9e0f7 elementor-align-center elementor-widget elementor-widget-button\" data-id=\"ce9e0f7\" data-element_type=\"widget\" data-e-type=\"widget\" data-widget_type=\"button.default\">\n\t\t\t\t<div class=\"elementor-widget-container\">\n\t\t\t\t\t\t\t\t\t<div class=\"elementor-button-wrapper\">\n\t\t\t\t\t<a class=\"elementor-button elementor-button-link elementor-size-sm\" href=\"https:\/\/www.solar-model.com\/de\/haushalt\/\">\n\t\t\t\t\t\t<span class=\"elementor-button-content-wrapper\">\n\t\t\t\t\t\t<span class=\"elementor-button-icon\">\n\t\t\t\t<i aria-hidden=\"true\" class=\"far fa-comment\"><\/i>\t\t\t<\/span>\n\t\t\t\t\t\t\t\t\t<span class=\"elementor-button-text\">kostenloses Angebot anfordern<\/span>\n\t\t\t\t\t<\/span>\n\t\t\t\t\t<\/a>\n\t\t\t\t<\/div>\n\t\t\t\t\t\t\t\t<\/div>\n\t\t\t\t<\/div>\n\t\t\t\t\t<\/div>\n\t\t<\/div>\n\t\t\t\t\t<\/div>\n\t\t<\/section>\n\t\t\t\t<\/div>","protected":false},"excerpt":{"rendered":"<p>\u00bfQu\u00e9 es y como funciona? La energ\u00eda solar es una de las mejores alternativas para ahorrar energ\u00eda. Un sistema solar de autoconsumo solar consiste b\u00e1sicamente de paneles solares, un inversor y opcionalmente bater\u00edas para almacenar energ\u00eda adicional generada por el sistema solar. Un sistema de energ\u00eda solar funciona de la siguiente forma: Paneles solares: Los [&hellip;]<\/p>\n","protected":false},"author":1,"featured_media":0,"parent":0,"menu_order":0,"comment_status":"closed","ping_status":"closed","template":"","meta":{"site-sidebar-layout":"default","site-content-layout":"","ast-site-content-layout":"default","site-content-style":"default","site-sidebar-style":"default","ast-global-header-display":"","ast-banner-title-visibility":"","ast-main-header-display":"","ast-hfb-above-header-display":"","ast-hfb-below-header-display":"","ast-hfb-mobile-header-display":"","site-post-title":"","ast-breadcrumbs-content":"","ast-featured-img":"","footer-sml-layout":"","ast-disable-related-posts":"","theme-transparent-header-meta":"","adv-header-id-meta":"","stick-header-meta":"","header-above-stick-meta":"","header-main-stick-meta":"","header-below-stick-meta":"","astra-migrate-meta-layouts":"default","ast-page-background-enabled":"default","ast-page-background-meta":{"desktop":{"background-color":"","background-image":"","background-repeat":"repeat","background-position":"center center","background-size":"auto","background-attachment":"scroll","background-type":"","background-media":"","overlay-type":"","overlay-color":"","overlay-opacity":"","overlay-gradient":""},"tablet":{"background-color":"","background-image":"","background-repeat":"repeat","background-position":"center center","background-size":"auto","background-attachment":"scroll","background-type":"","background-media":"","overlay-type":"","overlay-color":"","overlay-opacity":"","overlay-gradient":""},"mobile":{"background-color":"","background-image":"","background-repeat":"repeat","background-position":"center center","background-size":"auto","background-attachment":"scroll","background-type":"","background-media":"","overlay-type":"","overlay-color":"","overlay-opacity":"","overlay-gradient":""}},"ast-content-background-meta":{"desktop":{"background-color":"var(--ast-global-color-5)","background-image":"","background-repeat":"repeat","background-position":"center center","background-size":"auto","background-attachment":"scroll","background-type":"","background-media":"","overlay-type":"","overlay-color":"","overlay-opacity":"","overlay-gradient":""},"tablet":{"background-color":"var(--ast-global-color-5)","background-image":"","background-repeat":"repeat","background-position":"center center","background-size":"auto","background-attachment":"scroll","background-type":"","background-media":"","overlay-type":"","overlay-color":"","overlay-opacity":"","overlay-gradient":""},"mobile":{"background-color":"var(--ast-global-color-5)","background-image":"","background-repeat":"repeat","background-position":"center center","background-size":"auto","background-attachment":"scroll","background-type":"","background-media":"","overlay-type":"","overlay-color":"","overlay-opacity":"","overlay-gradient":""}},"_joinchat":[],"footnotes":""},"class_list":["post-845","page","type-page","status-publish","hentry"],"_links":{"self":[{"href":"https:\/\/www.solar-model.com\/de\/wp-json\/wp\/v2\/pages\/845","targetHints":{"allow":["GET"]}}],"collection":[{"href":"https:\/\/www.solar-model.com\/de\/wp-json\/wp\/v2\/pages"}],"about":[{"href":"https:\/\/www.solar-model.com\/de\/wp-json\/wp\/v2\/types\/page"}],"author":[{"embeddable":true,"href":"https:\/\/www.solar-model.com\/de\/wp-json\/wp\/v2\/users\/1"}],"replies":[{"embeddable":true,"href":"https:\/\/www.solar-model.com\/de\/wp-json\/wp\/v2\/comments?post=845"}],"version-history":[{"count":30,"href":"https:\/\/www.solar-model.com\/de\/wp-json\/wp\/v2\/pages\/845\/revisions"}],"predecessor-version":[{"id":1443,"href":"https:\/\/www.solar-model.com\/de\/wp-json\/wp\/v2\/pages\/845\/revisions\/1443"}],"wp:attachment":[{"href":"https:\/\/www.solar-model.com\/de\/wp-json\/wp\/v2\/media?parent=845"}],"curies":[{"name":"wp","href":"https:\/\/api.w.org\/{rel}","templated":true}]}}