{"id":970,"date":"2023-12-29T13:16:12","date_gmt":"2023-12-29T11:16:12","guid":{"rendered":"https:\/\/solar-model.com\/?page_id=970"},"modified":"2024-01-24T14:15:51","modified_gmt":"2024-01-24T12:15:51","slug":"autoconsumo-industrial","status":"publish","type":"page","link":"https:\/\/www.solar-model.com\/de\/industrieller-eigenverbrauch\/","title":{"rendered":"Industrieller Eigenverbrauch"},"content":{"rendered":"<div data-elementor-type=\"wp-page\" data-elementor-id=\"970\" class=\"elementor elementor-970\" data-elementor-post-type=\"page\">\n\t\t\t\t\t\t<section class=\"has_ae_slider elementor-section elementor-top-section elementor-element elementor-element-bfcdf2e elementor-section-boxed elementor-section-height-default elementor-section-height-default ae-bg-gallery-type-default\" data-id=\"bfcdf2e\" data-element_type=\"section\" data-e-type=\"section\">\n\t\t\t\t\t\t<div class=\"elementor-container elementor-column-gap-default\">\n\t\t\t\t\t<div class=\"has_ae_slider elementor-column elementor-col-100 elementor-top-column elementor-element elementor-element-5fd77ea ae-bg-gallery-type-default\" data-id=\"5fd77ea\" data-element_type=\"column\" data-e-type=\"column\">\n\t\t\t<div class=\"elementor-widget-wrap\">\n\t\t\t\t\t\t\t<\/div>\n\t\t<\/div>\n\t\t\t\t\t<\/div>\n\t\t<\/section>\n\t\t\t\t<section class=\"has_ae_slider elementor-section elementor-top-section elementor-element elementor-element-d2e1d0a elementor-section-boxed elementor-section-height-default elementor-section-height-default ae-bg-gallery-type-default\" data-id=\"d2e1d0a\" data-element_type=\"section\" data-e-type=\"section\">\n\t\t\t\t\t\t<div class=\"elementor-container elementor-column-gap-default\">\n\t\t\t\t\t<div class=\"has_ae_slider elementor-column elementor-col-100 elementor-top-column elementor-element elementor-element-2c19b92 ae-bg-gallery-type-default\" data-id=\"2c19b92\" data-element_type=\"column\" data-e-type=\"column\">\n\t\t\t<div class=\"elementor-widget-wrap elementor-element-populated\">\n\t\t\t\t\t\t<div class=\"elementor-element elementor-element-97d63ff elementor-widget elementor-widget-text-editor\" data-id=\"97d63ff\" data-element_type=\"widget\" data-e-type=\"widget\" data-widget_type=\"text-editor.default\">\n\t\t\t\t<div class=\"elementor-widget-container\">\n\t\t\t\t\t\t\t\t\t<p style=\"font-size: 16px; font-style: normal; font-weight: 400;\">Industrieller Eigenverbrauch bezeichnet die Erzeugung und Nutzung von Strom innerhalb einer Branche zur Deckung des eigenen Energiebedarfs. Es handelt sich um einen Trend, der zunehmend von Unternehmen aufgegriffen wird, da er zahlreiche wirtschaftliche und \u00f6kologische Vorteile bietet.<\/p>\t\t\t\t\t\t\t\t<\/div>\n\t\t\t\t<\/div>\n\t\t\t\t<div class=\"elementor-element elementor-element-1637e43 elementor-widget elementor-widget-image\" data-id=\"1637e43\" data-element_type=\"widget\" data-e-type=\"widget\" data-widget_type=\"image.default\">\n\t\t\t\t<div class=\"elementor-widget-container\">\n\t\t\t\t\t\t\t\t\t\t\t\t\t\t\t<img fetchpriority=\"high\" decoding=\"async\" width=\"1024\" height=\"576\" src=\"https:\/\/www.solar-model.com\/wp-content\/uploads\/2023\/12\/Autoconsumo-solar-industrial-1024x576.jpg\" class=\"attachment-large size-large wp-image-974\" alt=\"Industrieller solarer Eigenverbrauch\" srcset=\"https:\/\/www.solar-model.com\/wp-content\/uploads\/2023\/12\/Autoconsumo-solar-industrial-1024x576.jpg 1024w, https:\/\/www.solar-model.com\/wp-content\/uploads\/2023\/12\/Autoconsumo-solar-industrial-300x169.jpg 300w, https:\/\/www.solar-model.com\/wp-content\/uploads\/2023\/12\/Autoconsumo-solar-industrial-768x432.jpg 768w, https:\/\/www.solar-model.com\/wp-content\/uploads\/2023\/12\/Autoconsumo-solar-industrial-18x10.jpg 18w, https:\/\/www.solar-model.com\/wp-content\/uploads\/2023\/12\/Autoconsumo-solar-industrial.jpg 1280w\" sizes=\"(max-width: 1024px) 100vw, 1024px\" \/>\t\t\t\t\t\t\t\t\t\t\t\t\t\t\t<\/div>\n\t\t\t\t<\/div>\n\t\t\t\t<div class=\"elementor-element elementor-element-ea8335c elementor-widget elementor-widget-text-editor\" data-id=\"ea8335c\" data-element_type=\"widget\" data-e-type=\"widget\" data-widget_type=\"text-editor.default\">\n\t\t\t\t<div class=\"elementor-widget-container\">\n\t\t\t\t\t\t\t\t\t<p><span style=\"background-color: var(--ast-global-color-4); color: var(--ast-global-color-3); font-style: inherit; font-weight: inherit;\">Einer der Vorteile des industriellen Eigenverbrauchs ist die Senkung der Kosten f\u00fcr den Stromverbrauch. Durch die Eigenerzeugung der ben\u00f6tigten Energie vermeiden die Unternehmen die vollst\u00e4ndige Abh\u00e4ngigkeit vom Stromnetz, was sich in erheblichen Einsparungen bei den Stromrechnungen niederschl\u00e4gt. Dar\u00fcber hinaus gibt es in einigen L\u00e4ndern Anreize und Subventionen, die die Einf\u00fchrung von industriellen Eigenverbrauchssystemen f\u00f6rdern, was deren wirtschaftliche Rentabilit\u00e4t erh\u00f6ht.<\/span><\/p><p><span style=\"font-style: inherit; font-weight: inherit; background-color: var(--ast-global-color-4); color: var(--ast-global-color-3);\">Ein weiterer wichtiger Vorteil des industriellen Eigenverbrauchs ist die Verringerung der Treibhausgasemissionen. Durch die Erzeugung von Strom aus erneuerbaren Energiequellen tragen die Unternehmen dazu bei, ihren Kohlenstoff-Fu\u00dfabdruck und ihre Umweltauswirkungen zu verringern. Dies tr\u00e4gt nicht nur zum Schutz der Umwelt bei, sondern verbessert auch das Image und den Ruf des Unternehmens bei Kunden und Verbrauchern, die zunehmend auf Nachhaltigkeit bedacht sind.<\/span><\/p><p><span style=\"font-style: inherit; font-weight: inherit; background-color: var(--ast-global-color-4); color: var(--ast-global-color-3);\">Dar\u00fcber hinaus erh\u00f6ht der industrielle Eigenverbrauch die Energieautonomie der Unternehmen. Indem die Industrie ihre eigene Energie erzeugen kann, verringert sie ihre Abh\u00e4ngigkeit von den Preisen und der Verf\u00fcgbarkeit der von den Elektrizit\u00e4tsunternehmen gelieferten Energie. Dies f\u00fchrt zu einer gr\u00f6\u00dferen Stabilit\u00e4t und Sicherheit der Stromversorgung, insbesondere in Notsituationen oder bei Unterbrechungen des externen Stromnetzes.\u00a0<\/span><span style=\"background-color: var(--ast-global-color-4); color: var(--ast-global-color-3); font-style: inherit; font-weight: inherit;\">Die Umsetzung von industriellen Eigenverbrauchssystemen kann je nach den Bed\u00fcrfnissen und Merkmalen des jeweiligen Unternehmens variieren, wobei die Installation von<\/span><span style=\"background-color: var(--ast-global-color-4); color: var(--ast-global-color-3); font-style: inherit; font-weight: inherit;\">Die Solar-Photovoltaik-Paneele mit oder ohne Batterien, mit Sonnenlicht zu erzeugen Strom und Batterien, um die erzeugte Energie zu akkumulieren.<\/span><\/p><p><span style=\"font-style: inherit; font-weight: inherit; background-color: var(--ast-global-color-4); color: var(--ast-global-color-3);\">Kurz gesagt, der industrielle Eigenverbrauch erfreut sich bei den Unternehmen zunehmender Beliebtheit, da er zahlreiche wirtschaftliche und \u00f6kologische Vorteile bietet. Geringere Stromkosten, weniger Schadstoffemissionen, Energieautonomie und ein besseres Unternehmensimage sind nur einige der Vorteile, die diese nachhaltige Alternative bietet. Ihre Umsetzung erfordert Analysen, Investitionen und Planung, aber langfristig ist sie eine rentable und verantwortungsvolle L\u00f6sung.<\/span><\/p>\t\t\t\t\t\t\t\t<\/div>\n\t\t\t\t<\/div>\n\t\t\t\t\t<\/div>\n\t\t<\/div>\n\t\t\t\t\t<\/div>\n\t\t<\/section>\n\t\t\t\t<section class=\"has_ae_slider elementor-section elementor-top-section elementor-element elementor-element-3dde6c3 elementor-section-boxed elementor-section-height-default elementor-section-height-default ae-bg-gallery-type-default\" data-id=\"3dde6c3\" data-element_type=\"section\" data-e-type=\"section\">\n\t\t\t\t\t\t<div class=\"elementor-container elementor-column-gap-default\">\n\t\t\t\t\t<div class=\"has_ae_slider elementor-column elementor-col-100 elementor-top-column elementor-element elementor-element-c937ad5 ae-bg-gallery-type-default\" data-id=\"c937ad5\" data-element_type=\"column\" data-e-type=\"column\">\n\t\t\t<div class=\"elementor-widget-wrap elementor-element-populated\">\n\t\t\t\t\t\t<div class=\"elementor-element elementor-element-bf4fa3d elementor-align-center elementor-widget elementor-widget-button\" data-id=\"bf4fa3d\" data-element_type=\"widget\" data-e-type=\"widget\" data-widget_type=\"button.default\">\n\t\t\t\t<div class=\"elementor-widget-container\">\n\t\t\t\t\t\t\t\t\t<div class=\"elementor-button-wrapper\">\n\t\t\t\t\t<a class=\"elementor-button elementor-button-link elementor-size-sm\" href=\"https:\/\/www.solar-model.com\/de\/haushalt\/\">\n\t\t\t\t\t\t<span class=\"elementor-button-content-wrapper\">\n\t\t\t\t\t\t<span class=\"elementor-button-icon\">\n\t\t\t\t<i aria-hidden=\"true\" class=\"far fa-comment\"><\/i>\t\t\t<\/span>\n\t\t\t\t\t\t\t\t\t<span class=\"elementor-button-text\">Kostenloses Angebot anfordern<\/span>\n\t\t\t\t\t<\/span>\n\t\t\t\t\t<\/a>\n\t\t\t\t<\/div>\n\t\t\t\t\t\t\t\t<\/div>\n\t\t\t\t<\/div>\n\t\t\t\t\t<\/div>\n\t\t<\/div>\n\t\t\t\t\t<\/div>\n\t\t<\/section>\n\t\t\t\t<\/div>","protected":false},"excerpt":{"rendered":"<p>Autoconsumo solar industrial Energ\u00eda solar para ahorrar el m\u00e1ximo de consumo en tu negocio El autoconsumo industrial se refiere a la producci\u00f3n y utilizaci\u00f3n de energ\u00eda el\u00e9ctrica dentro de una industria para cubrir sus propias necesidades energ\u00e9ticas. Es una tendencia cada vez m\u00e1s adoptada por las empresas, ya que ofrece numerosos beneficios tanto econ\u00f3micos como [&hellip;]<\/p>\n","protected":false},"author":1,"featured_media":0,"parent":0,"menu_order":0,"comment_status":"closed","ping_status":"closed","template":"","meta":{"site-sidebar-layout":"no-sidebar","site-content-layout":"page-builder","ast-site-content-layout":"full-width-container","site-content-style":"default","site-sidebar-style":"default","ast-global-header-display":"","ast-banner-title-visibility":"","ast-main-header-display":"","ast-hfb-above-header-display":"","ast-hfb-below-header-display":"","ast-hfb-mobile-header-display":"","site-post-title":"disabled","ast-breadcrumbs-content":"","ast-featured-img":"disabled","footer-sml-layout":"","ast-disable-related-posts":"","theme-transparent-header-meta":"","adv-header-id-meta":"","stick-header-meta":"","header-above-stick-meta":"","header-main-stick-meta":"","header-below-stick-meta":"","astra-migrate-meta-layouts":"default","ast-page-background-enabled":"default","ast-page-background-meta":{"desktop":{"background-color":"","background-image":"","background-repeat":"repeat","background-position":"center center","background-size":"auto","background-attachment":"scroll","background-type":"","background-media":"","overlay-type":"","overlay-color":"","overlay-opacity":"","overlay-gradient":""},"tablet":{"background-color":"","background-image":"","background-repeat":"repeat","background-position":"center center","background-size":"auto","background-attachment":"scroll","background-type":"","background-media":"","overlay-type":"","overlay-color":"","overlay-opacity":"","overlay-gradient":""},"mobile":{"background-color":"","background-image":"","background-repeat":"repeat","background-position":"center center","background-size":"auto","background-attachment":"scroll","background-type":"","background-media":"","overlay-type":"","overlay-color":"","overlay-opacity":"","overlay-gradient":""}},"ast-content-background-meta":{"desktop":{"background-color":"var(--ast-global-color-5)","background-image":"","background-repeat":"repeat","background-position":"center center","background-size":"auto","background-attachment":"scroll","background-type":"","background-media":"","overlay-type":"","overlay-color":"","overlay-opacity":"","overlay-gradient":""},"tablet":{"background-color":"var(--ast-global-color-5)","background-image":"","background-repeat":"repeat","background-position":"center center","background-size":"auto","background-attachment":"scroll","background-type":"","background-media":"","overlay-type":"","overlay-color":"","overlay-opacity":"","overlay-gradient":""},"mobile":{"background-color":"var(--ast-global-color-5)","background-image":"","background-repeat":"repeat","background-position":"center center","background-size":"auto","background-attachment":"scroll","background-type":"","background-media":"","overlay-type":"","overlay-color":"","overlay-opacity":"","overlay-gradient":""}},"_joinchat":[],"footnotes":""},"class_list":["post-970","page","type-page","status-publish","hentry"],"_links":{"self":[{"href":"https:\/\/www.solar-model.com\/de\/wp-json\/wp\/v2\/pages\/970","targetHints":{"allow":["GET"]}}],"collection":[{"href":"https:\/\/www.solar-model.com\/de\/wp-json\/wp\/v2\/pages"}],"about":[{"href":"https:\/\/www.solar-model.com\/de\/wp-json\/wp\/v2\/types\/page"}],"author":[{"embeddable":true,"href":"https:\/\/www.solar-model.com\/de\/wp-json\/wp\/v2\/users\/1"}],"replies":[{"embeddable":true,"href":"https:\/\/www.solar-model.com\/de\/wp-json\/wp\/v2\/comments?post=970"}],"version-history":[{"count":21,"href":"https:\/\/www.solar-model.com\/de\/wp-json\/wp\/v2\/pages\/970\/revisions"}],"predecessor-version":[{"id":1437,"href":"https:\/\/www.solar-model.com\/de\/wp-json\/wp\/v2\/pages\/970\/revisions\/1437"}],"wp:attachment":[{"href":"https:\/\/www.solar-model.com\/de\/wp-json\/wp\/v2\/media?parent=970"}],"curies":[{"name":"wp","href":"https:\/\/api.w.org\/{rel}","templated":true}]}}