{"id":981,"date":"2023-12-29T18:00:33","date_gmt":"2023-12-29T16:00:33","guid":{"rendered":"https:\/\/solar-model.com\/?page_id=981"},"modified":"2024-01-24T14:15:13","modified_gmt":"2024-01-24T12:15:13","slug":"autoconsumo-aislado","status":"publish","type":"page","link":"https:\/\/www.solar-model.com\/de\/isolierter-eigenverbrauch\/","title":{"rendered":"Isolierter Eigenverbrauch"},"content":{"rendered":"<div data-elementor-type=\"wp-page\" data-elementor-id=\"981\" class=\"elementor elementor-981\" data-elementor-post-type=\"page\">\n\t\t\t\t\t\t<section class=\"has_ae_slider elementor-section elementor-top-section elementor-element elementor-element-d6b76bd elementor-section-boxed elementor-section-height-default elementor-section-height-default ae-bg-gallery-type-default\" data-id=\"d6b76bd\" data-element_type=\"section\" data-e-type=\"section\">\n\t\t\t\t\t\t<div class=\"elementor-container elementor-column-gap-default\">\n\t\t\t\t\t<div class=\"has_ae_slider elementor-column elementor-col-100 elementor-top-column elementor-element elementor-element-3f650bc ae-bg-gallery-type-default\" data-id=\"3f650bc\" data-element_type=\"column\" data-e-type=\"column\">\n\t\t\t<div class=\"elementor-widget-wrap\">\n\t\t\t\t\t\t\t<\/div>\n\t\t<\/div>\n\t\t\t\t\t<\/div>\n\t\t<\/section>\n\t\t\t\t<section class=\"has_ae_slider elementor-section elementor-top-section elementor-element elementor-element-61827e3 elementor-section-boxed elementor-section-height-default elementor-section-height-default ae-bg-gallery-type-default\" data-id=\"61827e3\" data-element_type=\"section\" data-e-type=\"section\">\n\t\t\t\t\t\t<div class=\"elementor-container elementor-column-gap-default\">\n\t\t\t\t\t<div class=\"has_ae_slider elementor-column elementor-col-100 elementor-top-column elementor-element elementor-element-a35f388 ae-bg-gallery-type-default\" data-id=\"a35f388\" data-element_type=\"column\" data-e-type=\"column\">\n\t\t\t<div class=\"elementor-widget-wrap elementor-element-populated\">\n\t\t\t\t\t\t<div class=\"elementor-element elementor-element-7d83901 elementor-widget elementor-widget-text-editor\" data-id=\"7d83901\" data-element_type=\"widget\" data-e-type=\"widget\" data-widget_type=\"text-editor.default\">\n\t\t\t\t<div class=\"elementor-widget-container\">\n\t\t\t\t\t\t\t\t\t<p style=\"font-size: 16px; font-style: normal; font-weight: 400;\">Der isolierte Eigenverbrauch ist eine Praxis, die dank des technologischen Fortschritts und der wachsenden Besorgnis \u00fcber die Nachhaltigkeit und die Verringerung der Abh\u00e4ngigkeit von nicht erneuerbaren Energiequellen derzeit an Popularit\u00e4t gewinnt. Dieses Konzept basiert auf der Erzeugung eigener Energie und deren ausschlie\u00dflicher Verwendung f\u00fcr den Bedarf eines Hauses, eines Unternehmens oder einer anderen Einrichtung.<\/p>\n<p style=\"font-size: 16px; font-style: normal; font-weight: 400;\"><span style=\"font-style: inherit; font-weight: inherit; background-color: var(--ast-global-color-4); color: var(--ast-global-color-3);\">Einer der Hauptvorteile des isolierten Eigenverbrauchs ist die damit verbundene Energieunabh\u00e4ngigkeit. Durch die Erzeugung und Nutzung der selbst erzeugten Energie kann die Abh\u00e4ngigkeit vom herk\u00f6mmlichen Stromnetz drastisch reduziert werden. Dies ist besonders in l\u00e4ndlichen oder abgelegenen Gebieten von Vorteil, in denen der Anschluss an das Stromnetz kompliziert oder kostspielig sein kann.<\/span><\/p>\n<p style=\"font-size: 16px; font-style: normal; font-weight: 400;\"><span style=\"font-style: inherit; font-weight: inherit; background-color: var(--ast-global-color-4); color: var(--ast-global-color-3);\">Dar\u00fcber hinaus tr\u00e4gt der isolierte Eigenverbrauch erheblich zur Verringerung der Treibhausgasemissionen bei, da er haupts\u00e4chlich auf erneuerbaren Energiequellen wie Sonne, Wind oder Wasser basiert. Durch die Nutzung dieser sauberen Energiequellen wird der Kohlenstoff-Fu\u00dfabdruck verringert und ein Beitrag zum Kampf gegen den Klimawandel geleistet.<\/span><\/p>\t\t\t\t\t\t\t\t<\/div>\n\t\t\t\t<\/div>\n\t\t\t\t<div class=\"elementor-element elementor-element-86518e8 elementor-widget elementor-widget-image\" data-id=\"86518e8\" data-element_type=\"widget\" data-e-type=\"widget\" data-widget_type=\"image.default\">\n\t\t\t\t<div class=\"elementor-widget-container\">\n\t\t\t\t\t\t\t\t\t\t\t\t\t\t\t<img fetchpriority=\"high\" decoding=\"async\" width=\"990\" height=\"350\" src=\"https:\/\/www.solar-model.com\/wp-content\/uploads\/2023\/12\/Autoconsumo-solar-aislado.jpg\" class=\"attachment-large size-large wp-image-982\" alt=\"\" srcset=\"https:\/\/www.solar-model.com\/wp-content\/uploads\/2023\/12\/Autoconsumo-solar-aislado.jpg 990w, https:\/\/www.solar-model.com\/wp-content\/uploads\/2023\/12\/Autoconsumo-solar-aislado-300x106.jpg 300w, https:\/\/www.solar-model.com\/wp-content\/uploads\/2023\/12\/Autoconsumo-solar-aislado-768x272.jpg 768w, https:\/\/www.solar-model.com\/wp-content\/uploads\/2023\/12\/Autoconsumo-solar-aislado-18x6.jpg 18w\" sizes=\"(max-width: 990px) 100vw, 990px\" \/>\t\t\t\t\t\t\t\t\t\t\t\t\t\t\t<\/div>\n\t\t\t\t<\/div>\n\t\t\t\t<div class=\"elementor-element elementor-element-60b9138 elementor-widget__width-initial elementor-widget elementor-widget-text-editor\" data-id=\"60b9138\" data-element_type=\"widget\" data-e-type=\"widget\" data-widget_type=\"text-editor.default\">\n\t\t\t\t<div class=\"elementor-widget-container\">\n\t\t\t\t\t\t\t\t\t<p>Ein weiterer gro\u00dfer Vorteil des isolierten Eigenverbrauchs ist die M\u00f6glichkeit, bei den Stromrechnungen erheblich zu sparen. Indem Sie Ihre eigene Energie erzeugen, vermeiden Sie die hohen Kosten, die mit konventionellem Strom verbunden sind. Wird mehr Energie erzeugt als ben\u00f6tigt, kann sie in Batterien gespeichert und sp\u00e4ter genutzt werden, was die Abh\u00e4ngigkeit vom Stromnetz und die Stromkosten weiter reduziert.<span style=\"background-color: var(--ast-global-color-4); color: var(--ast-global-color-3); font-style: inherit; font-weight: inherit;\"><br \/><\/span><\/p><p><span style=\"background-color: var(--ast-global-color-4); color: var(--ast-global-color-3); font-style: inherit; font-weight: inherit;\">Der isolierte Eigenverbrauch bringt jedoch auch einige Herausforderungen mit sich. Die Installation von Anlagen zur Erzeugung erneuerbarer Energien kann hohe Anfangskosten verursachen, die jedoch langfristig durch die wirtschaftlichen Einsparungen kompensiert werden. Dar\u00fcber hinaus ist eine ordnungsgem\u00e4\u00dfe \u00dcberwachung und Wartung der Anlagen erforderlich, um ihren ordnungsgem\u00e4\u00dfen Betrieb zu gew\u00e4hrleisten und ihre Lebensdauer zu verl\u00e4ngern.<\/span><\/p><p><span style=\"font-style: inherit; font-weight: inherit; background-color: var(--ast-global-color-4); color: var(--ast-global-color-3);\">Zusammenfassend l\u00e4sst sich sagen, dass der isolierte Eigenverbrauch eine zunehmend attraktive und praktikable Option f\u00fcr diejenigen ist, die unabh\u00e4ngiger von der Energieversorgung sein und ihre Umweltbelastung verringern wollen. Diese Praxis ist nicht nur wirtschaftlich vorteilhaft, da sie Stromkosten spart, sondern hilft auch der Umwelt durch die Nutzung erneuerbarer Energiequellen. In dem Ma\u00dfe, wie die Technologien voranschreiten und die Installationskosten sinken, wird der isolierte Eigenverbrauch zu einer noch erschwinglicheren und f\u00fcr jedermann zug\u00e4nglichen Alternative.<\/span><\/p>\t\t\t\t\t\t\t\t<\/div>\n\t\t\t\t<\/div>\n\t\t\t\t\t<\/div>\n\t\t<\/div>\n\t\t\t\t\t<\/div>\n\t\t<\/section>\n\t\t\t\t<section class=\"has_ae_slider elementor-section elementor-top-section elementor-element elementor-element-853ee47 elementor-section-boxed elementor-section-height-default elementor-section-height-default ae-bg-gallery-type-default\" data-id=\"853ee47\" data-element_type=\"section\" data-e-type=\"section\">\n\t\t\t\t\t\t<div class=\"elementor-container elementor-column-gap-default\">\n\t\t\t\t\t<div class=\"has_ae_slider elementor-column elementor-col-100 elementor-top-column elementor-element elementor-element-30cbd14 ae-bg-gallery-type-default\" data-id=\"30cbd14\" data-element_type=\"column\" data-e-type=\"column\">\n\t\t\t<div class=\"elementor-widget-wrap elementor-element-populated\">\n\t\t\t\t\t\t<div class=\"elementor-element elementor-element-25e4f8a elementor-align-center elementor-widget elementor-widget-button\" data-id=\"25e4f8a\" data-element_type=\"widget\" data-e-type=\"widget\" data-widget_type=\"button.default\">\n\t\t\t\t<div class=\"elementor-widget-container\">\n\t\t\t\t\t\t\t\t\t<div class=\"elementor-button-wrapper\">\n\t\t\t\t\t<a class=\"elementor-button elementor-button-link elementor-size-sm\" href=\"https:\/\/www.solar-model.com\/de\/haushalt\/\">\n\t\t\t\t\t\t<span class=\"elementor-button-content-wrapper\">\n\t\t\t\t\t\t<span class=\"elementor-button-icon\">\n\t\t\t\t<i aria-hidden=\"true\" class=\"far fa-comment\"><\/i>\t\t\t<\/span>\n\t\t\t\t\t\t\t\t\t<span class=\"elementor-button-text\">Kostenloses Angebot anfordern<\/span>\n\t\t\t\t\t<\/span>\n\t\t\t\t\t<\/a>\n\t\t\t\t<\/div>\n\t\t\t\t\t\t\t\t<\/div>\n\t\t\t\t<\/div>\n\t\t\t\t\t<\/div>\n\t\t<\/div>\n\t\t\t\t\t<\/div>\n\t\t<\/section>\n\t\t\t\t<\/div>","protected":false},"excerpt":{"rendered":"<p>Autoconsumo solar aislado Obt\u00e9n energ\u00eda sin depender de la red el\u00e9ctrica El autoconsumo aislado es una pr\u00e1ctica que est\u00e1 ganando popularidad en la actualidad, gracias a los avances tecnol\u00f3gicos y a las preocupaciones crecientes por la sostenibilidad y la reducci\u00f3n de la dependencia de fuentes de energ\u00eda no renovables. Este concepto se basa en la [&hellip;]<\/p>\n","protected":false},"author":1,"featured_media":0,"parent":0,"menu_order":0,"comment_status":"closed","ping_status":"closed","template":"","meta":{"site-sidebar-layout":"no-sidebar","site-content-layout":"page-builder","ast-site-content-layout":"full-width-container","site-content-style":"default","site-sidebar-style":"default","ast-global-header-display":"","ast-banner-title-visibility":"","ast-main-header-display":"","ast-hfb-above-header-display":"","ast-hfb-below-header-display":"","ast-hfb-mobile-header-display":"","site-post-title":"disabled","ast-breadcrumbs-content":"","ast-featured-img":"disabled","footer-sml-layout":"","ast-disable-related-posts":"","theme-transparent-header-meta":"","adv-header-id-meta":"","stick-header-meta":"","header-above-stick-meta":"","header-main-stick-meta":"","header-below-stick-meta":"","astra-migrate-meta-layouts":"default","ast-page-background-enabled":"default","ast-page-background-meta":{"desktop":{"background-color":"","background-image":"","background-repeat":"repeat","background-position":"center center","background-size":"auto","background-attachment":"scroll","background-type":"","background-media":"","overlay-type":"","overlay-color":"","overlay-opacity":"","overlay-gradient":""},"tablet":{"background-color":"","background-image":"","background-repeat":"repeat","background-position":"center center","background-size":"auto","background-attachment":"scroll","background-type":"","background-media":"","overlay-type":"","overlay-color":"","overlay-opacity":"","overlay-gradient":""},"mobile":{"background-color":"","background-image":"","background-repeat":"repeat","background-position":"center center","background-size":"auto","background-attachment":"scroll","background-type":"","background-media":"","overlay-type":"","overlay-color":"","overlay-opacity":"","overlay-gradient":""}},"ast-content-background-meta":{"desktop":{"background-color":"var(--ast-global-color-5)","background-image":"","background-repeat":"repeat","background-position":"center center","background-size":"auto","background-attachment":"scroll","background-type":"","background-media":"","overlay-type":"","overlay-color":"","overlay-opacity":"","overlay-gradient":""},"tablet":{"background-color":"var(--ast-global-color-5)","background-image":"","background-repeat":"repeat","background-position":"center center","background-size":"auto","background-attachment":"scroll","background-type":"","background-media":"","overlay-type":"","overlay-color":"","overlay-opacity":"","overlay-gradient":""},"mobile":{"background-color":"var(--ast-global-color-5)","background-image":"","background-repeat":"repeat","background-position":"center center","background-size":"auto","background-attachment":"scroll","background-type":"","background-media":"","overlay-type":"","overlay-color":"","overlay-opacity":"","overlay-gradient":""}},"_joinchat":[],"footnotes":""},"class_list":["post-981","page","type-page","status-publish","hentry"],"_links":{"self":[{"href":"https:\/\/www.solar-model.com\/de\/wp-json\/wp\/v2\/pages\/981","targetHints":{"allow":["GET"]}}],"collection":[{"href":"https:\/\/www.solar-model.com\/de\/wp-json\/wp\/v2\/pages"}],"about":[{"href":"https:\/\/www.solar-model.com\/de\/wp-json\/wp\/v2\/types\/page"}],"author":[{"embeddable":true,"href":"https:\/\/www.solar-model.com\/de\/wp-json\/wp\/v2\/users\/1"}],"replies":[{"embeddable":true,"href":"https:\/\/www.solar-model.com\/de\/wp-json\/wp\/v2\/comments?post=981"}],"version-history":[{"count":15,"href":"https:\/\/www.solar-model.com\/de\/wp-json\/wp\/v2\/pages\/981\/revisions"}],"predecessor-version":[{"id":1434,"href":"https:\/\/www.solar-model.com\/de\/wp-json\/wp\/v2\/pages\/981\/revisions\/1434"}],"wp:attachment":[{"href":"https:\/\/www.solar-model.com\/de\/wp-json\/wp\/v2\/media?parent=981"}],"curies":[{"name":"wp","href":"https:\/\/api.w.org\/{rel}","templated":true}]}}