{"id":845,"date":"2023-11-06T19:01:39","date_gmt":"2023-11-06T17:01:39","guid":{"rendered":"https:\/\/solar-model.com\/?page_id=845"},"modified":"2024-01-24T14:17:01","modified_gmt":"2024-01-24T12:17:01","slug":"energia-solar","status":"publish","type":"page","link":"https:\/\/www.solar-model.com\/en\/solar-energy\/","title":{"rendered":"Solar Energy"},"content":{"rendered":"<div data-elementor-type=\"wp-page\" data-elementor-id=\"845\" class=\"elementor elementor-845\" data-elementor-post-type=\"page\">\n\t\t\t\t\t\t<section class=\"has_ae_slider elementor-section elementor-top-section elementor-element elementor-element-cdbc706 elementor-section-boxed elementor-section-height-default elementor-section-height-default ae-bg-gallery-type-default\" data-id=\"cdbc706\" data-element_type=\"section\" data-e-type=\"section\">\n\t\t\t\t\t\t<div class=\"elementor-container elementor-column-gap-default\">\n\t\t\t\t\t<div class=\"has_ae_slider elementor-column elementor-col-100 elementor-top-column elementor-element elementor-element-72f97a0 ae-bg-gallery-type-default\" data-id=\"72f97a0\" data-element_type=\"column\" data-e-type=\"column\">\n\t\t\t<div class=\"elementor-widget-wrap elementor-element-populated\">\n\t\t\t\t\t\t<div class=\"elementor-element elementor-element-d508ef7 elementor-widget elementor-widget-heading\" data-id=\"d508ef7\" data-element_type=\"widget\" data-e-type=\"widget\" data-widget_type=\"heading.default\">\n\t\t\t\t<div class=\"elementor-widget-container\">\n\t\t\t\t\t<h2 class=\"elementor-heading-title elementor-size-default\">What is it and how does it work?<\/h2>\t\t\t\t<\/div>\n\t\t\t\t<\/div>\n\t\t\t\t\t<\/div>\n\t\t<\/div>\n\t\t\t\t\t<\/div>\n\t\t<\/section>\n\t\t\t\t<section class=\"has_ae_slider elementor-section elementor-top-section elementor-element elementor-element-65af69f elementor-section-boxed elementor-section-height-default elementor-section-height-default ae-bg-gallery-type-default\" data-id=\"65af69f\" data-element_type=\"section\" data-e-type=\"section\">\n\t\t\t\t\t\t<div class=\"elementor-container elementor-column-gap-default\">\n\t\t\t\t\t<div class=\"has_ae_slider elementor-column elementor-col-100 elementor-top-column elementor-element elementor-element-6a928b3 ae-bg-gallery-type-default\" data-id=\"6a928b3\" data-element_type=\"column\" data-e-type=\"column\">\n\t\t\t<div class=\"elementor-widget-wrap elementor-element-populated\">\n\t\t\t\t\t\t<div class=\"elementor-element elementor-element-7b82a8b elementor-widget elementor-widget-text-editor\" data-id=\"7b82a8b\" data-element_type=\"widget\" data-e-type=\"widget\" data-widget_type=\"text-editor.default\">\n\t\t\t\t<div class=\"elementor-widget-container\">\n\t\t\t\t\t\t\t\t\t<p>Solar energy is one of the best alternatives for saving energy.<\/p><p><span style=\"font-style: inherit; font-weight: inherit; background-color: var(--ast-global-color-5); color: var(--ast-global-color-3);\">A solar self-consumption solar system basically consists of solar panels, an inverter and optionally batteries to store additional energy generated by the solar system.<\/span><\/p><p>A solar energy system works as follows:<\/p><ol><li><strong>Solar panels<\/strong>Solar panels convert sunlight into electricity through the use of photovoltaic cells. These panels are installed on the roof or in open areas where they can receive as much sunlight as possible.<\/li><li><strong>Investor<\/strong>The electricity generated by solar panels is in the form of direct current (DC), but our homes and electronic devices need alternating current (AC) to operate. The inverter converts the direct current from the panels into usable alternating current.<\/li><li><strong>Self-consumption<\/strong>The electricity generated by the solar panels is consumed directly in the home to power household appliances and electronic devices. This reduces dependence on the grid and saves on electricity bills.<\/li><li><strong>Bidirectional meter<\/strong>A bi-directional meter records the amount of electricity consumed and the amount of electricity generated by the solar system. If the solar system produces more electricity than is currently consumed, the surplus electricity is sent to the grid and recorded as an energy credit.<\/li><li><strong>Batteries<\/strong>Self-consumption solar system batteries allow excess electricity generated during the day to be stored for use during the night or at times of low solar generation. These batteries are charged when the solar system is generating more electricity than is consumed and discharged when additional electricity is needed.<\/li><li><strong>Mains connection<\/strong>If the solar system is not generating enough electricity to meet the household's demand (e.g. on cloudy days or during periods of high demand), the household can draw electricity from the grid. In case the solar system generates more electricity than is consumed, the excess electricity is sent back to the grid and recorded as an energy credit.<\/li><\/ol><p>In short, a self-consumption solar system with batteries makes it possible to harness solar energy to power the home and store excess electricity generated for later use. This reduces dependence on the grid and saves on electricity bills, while reducing the carbon footprint.<\/p>\t\t\t\t\t\t\t\t<\/div>\n\t\t\t\t<\/div>\n\t\t\t\t<div class=\"elementor-element elementor-element-c71a6be elementor-widget elementor-widget-image\" data-id=\"c71a6be\" data-element_type=\"widget\" data-e-type=\"widget\" data-widget_type=\"image.default\">\n\t\t\t\t<div class=\"elementor-widget-container\">\n\t\t\t\t\t\t\t\t\t\t\t\t\t\t\t<img fetchpriority=\"high\" decoding=\"async\" width=\"1024\" height=\"507\" src=\"https:\/\/www.solar-model.com\/wp-content\/uploads\/2023\/11\/Sistema-solar-autoconsumo-con-bateria-1-1024x507.jpg\" class=\"attachment-large size-large wp-image-861\" alt=\"\" srcset=\"https:\/\/www.solar-model.com\/wp-content\/uploads\/2023\/11\/Sistema-solar-autoconsumo-con-bateria-1-1024x507.jpg 1024w, https:\/\/www.solar-model.com\/wp-content\/uploads\/2023\/11\/Sistema-solar-autoconsumo-con-bateria-1-300x148.jpg 300w, https:\/\/www.solar-model.com\/wp-content\/uploads\/2023\/11\/Sistema-solar-autoconsumo-con-bateria-1-768x380.jpg 768w, https:\/\/www.solar-model.com\/wp-content\/uploads\/2023\/11\/Sistema-solar-autoconsumo-con-bateria-1-18x9.jpg 18w, https:\/\/www.solar-model.com\/wp-content\/uploads\/2023\/11\/Sistema-solar-autoconsumo-con-bateria-1.jpg 1283w\" sizes=\"(max-width: 1024px) 100vw, 1024px\" \/>\t\t\t\t\t\t\t\t\t\t\t\t\t\t\t<\/div>\n\t\t\t\t<\/div>\n\t\t\t\t\t<\/div>\n\t\t<\/div>\n\t\t\t\t\t<\/div>\n\t\t<\/section>\n\t\t\t\t<section class=\"has_ae_slider elementor-section elementor-top-section elementor-element elementor-element-622a58f elementor-section-boxed elementor-section-height-default elementor-section-height-default ae-bg-gallery-type-default\" data-id=\"622a58f\" data-element_type=\"section\" data-e-type=\"section\">\n\t\t\t\t\t\t<div class=\"elementor-container elementor-column-gap-default\">\n\t\t\t\t\t<div class=\"has_ae_slider elementor-column elementor-col-100 elementor-top-column elementor-element elementor-element-c8cd452 ae-bg-gallery-type-default\" data-id=\"c8cd452\" data-element_type=\"column\" data-e-type=\"column\">\n\t\t\t<div class=\"elementor-widget-wrap elementor-element-populated\">\n\t\t\t\t\t\t<div class=\"elementor-element elementor-element-88bef37 elementor-widget elementor-widget-text-editor\" data-id=\"88bef37\" data-element_type=\"widget\" data-e-type=\"widget\" data-widget_type=\"text-editor.default\">\n\t\t\t\t<div class=\"elementor-widget-container\">\n\t\t\t\t\t\t\t\t\t<p style=\"font-size: 16px; font-style: normal; font-weight: 400;\">Use solar energy to be freer and to save money. Make your home clean and independent. Install a solar system for your house, villa, community or business!<\/p><p style=\"font-size: 16px; font-style: normal; font-weight: 400;\">Installing solar panels is ideal for:<\/p><ul style=\"font-size: 16px; font-style: normal; font-weight: 400;\"><li style=\"font-size: 16px;\">Owners of bungalows, houses and villas. Installing solar panels in your community\/house can be a good option for you and all residents of the community who want to save on their energy costs and reduce their dependence on commercial energy suppliers and fluctuating energy costs.<\/li><li style=\"font-size: 16px;\">How much does it cost to connect solar panels for a private home or business? Call us and we will inform you.<\/li><li style=\"font-size: 16px;\">Entrepreneurs. Installing solar panels on the roofs of commercial buildings (hotels, restaurants, workshops, agricultural businesses, warehouses etc.) will greatly increase the profits of your business by reducing your costs. After all, energy costs in some industries can be very high, and the use of solar panels in the medium\/long term will reduce your energy bills by up to 90%. The benefits of the \"Carbon Footprint\" for a company should not be forgotten here either.<\/li><li style=\"font-size: 16px;\">Investors who create solar farms and who care about maximising their profits from solar energy. After all, a solar farm is your profit generator. We will tell you how to install turnkey solar power plants (solar farms) and start earning. Just fill in the form and our manager will contact you.<\/li><li style=\"font-size: 16px;\">Those who think about the future of the planet and want to do something good for the environment. The installation of turnkey solar panels with our company is a contribution to the environment and a reduction of carbon dioxide emissions into the atmosphere.<\/li><\/ul>\t\t\t\t\t\t\t\t<\/div>\n\t\t\t\t<\/div>\n\t\t\t\t\t<\/div>\n\t\t<\/div>\n\t\t\t\t\t<\/div>\n\t\t<\/section>\n\t\t\t\t<section class=\"has_ae_slider elementor-section elementor-top-section elementor-element elementor-element-b9ab1ca elementor-section-boxed elementor-section-height-default elementor-section-height-default ae-bg-gallery-type-default\" data-id=\"b9ab1ca\" data-element_type=\"section\" data-e-type=\"section\">\n\t\t\t\t\t\t<div class=\"elementor-container elementor-column-gap-default\">\n\t\t\t\t\t<div class=\"has_ae_slider elementor-column elementor-col-100 elementor-top-column elementor-element elementor-element-2e82e94 ae-bg-gallery-type-default\" data-id=\"2e82e94\" data-element_type=\"column\" data-e-type=\"column\">\n\t\t\t<div class=\"elementor-widget-wrap elementor-element-populated\">\n\t\t\t\t\t\t<div class=\"elementor-element elementor-element-ce9e0f7 elementor-align-center elementor-widget elementor-widget-button\" data-id=\"ce9e0f7\" data-element_type=\"widget\" data-e-type=\"widget\" data-widget_type=\"button.default\">\n\t\t\t\t<div class=\"elementor-widget-container\">\n\t\t\t\t\t\t\t\t\t<div class=\"elementor-button-wrapper\">\n\t\t\t\t\t<a class=\"elementor-button elementor-button-link elementor-size-sm\" href=\"https:\/\/www.solar-model.com\/en\/budget\/\">\n\t\t\t\t\t\t<span class=\"elementor-button-content-wrapper\">\n\t\t\t\t\t\t<span class=\"elementor-button-icon\">\n\t\t\t\t<i aria-hidden=\"true\" class=\"far fa-comment\"><\/i>\t\t\t<\/span>\n\t\t\t\t\t\t\t\t\t<span class=\"elementor-button-text\">request a free quote<\/span>\n\t\t\t\t\t<\/span>\n\t\t\t\t\t<\/a>\n\t\t\t\t<\/div>\n\t\t\t\t\t\t\t\t<\/div>\n\t\t\t\t<\/div>\n\t\t\t\t\t<\/div>\n\t\t<\/div>\n\t\t\t\t\t<\/div>\n\t\t<\/section>\n\t\t\t\t<\/div>","protected":false},"excerpt":{"rendered":"<p>\u00bfQu\u00e9 es y como funciona? La energ\u00eda solar es una de las mejores alternativas para ahorrar energ\u00eda. Un sistema solar de autoconsumo solar consiste b\u00e1sicamente de paneles solares, un inversor y opcionalmente bater\u00edas para almacenar energ\u00eda adicional generada por el sistema solar. Un sistema de energ\u00eda solar funciona de la siguiente forma: Paneles solares: Los [&hellip;]<\/p>\n","protected":false},"author":1,"featured_media":0,"parent":0,"menu_order":0,"comment_status":"closed","ping_status":"closed","template":"","meta":{"site-sidebar-layout":"default","site-content-layout":"","ast-site-content-layout":"default","site-content-style":"default","site-sidebar-style":"default","ast-global-header-display":"","ast-banner-title-visibility":"","ast-main-header-display":"","ast-hfb-above-header-display":"","ast-hfb-below-header-display":"","ast-hfb-mobile-header-display":"","site-post-title":"","ast-breadcrumbs-content":"","ast-featured-img":"","footer-sml-layout":"","ast-disable-related-posts":"","theme-transparent-header-meta":"","adv-header-id-meta":"","stick-header-meta":"","header-above-stick-meta":"","header-main-stick-meta":"","header-below-stick-meta":"","astra-migrate-meta-layouts":"default","ast-page-background-enabled":"default","ast-page-background-meta":{"desktop":{"background-color":"","background-image":"","background-repeat":"repeat","background-position":"center center","background-size":"auto","background-attachment":"scroll","background-type":"","background-media":"","overlay-type":"","overlay-color":"","overlay-opacity":"","overlay-gradient":""},"tablet":{"background-color":"","background-image":"","background-repeat":"repeat","background-position":"center center","background-size":"auto","background-attachment":"scroll","background-type":"","background-media":"","overlay-type":"","overlay-color":"","overlay-opacity":"","overlay-gradient":""},"mobile":{"background-color":"","background-image":"","background-repeat":"repeat","background-position":"center center","background-size":"auto","background-attachment":"scroll","background-type":"","background-media":"","overlay-type":"","overlay-color":"","overlay-opacity":"","overlay-gradient":""}},"ast-content-background-meta":{"desktop":{"background-color":"var(--ast-global-color-5)","background-image":"","background-repeat":"repeat","background-position":"center center","background-size":"auto","background-attachment":"scroll","background-type":"","background-media":"","overlay-type":"","overlay-color":"","overlay-opacity":"","overlay-gradient":""},"tablet":{"background-color":"var(--ast-global-color-5)","background-image":"","background-repeat":"repeat","background-position":"center center","background-size":"auto","background-attachment":"scroll","background-type":"","background-media":"","overlay-type":"","overlay-color":"","overlay-opacity":"","overlay-gradient":""},"mobile":{"background-color":"var(--ast-global-color-5)","background-image":"","background-repeat":"repeat","background-position":"center center","background-size":"auto","background-attachment":"scroll","background-type":"","background-media":"","overlay-type":"","overlay-color":"","overlay-opacity":"","overlay-gradient":""}},"_joinchat":[],"footnotes":""},"class_list":["post-845","page","type-page","status-publish","hentry"],"_links":{"self":[{"href":"https:\/\/www.solar-model.com\/en\/wp-json\/wp\/v2\/pages\/845","targetHints":{"allow":["GET"]}}],"collection":[{"href":"https:\/\/www.solar-model.com\/en\/wp-json\/wp\/v2\/pages"}],"about":[{"href":"https:\/\/www.solar-model.com\/en\/wp-json\/wp\/v2\/types\/page"}],"author":[{"embeddable":true,"href":"https:\/\/www.solar-model.com\/en\/wp-json\/wp\/v2\/users\/1"}],"replies":[{"embeddable":true,"href":"https:\/\/www.solar-model.com\/en\/wp-json\/wp\/v2\/comments?post=845"}],"version-history":[{"count":30,"href":"https:\/\/www.solar-model.com\/en\/wp-json\/wp\/v2\/pages\/845\/revisions"}],"predecessor-version":[{"id":1443,"href":"https:\/\/www.solar-model.com\/en\/wp-json\/wp\/v2\/pages\/845\/revisions\/1443"}],"wp:attachment":[{"href":"https:\/\/www.solar-model.com\/en\/wp-json\/wp\/v2\/media?parent=845"}],"curies":[{"name":"wp","href":"https:\/\/api.w.org\/{rel}","templated":true}]}}