{"id":956,"date":"2023-12-29T11:59:48","date_gmt":"2023-12-29T09:59:48","guid":{"rendered":"https:\/\/solar-model.com\/?page_id=956"},"modified":"2024-01-24T14:16:13","modified_gmt":"2024-01-24T12:16:13","slug":"autoconsumo-residencial","status":"publish","type":"page","link":"https:\/\/www.solar-model.com\/en\/residential-self-consumption\/","title":{"rendered":"Residential self-consumption"},"content":{"rendered":"<div data-elementor-type=\"wp-page\" data-elementor-id=\"956\" class=\"elementor elementor-956\" data-elementor-post-type=\"page\">\n\t\t\t\t\t\t<section class=\"has_ae_slider elementor-section elementor-top-section elementor-element elementor-element-b4abeb7 elementor-section-boxed elementor-section-height-default elementor-section-height-default ae-bg-gallery-type-default\" data-id=\"b4abeb7\" data-element_type=\"section\" data-e-type=\"section\">\n\t\t\t\t\t\t<div class=\"elementor-container elementor-column-gap-default\">\n\t\t\t\t\t<div class=\"has_ae_slider elementor-column elementor-col-100 elementor-top-column elementor-element elementor-element-fdea704 ae-bg-gallery-type-default\" data-id=\"fdea704\" data-element_type=\"column\" data-e-type=\"column\">\n\t\t\t<div class=\"elementor-widget-wrap\">\n\t\t\t\t\t\t\t<\/div>\n\t\t<\/div>\n\t\t\t\t\t<\/div>\n\t\t<\/section>\n\t\t\t\t<section class=\"has_ae_slider elementor-section elementor-top-section elementor-element elementor-element-9e19359 elementor-section-boxed elementor-section-height-default elementor-section-height-default ae-bg-gallery-type-default\" data-id=\"9e19359\" data-element_type=\"section\" data-e-type=\"section\">\n\t\t\t\t\t\t<div class=\"elementor-container elementor-column-gap-default\">\n\t\t\t\t\t<div class=\"has_ae_slider elementor-column elementor-col-100 elementor-top-column elementor-element elementor-element-323ee09 ae-bg-gallery-type-default\" data-id=\"323ee09\" data-element_type=\"column\" data-e-type=\"column\">\n\t\t\t<div class=\"elementor-widget-wrap elementor-element-populated\">\n\t\t\t\t\t\t<div class=\"elementor-element elementor-element-7b34c82 elementor-widget elementor-widget-text-editor\" data-id=\"7b34c82\" data-element_type=\"widget\" data-e-type=\"widget\" data-widget_type=\"text-editor.default\">\n\t\t\t\t<div class=\"elementor-widget-container\">\n\t\t\t\t\t\t\t\t\t<p>Residential solar photovoltaic self-consumption is a growing practice of generating and consuming electricity at home from renewable sources. With increasing awareness of the importance of reducing environmental impact and energy costs, more and more people are choosing to install self-consumption systems in their homes.<\/p><p>Residential self-consumption is based on the installation of photovoltaic solar panels on the roof of the home, which capture solar radiation and convert it into electricity. This generated energy is used to power household appliances and lighting systems, thus reducing dependence on the conventional electricity grid.<\/p>\t\t\t\t\t\t\t\t<\/div>\n\t\t\t\t<\/div>\n\t\t\t\t<div class=\"elementor-element elementor-element-bf4828d elementor-widget elementor-widget-image\" data-id=\"bf4828d\" data-element_type=\"widget\" data-e-type=\"widget\" data-widget_type=\"image.default\">\n\t\t\t\t<div class=\"elementor-widget-container\">\n\t\t\t\t\t\t\t\t\t\t\t\t\t\t\t<img fetchpriority=\"high\" decoding=\"async\" width=\"1024\" height=\"576\" src=\"https:\/\/www.solar-model.com\/wp-content\/uploads\/2023\/12\/Autoconsumo-solar-residencial-1024x576.jpg\" class=\"attachment-large size-large wp-image-962\" alt=\"Residential solar self-consumption Solar Model\" srcset=\"https:\/\/www.solar-model.com\/wp-content\/uploads\/2023\/12\/Autoconsumo-solar-residencial-1024x576.jpg 1024w, https:\/\/www.solar-model.com\/wp-content\/uploads\/2023\/12\/Autoconsumo-solar-residencial-300x169.jpg 300w, https:\/\/www.solar-model.com\/wp-content\/uploads\/2023\/12\/Autoconsumo-solar-residencial-768x432.jpg 768w, https:\/\/www.solar-model.com\/wp-content\/uploads\/2023\/12\/Autoconsumo-solar-residencial-1536x864.jpg 1536w, https:\/\/www.solar-model.com\/wp-content\/uploads\/2023\/12\/Autoconsumo-solar-residencial-2048x1152.jpg 2048w, https:\/\/www.solar-model.com\/wp-content\/uploads\/2023\/12\/Autoconsumo-solar-residencial-18x10.jpg 18w\" sizes=\"(max-width: 1024px) 100vw, 1024px\" \/>\t\t\t\t\t\t\t\t\t\t\t\t\t\t\t<\/div>\n\t\t\t\t<\/div>\n\t\t\t\t<div class=\"elementor-element elementor-element-431b679 elementor-widget elementor-widget-text-editor\" data-id=\"431b679\" data-element_type=\"widget\" data-e-type=\"widget\" data-widget_type=\"text-editor.default\">\n\t\t\t\t<div class=\"elementor-widget-container\">\n\t\t\t\t\t\t\t\t\t<p><span style=\"background-color: var(--ast-global-color-4); color: var(--ast-global-color-3); font-style: inherit; font-weight: inherit;\">One of the main advantages of residential self-consumption is the reduction of electricity bills. By generating clean, renewable energy, the need to buy electricity from the grid is reduced, which translates into long-term financial savings. Moreover, in some countries, it is possible to sell the surplus energy generated to the grid, which provides additional income.<\/span><br><\/p>\n<p><span style=\"font-style: inherit; font-weight: inherit; background-color: var(--ast-global-color-4); color: var(--ast-global-color-3);\">Another important advantage is the reduction of environmental impact. By using solar energy, it avoids the emission of greenhouse gases and contributes to the fight against climate change. Moreover, as it is an inexhaustible energy source, it does not run out and does not generate polluting waste.<\/span><\/p>\n<p><span style=\"font-style: inherit; font-weight: inherit; background-color: var(--ast-global-color-4); color: var(--ast-global-color-3);\">In terms of autonomy, residential self-consumption also offers benefits. In the event of a blackout or power outage, homes with self-consumption systems can continue to have electricity, as they are connected to the grid but also have an energy storage system, such as batteries, which allow the stored solar energy to be used.<\/span><\/p>\n<p><span style=\"font-style: inherit; font-weight: inherit; background-color: var(--ast-global-color-4); color: var(--ast-global-color-3);\">Residential self-consumption systems are also scalable, i.e. they can be expanded according to the energy needs of each family. If in the future there are more electrical appliances or if you want to expand your home, you can simply install more solar panels to cover the new consumption.<\/span><\/p>\n<p><span style=\"font-style: inherit; font-weight: inherit; background-color: var(--ast-global-color-4); color: var(--ast-global-color-3);\">In short, residential self-consumption is an increasingly popular and accessible practice for households. It reduces electricity bills, reduces environmental impact and increases energy autonomy. It is a sustainable option, economically beneficial and adaptable to the needs of each family.<\/span><\/p>\t\t\t\t\t\t\t\t<\/div>\n\t\t\t\t<\/div>\n\t\t\t\t\t<\/div>\n\t\t<\/div>\n\t\t\t\t\t<\/div>\n\t\t<\/section>\n\t\t\t\t<section class=\"has_ae_slider elementor-section elementor-top-section elementor-element elementor-element-fc607e2 elementor-section-boxed elementor-section-height-default elementor-section-height-default ae-bg-gallery-type-default\" data-id=\"fc607e2\" data-element_type=\"section\" data-e-type=\"section\">\n\t\t\t\t\t\t<div class=\"elementor-container elementor-column-gap-default\">\n\t\t\t\t\t<div class=\"has_ae_slider elementor-column elementor-col-100 elementor-top-column elementor-element elementor-element-3e6ca22 ae-bg-gallery-type-default\" data-id=\"3e6ca22\" data-element_type=\"column\" data-e-type=\"column\">\n\t\t\t<div class=\"elementor-widget-wrap elementor-element-populated\">\n\t\t\t\t\t\t<div class=\"elementor-element elementor-element-c87b484 elementor-align-center elementor-widget elementor-widget-button\" data-id=\"c87b484\" data-element_type=\"widget\" data-e-type=\"widget\" data-widget_type=\"button.default\">\n\t\t\t\t<div class=\"elementor-widget-container\">\n\t\t\t\t\t\t\t\t\t<div class=\"elementor-button-wrapper\">\n\t\t\t\t\t<a class=\"elementor-button elementor-button-link elementor-size-sm\" href=\"https:\/\/www.solar-model.com\/en\/budget\/\">\n\t\t\t\t\t\t<span class=\"elementor-button-content-wrapper\">\n\t\t\t\t\t\t<span class=\"elementor-button-icon\">\n\t\t\t\t<i aria-hidden=\"true\" class=\"far fa-comment\"><\/i>\t\t\t<\/span>\n\t\t\t\t\t\t\t\t\t<span class=\"elementor-button-text\">Request a free quote<\/span>\n\t\t\t\t\t<\/span>\n\t\t\t\t\t<\/a>\n\t\t\t\t<\/div>\n\t\t\t\t\t\t\t\t<\/div>\n\t\t\t\t<\/div>\n\t\t\t\t\t<\/div>\n\t\t<\/div>\n\t\t\t\t\t<\/div>\n\t\t<\/section>\n\t\t\t\t<\/div>","protected":false},"excerpt":{"rendered":"<p>Autoconsumo solar residencial Reduce tu factura de luz hasta un 80% El autoconsumo solar fotovoltaico residencial es una pr\u00e1ctica en crecimiento que consiste en generar y consumir energ\u00eda el\u00e9ctrica en el hogar a partir de fuentes renovables. Con el aumento de conciencia sobre la importancia de reducir el impacto ambiental y los costos de energ\u00eda, [&hellip;]<\/p>\n","protected":false},"author":1,"featured_media":0,"parent":0,"menu_order":0,"comment_status":"closed","ping_status":"closed","template":"","meta":{"site-sidebar-layout":"no-sidebar","site-content-layout":"page-builder","ast-site-content-layout":"full-width-container","site-content-style":"default","site-sidebar-style":"default","ast-global-header-display":"","ast-banner-title-visibility":"","ast-main-header-display":"","ast-hfb-above-header-display":"","ast-hfb-below-header-display":"","ast-hfb-mobile-header-display":"","site-post-title":"disabled","ast-breadcrumbs-content":"","ast-featured-img":"disabled","footer-sml-layout":"","ast-disable-related-posts":"","theme-transparent-header-meta":"","adv-header-id-meta":"","stick-header-meta":"","header-above-stick-meta":"","header-main-stick-meta":"","header-below-stick-meta":"","astra-migrate-meta-layouts":"default","ast-page-background-enabled":"default","ast-page-background-meta":{"desktop":{"background-color":"","background-image":"","background-repeat":"repeat","background-position":"center center","background-size":"auto","background-attachment":"scroll","background-type":"","background-media":"","overlay-type":"","overlay-color":"","overlay-opacity":"","overlay-gradient":""},"tablet":{"background-color":"","background-image":"","background-repeat":"repeat","background-position":"center center","background-size":"auto","background-attachment":"scroll","background-type":"","background-media":"","overlay-type":"","overlay-color":"","overlay-opacity":"","overlay-gradient":""},"mobile":{"background-color":"","background-image":"","background-repeat":"repeat","background-position":"center center","background-size":"auto","background-attachment":"scroll","background-type":"","background-media":"","overlay-type":"","overlay-color":"","overlay-opacity":"","overlay-gradient":""}},"ast-content-background-meta":{"desktop":{"background-color":"var(--ast-global-color-5)","background-image":"","background-repeat":"repeat","background-position":"center center","background-size":"auto","background-attachment":"scroll","background-type":"","background-media":"","overlay-type":"","overlay-color":"","overlay-opacity":"","overlay-gradient":""},"tablet":{"background-color":"var(--ast-global-color-5)","background-image":"","background-repeat":"repeat","background-position":"center center","background-size":"auto","background-attachment":"scroll","background-type":"","background-media":"","overlay-type":"","overlay-color":"","overlay-opacity":"","overlay-gradient":""},"mobile":{"background-color":"var(--ast-global-color-5)","background-image":"","background-repeat":"repeat","background-position":"center center","background-size":"auto","background-attachment":"scroll","background-type":"","background-media":"","overlay-type":"","overlay-color":"","overlay-opacity":"","overlay-gradient":""}},"_joinchat":[],"footnotes":""},"class_list":["post-956","page","type-page","status-publish","hentry"],"_links":{"self":[{"href":"https:\/\/www.solar-model.com\/en\/wp-json\/wp\/v2\/pages\/956","targetHints":{"allow":["GET"]}}],"collection":[{"href":"https:\/\/www.solar-model.com\/en\/wp-json\/wp\/v2\/pages"}],"about":[{"href":"https:\/\/www.solar-model.com\/en\/wp-json\/wp\/v2\/types\/page"}],"author":[{"embeddable":true,"href":"https:\/\/www.solar-model.com\/en\/wp-json\/wp\/v2\/users\/1"}],"replies":[{"embeddable":true,"href":"https:\/\/www.solar-model.com\/en\/wp-json\/wp\/v2\/comments?post=956"}],"version-history":[{"count":21,"href":"https:\/\/www.solar-model.com\/en\/wp-json\/wp\/v2\/pages\/956\/revisions"}],"predecessor-version":[{"id":1440,"href":"https:\/\/www.solar-model.com\/en\/wp-json\/wp\/v2\/pages\/956\/revisions\/1440"}],"wp:attachment":[{"href":"https:\/\/www.solar-model.com\/en\/wp-json\/wp\/v2\/media?parent=956"}],"curies":[{"name":"wp","href":"https:\/\/api.w.org\/{rel}","templated":true}]}}