{"id":1114,"date":"2024-01-01T20:47:05","date_gmt":"2024-01-01T18:47:05","guid":{"rendered":"https:\/\/solar-model.com\/?page_id=1114"},"modified":"2024-02-22T13:15:09","modified_gmt":"2024-02-22T12:15:09","slug":"servicios","status":"publish","type":"page","link":"https:\/\/www.solar-model.com\/es\/servicios\/","title":{"rendered":"Servicios"},"content":{"rendered":"\t\t<div data-elementor-type=\"wp-page\" data-elementor-id=\"1114\" class=\"elementor elementor-1114\" data-elementor-post-type=\"page\">\n\t\t\t\t\t\t<section class=\"has_ae_slider elementor-section elementor-top-section elementor-element elementor-element-47d40ce elementor-section-boxed elementor-section-height-default elementor-section-height-default ae-bg-gallery-type-default\" data-id=\"47d40ce\" data-element_type=\"section\" data-e-type=\"section\">\n\t\t\t\t\t\t<div class=\"elementor-container elementor-column-gap-default\">\n\t\t\t\t\t<div class=\"has_ae_slider elementor-column elementor-col-100 elementor-top-column elementor-element elementor-element-879270f ae-bg-gallery-type-default\" data-id=\"879270f\" data-element_type=\"column\" data-e-type=\"column\">\n\t\t\t<div class=\"elementor-widget-wrap elementor-element-populated\">\n\t\t\t\t\t\t<div class=\"elementor-element elementor-element-b07c37e elementor-widget elementor-widget-heading\" data-id=\"b07c37e\" data-element_type=\"widget\" data-e-type=\"widget\" data-widget_type=\"heading.default\">\n\t\t\t\t<div class=\"elementor-widget-container\">\n\t\t\t\t\t<h2 class=\"elementor-heading-title elementor-size-default\">Nuestros servicios<\/h2>\t\t\t\t<\/div>\n\t\t\t\t<\/div>\n\t\t\t\t\t<\/div>\n\t\t<\/div>\n\t\t\t\t\t<\/div>\n\t\t<\/section>\n\t\t\t\t<section class=\"has_ae_slider elementor-section elementor-top-section elementor-element elementor-element-e97883a elementor-section-boxed elementor-section-height-default elementor-section-height-default ae-bg-gallery-type-default\" data-id=\"e97883a\" data-element_type=\"section\" data-e-type=\"section\">\n\t\t\t\t\t\t<div class=\"elementor-container elementor-column-gap-default\">\n\t\t\t\t\t<div class=\"has_ae_slider elementor-column elementor-col-100 elementor-top-column elementor-element elementor-element-bc0b3b4 ae-bg-gallery-type-default\" data-id=\"bc0b3b4\" data-element_type=\"column\" data-e-type=\"column\">\n\t\t\t<div class=\"elementor-widget-wrap elementor-element-populated\">\n\t\t\t\t\t\t<div class=\"elementor-element elementor-element-4dc10f7 elementor-widget elementor-widget-text-editor\" data-id=\"4dc10f7\" data-element_type=\"widget\" data-e-type=\"widget\" data-widget_type=\"text-editor.default\">\n\t\t\t\t<div class=\"elementor-widget-container\">\n\t\t\t\t\t\t\t\t\t<p>En Solar Model somos especialistas en instalaciones solares a medida de las necesidades de nuestros clientes. Montamos todo tipo de instalaciones solares como <a href=\"https:\/\/solar-model.com\/es\/autoconsumo-residencial\/\">instalaciones de autoconsumo residencial<\/a> para viviendas particulares, <a href=\"https:\/\/solar-model.com\/es\/autoconsumo-industrial\/\">instalaciones de autoconsumo industrial<\/a> para empresas, <a href=\"https:\/\/solar-model.com\/es\/autoconsumo-aislado\/\">instalaciones de autoconsumo aislado<\/a> para casas rurales, <a href=\"https:\/\/solar-model.com\/es\/huertos-solares\/\">huertos solares<\/a> para vertido a la red y mucho m\u00e1s.<\/p><p>Las instalaciones solares a medida se han convertido en una excelente opci\u00f3n para aprovechar el potencial energ\u00e9tico del sol de una manera eficiente y sostenible. Estas instalaciones personalizadas est\u00e1n dise\u00f1adas teniendo en cuenta las necesidades energ\u00e9ticas espec\u00edficas de cada cliente, lo que garantiza que se obtenga el m\u00e1ximo rendimiento y beneficio.<\/p><p><span style=\"font-style: inherit; font-weight: inherit; background-color: var(--ast-global-color-4); color: var(--ast-global-color-3);\">Una de las ventajas m\u00e1s destacadas de las instalaciones solares a medida es que permiten a los usuarios generar su propia energ\u00eda renovable. Esto significa que pueden reducir su dependencia de las fuentes de energ\u00eda convencionales, como el petr\u00f3leo o el gas, y contribuir a la disminuci\u00f3n de las emisiones de carbono. Adem\u00e1s, al generar su propia energ\u00eda, los usuarios pueden ahorrar en sus facturas de electricidad a largo plazo.<\/span><\/p><p><span style=\"font-style: inherit; font-weight: inherit; background-color: var(--ast-global-color-4); color: var(--ast-global-color-3);\">La instalaci\u00f3n de paneles solares a medida requiere de un estudio previo exhaustivo para determinar cu\u00e1nta energ\u00eda se necesita y c\u00f3mo se puede aprovechar de la mejor manera. Esta evaluaci\u00f3n incluye un an\u00e1lisis del consumo el\u00e9ctrico del cliente, as\u00ed como una evaluaci\u00f3n del potencial solar disponible en la ubicaci\u00f3n. Con esta informaci\u00f3n, se puede determinar el n\u00famero de paneles solares necesarios y la distribuci\u00f3n m\u00e1s eficiente para maximizar la generaci\u00f3n de energ\u00eda.<\/span><\/p><p><span style=\"background-color: var(--ast-global-color-4); color: var(--ast-global-color-3); font-style: inherit; font-weight: inherit;\">Las instalaciones solares, aparte de las placas solares, incluyen otros componentes, como inversores solares, bater\u00edas de almacenamiento y sistemas de monitorizaci\u00f3n. Estos elementos permiten optimizar el rendimiento del sistema, almacenar el exceso de energ\u00eda generada durante el d\u00eda para su uso posterior y supervisar en tiempo real la producci\u00f3n y consumo de energ\u00eda.<\/span><\/p><p><span style=\"font-style: inherit; font-weight: inherit; background-color: var(--ast-global-color-4); color: var(--ast-global-color-3);\">Es importante destacar que las instalaciones solares a medida pueden adaptarse a cualquier tipo de propiedad, ya sea una vivienda particular, un edificio comercial o incluso instalaciones industriales. No importa el tama\u00f1o o la ubicaci\u00f3n, siempre hay una soluci\u00f3n solar a medida que se ajusta a las necesidades de cada cliente.<\/span><\/p><p><span style=\"font-style: inherit; font-weight: inherit; background-color: var(--ast-global-color-4); color: var(--ast-global-color-3);\">En resumen, las instalaciones solares a medida son una excelente opci\u00f3n para aquellos que deseen aprovechar el potencial energ\u00e9tico del sol y reducir su dependencia de los combustibles f\u00f3siles. Estas instalaciones personalizadas se adaptan a las necesidades energ\u00e9ticas de cada cliente, proporcionando una soluci\u00f3n eficiente y sostenible que contribuye al cuidado del medio ambiente y ahorra costos a largo plazo.<\/span><\/p><p><span style=\"font-style: inherit; font-weight: inherit; background-color: var(--ast-global-color-4); color: var(--ast-global-color-3);\"><a href=\"https:\/\/solar-model.com\/es\/nuestras-instalaciones\/\">Pinche aqu\u00ed<\/a> para ver algunos ejemplos de nuestras instalaciones<\/span><\/p>\t\t\t\t\t\t\t\t<\/div>\n\t\t\t\t<\/div>\n\t\t\t\t\t<\/div>\n\t\t<\/div>\n\t\t\t\t\t<\/div>\n\t\t<\/section>\n\t\t\t\t<section class=\"has_ae_slider elementor-section elementor-top-section elementor-element elementor-element-422dc07 elementor-section-boxed elementor-section-height-default elementor-section-height-default ae-bg-gallery-type-default\" data-id=\"422dc07\" data-element_type=\"section\" data-e-type=\"section\">\n\t\t\t\t\t\t<div class=\"elementor-container elementor-column-gap-default\">\n\t\t\t\t\t<div class=\"has_ae_slider elementor-column elementor-col-100 elementor-top-column elementor-element elementor-element-d5c2ab7 ae-bg-gallery-type-default\" data-id=\"d5c2ab7\" data-element_type=\"column\" data-e-type=\"column\">\n\t\t\t<div class=\"elementor-widget-wrap elementor-element-populated\">\n\t\t\t\t\t\t<div class=\"elementor-element elementor-element-d7b1126 elementor-align-center elementor-widget elementor-widget-button\" data-id=\"d7b1126\" data-element_type=\"widget\" data-e-type=\"widget\" data-widget_type=\"button.default\">\n\t\t\t\t<div class=\"elementor-widget-container\">\n\t\t\t\t\t\t\t\t\t<div class=\"elementor-button-wrapper\">\n\t\t\t\t\t<a class=\"elementor-button elementor-button-link elementor-size-sm\" href=\"https:\/\/www.solar-model.com\/es\/presupuesto\/\">\n\t\t\t\t\t\t<span class=\"elementor-button-content-wrapper\">\n\t\t\t\t\t\t\t\t\t<span class=\"elementor-button-text\">Pide un presupuesto sin compromiso<\/span>\n\t\t\t\t\t<\/span>\n\t\t\t\t\t<\/a>\n\t\t\t\t<\/div>\n\t\t\t\t\t\t\t\t<\/div>\n\t\t\t\t<\/div>\n\t\t\t\t\t<\/div>\n\t\t<\/div>\n\t\t\t\t\t<\/div>\n\t\t<\/section>\n\t\t\t\t<\/div>\n\t\t","protected":false},"excerpt":{"rendered":"<p>Nuestros servicios En Solar Model somos especialistas en instalaciones solares a medida de las necesidades de nuestros clientes. Montamos todo tipo de instalaciones solares como instalaciones de autoconsumo residencial para viviendas particulares, instalaciones de autoconsumo industrial para empresas, instalaciones de autoconsumo aislado para casas rurales, huertos solares para vertido a la red y mucho m\u00e1s. [&hellip;]<\/p>\n","protected":false},"author":1,"featured_media":0,"parent":0,"menu_order":0,"comment_status":"closed","ping_status":"closed","template":"","meta":{"site-sidebar-layout":"no-sidebar","site-content-layout":"page-builder","ast-site-content-layout":"full-width-container","site-content-style":"default","site-sidebar-style":"default","ast-global-header-display":"","ast-banner-title-visibility":"","ast-main-header-display":"","ast-hfb-above-header-display":"","ast-hfb-below-header-display":"","ast-hfb-mobile-header-display":"","site-post-title":"disabled","ast-breadcrumbs-content":"","ast-featured-img":"disabled","footer-sml-layout":"","ast-disable-related-posts":"","theme-transparent-header-meta":"","adv-header-id-meta":"","stick-header-meta":"","header-above-stick-meta":"","header-main-stick-meta":"","header-below-stick-meta":"","astra-migrate-meta-layouts":"default","ast-page-background-enabled":"default","ast-page-background-meta":{"desktop":{"background-color":"","background-image":"","background-repeat":"repeat","background-position":"center center","background-size":"auto","background-attachment":"scroll","background-type":"","background-media":"","overlay-type":"","overlay-color":"","overlay-opacity":"","overlay-gradient":""},"tablet":{"background-color":"","background-image":"","background-repeat":"repeat","background-position":"center center","background-size":"auto","background-attachment":"scroll","background-type":"","background-media":"","overlay-type":"","overlay-color":"","overlay-opacity":"","overlay-gradient":""},"mobile":{"background-color":"","background-image":"","background-repeat":"repeat","background-position":"center center","background-size":"auto","background-attachment":"scroll","background-type":"","background-media":"","overlay-type":"","overlay-color":"","overlay-opacity":"","overlay-gradient":""}},"ast-content-background-meta":{"desktop":{"background-color":"var(--ast-global-color-5)","background-image":"","background-repeat":"repeat","background-position":"center center","background-size":"auto","background-attachment":"scroll","background-type":"","background-media":"","overlay-type":"","overlay-color":"","overlay-opacity":"","overlay-gradient":""},"tablet":{"background-color":"var(--ast-global-color-5)","background-image":"","background-repeat":"repeat","background-position":"center center","background-size":"auto","background-attachment":"scroll","background-type":"","background-media":"","overlay-type":"","overlay-color":"","overlay-opacity":"","overlay-gradient":""},"mobile":{"background-color":"var(--ast-global-color-5)","background-image":"","background-repeat":"repeat","background-position":"center center","background-size":"auto","background-attachment":"scroll","background-type":"","background-media":"","overlay-type":"","overlay-color":"","overlay-opacity":"","overlay-gradient":""}},"_joinchat":[],"footnotes":""},"class_list":["post-1114","page","type-page","status-publish","hentry"],"_links":{"self":[{"href":"https:\/\/www.solar-model.com\/es\/wp-json\/wp\/v2\/pages\/1114","targetHints":{"allow":["GET"]}}],"collection":[{"href":"https:\/\/www.solar-model.com\/es\/wp-json\/wp\/v2\/pages"}],"about":[{"href":"https:\/\/www.solar-model.com\/es\/wp-json\/wp\/v2\/types\/page"}],"author":[{"embeddable":true,"href":"https:\/\/www.solar-model.com\/es\/wp-json\/wp\/v2\/users\/1"}],"replies":[{"embeddable":true,"href":"https:\/\/www.solar-model.com\/es\/wp-json\/wp\/v2\/comments?post=1114"}],"version-history":[{"count":33,"href":"https:\/\/www.solar-model.com\/es\/wp-json\/wp\/v2\/pages\/1114\/revisions"}],"predecessor-version":[{"id":1579,"href":"https:\/\/www.solar-model.com\/es\/wp-json\/wp\/v2\/pages\/1114\/revisions\/1579"}],"wp:attachment":[{"href":"https:\/\/www.solar-model.com\/es\/wp-json\/wp\/v2\/media?parent=1114"}],"curies":[{"name":"wp","href":"https:\/\/api.w.org\/{rel}","templated":true}]}}