{"id":845,"date":"2023-11-06T19:01:39","date_gmt":"2023-11-06T17:01:39","guid":{"rendered":"https:\/\/solar-model.com\/?page_id=845"},"modified":"2024-01-24T14:17:01","modified_gmt":"2024-01-24T12:17:01","slug":"energia-solar","status":"publish","type":"page","link":"https:\/\/www.solar-model.com\/es\/energia-solar\/","title":{"rendered":"Energ\u00eda Solar"},"content":{"rendered":"\t\t<div data-elementor-type=\"wp-page\" data-elementor-id=\"845\" class=\"elementor elementor-845\" data-elementor-post-type=\"page\">\n\t\t\t\t\t\t<section class=\"has_ae_slider elementor-section elementor-top-section elementor-element elementor-element-cdbc706 elementor-section-boxed elementor-section-height-default elementor-section-height-default ae-bg-gallery-type-default\" data-id=\"cdbc706\" data-element_type=\"section\" data-e-type=\"section\">\n\t\t\t\t\t\t<div class=\"elementor-container elementor-column-gap-default\">\n\t\t\t\t\t<div class=\"has_ae_slider elementor-column elementor-col-100 elementor-top-column elementor-element elementor-element-72f97a0 ae-bg-gallery-type-default\" data-id=\"72f97a0\" data-element_type=\"column\" data-e-type=\"column\">\n\t\t\t<div class=\"elementor-widget-wrap elementor-element-populated\">\n\t\t\t\t\t\t<div class=\"elementor-element elementor-element-d508ef7 elementor-widget elementor-widget-heading\" data-id=\"d508ef7\" data-element_type=\"widget\" data-e-type=\"widget\" data-widget_type=\"heading.default\">\n\t\t\t\t<div class=\"elementor-widget-container\">\n\t\t\t\t\t<h2 class=\"elementor-heading-title elementor-size-default\">\u00bfQu\u00e9 es y como funciona?<\/h2>\t\t\t\t<\/div>\n\t\t\t\t<\/div>\n\t\t\t\t\t<\/div>\n\t\t<\/div>\n\t\t\t\t\t<\/div>\n\t\t<\/section>\n\t\t\t\t<section class=\"has_ae_slider elementor-section elementor-top-section elementor-element elementor-element-65af69f elementor-section-boxed elementor-section-height-default elementor-section-height-default ae-bg-gallery-type-default\" data-id=\"65af69f\" data-element_type=\"section\" data-e-type=\"section\">\n\t\t\t\t\t\t<div class=\"elementor-container elementor-column-gap-default\">\n\t\t\t\t\t<div class=\"has_ae_slider elementor-column elementor-col-100 elementor-top-column elementor-element elementor-element-6a928b3 ae-bg-gallery-type-default\" data-id=\"6a928b3\" data-element_type=\"column\" data-e-type=\"column\">\n\t\t\t<div class=\"elementor-widget-wrap elementor-element-populated\">\n\t\t\t\t\t\t<div class=\"elementor-element elementor-element-7b82a8b elementor-widget elementor-widget-text-editor\" data-id=\"7b82a8b\" data-element_type=\"widget\" data-e-type=\"widget\" data-widget_type=\"text-editor.default\">\n\t\t\t\t<div class=\"elementor-widget-container\">\n\t\t\t\t\t\t\t\t\t<p>La energ\u00eda solar es una de las mejores alternativas para ahorrar energ\u00eda.<\/p><p><span style=\"font-style: inherit; font-weight: inherit; background-color: var(--ast-global-color-5); color: var(--ast-global-color-3);\">Un sistema solar de autoconsumo solar consiste b\u00e1sicamente de paneles solares, un inversor y opcionalmente bater\u00edas para almacenar energ\u00eda adicional generada por el sistema solar.<\/span><\/p><p>Un sistema de energ\u00eda solar funciona de la siguiente forma:<\/p><ol><li><strong>Paneles solares<\/strong>: Los paneles solares convierten la luz solar en electricidad mediante el uso de c\u00e9lulas fotovoltaicas. Estos paneles est\u00e1n instalados en la azotea o en \u00e1reas abiertas donde puedan recibir la mayor cantidad de luz solar posible.<\/li><li><strong>Inversor<\/strong>: La electricidad generada por los paneles solares es en forma de corriente continua (CC), pero nuestros hogares y dispositivos electr\u00f3nicos necesitan corriente alterna (CA) para funcionar. El inversor convierte la corriente continua de los paneles en corriente alterna utilizable.<\/li><li><strong>Autoconsumo<\/strong>: La electricidad generada por los paneles solares se consume directamente en el hogar para alimentar los electrodom\u00e9sticos y dispositivos electr\u00f3nicos. Esto reduce la dependencia de la red el\u00e9ctrica y permite ahorrar en la factura de electricidad.<\/li><li><strong>Medidor bidireccional<\/strong>: Un medidor bidireccional registra la cantidad de electricidad consumida y la cantidad de electricidad generada por el sistema solar. Si el sistema solar produce m\u00e1s electricidad de la que se consume en ese momento, la electricidad sobrante se env\u00eda a la red el\u00e9ctrica y se registra como cr\u00e9dito energ\u00e9tico.<\/li><li><strong>Bater\u00edas<\/strong>: Las bater\u00edas del sistema solar de autoconsumo permiten almacenar el exceso de electricidad generada durante el d\u00eda para usarla durante la noche o en momentos de baja generaci\u00f3n solar. Estas bater\u00edas se cargan cuando el sistema solar est\u00e1 generando m\u00e1s electricidad de la que se consume y se descargan cuando se necesita electricidad adicional.<\/li><li><strong>Conexi\u00f3n a la red el\u00e9ctrica<\/strong>: Si el sistema solar no est\u00e1 generando suficiente electricidad para cubrir la demanda del hogar (por ejemplo, en d\u00edas nublados o durante per\u00edodos de alta demanda), el hogar puede obtener electricidad de la red el\u00e9ctrica. En caso de que el sistema solar genere m\u00e1s electricidad de la que se consume, el exceso de electricidad se env\u00eda de vuelta a la red el\u00e9ctrica y se registra como cr\u00e9dito energ\u00e9tico.<\/li><\/ol><p>En resumen, un sistema solar de autoconsumo con bater\u00edas permite aprovechar la energ\u00eda solar para alimentar el hogar y almacenar el exceso de electricidad generada para su uso posterior. Esto reduce la dependencia de la red el\u00e9ctrica y permite ahorrar en la factura de electricidad, al tiempo que se reduce la huella de carbono.<\/p>\t\t\t\t\t\t\t\t<\/div>\n\t\t\t\t<\/div>\n\t\t\t\t<div class=\"elementor-element elementor-element-c71a6be elementor-widget elementor-widget-image\" data-id=\"c71a6be\" data-element_type=\"widget\" data-e-type=\"widget\" data-widget_type=\"image.default\">\n\t\t\t\t<div class=\"elementor-widget-container\">\n\t\t\t\t\t\t\t\t\t\t\t\t\t\t\t<img fetchpriority=\"high\" decoding=\"async\" width=\"1024\" height=\"507\" src=\"https:\/\/www.solar-model.com\/wp-content\/uploads\/2023\/11\/Sistema-solar-autoconsumo-con-bateria-1-1024x507.jpg\" class=\"attachment-large size-large wp-image-861\" alt=\"\" srcset=\"https:\/\/www.solar-model.com\/wp-content\/uploads\/2023\/11\/Sistema-solar-autoconsumo-con-bateria-1-1024x507.jpg 1024w, https:\/\/www.solar-model.com\/wp-content\/uploads\/2023\/11\/Sistema-solar-autoconsumo-con-bateria-1-300x148.jpg 300w, https:\/\/www.solar-model.com\/wp-content\/uploads\/2023\/11\/Sistema-solar-autoconsumo-con-bateria-1-768x380.jpg 768w, https:\/\/www.solar-model.com\/wp-content\/uploads\/2023\/11\/Sistema-solar-autoconsumo-con-bateria-1-18x9.jpg 18w, https:\/\/www.solar-model.com\/wp-content\/uploads\/2023\/11\/Sistema-solar-autoconsumo-con-bateria-1.jpg 1283w\" sizes=\"(max-width: 1024px) 100vw, 1024px\" \/>\t\t\t\t\t\t\t\t\t\t\t\t\t\t\t<\/div>\n\t\t\t\t<\/div>\n\t\t\t\t\t<\/div>\n\t\t<\/div>\n\t\t\t\t\t<\/div>\n\t\t<\/section>\n\t\t\t\t<section class=\"has_ae_slider elementor-section elementor-top-section elementor-element elementor-element-622a58f elementor-section-boxed elementor-section-height-default elementor-section-height-default ae-bg-gallery-type-default\" data-id=\"622a58f\" data-element_type=\"section\" data-e-type=\"section\">\n\t\t\t\t\t\t<div class=\"elementor-container elementor-column-gap-default\">\n\t\t\t\t\t<div class=\"has_ae_slider elementor-column elementor-col-100 elementor-top-column elementor-element elementor-element-c8cd452 ae-bg-gallery-type-default\" data-id=\"c8cd452\" data-element_type=\"column\" data-e-type=\"column\">\n\t\t\t<div class=\"elementor-widget-wrap elementor-element-populated\">\n\t\t\t\t\t\t<div class=\"elementor-element elementor-element-88bef37 elementor-widget elementor-widget-text-editor\" data-id=\"88bef37\" data-element_type=\"widget\" data-e-type=\"widget\" data-widget_type=\"text-editor.default\">\n\t\t\t\t<div class=\"elementor-widget-container\">\n\t\t\t\t\t\t\t\t\t<p style=\"font-size: 16px; font-style: normal; font-weight: 400;\">Utiliza la energ\u00eda solar para ser m\u00e1s libre y para ahorrar. Haz que tu hogar sea limpio e independiente. Instala un sistema solar para tu casa, chalet, comunidad o negocio!<\/p><p style=\"font-size: 16px; font-style: normal; font-weight: 400;\">Instalar paneles solares es ideal para:<\/p><ul style=\"font-size: 16px; font-style: normal; font-weight: 400;\"><li style=\"font-size: 16px;\">Propietarios de bungalows, casas y chalets. Instalar paneles solares en tu comunidad\/casa puede ser una buena opci\u00f3n para t\u00ed y para todos los residentes de la comunidad que quieran ahorrar en sus costes energ\u00e9ticos y reducir su dependencia de los proveedores comerciales de energ\u00eda y de los costes fluctuantes de la energ\u00eda.<\/li><li style=\"font-size: 16px;\">\u00bfCu\u00e1nto cuesta conectar paneles solares para una vivienda particular o negocio? Ll\u00e1manos y te informaremos.<\/li><li style=\"font-size: 16px;\">Los empresarios. La instalaci\u00f3n de paneles solares en los tejados de edificios comerciales (hoteles, restaurantes, talleres, empresas agr\u00edcolas, naves etc.) aumentar\u00e1 en gran medida los beneficios de su negocio, ya que se reducir\u00e1n sus costes. Despu\u00e9s de todo, los costes energ\u00e9ticos en algunas industrias pueden ser muy elevados, y el uso de paneles solares a medio\/largo plazo reducir\u00e1 sus facturas de energ\u00eda hasta en un 90%. Tampoco hay que olvidarse en este caso de los beneficios de la \u00abHuella de carbono\u00bb para una empresa.<\/li><li style=\"font-size: 16px;\">Inversores que crean huertos solares y que se preocupan por maximizar sus beneficios con la energ\u00eda solar. Al fin y al cabo, un huerto solar es su generador de beneficios. Te diremos c\u00f3mo instalar plantas de energ\u00eda solar llave en mano (huertas solares) y empezar a ganar. S\u00f3lo tienes que rellenar el formulario y nuestro gestor se pondr\u00e1 en contacto contigo.<\/li><li style=\"font-size: 16px;\">Los que piensan en el futuro del planeta y quieren hacer algo bueno por el medio ambiente. La instalaci\u00f3n de paneles solares llave en mano con nuestra empresa es una contribuci\u00f3n al medio ambiente y una reducci\u00f3n de las emisiones de di\u00f3xido de carbono a la atm\u00f3sfera.<\/li><\/ul>\t\t\t\t\t\t\t\t<\/div>\n\t\t\t\t<\/div>\n\t\t\t\t\t<\/div>\n\t\t<\/div>\n\t\t\t\t\t<\/div>\n\t\t<\/section>\n\t\t\t\t<section class=\"has_ae_slider elementor-section elementor-top-section elementor-element elementor-element-b9ab1ca elementor-section-boxed elementor-section-height-default elementor-section-height-default ae-bg-gallery-type-default\" data-id=\"b9ab1ca\" data-element_type=\"section\" data-e-type=\"section\">\n\t\t\t\t\t\t<div class=\"elementor-container elementor-column-gap-default\">\n\t\t\t\t\t<div class=\"has_ae_slider elementor-column elementor-col-100 elementor-top-column elementor-element elementor-element-2e82e94 ae-bg-gallery-type-default\" data-id=\"2e82e94\" data-element_type=\"column\" data-e-type=\"column\">\n\t\t\t<div class=\"elementor-widget-wrap elementor-element-populated\">\n\t\t\t\t\t\t<div class=\"elementor-element elementor-element-ce9e0f7 elementor-align-center elementor-widget elementor-widget-button\" data-id=\"ce9e0f7\" data-element_type=\"widget\" data-e-type=\"widget\" data-widget_type=\"button.default\">\n\t\t\t\t<div class=\"elementor-widget-container\">\n\t\t\t\t\t\t\t\t\t<div class=\"elementor-button-wrapper\">\n\t\t\t\t\t<a class=\"elementor-button elementor-button-link elementor-size-sm\" href=\"https:\/\/www.solar-model.com\/es\/presupuesto\/\">\n\t\t\t\t\t\t<span class=\"elementor-button-content-wrapper\">\n\t\t\t\t\t\t<span class=\"elementor-button-icon\">\n\t\t\t\t<i aria-hidden=\"true\" class=\"far fa-comment\"><\/i>\t\t\t<\/span>\n\t\t\t\t\t\t\t\t\t<span class=\"elementor-button-text\">solicita presupuesto gratuito<\/span>\n\t\t\t\t\t<\/span>\n\t\t\t\t\t<\/a>\n\t\t\t\t<\/div>\n\t\t\t\t\t\t\t\t<\/div>\n\t\t\t\t<\/div>\n\t\t\t\t\t<\/div>\n\t\t<\/div>\n\t\t\t\t\t<\/div>\n\t\t<\/section>\n\t\t\t\t<\/div>\n\t\t","protected":false},"excerpt":{"rendered":"<p>\u00bfQu\u00e9 es y como funciona? La energ\u00eda solar es una de las mejores alternativas para ahorrar energ\u00eda. Un sistema solar de autoconsumo solar consiste b\u00e1sicamente de paneles solares, un inversor y opcionalmente bater\u00edas para almacenar energ\u00eda adicional generada por el sistema solar. Un sistema de energ\u00eda solar funciona de la siguiente forma: Paneles solares: Los [&hellip;]<\/p>\n","protected":false},"author":1,"featured_media":0,"parent":0,"menu_order":0,"comment_status":"closed","ping_status":"closed","template":"","meta":{"site-sidebar-layout":"default","site-content-layout":"","ast-site-content-layout":"default","site-content-style":"default","site-sidebar-style":"default","ast-global-header-display":"","ast-banner-title-visibility":"","ast-main-header-display":"","ast-hfb-above-header-display":"","ast-hfb-below-header-display":"","ast-hfb-mobile-header-display":"","site-post-title":"","ast-breadcrumbs-content":"","ast-featured-img":"","footer-sml-layout":"","ast-disable-related-posts":"","theme-transparent-header-meta":"","adv-header-id-meta":"","stick-header-meta":"","header-above-stick-meta":"","header-main-stick-meta":"","header-below-stick-meta":"","astra-migrate-meta-layouts":"default","ast-page-background-enabled":"default","ast-page-background-meta":{"desktop":{"background-color":"","background-image":"","background-repeat":"repeat","background-position":"center center","background-size":"auto","background-attachment":"scroll","background-type":"","background-media":"","overlay-type":"","overlay-color":"","overlay-opacity":"","overlay-gradient":""},"tablet":{"background-color":"","background-image":"","background-repeat":"repeat","background-position":"center center","background-size":"auto","background-attachment":"scroll","background-type":"","background-media":"","overlay-type":"","overlay-color":"","overlay-opacity":"","overlay-gradient":""},"mobile":{"background-color":"","background-image":"","background-repeat":"repeat","background-position":"center center","background-size":"auto","background-attachment":"scroll","background-type":"","background-media":"","overlay-type":"","overlay-color":"","overlay-opacity":"","overlay-gradient":""}},"ast-content-background-meta":{"desktop":{"background-color":"var(--ast-global-color-5)","background-image":"","background-repeat":"repeat","background-position":"center center","background-size":"auto","background-attachment":"scroll","background-type":"","background-media":"","overlay-type":"","overlay-color":"","overlay-opacity":"","overlay-gradient":""},"tablet":{"background-color":"var(--ast-global-color-5)","background-image":"","background-repeat":"repeat","background-position":"center center","background-size":"auto","background-attachment":"scroll","background-type":"","background-media":"","overlay-type":"","overlay-color":"","overlay-opacity":"","overlay-gradient":""},"mobile":{"background-color":"var(--ast-global-color-5)","background-image":"","background-repeat":"repeat","background-position":"center center","background-size":"auto","background-attachment":"scroll","background-type":"","background-media":"","overlay-type":"","overlay-color":"","overlay-opacity":"","overlay-gradient":""}},"_joinchat":[],"footnotes":""},"class_list":["post-845","page","type-page","status-publish","hentry"],"_links":{"self":[{"href":"https:\/\/www.solar-model.com\/es\/wp-json\/wp\/v2\/pages\/845","targetHints":{"allow":["GET"]}}],"collection":[{"href":"https:\/\/www.solar-model.com\/es\/wp-json\/wp\/v2\/pages"}],"about":[{"href":"https:\/\/www.solar-model.com\/es\/wp-json\/wp\/v2\/types\/page"}],"author":[{"embeddable":true,"href":"https:\/\/www.solar-model.com\/es\/wp-json\/wp\/v2\/users\/1"}],"replies":[{"embeddable":true,"href":"https:\/\/www.solar-model.com\/es\/wp-json\/wp\/v2\/comments?post=845"}],"version-history":[{"count":30,"href":"https:\/\/www.solar-model.com\/es\/wp-json\/wp\/v2\/pages\/845\/revisions"}],"predecessor-version":[{"id":1443,"href":"https:\/\/www.solar-model.com\/es\/wp-json\/wp\/v2\/pages\/845\/revisions\/1443"}],"wp:attachment":[{"href":"https:\/\/www.solar-model.com\/es\/wp-json\/wp\/v2\/media?parent=845"}],"curies":[{"name":"wp","href":"https:\/\/api.w.org\/{rel}","templated":true}]}}