{"id":981,"date":"2023-12-29T18:00:33","date_gmt":"2023-12-29T16:00:33","guid":{"rendered":"https:\/\/solar-model.com\/?page_id=981"},"modified":"2024-01-24T14:15:13","modified_gmt":"2024-01-24T12:15:13","slug":"autoconsumo-aislado","status":"publish","type":"page","link":"https:\/\/www.solar-model.com\/es\/autoconsumo-aislado\/","title":{"rendered":"Autoconsumo aislado"},"content":{"rendered":"\t\t<div data-elementor-type=\"wp-page\" data-elementor-id=\"981\" class=\"elementor elementor-981\" data-elementor-post-type=\"page\">\n\t\t\t\t\t\t<section class=\"has_ae_slider elementor-section elementor-top-section elementor-element elementor-element-d6b76bd elementor-section-boxed elementor-section-height-default elementor-section-height-default ae-bg-gallery-type-default\" data-id=\"d6b76bd\" data-element_type=\"section\" data-e-type=\"section\">\n\t\t\t\t\t\t<div class=\"elementor-container elementor-column-gap-default\">\n\t\t\t\t\t<div class=\"has_ae_slider elementor-column elementor-col-100 elementor-top-column elementor-element elementor-element-3f650bc ae-bg-gallery-type-default\" data-id=\"3f650bc\" data-element_type=\"column\" data-e-type=\"column\">\n\t\t\t<div class=\"elementor-widget-wrap\">\n\t\t\t\t\t\t\t<\/div>\n\t\t<\/div>\n\t\t\t\t\t<\/div>\n\t\t<\/section>\n\t\t\t\t<section class=\"has_ae_slider elementor-section elementor-top-section elementor-element elementor-element-61827e3 elementor-section-boxed elementor-section-height-default elementor-section-height-default ae-bg-gallery-type-default\" data-id=\"61827e3\" data-element_type=\"section\" data-e-type=\"section\">\n\t\t\t\t\t\t<div class=\"elementor-container elementor-column-gap-default\">\n\t\t\t\t\t<div class=\"has_ae_slider elementor-column elementor-col-100 elementor-top-column elementor-element elementor-element-a35f388 ae-bg-gallery-type-default\" data-id=\"a35f388\" data-element_type=\"column\" data-e-type=\"column\">\n\t\t\t<div class=\"elementor-widget-wrap elementor-element-populated\">\n\t\t\t\t\t\t<div class=\"elementor-element elementor-element-7d83901 elementor-widget elementor-widget-text-editor\" data-id=\"7d83901\" data-element_type=\"widget\" data-e-type=\"widget\" data-widget_type=\"text-editor.default\">\n\t\t\t\t<div class=\"elementor-widget-container\">\n\t\t\t\t\t\t\t\t\t<p style=\"font-size: 16px; font-style: normal; font-weight: 400;\">El autoconsumo aislado es una pr\u00e1ctica que est\u00e1 ganando popularidad en la actualidad, gracias a los avances tecnol\u00f3gicos y a las preocupaciones crecientes por la sostenibilidad y la reducci\u00f3n de la dependencia de fuentes de energ\u00eda no renovables. Este concepto se basa en la generaci\u00f3n de energ\u00eda propia y su uso exclusivo para satisfacer las necesidades de una vivienda, empresa u otra instalaci\u00f3n.<\/p>\n<p style=\"font-size: 16px; font-style: normal; font-weight: 400;\"><span style=\"font-style: inherit; font-weight: inherit; background-color: var(--ast-global-color-4); color: var(--ast-global-color-3);\">Una de las principales ventajas del autoconsumo aislado es la independencia energ\u00e9tica que brinda. Al generar y utilizar la propia energ\u00eda producida, se puede reducir dr\u00e1sticamente la dependencia de la red el\u00e9ctrica convencional. Esto es especialmente beneficioso en \u00e1reas rurales o zonas remotas donde la conexi\u00f3n a la red puede ser complicada o costosa.<\/span><\/p>\n<p style=\"font-size: 16px; font-style: normal; font-weight: 400;\"><span style=\"font-style: inherit; font-weight: inherit; background-color: var(--ast-global-color-4); color: var(--ast-global-color-3);\">Adem\u00e1s, el autoconsumo aislado contribuye significativamente a la reducci\u00f3n de las emisiones de gases de efecto invernadero, ya que se basa principalmente en fuentes de energ\u00eda renovable como la solar, e\u00f3lica o hidr\u00e1ulica. Al utilizar estas fuentes limpias de energ\u00eda, se disminuye la huella de carbono y se contribuye a la lucha contra el cambio clim\u00e1tico.<\/span><\/p>\t\t\t\t\t\t\t\t<\/div>\n\t\t\t\t<\/div>\n\t\t\t\t<div class=\"elementor-element elementor-element-86518e8 elementor-widget elementor-widget-image\" data-id=\"86518e8\" data-element_type=\"widget\" data-e-type=\"widget\" data-widget_type=\"image.default\">\n\t\t\t\t<div class=\"elementor-widget-container\">\n\t\t\t\t\t\t\t\t\t\t\t\t\t\t\t<img fetchpriority=\"high\" decoding=\"async\" width=\"990\" height=\"350\" src=\"https:\/\/www.solar-model.com\/wp-content\/uploads\/2023\/12\/Autoconsumo-solar-aislado.jpg\" class=\"attachment-large size-large wp-image-982\" alt=\"\" srcset=\"https:\/\/www.solar-model.com\/wp-content\/uploads\/2023\/12\/Autoconsumo-solar-aislado.jpg 990w, https:\/\/www.solar-model.com\/wp-content\/uploads\/2023\/12\/Autoconsumo-solar-aislado-300x106.jpg 300w, https:\/\/www.solar-model.com\/wp-content\/uploads\/2023\/12\/Autoconsumo-solar-aislado-768x272.jpg 768w, https:\/\/www.solar-model.com\/wp-content\/uploads\/2023\/12\/Autoconsumo-solar-aislado-18x6.jpg 18w\" sizes=\"(max-width: 990px) 100vw, 990px\" \/>\t\t\t\t\t\t\t\t\t\t\t\t\t\t\t<\/div>\n\t\t\t\t<\/div>\n\t\t\t\t<div class=\"elementor-element elementor-element-60b9138 elementor-widget__width-initial elementor-widget elementor-widget-text-editor\" data-id=\"60b9138\" data-element_type=\"widget\" data-e-type=\"widget\" data-widget_type=\"text-editor.default\">\n\t\t\t\t<div class=\"elementor-widget-container\">\n\t\t\t\t\t\t\t\t\t<p>Otra gran ventaja del autoconsumo aislado es la posibilidad de ahorrar considerablemente en la factura de electricidad. Al generar la propia energ\u00eda, se evita tener que pagar los altos costos asociados a la electricidad convencional. Adem\u00e1s, en caso de producir m\u00e1s energ\u00eda de la necesaria, se puede almacenar en bater\u00edas para su uso posterior, lo que reduce a\u00fan m\u00e1s la dependencia de la red el\u00e9ctrica y el gasto en electricidad.<span style=\"background-color: var(--ast-global-color-4); color: var(--ast-global-color-3); font-style: inherit; font-weight: inherit;\"><br \/><\/span><\/p><p><span style=\"background-color: var(--ast-global-color-4); color: var(--ast-global-color-3); font-style: inherit; font-weight: inherit;\">Sin embargo, el autoconsumo aislado tambi\u00e9n presenta algunos retos. La instalaci\u00f3n de los sistemas de generaci\u00f3n de energ\u00eda renovable puede tener un costo inicial elevado, aunque a largo plazo el ahorro econ\u00f3mico compensa esta inversi\u00f3n. Adem\u00e1s, se requiere un monitoreo y mantenimiento adecuado de los equipos para garantizar su correcto funcionamiento y prolongar su vida \u00fatil.<\/span><\/p><p><span style=\"font-style: inherit; font-weight: inherit; background-color: var(--ast-global-color-4); color: var(--ast-global-color-3);\">En conclusi\u00f3n, el autoconsumo aislado es una opci\u00f3n cada vez m\u00e1s atractiva y viable para aquellos que desean ser m\u00e1s independientes energ\u00e9ticamente y reducir su impacto ambiental. Esta pr\u00e1ctica no solo es beneficiosa a nivel econ\u00f3mico, ya que permite ahorrar en la factura de electricidad, sino que tambi\u00e9n contribuye a cuidar el medio ambiente al utilizar fuentes de energ\u00eda renovable. A medida que avancen las tecnolog\u00edas y se reduzcan los costos de instalaci\u00f3n, el autoconsumo aislado se convertir\u00e1 en una alternativa a\u00fan m\u00e1s asequible y accesible para todos<\/span><\/p>\t\t\t\t\t\t\t\t<\/div>\n\t\t\t\t<\/div>\n\t\t\t\t\t<\/div>\n\t\t<\/div>\n\t\t\t\t\t<\/div>\n\t\t<\/section>\n\t\t\t\t<section class=\"has_ae_slider elementor-section elementor-top-section elementor-element elementor-element-853ee47 elementor-section-boxed elementor-section-height-default elementor-section-height-default ae-bg-gallery-type-default\" data-id=\"853ee47\" data-element_type=\"section\" data-e-type=\"section\">\n\t\t\t\t\t\t<div class=\"elementor-container elementor-column-gap-default\">\n\t\t\t\t\t<div class=\"has_ae_slider elementor-column elementor-col-100 elementor-top-column elementor-element elementor-element-30cbd14 ae-bg-gallery-type-default\" data-id=\"30cbd14\" data-element_type=\"column\" data-e-type=\"column\">\n\t\t\t<div class=\"elementor-widget-wrap elementor-element-populated\">\n\t\t\t\t\t\t<div class=\"elementor-element elementor-element-25e4f8a elementor-align-center elementor-widget elementor-widget-button\" data-id=\"25e4f8a\" data-element_type=\"widget\" data-e-type=\"widget\" data-widget_type=\"button.default\">\n\t\t\t\t<div class=\"elementor-widget-container\">\n\t\t\t\t\t\t\t\t\t<div class=\"elementor-button-wrapper\">\n\t\t\t\t\t<a class=\"elementor-button elementor-button-link elementor-size-sm\" href=\"https:\/\/www.solar-model.com\/es\/presupuesto\/\">\n\t\t\t\t\t\t<span class=\"elementor-button-content-wrapper\">\n\t\t\t\t\t\t<span class=\"elementor-button-icon\">\n\t\t\t\t<i aria-hidden=\"true\" class=\"far fa-comment\"><\/i>\t\t\t<\/span>\n\t\t\t\t\t\t\t\t\t<span class=\"elementor-button-text\">Pide un presupuesto sin compromiso<\/span>\n\t\t\t\t\t<\/span>\n\t\t\t\t\t<\/a>\n\t\t\t\t<\/div>\n\t\t\t\t\t\t\t\t<\/div>\n\t\t\t\t<\/div>\n\t\t\t\t\t<\/div>\n\t\t<\/div>\n\t\t\t\t\t<\/div>\n\t\t<\/section>\n\t\t\t\t<\/div>\n\t\t","protected":false},"excerpt":{"rendered":"<p>Autoconsumo solar aislado Obt\u00e9n energ\u00eda sin depender de la red el\u00e9ctrica El autoconsumo aislado es una pr\u00e1ctica que est\u00e1 ganando popularidad en la actualidad, gracias a los avances tecnol\u00f3gicos y a las preocupaciones crecientes por la sostenibilidad y la reducci\u00f3n de la dependencia de fuentes de energ\u00eda no renovables. Este concepto se basa en la [&hellip;]<\/p>\n","protected":false},"author":1,"featured_media":0,"parent":0,"menu_order":0,"comment_status":"closed","ping_status":"closed","template":"","meta":{"site-sidebar-layout":"no-sidebar","site-content-layout":"page-builder","ast-site-content-layout":"full-width-container","site-content-style":"default","site-sidebar-style":"default","ast-global-header-display":"","ast-banner-title-visibility":"","ast-main-header-display":"","ast-hfb-above-header-display":"","ast-hfb-below-header-display":"","ast-hfb-mobile-header-display":"","site-post-title":"disabled","ast-breadcrumbs-content":"","ast-featured-img":"disabled","footer-sml-layout":"","ast-disable-related-posts":"","theme-transparent-header-meta":"","adv-header-id-meta":"","stick-header-meta":"","header-above-stick-meta":"","header-main-stick-meta":"","header-below-stick-meta":"","astra-migrate-meta-layouts":"default","ast-page-background-enabled":"default","ast-page-background-meta":{"desktop":{"background-color":"","background-image":"","background-repeat":"repeat","background-position":"center center","background-size":"auto","background-attachment":"scroll","background-type":"","background-media":"","overlay-type":"","overlay-color":"","overlay-opacity":"","overlay-gradient":""},"tablet":{"background-color":"","background-image":"","background-repeat":"repeat","background-position":"center center","background-size":"auto","background-attachment":"scroll","background-type":"","background-media":"","overlay-type":"","overlay-color":"","overlay-opacity":"","overlay-gradient":""},"mobile":{"background-color":"","background-image":"","background-repeat":"repeat","background-position":"center center","background-size":"auto","background-attachment":"scroll","background-type":"","background-media":"","overlay-type":"","overlay-color":"","overlay-opacity":"","overlay-gradient":""}},"ast-content-background-meta":{"desktop":{"background-color":"var(--ast-global-color-5)","background-image":"","background-repeat":"repeat","background-position":"center center","background-size":"auto","background-attachment":"scroll","background-type":"","background-media":"","overlay-type":"","overlay-color":"","overlay-opacity":"","overlay-gradient":""},"tablet":{"background-color":"var(--ast-global-color-5)","background-image":"","background-repeat":"repeat","background-position":"center center","background-size":"auto","background-attachment":"scroll","background-type":"","background-media":"","overlay-type":"","overlay-color":"","overlay-opacity":"","overlay-gradient":""},"mobile":{"background-color":"var(--ast-global-color-5)","background-image":"","background-repeat":"repeat","background-position":"center center","background-size":"auto","background-attachment":"scroll","background-type":"","background-media":"","overlay-type":"","overlay-color":"","overlay-opacity":"","overlay-gradient":""}},"_joinchat":[],"footnotes":""},"class_list":["post-981","page","type-page","status-publish","hentry"],"_links":{"self":[{"href":"https:\/\/www.solar-model.com\/es\/wp-json\/wp\/v2\/pages\/981","targetHints":{"allow":["GET"]}}],"collection":[{"href":"https:\/\/www.solar-model.com\/es\/wp-json\/wp\/v2\/pages"}],"about":[{"href":"https:\/\/www.solar-model.com\/es\/wp-json\/wp\/v2\/types\/page"}],"author":[{"embeddable":true,"href":"https:\/\/www.solar-model.com\/es\/wp-json\/wp\/v2\/users\/1"}],"replies":[{"embeddable":true,"href":"https:\/\/www.solar-model.com\/es\/wp-json\/wp\/v2\/comments?post=981"}],"version-history":[{"count":15,"href":"https:\/\/www.solar-model.com\/es\/wp-json\/wp\/v2\/pages\/981\/revisions"}],"predecessor-version":[{"id":1434,"href":"https:\/\/www.solar-model.com\/es\/wp-json\/wp\/v2\/pages\/981\/revisions\/1434"}],"wp:attachment":[{"href":"https:\/\/www.solar-model.com\/es\/wp-json\/wp\/v2\/media?parent=981"}],"curies":[{"name":"wp","href":"https:\/\/api.w.org\/{rel}","templated":true}]}}