{"id":986,"date":"2023-12-29T18:04:54","date_gmt":"2023-12-29T16:04:54","guid":{"rendered":"https:\/\/solar-model.com\/?page_id=986"},"modified":"2024-05-08T15:57:50","modified_gmt":"2024-05-08T14:57:50","slug":"huertos-solares","status":"publish","type":"page","link":"https:\/\/www.solar-model.com\/es\/huertos-solares\/","title":{"rendered":"Huertos solares"},"content":{"rendered":"\t\t<div data-elementor-type=\"wp-page\" data-elementor-id=\"986\" class=\"elementor elementor-986\" data-elementor-post-type=\"page\">\n\t\t\t\t\t\t<section class=\"has_ae_slider elementor-section elementor-top-section elementor-element elementor-element-17782d7 elementor-section-boxed elementor-section-height-default elementor-section-height-default ae-bg-gallery-type-default\" data-id=\"17782d7\" data-element_type=\"section\" data-e-type=\"section\">\n\t\t\t\t\t\t<div class=\"elementor-container elementor-column-gap-default\">\n\t\t\t\t\t<div class=\"has_ae_slider elementor-column elementor-col-100 elementor-top-column elementor-element elementor-element-2f1252c ae-bg-gallery-type-default\" data-id=\"2f1252c\" data-element_type=\"column\" data-e-type=\"column\">\n\t\t\t<div class=\"elementor-widget-wrap\">\n\t\t\t\t\t\t\t<\/div>\n\t\t<\/div>\n\t\t\t\t\t<\/div>\n\t\t<\/section>\n\t\t\t\t<section class=\"has_ae_slider elementor-section elementor-top-section elementor-element elementor-element-bb462e2 elementor-section-boxed elementor-section-height-default elementor-section-height-default ae-bg-gallery-type-default\" data-id=\"bb462e2\" data-element_type=\"section\" data-e-type=\"section\">\n\t\t\t\t\t\t<div class=\"elementor-container elementor-column-gap-default\">\n\t\t\t\t\t<div class=\"has_ae_slider elementor-column elementor-col-100 elementor-top-column elementor-element elementor-element-90bcce9 ae-bg-gallery-type-default\" data-id=\"90bcce9\" data-element_type=\"column\" data-e-type=\"column\">\n\t\t\t<div class=\"elementor-widget-wrap elementor-element-populated\">\n\t\t\t\t\t\t<div class=\"elementor-element elementor-element-1f9aea9 elementor-widget elementor-widget-text-editor\" data-id=\"1f9aea9\" data-element_type=\"widget\" data-e-type=\"widget\" data-widget_type=\"text-editor.default\">\n\t\t\t\t<div class=\"elementor-widget-container\">\n\t\t\t\t\t\t\t\t\t<p style=\"font-size: 16px; font-style: normal; font-weight: 400;\">Los huertos solares son una innovadora forma de aprovechar la energ\u00eda renovable para la generaci\u00f3n de electricidad. Estos huertos consisten en la instalaci\u00f3n de paneles fotovoltaicos en grandes superficies de terreno, donde se captan los rayos del sol y se convierten en energ\u00eda el\u00e9ctrica.<\/p>\t\t\t\t\t\t\t\t<\/div>\n\t\t\t\t<\/div>\n\t\t\t\t<div class=\"elementor-element elementor-element-6dad78e elementor-widget elementor-widget-image\" data-id=\"6dad78e\" data-element_type=\"widget\" data-e-type=\"widget\" data-widget_type=\"image.default\">\n\t\t\t\t<div class=\"elementor-widget-container\">\n\t\t\t\t\t\t\t\t\t\t\t\t\t\t\t<img fetchpriority=\"high\" decoding=\"async\" width=\"1024\" height=\"623\" src=\"https:\/\/www.solar-model.com\/wp-content\/uploads\/2023\/12\/Huertos-solares-1024x623.jpg\" class=\"attachment-large size-large wp-image-987\" alt=\"\" srcset=\"https:\/\/www.solar-model.com\/wp-content\/uploads\/2023\/12\/Huertos-solares-1024x623.jpg 1024w, https:\/\/www.solar-model.com\/wp-content\/uploads\/2023\/12\/Huertos-solares-300x182.jpg 300w, https:\/\/www.solar-model.com\/wp-content\/uploads\/2023\/12\/Huertos-solares-768x467.jpg 768w, https:\/\/www.solar-model.com\/wp-content\/uploads\/2023\/12\/Huertos-solares-18x12.jpg 18w, https:\/\/www.solar-model.com\/wp-content\/uploads\/2023\/12\/Huertos-solares.jpg 1470w\" sizes=\"(max-width: 1024px) 100vw, 1024px\" \/>\t\t\t\t\t\t\t\t\t\t\t\t\t\t\t<\/div>\n\t\t\t\t<\/div>\n\t\t\t\t<div class=\"elementor-element elementor-element-132fbdc elementor-widget elementor-widget-text-editor\" data-id=\"132fbdc\" data-element_type=\"widget\" data-e-type=\"widget\" data-widget_type=\"text-editor.default\">\n\t\t\t\t<div class=\"elementor-widget-container\">\n\t\t\t\t\t\t\t\t\t<p><span style=\"background-color: var(--ast-global-color-4); color: var(--ast-global-color-3); font-style: inherit; font-weight: inherit;\">Una de las principales ventajas de los huertos solares es que son una fuente de energ\u00eda limpia y renovable, lo que significa que no generan emisiones de gases de efecto invernadero ni contaminantes que da\u00f1en el medio ambiente. Adem\u00e1s, al tratarse de una fuente de energ\u00eda inagotable, los huertos solares representan una soluci\u00f3n sostenible a largo plazo.<\/span><br><\/p>\n<p><span style=\"font-style: inherit; font-weight: inherit; background-color: var(--ast-global-color-4); color: var(--ast-global-color-3);\">Otra ventaja de los huertos solares es que ocupan terrenos que no son adecuados para otros cultivos, como terrenos bald\u00edos o \u00e1reas des\u00e9rticas, lo que maximiza el uso de espacios que, de otra manera, estar\u00edan infrautilizados. Adem\u00e1s, los huertos solares pueden coexistir con la agricultura tradicional, ya que los paneles pueden instalarse elevados del suelo, permitiendo as\u00ed que los cultivos puedan crecer debajo de ellos.<\/span><\/p>\n<p><span style=\"font-style: inherit; font-weight: inherit; background-color: var(--ast-global-color-4); color: var(--ast-global-color-3);\">En t\u00e9rminos econ\u00f3micos, los huertos solares representan una inversi\u00f3n rentable a largo plazo, ya que una vez instalados, requieren pocos costos de mantenimiento y operaci\u00f3n. Adem\u00e1s, al generar electricidad, es posible vender el excedente a la red el\u00e9ctrica, lo que se traduce en ingresos adicionales para los propietarios de los huertos.<\/span><\/p>\n<p><span style=\"font-style: inherit; font-weight: inherit; background-color: var(--ast-global-color-4); color: var(--ast-global-color-3);\">En cuanto a su impacto social, los huertos solares tambi\u00e9n contribuyen a la creaci\u00f3n de empleo, ya que requieren de personal especializado para su instalaci\u00f3n, mantenimiento y supervisi\u00f3n. Adem\u00e1s, al generar energ\u00eda el\u00e9ctrica de forma descentralizada, los huertos solares pueden ayudar a reducir la dependencia de otros m\u00e9todos de generaci\u00f3n de energ\u00eda m\u00e1s contaminantes y costosos, como las centrales nucleares o t\u00e9rmicas.<\/span><\/p>\n<p><span style=\"font-style: inherit; font-weight: inherit; background-color: var(--ast-global-color-4); color: var(--ast-global-color-3);\">En conclusi\u00f3n, los huertos solares representan una soluci\u00f3n innovadora y sostenible para la generaci\u00f3n de energ\u00eda el\u00e9ctrica. Adem\u00e1s de ser una fuente limpia y renovable, ocupan terrenos que estar\u00edan infrautilizados, tienen un buen retorno econ\u00f3mico y contribuyen a la generaci\u00f3n de empleo. De esta manera, los huertos solares son una opci\u00f3n a considerar para un futuro energ\u00e9tico m\u00e1s sostenible.<\/span><\/p>\t\t\t\t\t\t\t\t<\/div>\n\t\t\t\t<\/div>\n\t\t\t\t\t<\/div>\n\t\t<\/div>\n\t\t\t\t\t<\/div>\n\t\t<\/section>\n\t\t\t\t<section class=\"has_ae_slider elementor-section elementor-top-section elementor-element elementor-element-a7c6d0c elementor-section-boxed elementor-section-height-default elementor-section-height-default ae-bg-gallery-type-default\" data-id=\"a7c6d0c\" data-element_type=\"section\" data-e-type=\"section\">\n\t\t\t\t\t\t<div class=\"elementor-container elementor-column-gap-default\">\n\t\t\t\t\t<div class=\"has_ae_slider elementor-column elementor-col-100 elementor-top-column elementor-element elementor-element-83bb1b0 ae-bg-gallery-type-default\" data-id=\"83bb1b0\" data-element_type=\"column\" data-e-type=\"column\">\n\t\t\t<div class=\"elementor-widget-wrap elementor-element-populated\">\n\t\t\t\t\t\t<div class=\"elementor-element elementor-element-efff1eb elementor-align-center elementor-widget elementor-widget-button\" data-id=\"efff1eb\" data-element_type=\"widget\" data-e-type=\"widget\" data-widget_type=\"button.default\">\n\t\t\t\t<div class=\"elementor-widget-container\">\n\t\t\t\t\t\t\t\t\t<div class=\"elementor-button-wrapper\">\n\t\t\t\t\t<a class=\"elementor-button elementor-button-link elementor-size-sm\" href=\"https:\/\/www.solar-model.com\/es\/presupuesto\/\">\n\t\t\t\t\t\t<span class=\"elementor-button-content-wrapper\">\n\t\t\t\t\t\t<span class=\"elementor-button-icon\">\n\t\t\t\t<i aria-hidden=\"true\" class=\"far fa-comment\"><\/i>\t\t\t<\/span>\n\t\t\t\t\t\t\t\t\t<span class=\"elementor-button-text\">Pide presupuesto sin compromiso<\/span>\n\t\t\t\t\t<\/span>\n\t\t\t\t\t<\/a>\n\t\t\t\t<\/div>\n\t\t\t\t\t\t\t\t<\/div>\n\t\t\t\t<\/div>\n\t\t\t\t\t<\/div>\n\t\t<\/div>\n\t\t\t\t\t<\/div>\n\t\t<\/section>\n\t\t\t\t<\/div>\n\t\t","protected":false},"excerpt":{"rendered":"<p>Huertos solares Obt\u00e9n un rendimiento m\u00e1ximo invirtiendo en energ\u00eda solar Los huertos solares son una innovadora forma de aprovechar la energ\u00eda renovable para la generaci\u00f3n de electricidad. Estos huertos consisten en la instalaci\u00f3n de paneles fotovoltaicos en grandes superficies de terreno, donde se captan los rayos del sol y se convierten en energ\u00eda el\u00e9ctrica. Una [&hellip;]<\/p>\n","protected":false},"author":1,"featured_media":0,"parent":0,"menu_order":0,"comment_status":"closed","ping_status":"closed","template":"","meta":{"site-sidebar-layout":"no-sidebar","site-content-layout":"page-builder","ast-site-content-layout":"full-width-container","site-content-style":"default","site-sidebar-style":"default","ast-global-header-display":"","ast-banner-title-visibility":"","ast-main-header-display":"","ast-hfb-above-header-display":"","ast-hfb-below-header-display":"","ast-hfb-mobile-header-display":"","site-post-title":"disabled","ast-breadcrumbs-content":"","ast-featured-img":"disabled","footer-sml-layout":"","ast-disable-related-posts":"","theme-transparent-header-meta":"","adv-header-id-meta":"","stick-header-meta":"","header-above-stick-meta":"","header-main-stick-meta":"","header-below-stick-meta":"","astra-migrate-meta-layouts":"default","ast-page-background-enabled":"default","ast-page-background-meta":{"desktop":{"background-color":"","background-image":"","background-repeat":"repeat","background-position":"center center","background-size":"auto","background-attachment":"scroll","background-type":"","background-media":"","overlay-type":"","overlay-color":"","overlay-opacity":"","overlay-gradient":""},"tablet":{"background-color":"","background-image":"","background-repeat":"repeat","background-position":"center center","background-size":"auto","background-attachment":"scroll","background-type":"","background-media":"","overlay-type":"","overlay-color":"","overlay-opacity":"","overlay-gradient":""},"mobile":{"background-color":"","background-image":"","background-repeat":"repeat","background-position":"center center","background-size":"auto","background-attachment":"scroll","background-type":"","background-media":"","overlay-type":"","overlay-color":"","overlay-opacity":"","overlay-gradient":""}},"ast-content-background-meta":{"desktop":{"background-color":"var(--ast-global-color-5)","background-image":"","background-repeat":"repeat","background-position":"center center","background-size":"auto","background-attachment":"scroll","background-type":"","background-media":"","overlay-type":"","overlay-color":"","overlay-opacity":"","overlay-gradient":""},"tablet":{"background-color":"var(--ast-global-color-5)","background-image":"","background-repeat":"repeat","background-position":"center center","background-size":"auto","background-attachment":"scroll","background-type":"","background-media":"","overlay-type":"","overlay-color":"","overlay-opacity":"","overlay-gradient":""},"mobile":{"background-color":"var(--ast-global-color-5)","background-image":"","background-repeat":"repeat","background-position":"center center","background-size":"auto","background-attachment":"scroll","background-type":"","background-media":"","overlay-type":"","overlay-color":"","overlay-opacity":"","overlay-gradient":""}},"_joinchat":[],"footnotes":""},"class_list":["post-986","page","type-page","status-publish","hentry"],"_links":{"self":[{"href":"https:\/\/www.solar-model.com\/es\/wp-json\/wp\/v2\/pages\/986","targetHints":{"allow":["GET"]}}],"collection":[{"href":"https:\/\/www.solar-model.com\/es\/wp-json\/wp\/v2\/pages"}],"about":[{"href":"https:\/\/www.solar-model.com\/es\/wp-json\/wp\/v2\/types\/page"}],"author":[{"embeddable":true,"href":"https:\/\/www.solar-model.com\/es\/wp-json\/wp\/v2\/users\/1"}],"replies":[{"embeddable":true,"href":"https:\/\/www.solar-model.com\/es\/wp-json\/wp\/v2\/comments?post=986"}],"version-history":[{"count":15,"href":"https:\/\/www.solar-model.com\/es\/wp-json\/wp\/v2\/pages\/986\/revisions"}],"predecessor-version":[{"id":1618,"href":"https:\/\/www.solar-model.com\/es\/wp-json\/wp\/v2\/pages\/986\/revisions\/1618"}],"wp:attachment":[{"href":"https:\/\/www.solar-model.com\/es\/wp-json\/wp\/v2\/media?parent=986"}],"curies":[{"name":"wp","href":"https:\/\/api.w.org\/{rel}","templated":true}]}}