{"id":1411,"date":"2024-01-24T10:21:48","date_gmt":"2024-01-24T08:21:48","guid":{"rendered":"https:\/\/www.solar-model.com\/?page_id=1411"},"modified":"2025-02-26T15:28:03","modified_gmt":"2025-02-26T14:28:03","slug":"presupuesto","status":"publish","type":"page","link":"https:\/\/www.solar-model.com\/fr\/budget\/","title":{"rendered":"Budget"},"content":{"rendered":"\t\t<div data-elementor-type=\"wp-page\" data-elementor-id=\"1411\" class=\"elementor elementor-1411\" data-elementor-post-type=\"page\">\n\t\t\t\t\t\t<section class=\"has_ae_slider elementor-section elementor-top-section elementor-element elementor-element-149f3af elementor-section-boxed elementor-section-height-default elementor-section-height-default ae-bg-gallery-type-default\" data-id=\"149f3af\" data-element_type=\"section\" data-e-type=\"section\">\n\t\t\t\t\t\t<div class=\"elementor-container elementor-column-gap-default\">\n\t\t\t\t\t<div class=\"has_ae_slider elementor-column elementor-col-100 elementor-top-column elementor-element elementor-element-c827641 ae-bg-gallery-type-default\" data-id=\"c827641\" data-element_type=\"column\" data-e-type=\"column\">\n\t\t\t<div class=\"elementor-widget-wrap elementor-element-populated\">\n\t\t\t\t\t\t<div class=\"elementor-element elementor-element-1cab737 elementor-widget elementor-widget-wpforms\" data-id=\"1cab737\" data-element_type=\"widget\" data-e-type=\"widget\" data-widget_type=\"wpforms.default\">\n\t\t\t\t<div class=\"elementor-widget-container\">\n\t\t\t\t\t<div class=\"wpforms-container \" id=\"wpforms-344\"><form id=\"wpforms-form-344\" class=\"wpforms-validate wpforms-form wpforms-ajax-form\" data-formid=\"344\" method=\"post\" enctype=\"multipart\/form-data\" action=\"\/fr\/wp-json\/wp\/v2\/pages\/1411\" data-token=\"f055040b1ca818d958a975a123fccd48\" data-token-time=\"1777488131\"><noscript class=\"wpforms-error-noscript\">Veuillez activer JavaScript dans votre navigateur pour remplir ce formulaire.<\/noscript><div class=\"wpforms-field-container\"><div id=\"wpforms-344-field_1-container\" class=\"wpforms-field wpforms-field-text\" data-field-id=\"1\"><label class=\"wpforms-field-label\" for=\"wpforms-344-field_1\">Nombre <span class=\"wpforms-required-label\">*<\/span><\/label><input type=\"text\" id=\"wpforms-344-field_1\" class=\"wpforms-field-large wpforms-field-required\" name=\"wpforms[fields][1]\" placeholder=\"Introduce tu nombre\" required><div class=\"wpforms-field-description\">As\u00ed sabremos a qui\u00e9n dirigirnos<\/div><\/div><div id=\"wpforms-344-field_2-container\" class=\"wpforms-field wpforms-field-text\" data-field-id=\"2\"><label class=\"wpforms-field-label\" for=\"wpforms-344-field_2\">Tel\u00e9fono de contacto <span class=\"wpforms-required-label\">*<\/span><\/label><input type=\"text\" id=\"wpforms-344-field_2\" class=\"wpforms-field-medium wpforms-field-required\" name=\"wpforms[fields][2]\" placeholder=\"Introduce un n\u00famero de tel\u00e9fono\" required><div class=\"wpforms-field-description\">Te llamaremos a este tel\u00e9fono<\/div><\/div><div id=\"wpforms-344-field_5-container\" class=\"wpforms-field wpforms-field-email\" data-field-id=\"5\"><label class=\"wpforms-field-label\" for=\"wpforms-344-field_5\">Correo electr\u00f3nico<\/label><input type=\"email\" id=\"wpforms-344-field_5\" class=\"wpforms-field-medium\" name=\"wpforms[fields][5]\" placeholder=\"Introduce tu correo electr\u00f3nico\" spellcheck=\"false\" ><div class=\"wpforms-field-description\">Por si tenemos que contactarte por email<\/div><\/div><div id=\"wpforms-344-field_3-container\" class=\"wpforms-field wpforms-field-select wpforms-field-select-style-modern\" data-field-id=\"3\"><label class=\"wpforms-field-label\" for=\"wpforms-344-field_3\">\u00bfA qu\u00e9 hora quieres que te llamemos?<\/label><select id=\"wpforms-344-field_3\" class=\"wpforms-field-large choicesjs-select\" data-size-class=\"wpforms-field-row wpforms-field-large\" data-search-enabled=\"\" name=\"wpforms[fields][3]\"><option value=\"\" class=\"placeholder\" disabled ><\/option><option value=\"A cualquier hora\"  selected='selected' class=\"choice-1 depth-1\"  >A cualquier hora<\/option><option value=\"Mejor durante las ma\u00f1anas\"  class=\"choice-2 depth-1\"  >Mejor durante las ma\u00f1anas<\/option><option value=\"Mejor durante las tardes\"  class=\"choice-3 depth-1\"  >Mejor durante las tardes<\/option><\/select><div class=\"wpforms-field-description\">Te llamaremos preferentemente durante el horario que nos digas<\/div><\/div><div id=\"wpforms-344-field_7-container\" class=\"wpforms-field wpforms-field-select wpforms-field-select-style-modern\" data-field-id=\"7\"><label class=\"wpforms-field-label\" for=\"wpforms-344-field_7\">\u00bfCon qu\u00e9 idioma prefieres que nos dirijamos a ti?<\/label><select id=\"wpforms-344-field_7\" class=\"wpforms-field-large choicesjs-select\" data-size-class=\"wpforms-field-row wpforms-field-large\" data-search-enabled=\"\" name=\"wpforms[fields][7]\"><option value=\"\" class=\"placeholder\" disabled ><\/option><option value=\"Castellano\"  selected='selected' class=\"choice-1 depth-1\"  >Castellano<\/option><option value=\"Ingl\u00e9s\"  class=\"choice-2 depth-1\"  >Ingl\u00e9s<\/option><option value=\"Alem\u00e1n\"  class=\"choice-3 depth-1\"  >Alem\u00e1n<\/option><option value=\"Ruso\"  class=\"choice-4 depth-1\"  >Ruso<\/option><option value=\"Franc\u00e9s\"  class=\"choice-5 depth-1\"  >Franc\u00e9s<\/option><\/select><\/div><div id=\"wpforms-344-field_8-container\" class=\"wpforms-field wpforms-field-textarea\" data-field-id=\"8\"><label class=\"wpforms-field-label\" for=\"wpforms-344-field_8\">Comentarios<\/label><textarea id=\"wpforms-344-field_8\" class=\"wpforms-field-medium\" name=\"wpforms[fields][8]\" ><\/textarea><\/div>\t\t<div id=\"wpforms-344-field_6-container\"\n\t\t\tclass=\"wpforms-field wpforms-field-text\"\n\t\t\tdata-field-type=\"text\"\n\t\t\tdata-field-id=\"6\"\n\t\t\t>\n\t\t\t<label class=\"wpforms-field-label\" for=\"wpforms-344-field_6\" >prefieres llamemos? que<\/label>\n\t\t\t<input type=\"text\" id=\"wpforms-344-field_6\" class=\"wpforms-field-medium\" name=\"wpforms[fields][6]\" >\n\t\t<\/div>\n\t\t<div id=\"wpforms-344-field_4-container\" class=\"wpforms-field wpforms-field-checkbox\" data-field-id=\"4\"><ul id=\"wpforms-344-field_4\" class=\"wpforms-field-required\"><li class=\"choice-1 depth-1\"><input type=\"checkbox\" id=\"wpforms-344-field_4_1\" name=\"wpforms[fields][4][]\" value=\"Doy consentimiento a tratar la informaci\u00f3n proporcionada para los fines dispuestos en la &lt;a href=&quot;#popmake-318&quot;&gt;Pol\u00edtica de privacidad&lt;\/a&gt; de este sitio\" required ><label class=\"wpforms-field-label-inline\" for=\"wpforms-344-field_4_1\">Doy consentimiento a tratar la informaci\u00f3n proporcionada para los fines dispuestos en la <a href=\"#popmake-318\">Pol\u00edtica de privacidad<\/a> de este sitio<\/label><\/li><\/ul><\/div><script>\n\t\t\t\t( function() {\n\t\t\t\t\tconst style = document.createElement( 'style' );\n\t\t\t\t\tstyle.appendChild( document.createTextNode( '#wpforms-344-field_6-container { position: absolute !important; overflow: hidden !important; display: inline !important; height: 1px !important; width: 1px !important; z-index: -1000 !important; padding: 0 !important; } #wpforms-344-field_6-container input { visibility: hidden; } #wpforms-conversational-form-page #wpforms-344-field_6-container label { counter-increment: none; }' ) );\n\t\t\t\t\tdocument.head.appendChild( style );\n\t\t\t\t\tdocument.currentScript?.remove();\n\t\t\t\t} )();\n\t\t\t<\/script><\/div><!-- .wpforms-field-container --><div class=\"wpforms-recaptcha-container wpforms-is-recaptcha wpforms-is-recaptcha-type-v3\" ><input type=\"hidden\" name=\"wpforms[recaptcha]\" value=\"\"><\/div><div class=\"wpforms-submit-container\" ><input type=\"hidden\" name=\"wpforms[id]\" value=\"344\"><input type=\"hidden\" name=\"page_title\" value=\"\"><input type=\"hidden\" name=\"page_url\" value=\"https:\/\/www.solar-model.com\/fr\/wp-json\/wp\/v2\/pages\/1411\"><input type=\"hidden\" name=\"url_referer\" value=\"\"><button type=\"submit\" name=\"wpforms[submit]\" id=\"wpforms-submit-344\" class=\"wpforms-submit\" data-alt-text=\"Enviando...\" data-submit-text=\"Solicitar\" aria-live=\"assertive\" value=\"wpforms-submit\">Solicitar<\/button><img decoding=\"async\" src=\"https:\/\/www.solar-model.com\/wp-content\/plugins\/wpforms-lite\/assets\/images\/submit-spin.svg\" class=\"wpforms-submit-spinner\" style=\"display: none;\" width=\"26\" height=\"26\" alt=\"Chargement en cours\"><\/div><\/form><\/div>  <!-- .wpforms-container -->\t\t\t\t<\/div>\n\t\t\t\t<\/div>\n\t\t\t\t\t<\/div>\n\t\t<\/div>\n\t\t\t\t\t<\/div>\n\t\t<\/section>\n\t\t\t\t<\/div>\n\t\t","protected":false},"excerpt":{"rendered":"<p>Por favor, activa JavaScript en tu navegador para completar este formulario.Nombre *As\u00ed sabremos a qui\u00e9n dirigirnosTel\u00e9fono de contacto *Te llamaremos a este tel\u00e9fonoCorreo electr\u00f3nicoPor si tenemos que contactarte por email\u00bfA qu\u00e9 hora quieres que te llamemos?A cualquier horaA cualquier horaMejor durante las ma\u00f1anasMejor durante las tardesTe llamaremos preferentemente durante el horario que nos digas\u00bfCon qu\u00e9 [&hellip;]<\/p>\n","protected":false},"author":1,"featured_media":0,"parent":0,"menu_order":0,"comment_status":"closed","ping_status":"closed","template":"","meta":{"site-sidebar-layout":"no-sidebar","site-content-layout":"page-builder","ast-site-content-layout":"full-width-container","site-content-style":"default","site-sidebar-style":"default","ast-global-header-display":"","ast-banner-title-visibility":"","ast-main-header-display":"","ast-hfb-above-header-display":"","ast-hfb-below-header-display":"","ast-hfb-mobile-header-display":"","site-post-title":"disabled","ast-breadcrumbs-content":"","ast-featured-img":"disabled","footer-sml-layout":"","ast-disable-related-posts":"","theme-transparent-header-meta":"","adv-header-id-meta":"","stick-header-meta":"","header-above-stick-meta":"","header-main-stick-meta":"","header-below-stick-meta":"","astra-migrate-meta-layouts":"default","ast-page-background-enabled":"default","ast-page-background-meta":{"desktop":{"background-color":"","background-image":"","background-repeat":"repeat","background-position":"center center","background-size":"auto","background-attachment":"scroll","background-type":"","background-media":"","overlay-type":"","overlay-color":"","overlay-opacity":"","overlay-gradient":""},"tablet":{"background-color":"","background-image":"","background-repeat":"repeat","background-position":"center center","background-size":"auto","background-attachment":"scroll","background-type":"","background-media":"","overlay-type":"","overlay-color":"","overlay-opacity":"","overlay-gradient":""},"mobile":{"background-color":"","background-image":"","background-repeat":"repeat","background-position":"center center","background-size":"auto","background-attachment":"scroll","background-type":"","background-media":"","overlay-type":"","overlay-color":"","overlay-opacity":"","overlay-gradient":""}},"ast-content-background-meta":{"desktop":{"background-color":"var(--ast-global-color-5)","background-image":"","background-repeat":"repeat","background-position":"center center","background-size":"auto","background-attachment":"scroll","background-type":"","background-media":"","overlay-type":"","overlay-color":"","overlay-opacity":"","overlay-gradient":""},"tablet":{"background-color":"var(--ast-global-color-5)","background-image":"","background-repeat":"repeat","background-position":"center center","background-size":"auto","background-attachment":"scroll","background-type":"","background-media":"","overlay-type":"","overlay-color":"","overlay-opacity":"","overlay-gradient":""},"mobile":{"background-color":"var(--ast-global-color-5)","background-image":"","background-repeat":"repeat","background-position":"center center","background-size":"auto","background-attachment":"scroll","background-type":"","background-media":"","overlay-type":"","overlay-color":"","overlay-opacity":"","overlay-gradient":""}},"_joinchat":[],"footnotes":""},"class_list":["post-1411","page","type-page","status-publish","hentry"],"_links":{"self":[{"href":"https:\/\/www.solar-model.com\/fr\/wp-json\/wp\/v2\/pages\/1411","targetHints":{"allow":["GET"]}}],"collection":[{"href":"https:\/\/www.solar-model.com\/fr\/wp-json\/wp\/v2\/pages"}],"about":[{"href":"https:\/\/www.solar-model.com\/fr\/wp-json\/wp\/v2\/types\/page"}],"author":[{"embeddable":true,"href":"https:\/\/www.solar-model.com\/fr\/wp-json\/wp\/v2\/users\/1"}],"replies":[{"embeddable":true,"href":"https:\/\/www.solar-model.com\/fr\/wp-json\/wp\/v2\/comments?post=1411"}],"version-history":[{"count":37,"href":"https:\/\/www.solar-model.com\/fr\/wp-json\/wp\/v2\/pages\/1411\/revisions"}],"predecessor-version":[{"id":1742,"href":"https:\/\/www.solar-model.com\/fr\/wp-json\/wp\/v2\/pages\/1411\/revisions\/1742"}],"wp:attachment":[{"href":"https:\/\/www.solar-model.com\/fr\/wp-json\/wp\/v2\/media?parent=1411"}],"curies":[{"name":"wp","href":"https:\/\/api.w.org\/{rel}","templated":true}]}}