{"id":738,"date":"2023-11-03T14:49:54","date_gmt":"2023-11-03T12:49:54","guid":{"rendered":"https:\/\/solar-model.com\/?page_id=738"},"modified":"2024-02-02T10:13:09","modified_gmt":"2024-02-02T08:13:09","slug":"nosotros","status":"publish","type":"page","link":"https:\/\/www.solar-model.com\/fr\/nous\/","title":{"rendered":"Nous"},"content":{"rendered":"<div data-elementor-type=\"wp-page\" data-elementor-id=\"738\" class=\"elementor elementor-738\" data-elementor-post-type=\"page\">\n\t\t\t\t\t\t<section class=\"has_ae_slider elementor-section elementor-top-section elementor-element elementor-element-1e83179 elementor-section-boxed elementor-section-height-default elementor-section-height-default ae-bg-gallery-type-default\" data-id=\"1e83179\" data-element_type=\"section\" data-e-type=\"section\">\n\t\t\t\t\t\t<div class=\"elementor-container elementor-column-gap-default\">\n\t\t\t\t\t<div class=\"has_ae_slider elementor-column elementor-col-50 elementor-top-column elementor-element elementor-element-a494220 ae-bg-gallery-type-default\" data-id=\"a494220\" data-element_type=\"column\" data-e-type=\"column\">\n\t\t\t<div class=\"elementor-widget-wrap elementor-element-populated\">\n\t\t\t\t\t\t<div class=\"elementor-element elementor-element-f1868db elementor-widget elementor-widget-text-editor\" data-id=\"f1868db\" data-element_type=\"widget\" data-e-type=\"widget\" data-widget_type=\"text-editor.default\">\n\t\t\t\t<div class=\"elementor-widget-container\">\n\t\t\t\t\t\t\t\t\t<p>Solar Model est une entreprise sp\u00e9cialis\u00e9e dans la commercialisation de syst\u00e8mes photovolta\u00efques et l'installation de syst\u00e8mes solaires avec plus de 10 ans d'exp\u00e9rience, leader sur le march\u00e9 avec des mat\u00e9riaux de premi\u00e8re qualit\u00e9 de notre propre importation. Nous disposons d'une \u00e9quipe de professionnels, du service commercial aux installateurs qualifi\u00e9s pour r\u00e9aliser des installations adapt\u00e9es aux besoins de nos clients. Depuis nos installations principales \u00e0 Torrevieja (Alicante), nous fournissons des services dans les provinces d'Alicante, de Murcie et de Malaga. Nous servons aussi bien les particuliers que les communaut\u00e9s et les entreprises avec des installations solaires d'autoconsommation et des projets de fermes solaires pour les investisseurs.<\/p>\t\t\t\t\t\t\t\t<\/div>\n\t\t\t\t<\/div>\n\t\t\t\t\t<\/div>\n\t\t<\/div>\n\t\t\t\t<div class=\"has_ae_slider elementor-column elementor-col-50 elementor-top-column elementor-element elementor-element-3d7d6d1 ae-bg-gallery-type-default\" data-id=\"3d7d6d1\" data-element_type=\"column\" data-e-type=\"column\">\n\t\t\t<div class=\"elementor-widget-wrap elementor-element-populated\">\n\t\t\t\t\t\t<div class=\"elementor-element elementor-element-1517b5e elementor-widget elementor-widget-image\" data-id=\"1517b5e\" data-element_type=\"widget\" data-e-type=\"widget\" data-widget_type=\"image.default\">\n\t\t\t\t<div class=\"elementor-widget-container\">\n\t\t\t\t\t\t\t\t\t\t\t\t\t\t\t<img fetchpriority=\"high\" decoding=\"async\" width=\"612\" height=\"408\" src=\"https:\/\/www.solar-model.com\/wp-content\/uploads\/2023\/05\/paneles.jpg\" class=\"attachment-large size-large wp-image-465\" alt=\"\" srcset=\"https:\/\/www.solar-model.com\/wp-content\/uploads\/2023\/05\/paneles.jpg 612w, https:\/\/www.solar-model.com\/wp-content\/uploads\/2023\/05\/paneles-300x200.jpg 300w, https:\/\/www.solar-model.com\/wp-content\/uploads\/2023\/05\/paneles-18x12.jpg 18w\" sizes=\"(max-width: 612px) 100vw, 612px\" \/>\t\t\t\t\t\t\t\t\t\t\t\t\t\t\t<\/div>\n\t\t\t\t<\/div>\n\t\t\t\t\t<\/div>\n\t\t<\/div>\n\t\t\t\t\t<\/div>\n\t\t<\/section>\n\t\t\t\t<section class=\"has_ae_slider elementor-section elementor-top-section elementor-element elementor-element-b6e5376 elementor-section-boxed elementor-section-height-default elementor-section-height-default ae-bg-gallery-type-default\" data-id=\"b6e5376\" data-element_type=\"section\" data-e-type=\"section\">\n\t\t\t\t\t\t<div class=\"elementor-container elementor-column-gap-default\">\n\t\t\t\t\t<div class=\"has_ae_slider elementor-column elementor-col-100 elementor-top-column elementor-element elementor-element-ba44bb0 ae-bg-gallery-type-default\" data-id=\"ba44bb0\" data-element_type=\"column\" data-e-type=\"column\">\n\t\t\t<div class=\"elementor-widget-wrap elementor-element-populated\">\n\t\t\t\t\t\t<div class=\"elementor-element elementor-element-9279c16 elementor-widget elementor-widget-heading\" data-id=\"9279c16\" data-element_type=\"widget\" data-e-type=\"widget\" data-widget_type=\"heading.default\">\n\t\t\t\t<div class=\"elementor-widget-container\">\n\t\t\t\t\t<h2 class=\"elementor-heading-title elementor-size-default\">Que proposons-nous ?<\/h2>\t\t\t\t<\/div>\n\t\t\t\t<\/div>\n\t\t\t\t<div class=\"elementor-element elementor-element-d69f714 elementor-widget elementor-widget-text-editor\" data-id=\"d69f714\" data-element_type=\"widget\" data-e-type=\"widget\" data-widget_type=\"text-editor.default\">\n\t\t\t\t<div class=\"elementor-widget-container\">\n\t\t\t\t\t\t\t\t\t<p style=\"font-size: 16px; font-style: normal; font-weight: 400;\">Nos valeurs fondamentales sont la durabilit\u00e9, le confort, la commodit\u00e9 et une coop\u00e9ration fiable. Pour nos clients, la coop\u00e9ration avec l'entreprise est synonyme d'\u00e9conomies en termes de co\u00fbts de propri\u00e9t\u00e9 et d'exploitation, et d'ind\u00e9pendance par rapport \u00e0 l'approvisionnement en \u00e9lectricit\u00e9 et en gaz.<\/p><p style=\"font-size: 16px; font-style: normal; font-weight: 400;\">Les avantages que vous pouvez tirer de votre collaboration avec nous :<\/p><ul style=\"font-size: 16px; font-style: normal; font-weight: 400;\"><li style=\"font-size: 16px;\">Consultation gratuite avec nos experts sur le choix de l'\u00e9quipement, le projet individuel, l'installation.<\/li><li style=\"font-size: 16px;\">Visite gratuite de sp\u00e9cialistes pour prendre des mesures, pr\u00e9parer des projets individuels et des devis - ne payer qu'apr\u00e8s avoir accept\u00e9 le devis et sign\u00e9 le contrat.<\/li><li style=\"font-size: 16px;\">S\u00e9lection du plan d'installation de panneaux solaires optimal pour votre budget et vos besoins, assistance compl\u00e8te \u00e0 toutes les \u00e9tapes : de la consultation \u00e0 l'installation.<\/li><li style=\"font-size: 16px;\">Qualit\u00e9 et fiabilit\u00e9 garanties de nos installations : la garantie sur l'installation est de 1 an, sur l'\u00e9quipement - jusqu'\u00e0 12 ans, en fonction de la marque choisie. D\u00e9lais les plus courts : installation cl\u00e9 en main de panneaux solaires en 2 jours !<\/li><li style=\"font-size: 16px;\">Possibilit\u00e9 d'obtenir une subvention de l'\u00c9tat pour l'installation et l'utilisation de l'\u00e9nergie solaire. Nous effectuons l'ensemble de la proc\u00e9dure pour obtenir une compensation des co\u00fbts de la part de l'\u00c9tat.<\/li><li style=\"font-size: 16px;\">Service post-garantie.<\/li><\/ul>\t\t\t\t\t\t\t\t<\/div>\n\t\t\t\t<\/div>\n\t\t\t\t\t<\/div>\n\t\t<\/div>\n\t\t\t\t\t<\/div>\n\t\t<\/section>\n\t\t\t\t<section class=\"has_ae_slider elementor-section elementor-top-section elementor-element elementor-element-16d7a77 elementor-section-boxed elementor-section-height-default elementor-section-height-default ae-bg-gallery-type-default\" data-id=\"16d7a77\" data-element_type=\"section\" data-e-type=\"section\">\n\t\t\t\t\t\t<div class=\"elementor-container elementor-column-gap-default\">\n\t\t\t\t\t<div class=\"has_ae_slider elementor-column elementor-col-100 elementor-top-column elementor-element elementor-element-5ed7cb3 ae-bg-gallery-type-default\" data-id=\"5ed7cb3\" data-element_type=\"column\" data-e-type=\"column\">\n\t\t\t<div class=\"elementor-widget-wrap elementor-element-populated\">\n\t\t\t\t\t\t<div class=\"elementor-element elementor-element-6763450 elementor-widget elementor-widget-heading\" data-id=\"6763450\" data-element_type=\"widget\" data-e-type=\"widget\" data-widget_type=\"heading.default\">\n\t\t\t\t<div class=\"elementor-widget-container\">\n\t\t\t\t\t<h2 class=\"elementor-heading-title elementor-size-default\">Processus de recrutement<\/h2>\t\t\t\t<\/div>\n\t\t\t\t<\/div>\n\t\t\t\t<div class=\"elementor-element elementor-element-6776f20 elementor-widget elementor-widget-text-editor\" data-id=\"6776f20\" data-element_type=\"widget\" data-e-type=\"widget\" data-widget_type=\"text-editor.default\">\n\t\t\t\t<div class=\"elementor-widget-container\">\n\t\t\t\t\t\t\t\t\t<ol>\n<li>Le client demande une proposition de projet solaire.<\/li>\n<li>Un de nos repr\u00e9sentants commerciaux prendra contact avec le client, r\u00e9pondra \u00e0 ses questions et fixera une date de mesure.<\/li>\n<li>Nos experts se rendent au bon endroit pour effectuer les mesures.<\/li>\n<li>Apr\u00e8s avoir pris les mesures, nous \u00e9tablissons un devis et une offre commerciale adapt\u00e9s aux besoins du client.<\/li>\n<li>Le client accepte le devis propos\u00e9.<\/li>\n<li>Signature du contrat et paiement.<\/li><li>En moins de 10 jours, vous pourrez b\u00e9n\u00e9ficier de l'\u00e9nergie solaire.<\/li><\/ol>\t\t\t\t\t\t\t\t<\/div>\n\t\t\t\t<\/div>\n\t\t\t\t<div class=\"elementor-element elementor-element-13c055c elementor-align-center elementor-widget elementor-widget-button\" data-id=\"13c055c\" data-element_type=\"widget\" data-e-type=\"widget\" data-widget_type=\"button.default\">\n\t\t\t\t<div class=\"elementor-widget-container\">\n\t\t\t\t\t\t\t\t\t<div class=\"elementor-button-wrapper\">\n\t\t\t\t\t<a class=\"elementor-button elementor-button-link elementor-size-lg\" href=\"https:\/\/www.solar-model.com\/fr\/budget\/\" target=\"_blank\">\n\t\t\t\t\t\t<span class=\"elementor-button-content-wrapper\">\n\t\t\t\t\t\t<span class=\"elementor-button-icon\">\n\t\t\t\t<i aria-hidden=\"true\" class=\"far fa-comment\"><\/i>\t\t\t<\/span>\n\t\t\t\t\t\t\t\t\t<span class=\"elementor-button-text\">Demander une \u00e9tude sans engagement<\/span>\n\t\t\t\t\t<\/span>\n\t\t\t\t\t<\/a>\n\t\t\t\t<\/div>\n\t\t\t\t\t\t\t\t<\/div>\n\t\t\t\t<\/div>\n\t\t\t\t\t<\/div>\n\t\t<\/div>\n\t\t\t\t\t<\/div>\n\t\t<\/section>\n\t\t\t\t<section class=\"has_ae_slider elementor-section elementor-top-section elementor-element elementor-element-2108137 elementor-section-boxed elementor-section-height-default elementor-section-height-default ae-bg-gallery-type-default\" data-id=\"2108137\" data-element_type=\"section\" data-e-type=\"section\">\n\t\t\t\t\t\t<div class=\"elementor-container elementor-column-gap-default\">\n\t\t\t\t\t<div class=\"has_ae_slider elementor-column elementor-col-100 elementor-top-column elementor-element elementor-element-e86df83 ae-bg-gallery-type-default\" data-id=\"e86df83\" data-element_type=\"column\" data-e-type=\"column\">\n\t\t\t<div class=\"elementor-widget-wrap elementor-element-populated\">\n\t\t\t\t\t\t<div class=\"elementor-element elementor-element-8989581 elementor-widget elementor-widget-heading\" data-id=\"8989581\" data-element_type=\"widget\" data-e-type=\"widget\" data-widget_type=\"heading.default\">\n\t\t\t\t<div class=\"elementor-widget-container\">\n\t\t\t\t\t<h2 class=\"elementor-heading-title elementor-size-default\">O\u00f9 nous sommes<\/h2>\t\t\t\t<\/div>\n\t\t\t\t<\/div>\n\t\t\t\t\t<\/div>\n\t\t<\/div>\n\t\t\t\t\t<\/div>\n\t\t<\/section>\n\t\t\t\t<section class=\"has_ae_slider elementor-section elementor-top-section elementor-element elementor-element-3820313 elementor-section-boxed elementor-section-height-default elementor-section-height-default ae-bg-gallery-type-default\" data-id=\"3820313\" data-element_type=\"section\" data-e-type=\"section\">\n\t\t\t\t\t\t<div class=\"elementor-container elementor-column-gap-default\">\n\t\t\t\t\t<div class=\"has_ae_slider elementor-column elementor-col-100 elementor-top-column elementor-element elementor-element-4f6227a ae-bg-gallery-type-default\" data-id=\"4f6227a\" data-element_type=\"column\" data-e-type=\"column\">\n\t\t\t<div class=\"elementor-widget-wrap elementor-element-populated\">\n\t\t\t\t\t\t<div class=\"elementor-element elementor-element-ce762f3 elementor-widget elementor-widget-text-editor\" data-id=\"ce762f3\" data-element_type=\"widget\" data-e-type=\"widget\" data-widget_type=\"text-editor.default\">\n\t\t\t\t<div class=\"elementor-widget-container\">\n\t\t\t\t\t\t\t\t\t<p style=\"font-size: 16px; font-style: normal; font-weight: 400;\">Nos bureaux sont situ\u00e9s \u00e0 c\u00f4t\u00e9 de nos entrep\u00f4ts de mat\u00e9riel pour installations photovolta\u00efques dans le Pol\u00edgono Casagrande \u00e0 Torrevieja, dans la province d'Alicante.<\/p><p style=\"font-size: 16px; font-style: normal; font-weight: 400;\">Il est facilement accessible depuis les deux principales voies d'acc\u00e8s \u00e0 la ville. Soit par la route de Cartagena (N-332), soit par la route de Crevillente (CV-905).<\/p>\t\t\t\t\t\t\t\t<\/div>\n\t\t\t\t<\/div>\n\t\t\t\t\t<\/div>\n\t\t<\/div>\n\t\t\t\t\t<\/div>\n\t\t<\/section>\n\t\t\t\t<section class=\"has_ae_slider elementor-section elementor-top-section elementor-element elementor-element-e88b66b elementor-section-boxed elementor-section-height-default elementor-section-height-default ae-bg-gallery-type-default\" data-id=\"e88b66b\" data-element_type=\"section\" data-e-type=\"section\">\n\t\t\t\t\t\t<div class=\"elementor-container elementor-column-gap-default\">\n\t\t\t\t\t<div class=\"has_ae_slider elementor-column elementor-col-100 elementor-top-column elementor-element elementor-element-061ac3e ae-bg-gallery-type-default\" data-id=\"061ac3e\" data-element_type=\"column\" data-e-type=\"column\">\n\t\t\t<div class=\"elementor-widget-wrap elementor-element-populated\">\n\t\t\t\t\t\t<div class=\"elementor-element elementor-element-8a5b61d elementor-widget elementor-widget-google_maps\" data-id=\"8a5b61d\" data-element_type=\"widget\" data-e-type=\"widget\" data-widget_type=\"google_maps.default\">\n\t\t\t\t<div class=\"elementor-widget-container\">\n\t\t\t\t\t\t\t<div class=\"elementor-custom-embed\">\n\t\t\t<iframe loading=\"lazy\"\n\t\t\t\t\tsrc=\"https:\/\/maps.google.com\/maps?q=Solar%20Model%2C%20Calle%20Acacio%20Rebagliato%20Pamies%2035%2C%2003183%20Torrevieja&#038;t=m&#038;z=16&#038;output=embed&#038;iwloc=near\"\n\t\t\t\t\ttitle=\"Terrain \u00e0 b\u00e2tir Mod\u00e8le, Calle Acacio Rebagliato Pamies 35, 03183 Torrevieja\"\n\t\t\t\t\taria-label=\"Terrain \u00e0 b\u00e2tir Mod\u00e8le, Calle Acacio Rebagliato Pamies 35, 03183 Torrevieja\"\n\t\t\t><\/iframe>\n\t\t<\/div>\n\t\t\t\t\t\t<\/div>\n\t\t\t\t<\/div>\n\t\t\t\t\t<\/div>\n\t\t<\/div>\n\t\t\t\t\t<\/div>\n\t\t<\/section>\n\t\t\t\t<\/div>","protected":false},"excerpt":{"rendered":"<p>Solar Model La tranquilidad de trabajar con una empresa l\u00edder del sector Solar Model es una empresa especializada en la comercializaci\u00f3n de sistemas fotovoltaicas e instalaci\u00f3n de sistemas solares con m\u00e1s de 10 a\u00f1os de experiencia, l\u00edder en el mercado con materiales de primera calidad de propia importaci\u00f3n. Disponemos de un equipo de profesionales, desde [&hellip;]<\/p>\n","protected":false},"author":1,"featured_media":0,"parent":0,"menu_order":0,"comment_status":"closed","ping_status":"closed","template":"","meta":{"site-sidebar-layout":"no-sidebar","site-content-layout":"page-builder","ast-site-content-layout":"full-width-container","site-content-style":"default","site-sidebar-style":"default","ast-global-header-display":"","ast-banner-title-visibility":"","ast-main-header-display":"","ast-hfb-above-header-display":"","ast-hfb-below-header-display":"","ast-hfb-mobile-header-display":"","site-post-title":"disabled","ast-breadcrumbs-content":"","ast-featured-img":"disabled","footer-sml-layout":"","ast-disable-related-posts":"","theme-transparent-header-meta":"","adv-header-id-meta":"","stick-header-meta":"","header-above-stick-meta":"","header-main-stick-meta":"","header-below-stick-meta":"","astra-migrate-meta-layouts":"default","ast-page-background-enabled":"default","ast-page-background-meta":{"desktop":{"background-color":"","background-image":"","background-repeat":"repeat","background-position":"center center","background-size":"auto","background-attachment":"scroll","background-type":"","background-media":"","overlay-type":"","overlay-color":"","overlay-opacity":"","overlay-gradient":""},"tablet":{"background-color":"","background-image":"","background-repeat":"repeat","background-position":"center center","background-size":"auto","background-attachment":"scroll","background-type":"","background-media":"","overlay-type":"","overlay-color":"","overlay-opacity":"","overlay-gradient":""},"mobile":{"background-color":"","background-image":"","background-repeat":"repeat","background-position":"center center","background-size":"auto","background-attachment":"scroll","background-type":"","background-media":"","overlay-type":"","overlay-color":"","overlay-opacity":"","overlay-gradient":""}},"ast-content-background-meta":{"desktop":{"background-color":"var(--ast-global-color-5)","background-image":"","background-repeat":"repeat","background-position":"center center","background-size":"auto","background-attachment":"scroll","background-type":"","background-media":"","overlay-type":"","overlay-color":"","overlay-opacity":"","overlay-gradient":""},"tablet":{"background-color":"var(--ast-global-color-5)","background-image":"","background-repeat":"repeat","background-position":"center center","background-size":"auto","background-attachment":"scroll","background-type":"","background-media":"","overlay-type":"","overlay-color":"","overlay-opacity":"","overlay-gradient":""},"mobile":{"background-color":"var(--ast-global-color-5)","background-image":"","background-repeat":"repeat","background-position":"center center","background-size":"auto","background-attachment":"scroll","background-type":"","background-media":"","overlay-type":"","overlay-color":"","overlay-opacity":"","overlay-gradient":""}},"_joinchat":[],"footnotes":""},"class_list":["post-738","page","type-page","status-publish","hentry"],"_links":{"self":[{"href":"https:\/\/www.solar-model.com\/fr\/wp-json\/wp\/v2\/pages\/738","targetHints":{"allow":["GET"]}}],"collection":[{"href":"https:\/\/www.solar-model.com\/fr\/wp-json\/wp\/v2\/pages"}],"about":[{"href":"https:\/\/www.solar-model.com\/fr\/wp-json\/wp\/v2\/types\/page"}],"author":[{"embeddable":true,"href":"https:\/\/www.solar-model.com\/fr\/wp-json\/wp\/v2\/users\/1"}],"replies":[{"embeddable":true,"href":"https:\/\/www.solar-model.com\/fr\/wp-json\/wp\/v2\/comments?post=738"}],"version-history":[{"count":129,"href":"https:\/\/www.solar-model.com\/fr\/wp-json\/wp\/v2\/pages\/738\/revisions"}],"predecessor-version":[{"id":1522,"href":"https:\/\/www.solar-model.com\/fr\/wp-json\/wp\/v2\/pages\/738\/revisions\/1522"}],"wp:attachment":[{"href":"https:\/\/www.solar-model.com\/fr\/wp-json\/wp\/v2\/media?parent=738"}],"curies":[{"name":"wp","href":"https:\/\/api.w.org\/{rel}","templated":true}]}}