{"id":845,"date":"2023-11-06T19:01:39","date_gmt":"2023-11-06T17:01:39","guid":{"rendered":"https:\/\/solar-model.com\/?page_id=845"},"modified":"2024-01-24T14:17:01","modified_gmt":"2024-01-24T12:17:01","slug":"energia-solar","status":"publish","type":"page","link":"https:\/\/www.solar-model.com\/fr\/lenergie-solaire\/","title":{"rendered":"\u00c9nergie solaire"},"content":{"rendered":"<div data-elementor-type=\"wp-page\" data-elementor-id=\"845\" class=\"elementor elementor-845\" data-elementor-post-type=\"page\">\n\t\t\t\t\t\t<section class=\"has_ae_slider elementor-section elementor-top-section elementor-element elementor-element-cdbc706 elementor-section-boxed elementor-section-height-default elementor-section-height-default ae-bg-gallery-type-default\" data-id=\"cdbc706\" data-element_type=\"section\" data-e-type=\"section\">\n\t\t\t\t\t\t<div class=\"elementor-container elementor-column-gap-default\">\n\t\t\t\t\t<div class=\"has_ae_slider elementor-column elementor-col-100 elementor-top-column elementor-element elementor-element-72f97a0 ae-bg-gallery-type-default\" data-id=\"72f97a0\" data-element_type=\"column\" data-e-type=\"column\">\n\t\t\t<div class=\"elementor-widget-wrap elementor-element-populated\">\n\t\t\t\t\t\t<div class=\"elementor-element elementor-element-d508ef7 elementor-widget elementor-widget-heading\" data-id=\"d508ef7\" data-element_type=\"widget\" data-e-type=\"widget\" data-widget_type=\"heading.default\">\n\t\t\t\t<div class=\"elementor-widget-container\">\n\t\t\t\t\t<h2 class=\"elementor-heading-title elementor-size-default\">Qu'est-ce que c'est et comment cela fonctionne-t-il ?<\/h2>\t\t\t\t<\/div>\n\t\t\t\t<\/div>\n\t\t\t\t\t<\/div>\n\t\t<\/div>\n\t\t\t\t\t<\/div>\n\t\t<\/section>\n\t\t\t\t<section class=\"has_ae_slider elementor-section elementor-top-section elementor-element elementor-element-65af69f elementor-section-boxed elementor-section-height-default elementor-section-height-default ae-bg-gallery-type-default\" data-id=\"65af69f\" data-element_type=\"section\" data-e-type=\"section\">\n\t\t\t\t\t\t<div class=\"elementor-container elementor-column-gap-default\">\n\t\t\t\t\t<div class=\"has_ae_slider elementor-column elementor-col-100 elementor-top-column elementor-element elementor-element-6a928b3 ae-bg-gallery-type-default\" data-id=\"6a928b3\" data-element_type=\"column\" data-e-type=\"column\">\n\t\t\t<div class=\"elementor-widget-wrap elementor-element-populated\">\n\t\t\t\t\t\t<div class=\"elementor-element elementor-element-7b82a8b elementor-widget elementor-widget-text-editor\" data-id=\"7b82a8b\" data-element_type=\"widget\" data-e-type=\"widget\" data-widget_type=\"text-editor.default\">\n\t\t\t\t<div class=\"elementor-widget-container\">\n\t\t\t\t\t\t\t\t\t<p>L'\u00e9nergie solaire est l'une des meilleures solutions pour \u00e9conomiser l'\u00e9nergie.<\/p><p><span style=\"font-style: inherit; font-weight: inherit; background-color: var(--ast-global-color-5); color: var(--ast-global-color-3);\">Un syst\u00e8me solaire d'autoconsommation se compose essentiellement de panneaux solaires, d'un onduleur et \u00e9ventuellement de batteries pour stocker l'\u00e9nergie suppl\u00e9mentaire g\u00e9n\u00e9r\u00e9e par le syst\u00e8me solaire.<\/span><\/p><p>Un syst\u00e8me d'\u00e9nergie solaire fonctionne comme suit :<\/p><ol><li><strong>Panneaux solaires<\/strong>Les panneaux solaires convertissent la lumi\u00e8re du soleil en \u00e9lectricit\u00e9 gr\u00e2ce \u00e0 des cellules photovolta\u00efques. Ces panneaux sont install\u00e9s sur le toit ou dans des endroits ouverts o\u00f9 ils peuvent recevoir le plus de lumi\u00e8re possible.<\/li><li><strong>Investisseur<\/strong>L'\u00e9lectricit\u00e9 produite par les panneaux solaires est sous forme de courant continu (CC), mais nos maisons et nos appareils \u00e9lectroniques ont besoin de courant alternatif (CA) pour fonctionner. L'onduleur convertit le courant continu des panneaux en courant alternatif utilisable.<\/li><li><strong>Autoconsommation<\/strong>L'\u00e9lectricit\u00e9 produite par les panneaux solaires est consomm\u00e9e directement dans la maison pour alimenter les appareils m\u00e9nagers et \u00e9lectroniques. Cela permet de r\u00e9duire la d\u00e9pendance vis-\u00e0-vis du r\u00e9seau et d'\u00e9conomiser sur les factures d'\u00e9lectricit\u00e9.<\/li><li><strong>Compteur bidirectionnel<\/strong>Un compteur bidirectionnel enregistre la quantit\u00e9 d'\u00e9lectricit\u00e9 consomm\u00e9e et la quantit\u00e9 d'\u00e9lectricit\u00e9 produite par le syst\u00e8me solaire. Si le syst\u00e8me solaire produit plus d'\u00e9lectricit\u00e9 qu'il n'en consomme, l'\u00e9lectricit\u00e9 exc\u00e9dentaire est envoy\u00e9e au r\u00e9seau et enregistr\u00e9e comme cr\u00e9dit d'\u00e9nergie.<\/li><li><strong>Piles<\/strong>Les batteries d'autoconsommation des syst\u00e8mes solaires permettent de stocker l'\u00e9lectricit\u00e9 exc\u00e9dentaire produite pendant la journ\u00e9e pour l'utiliser pendant la nuit ou lorsque la production solaire est faible. Ces batteries sont charg\u00e9es lorsque le syst\u00e8me solaire produit plus d'\u00e9lectricit\u00e9 qu'il n'en consomme et d\u00e9charg\u00e9es lorsque l'on a besoin d'\u00e9lectricit\u00e9 suppl\u00e9mentaire.<\/li><li><strong>Raccordement au r\u00e9seau<\/strong>Si le syst\u00e8me solaire ne produit pas suffisamment d'\u00e9lectricit\u00e9 pour r\u00e9pondre \u00e0 la demande du m\u00e9nage (par exemple, les jours nuageux ou pendant les p\u00e9riodes de forte demande), le m\u00e9nage peut tirer de l'\u00e9lectricit\u00e9 du r\u00e9seau. Si le syst\u00e8me solaire produit plus d'\u00e9lectricit\u00e9 qu'il n'en consomme, l'\u00e9lectricit\u00e9 exc\u00e9dentaire est renvoy\u00e9e au r\u00e9seau et enregistr\u00e9e comme cr\u00e9dit d'\u00e9nergie.<\/li><\/ol><p>En bref, un syst\u00e8me solaire d'autoconsommation avec batteries permet d'exploiter l'\u00e9nergie solaire pour alimenter la maison et de stocker l'\u00e9lectricit\u00e9 exc\u00e9dentaire produite pour une utilisation ult\u00e9rieure. Cela permet de r\u00e9duire la d\u00e9pendance au r\u00e9seau et d'\u00e9conomiser sur les factures d'\u00e9lectricit\u00e9, tout en r\u00e9duisant l'empreinte carbone.<\/p>\t\t\t\t\t\t\t\t<\/div>\n\t\t\t\t<\/div>\n\t\t\t\t<div class=\"elementor-element elementor-element-c71a6be elementor-widget elementor-widget-image\" data-id=\"c71a6be\" data-element_type=\"widget\" data-e-type=\"widget\" data-widget_type=\"image.default\">\n\t\t\t\t<div class=\"elementor-widget-container\">\n\t\t\t\t\t\t\t\t\t\t\t\t\t\t\t<img fetchpriority=\"high\" decoding=\"async\" width=\"1024\" height=\"507\" src=\"https:\/\/www.solar-model.com\/wp-content\/uploads\/2023\/11\/Sistema-solar-autoconsumo-con-bateria-1-1024x507.jpg\" class=\"attachment-large size-large wp-image-861\" alt=\"\" srcset=\"https:\/\/www.solar-model.com\/wp-content\/uploads\/2023\/11\/Sistema-solar-autoconsumo-con-bateria-1-1024x507.jpg 1024w, https:\/\/www.solar-model.com\/wp-content\/uploads\/2023\/11\/Sistema-solar-autoconsumo-con-bateria-1-300x148.jpg 300w, https:\/\/www.solar-model.com\/wp-content\/uploads\/2023\/11\/Sistema-solar-autoconsumo-con-bateria-1-768x380.jpg 768w, https:\/\/www.solar-model.com\/wp-content\/uploads\/2023\/11\/Sistema-solar-autoconsumo-con-bateria-1-18x9.jpg 18w, https:\/\/www.solar-model.com\/wp-content\/uploads\/2023\/11\/Sistema-solar-autoconsumo-con-bateria-1.jpg 1283w\" sizes=\"(max-width: 1024px) 100vw, 1024px\" \/>\t\t\t\t\t\t\t\t\t\t\t\t\t\t\t<\/div>\n\t\t\t\t<\/div>\n\t\t\t\t\t<\/div>\n\t\t<\/div>\n\t\t\t\t\t<\/div>\n\t\t<\/section>\n\t\t\t\t<section class=\"has_ae_slider elementor-section elementor-top-section elementor-element elementor-element-622a58f elementor-section-boxed elementor-section-height-default elementor-section-height-default ae-bg-gallery-type-default\" data-id=\"622a58f\" data-element_type=\"section\" data-e-type=\"section\">\n\t\t\t\t\t\t<div class=\"elementor-container elementor-column-gap-default\">\n\t\t\t\t\t<div class=\"has_ae_slider elementor-column elementor-col-100 elementor-top-column elementor-element elementor-element-c8cd452 ae-bg-gallery-type-default\" data-id=\"c8cd452\" data-element_type=\"column\" data-e-type=\"column\">\n\t\t\t<div class=\"elementor-widget-wrap elementor-element-populated\">\n\t\t\t\t\t\t<div class=\"elementor-element elementor-element-88bef37 elementor-widget elementor-widget-text-editor\" data-id=\"88bef37\" data-element_type=\"widget\" data-e-type=\"widget\" data-widget_type=\"text-editor.default\">\n\t\t\t\t<div class=\"elementor-widget-container\">\n\t\t\t\t\t\t\t\t\t<p style=\"font-size: 16px; font-style: normal; font-weight: 400;\">Utilisez l'\u00e9nergie solaire pour \u00eatre plus libre et \u00e9conomiser de l'argent. Rendez votre maison propre et ind\u00e9pendante. Installez un syst\u00e8me solaire pour votre maison, votre villa, votre communaut\u00e9 ou votre entreprise !<\/p><p style=\"font-size: 16px; font-style: normal; font-weight: 400;\">L'installation de panneaux solaires est id\u00e9ale pour :<\/p><ul style=\"font-size: 16px; font-style: normal; font-weight: 400;\"><li style=\"font-size: 16px;\">Propri\u00e9taires de bungalows, de maisons et de villas. L'installation de panneaux solaires dans votre communaut\u00e9\/maison peut \u00eatre une bonne option pour vous et tous les r\u00e9sidents de la communaut\u00e9 qui souhaitent \u00e9conomiser sur leurs co\u00fbts \u00e9nerg\u00e9tiques et r\u00e9duire leur d\u00e9pendance \u00e0 l'\u00e9gard des fournisseurs d'\u00e9nergie commerciaux et des fluctuations des co\u00fbts de l'\u00e9nergie.<\/li><li style=\"font-size: 16px;\">Combien co\u00fbte le raccordement de panneaux solaires pour un particulier ou une entreprise ? Appelez-nous et nous vous informerons.<\/li><li style=\"font-size: 16px;\">Entrepreneurs. L'installation de panneaux solaires sur les toits des b\u00e2timents commerciaux (h\u00f4tels, restaurants, ateliers, exploitations agricoles, entrep\u00f4ts, etc.) augmentera consid\u00e9rablement les b\u00e9n\u00e9fices de votre entreprise en r\u00e9duisant vos co\u00fbts. Apr\u00e8s tout, les co\u00fbts \u00e9nerg\u00e9tiques dans certaines industries peuvent \u00eatre tr\u00e8s \u00e9lev\u00e9s, et l'utilisation de panneaux solaires \u00e0 moyen\/long terme r\u00e9duira vos factures d'\u00e9nergie jusqu'\u00e0 90%. Il ne faut pas non plus oublier les avantages de l'\"empreinte carbone\" pour une entreprise.<\/li><li style=\"font-size: 16px;\">Des investisseurs qui cr\u00e9ent des fermes solaires et qui ont \u00e0 c\u0153ur de maximiser leurs profits gr\u00e2ce \u00e0 l'\u00e9nergie solaire. Apr\u00e8s tout, une ferme solaire est votre source de profit. Nous vous expliquons comment installer des centrales solaires cl\u00e9s en main (fermes solaires) et commencer \u00e0 gagner de l'argent. Il vous suffit de remplir le formulaire et notre responsable vous contactera.<\/li><li style=\"font-size: 16px;\">Ceux qui pensent \u00e0 l'avenir de la plan\u00e8te et veulent faire quelque chose de bien pour l'environnement. L'installation de panneaux solaires cl\u00e9s en main par notre entreprise est une contribution \u00e0 l'environnement et \u00e0 la r\u00e9duction des \u00e9missions de dioxyde de carbone dans l'atmosph\u00e8re.<\/li><\/ul>\t\t\t\t\t\t\t\t<\/div>\n\t\t\t\t<\/div>\n\t\t\t\t\t<\/div>\n\t\t<\/div>\n\t\t\t\t\t<\/div>\n\t\t<\/section>\n\t\t\t\t<section class=\"has_ae_slider elementor-section elementor-top-section elementor-element elementor-element-b9ab1ca elementor-section-boxed elementor-section-height-default elementor-section-height-default ae-bg-gallery-type-default\" data-id=\"b9ab1ca\" data-element_type=\"section\" data-e-type=\"section\">\n\t\t\t\t\t\t<div class=\"elementor-container elementor-column-gap-default\">\n\t\t\t\t\t<div class=\"has_ae_slider elementor-column elementor-col-100 elementor-top-column elementor-element elementor-element-2e82e94 ae-bg-gallery-type-default\" data-id=\"2e82e94\" data-element_type=\"column\" data-e-type=\"column\">\n\t\t\t<div class=\"elementor-widget-wrap elementor-element-populated\">\n\t\t\t\t\t\t<div class=\"elementor-element elementor-element-ce9e0f7 elementor-align-center elementor-widget elementor-widget-button\" data-id=\"ce9e0f7\" data-element_type=\"widget\" data-e-type=\"widget\" data-widget_type=\"button.default\">\n\t\t\t\t<div class=\"elementor-widget-container\">\n\t\t\t\t\t\t\t\t\t<div class=\"elementor-button-wrapper\">\n\t\t\t\t\t<a class=\"elementor-button elementor-button-link elementor-size-sm\" href=\"https:\/\/www.solar-model.com\/fr\/budget\/\">\n\t\t\t\t\t\t<span class=\"elementor-button-content-wrapper\">\n\t\t\t\t\t\t<span class=\"elementor-button-icon\">\n\t\t\t\t<i aria-hidden=\"true\" class=\"far fa-comment\"><\/i>\t\t\t<\/span>\n\t\t\t\t\t\t\t\t\t<span class=\"elementor-button-text\">demander un devis gratuit<\/span>\n\t\t\t\t\t<\/span>\n\t\t\t\t\t<\/a>\n\t\t\t\t<\/div>\n\t\t\t\t\t\t\t\t<\/div>\n\t\t\t\t<\/div>\n\t\t\t\t\t<\/div>\n\t\t<\/div>\n\t\t\t\t\t<\/div>\n\t\t<\/section>\n\t\t\t\t<\/div>","protected":false},"excerpt":{"rendered":"<p>\u00bfQu\u00e9 es y como funciona? La energ\u00eda solar es una de las mejores alternativas para ahorrar energ\u00eda. Un sistema solar de autoconsumo solar consiste b\u00e1sicamente de paneles solares, un inversor y opcionalmente bater\u00edas para almacenar energ\u00eda adicional generada por el sistema solar. Un sistema de energ\u00eda solar funciona de la siguiente forma: Paneles solares: Los [&hellip;]<\/p>\n","protected":false},"author":1,"featured_media":0,"parent":0,"menu_order":0,"comment_status":"closed","ping_status":"closed","template":"","meta":{"site-sidebar-layout":"default","site-content-layout":"","ast-site-content-layout":"default","site-content-style":"default","site-sidebar-style":"default","ast-global-header-display":"","ast-banner-title-visibility":"","ast-main-header-display":"","ast-hfb-above-header-display":"","ast-hfb-below-header-display":"","ast-hfb-mobile-header-display":"","site-post-title":"","ast-breadcrumbs-content":"","ast-featured-img":"","footer-sml-layout":"","ast-disable-related-posts":"","theme-transparent-header-meta":"","adv-header-id-meta":"","stick-header-meta":"","header-above-stick-meta":"","header-main-stick-meta":"","header-below-stick-meta":"","astra-migrate-meta-layouts":"default","ast-page-background-enabled":"default","ast-page-background-meta":{"desktop":{"background-color":"","background-image":"","background-repeat":"repeat","background-position":"center center","background-size":"auto","background-attachment":"scroll","background-type":"","background-media":"","overlay-type":"","overlay-color":"","overlay-opacity":"","overlay-gradient":""},"tablet":{"background-color":"","background-image":"","background-repeat":"repeat","background-position":"center center","background-size":"auto","background-attachment":"scroll","background-type":"","background-media":"","overlay-type":"","overlay-color":"","overlay-opacity":"","overlay-gradient":""},"mobile":{"background-color":"","background-image":"","background-repeat":"repeat","background-position":"center center","background-size":"auto","background-attachment":"scroll","background-type":"","background-media":"","overlay-type":"","overlay-color":"","overlay-opacity":"","overlay-gradient":""}},"ast-content-background-meta":{"desktop":{"background-color":"var(--ast-global-color-5)","background-image":"","background-repeat":"repeat","background-position":"center center","background-size":"auto","background-attachment":"scroll","background-type":"","background-media":"","overlay-type":"","overlay-color":"","overlay-opacity":"","overlay-gradient":""},"tablet":{"background-color":"var(--ast-global-color-5)","background-image":"","background-repeat":"repeat","background-position":"center center","background-size":"auto","background-attachment":"scroll","background-type":"","background-media":"","overlay-type":"","overlay-color":"","overlay-opacity":"","overlay-gradient":""},"mobile":{"background-color":"var(--ast-global-color-5)","background-image":"","background-repeat":"repeat","background-position":"center center","background-size":"auto","background-attachment":"scroll","background-type":"","background-media":"","overlay-type":"","overlay-color":"","overlay-opacity":"","overlay-gradient":""}},"_joinchat":[],"footnotes":""},"class_list":["post-845","page","type-page","status-publish","hentry"],"_links":{"self":[{"href":"https:\/\/www.solar-model.com\/fr\/wp-json\/wp\/v2\/pages\/845","targetHints":{"allow":["GET"]}}],"collection":[{"href":"https:\/\/www.solar-model.com\/fr\/wp-json\/wp\/v2\/pages"}],"about":[{"href":"https:\/\/www.solar-model.com\/fr\/wp-json\/wp\/v2\/types\/page"}],"author":[{"embeddable":true,"href":"https:\/\/www.solar-model.com\/fr\/wp-json\/wp\/v2\/users\/1"}],"replies":[{"embeddable":true,"href":"https:\/\/www.solar-model.com\/fr\/wp-json\/wp\/v2\/comments?post=845"}],"version-history":[{"count":30,"href":"https:\/\/www.solar-model.com\/fr\/wp-json\/wp\/v2\/pages\/845\/revisions"}],"predecessor-version":[{"id":1443,"href":"https:\/\/www.solar-model.com\/fr\/wp-json\/wp\/v2\/pages\/845\/revisions\/1443"}],"wp:attachment":[{"href":"https:\/\/www.solar-model.com\/fr\/wp-json\/wp\/v2\/media?parent=845"}],"curies":[{"name":"wp","href":"https:\/\/api.w.org\/{rel}","templated":true}]}}