{"id":956,"date":"2023-12-29T11:59:48","date_gmt":"2023-12-29T09:59:48","guid":{"rendered":"https:\/\/solar-model.com\/?page_id=956"},"modified":"2024-01-24T14:16:13","modified_gmt":"2024-01-24T12:16:13","slug":"autoconsumo-residencial","status":"publish","type":"page","link":"https:\/\/www.solar-model.com\/fr\/lautoconsommation-residentielle\/","title":{"rendered":"Autoconsommation r\u00e9sidentielle"},"content":{"rendered":"<div data-elementor-type=\"wp-page\" data-elementor-id=\"956\" class=\"elementor elementor-956\" data-elementor-post-type=\"page\">\n\t\t\t\t\t\t<section class=\"has_ae_slider elementor-section elementor-top-section elementor-element elementor-element-b4abeb7 elementor-section-boxed elementor-section-height-default elementor-section-height-default ae-bg-gallery-type-default\" data-id=\"b4abeb7\" data-element_type=\"section\" data-e-type=\"section\">\n\t\t\t\t\t\t<div class=\"elementor-container elementor-column-gap-default\">\n\t\t\t\t\t<div class=\"has_ae_slider elementor-column elementor-col-100 elementor-top-column elementor-element elementor-element-fdea704 ae-bg-gallery-type-default\" data-id=\"fdea704\" data-element_type=\"column\" data-e-type=\"column\">\n\t\t\t<div class=\"elementor-widget-wrap\">\n\t\t\t\t\t\t\t<\/div>\n\t\t<\/div>\n\t\t\t\t\t<\/div>\n\t\t<\/section>\n\t\t\t\t<section class=\"has_ae_slider elementor-section elementor-top-section elementor-element elementor-element-9e19359 elementor-section-boxed elementor-section-height-default elementor-section-height-default ae-bg-gallery-type-default\" data-id=\"9e19359\" data-element_type=\"section\" data-e-type=\"section\">\n\t\t\t\t\t\t<div class=\"elementor-container elementor-column-gap-default\">\n\t\t\t\t\t<div class=\"has_ae_slider elementor-column elementor-col-100 elementor-top-column elementor-element elementor-element-323ee09 ae-bg-gallery-type-default\" data-id=\"323ee09\" data-element_type=\"column\" data-e-type=\"column\">\n\t\t\t<div class=\"elementor-widget-wrap elementor-element-populated\">\n\t\t\t\t\t\t<div class=\"elementor-element elementor-element-7b34c82 elementor-widget elementor-widget-text-editor\" data-id=\"7b34c82\" data-element_type=\"widget\" data-e-type=\"widget\" data-widget_type=\"text-editor.default\">\n\t\t\t\t<div class=\"elementor-widget-container\">\n\t\t\t\t\t\t\t\t\t<p>L'autoconsommation solaire photovolta\u00efque r\u00e9sidentielle est une pratique de plus en plus r\u00e9pandue qui consiste \u00e0 produire et \u00e0 consommer de l'\u00e9lectricit\u00e9 \u00e0 domicile \u00e0 partir de sources renouvelables. Avec la prise de conscience croissante de l'importance de r\u00e9duire l'impact environnemental et les co\u00fbts \u00e9nerg\u00e9tiques, de plus en plus de personnes choisissent d'installer des syst\u00e8mes d'autoconsommation dans leurs maisons.<\/p><p>L'autoconsommation r\u00e9sidentielle repose sur l'installation de panneaux solaires photovolta\u00efques sur le toit de la maison, qui captent le rayonnement solaire et le convertissent en \u00e9lectricit\u00e9. L'\u00e9nergie produite est utilis\u00e9e pour alimenter les appareils m\u00e9nagers et les syst\u00e8mes d'\u00e9clairage, r\u00e9duisant ainsi la d\u00e9pendance \u00e0 l'\u00e9gard du r\u00e9seau \u00e9lectrique conventionnel.<\/p>\t\t\t\t\t\t\t\t<\/div>\n\t\t\t\t<\/div>\n\t\t\t\t<div class=\"elementor-element elementor-element-bf4828d elementor-widget elementor-widget-image\" data-id=\"bf4828d\" data-element_type=\"widget\" data-e-type=\"widget\" data-widget_type=\"image.default\">\n\t\t\t\t<div class=\"elementor-widget-container\">\n\t\t\t\t\t\t\t\t\t\t\t\t\t\t\t<img fetchpriority=\"high\" decoding=\"async\" width=\"1024\" height=\"576\" src=\"https:\/\/www.solar-model.com\/wp-content\/uploads\/2023\/12\/Autoconsumo-solar-residencial-1024x576.jpg\" class=\"attachment-large size-large wp-image-962\" alt=\"Autoconsommation solaire r\u00e9sidentielle Mod\u00e8le solaire\" srcset=\"https:\/\/www.solar-model.com\/wp-content\/uploads\/2023\/12\/Autoconsumo-solar-residencial-1024x576.jpg 1024w, https:\/\/www.solar-model.com\/wp-content\/uploads\/2023\/12\/Autoconsumo-solar-residencial-300x169.jpg 300w, https:\/\/www.solar-model.com\/wp-content\/uploads\/2023\/12\/Autoconsumo-solar-residencial-768x432.jpg 768w, https:\/\/www.solar-model.com\/wp-content\/uploads\/2023\/12\/Autoconsumo-solar-residencial-1536x864.jpg 1536w, https:\/\/www.solar-model.com\/wp-content\/uploads\/2023\/12\/Autoconsumo-solar-residencial-2048x1152.jpg 2048w, https:\/\/www.solar-model.com\/wp-content\/uploads\/2023\/12\/Autoconsumo-solar-residencial-18x10.jpg 18w\" sizes=\"(max-width: 1024px) 100vw, 1024px\" \/>\t\t\t\t\t\t\t\t\t\t\t\t\t\t\t<\/div>\n\t\t\t\t<\/div>\n\t\t\t\t<div class=\"elementor-element elementor-element-431b679 elementor-widget elementor-widget-text-editor\" data-id=\"431b679\" data-element_type=\"widget\" data-e-type=\"widget\" data-widget_type=\"text-editor.default\">\n\t\t\t\t<div class=\"elementor-widget-container\">\n\t\t\t\t\t\t\t\t\t<p><span style=\"background-color: var(--ast-global-color-4); color: var(--ast-global-color-3); font-style: inherit; font-weight: inherit;\">L'un des principaux avantages de l'autoconsommation r\u00e9sidentielle est la r\u00e9duction des factures d'\u00e9lectricit\u00e9. En produisant de l'\u00e9nergie propre et renouvelable, la n\u00e9cessit\u00e9 d'acheter de l'\u00e9lectricit\u00e9 au r\u00e9seau est r\u00e9duite, ce qui se traduit par des \u00e9conomies financi\u00e8res \u00e0 long terme. De plus, dans certains pays, il est possible de vendre le surplus d'\u00e9nergie produite au r\u00e9seau, ce qui procure un revenu suppl\u00e9mentaire.<\/span><br><\/p>\n<p><span style=\"font-style: inherit; font-weight: inherit; background-color: var(--ast-global-color-4); color: var(--ast-global-color-3);\">Un autre avantage important est la r\u00e9duction de l'impact sur l'environnement. En utilisant l'\u00e9nergie solaire, elle \u00e9vite l'\u00e9mission de gaz \u00e0 effet de serre et contribue \u00e0 la lutte contre le changement climatique. De plus, comme il s'agit d'une source d'\u00e9nergie in\u00e9puisable, elle ne s'\u00e9puise pas et ne g\u00e9n\u00e8re pas de d\u00e9chets polluants.<\/span><\/p>\n<p><span style=\"font-style: inherit; font-weight: inherit; background-color: var(--ast-global-color-4); color: var(--ast-global-color-3);\">En termes d'autonomie, l'autoconsommation r\u00e9sidentielle pr\u00e9sente \u00e9galement des avantages. En cas de black-out ou de panne de courant, les maisons \u00e9quip\u00e9es de syst\u00e8mes d'autoconsommation peuvent continuer \u00e0 avoir de l'\u00e9lectricit\u00e9, car elles sont connect\u00e9es au r\u00e9seau, mais disposent \u00e9galement d'un syst\u00e8me de stockage d'\u00e9nergie, comme des batteries, qui permettent d'utiliser l'\u00e9nergie solaire stock\u00e9e.<\/span><\/p>\n<p><span style=\"font-style: inherit; font-weight: inherit; background-color: var(--ast-global-color-4); color: var(--ast-global-color-3);\">Les syst\u00e8mes d'autoconsommation r\u00e9sidentiels sont \u00e9galement \u00e9volutifs, c'est-\u00e0-dire qu'ils peuvent \u00eatre \u00e9tendus en fonction des besoins \u00e9nerg\u00e9tiques de chaque famille. Si, \u00e0 l'avenir, il y a plus d'appareils \u00e9lectriques ou si vous voulez agrandir votre maison, vous pouvez simplement installer plus de panneaux solaires pour couvrir la nouvelle consommation.<\/span><\/p>\n<p><span style=\"font-style: inherit; font-weight: inherit; background-color: var(--ast-global-color-4); color: var(--ast-global-color-3);\">En r\u00e9sum\u00e9, l'autoconsommation r\u00e9sidentielle est une pratique de plus en plus populaire et accessible aux m\u00e9nages. Elle permet de r\u00e9duire la facture d'\u00e9lectricit\u00e9, de diminuer l'impact sur l'environnement et d'augmenter l'autonomie \u00e9nerg\u00e9tique. C'est une option durable, \u00e9conomiquement avantageuse et adaptable aux besoins de chaque famille.<\/span><\/p>\t\t\t\t\t\t\t\t<\/div>\n\t\t\t\t<\/div>\n\t\t\t\t\t<\/div>\n\t\t<\/div>\n\t\t\t\t\t<\/div>\n\t\t<\/section>\n\t\t\t\t<section class=\"has_ae_slider elementor-section elementor-top-section elementor-element elementor-element-fc607e2 elementor-section-boxed elementor-section-height-default elementor-section-height-default ae-bg-gallery-type-default\" data-id=\"fc607e2\" data-element_type=\"section\" data-e-type=\"section\">\n\t\t\t\t\t\t<div class=\"elementor-container elementor-column-gap-default\">\n\t\t\t\t\t<div class=\"has_ae_slider elementor-column elementor-col-100 elementor-top-column elementor-element elementor-element-3e6ca22 ae-bg-gallery-type-default\" data-id=\"3e6ca22\" data-element_type=\"column\" data-e-type=\"column\">\n\t\t\t<div class=\"elementor-widget-wrap elementor-element-populated\">\n\t\t\t\t\t\t<div class=\"elementor-element elementor-element-c87b484 elementor-align-center elementor-widget elementor-widget-button\" data-id=\"c87b484\" data-element_type=\"widget\" data-e-type=\"widget\" data-widget_type=\"button.default\">\n\t\t\t\t<div class=\"elementor-widget-container\">\n\t\t\t\t\t\t\t\t\t<div class=\"elementor-button-wrapper\">\n\t\t\t\t\t<a class=\"elementor-button elementor-button-link elementor-size-sm\" href=\"https:\/\/www.solar-model.com\/fr\/budget\/\">\n\t\t\t\t\t\t<span class=\"elementor-button-content-wrapper\">\n\t\t\t\t\t\t<span class=\"elementor-button-icon\">\n\t\t\t\t<i aria-hidden=\"true\" class=\"far fa-comment\"><\/i>\t\t\t<\/span>\n\t\t\t\t\t\t\t\t\t<span class=\"elementor-button-text\">Demande de devis gratuit<\/span>\n\t\t\t\t\t<\/span>\n\t\t\t\t\t<\/a>\n\t\t\t\t<\/div>\n\t\t\t\t\t\t\t\t<\/div>\n\t\t\t\t<\/div>\n\t\t\t\t\t<\/div>\n\t\t<\/div>\n\t\t\t\t\t<\/div>\n\t\t<\/section>\n\t\t\t\t<\/div>","protected":false},"excerpt":{"rendered":"<p>Autoconsumo solar residencial Reduce tu factura de luz hasta un 80% El autoconsumo solar fotovoltaico residencial es una pr\u00e1ctica en crecimiento que consiste en generar y consumir energ\u00eda el\u00e9ctrica en el hogar a partir de fuentes renovables. Con el aumento de conciencia sobre la importancia de reducir el impacto ambiental y los costos de energ\u00eda, [&hellip;]<\/p>\n","protected":false},"author":1,"featured_media":0,"parent":0,"menu_order":0,"comment_status":"closed","ping_status":"closed","template":"","meta":{"site-sidebar-layout":"no-sidebar","site-content-layout":"page-builder","ast-site-content-layout":"full-width-container","site-content-style":"default","site-sidebar-style":"default","ast-global-header-display":"","ast-banner-title-visibility":"","ast-main-header-display":"","ast-hfb-above-header-display":"","ast-hfb-below-header-display":"","ast-hfb-mobile-header-display":"","site-post-title":"disabled","ast-breadcrumbs-content":"","ast-featured-img":"disabled","footer-sml-layout":"","ast-disable-related-posts":"","theme-transparent-header-meta":"","adv-header-id-meta":"","stick-header-meta":"","header-above-stick-meta":"","header-main-stick-meta":"","header-below-stick-meta":"","astra-migrate-meta-layouts":"default","ast-page-background-enabled":"default","ast-page-background-meta":{"desktop":{"background-color":"","background-image":"","background-repeat":"repeat","background-position":"center center","background-size":"auto","background-attachment":"scroll","background-type":"","background-media":"","overlay-type":"","overlay-color":"","overlay-opacity":"","overlay-gradient":""},"tablet":{"background-color":"","background-image":"","background-repeat":"repeat","background-position":"center center","background-size":"auto","background-attachment":"scroll","background-type":"","background-media":"","overlay-type":"","overlay-color":"","overlay-opacity":"","overlay-gradient":""},"mobile":{"background-color":"","background-image":"","background-repeat":"repeat","background-position":"center center","background-size":"auto","background-attachment":"scroll","background-type":"","background-media":"","overlay-type":"","overlay-color":"","overlay-opacity":"","overlay-gradient":""}},"ast-content-background-meta":{"desktop":{"background-color":"var(--ast-global-color-5)","background-image":"","background-repeat":"repeat","background-position":"center center","background-size":"auto","background-attachment":"scroll","background-type":"","background-media":"","overlay-type":"","overlay-color":"","overlay-opacity":"","overlay-gradient":""},"tablet":{"background-color":"var(--ast-global-color-5)","background-image":"","background-repeat":"repeat","background-position":"center center","background-size":"auto","background-attachment":"scroll","background-type":"","background-media":"","overlay-type":"","overlay-color":"","overlay-opacity":"","overlay-gradient":""},"mobile":{"background-color":"var(--ast-global-color-5)","background-image":"","background-repeat":"repeat","background-position":"center center","background-size":"auto","background-attachment":"scroll","background-type":"","background-media":"","overlay-type":"","overlay-color":"","overlay-opacity":"","overlay-gradient":""}},"_joinchat":[],"footnotes":""},"class_list":["post-956","page","type-page","status-publish","hentry"],"_links":{"self":[{"href":"https:\/\/www.solar-model.com\/fr\/wp-json\/wp\/v2\/pages\/956","targetHints":{"allow":["GET"]}}],"collection":[{"href":"https:\/\/www.solar-model.com\/fr\/wp-json\/wp\/v2\/pages"}],"about":[{"href":"https:\/\/www.solar-model.com\/fr\/wp-json\/wp\/v2\/types\/page"}],"author":[{"embeddable":true,"href":"https:\/\/www.solar-model.com\/fr\/wp-json\/wp\/v2\/users\/1"}],"replies":[{"embeddable":true,"href":"https:\/\/www.solar-model.com\/fr\/wp-json\/wp\/v2\/comments?post=956"}],"version-history":[{"count":21,"href":"https:\/\/www.solar-model.com\/fr\/wp-json\/wp\/v2\/pages\/956\/revisions"}],"predecessor-version":[{"id":1440,"href":"https:\/\/www.solar-model.com\/fr\/wp-json\/wp\/v2\/pages\/956\/revisions\/1440"}],"wp:attachment":[{"href":"https:\/\/www.solar-model.com\/fr\/wp-json\/wp\/v2\/media?parent=956"}],"curies":[{"name":"wp","href":"https:\/\/api.w.org\/{rel}","templated":true}]}}