{"id":970,"date":"2023-12-29T13:16:12","date_gmt":"2023-12-29T11:16:12","guid":{"rendered":"https:\/\/solar-model.com\/?page_id=970"},"modified":"2024-01-24T14:15:51","modified_gmt":"2024-01-24T12:15:51","slug":"autoconsumo-industrial","status":"publish","type":"page","link":"https:\/\/www.solar-model.com\/fr\/lautoconsommation-industrielle\/","title":{"rendered":"Autoconsommation industrielle"},"content":{"rendered":"<div data-elementor-type=\"wp-page\" data-elementor-id=\"970\" class=\"elementor elementor-970\" data-elementor-post-type=\"page\">\n\t\t\t\t\t\t<section class=\"has_ae_slider elementor-section elementor-top-section elementor-element elementor-element-bfcdf2e elementor-section-boxed elementor-section-height-default elementor-section-height-default ae-bg-gallery-type-default\" data-id=\"bfcdf2e\" data-element_type=\"section\" data-e-type=\"section\">\n\t\t\t\t\t\t<div class=\"elementor-container elementor-column-gap-default\">\n\t\t\t\t\t<div class=\"has_ae_slider elementor-column elementor-col-100 elementor-top-column elementor-element elementor-element-5fd77ea ae-bg-gallery-type-default\" data-id=\"5fd77ea\" data-element_type=\"column\" data-e-type=\"column\">\n\t\t\t<div class=\"elementor-widget-wrap\">\n\t\t\t\t\t\t\t<\/div>\n\t\t<\/div>\n\t\t\t\t\t<\/div>\n\t\t<\/section>\n\t\t\t\t<section class=\"has_ae_slider elementor-section elementor-top-section elementor-element elementor-element-d2e1d0a elementor-section-boxed elementor-section-height-default elementor-section-height-default ae-bg-gallery-type-default\" data-id=\"d2e1d0a\" data-element_type=\"section\" data-e-type=\"section\">\n\t\t\t\t\t\t<div class=\"elementor-container elementor-column-gap-default\">\n\t\t\t\t\t<div class=\"has_ae_slider elementor-column elementor-col-100 elementor-top-column elementor-element elementor-element-2c19b92 ae-bg-gallery-type-default\" data-id=\"2c19b92\" data-element_type=\"column\" data-e-type=\"column\">\n\t\t\t<div class=\"elementor-widget-wrap elementor-element-populated\">\n\t\t\t\t\t\t<div class=\"elementor-element elementor-element-97d63ff elementor-widget elementor-widget-text-editor\" data-id=\"97d63ff\" data-element_type=\"widget\" data-e-type=\"widget\" data-widget_type=\"text-editor.default\">\n\t\t\t\t<div class=\"elementor-widget-container\">\n\t\t\t\t\t\t\t\t\t<p style=\"font-size: 16px; font-style: normal; font-weight: 400;\">L'autoconsommation industrielle d\u00e9signe la production et l'utilisation d'\u00e9lectricit\u00e9 au sein d'une industrie pour couvrir ses propres besoins \u00e9nerg\u00e9tiques. Il s'agit d'une tendance de plus en plus adopt\u00e9e par les entreprises, car elle pr\u00e9sente de nombreux avantages \u00e9conomiques et environnementaux.<\/p>\t\t\t\t\t\t\t\t<\/div>\n\t\t\t\t<\/div>\n\t\t\t\t<div class=\"elementor-element elementor-element-1637e43 elementor-widget elementor-widget-image\" data-id=\"1637e43\" data-element_type=\"widget\" data-e-type=\"widget\" data-widget_type=\"image.default\">\n\t\t\t\t<div class=\"elementor-widget-container\">\n\t\t\t\t\t\t\t\t\t\t\t\t\t\t\t<img fetchpriority=\"high\" decoding=\"async\" width=\"1024\" height=\"576\" src=\"https:\/\/www.solar-model.com\/wp-content\/uploads\/2023\/12\/Autoconsumo-solar-industrial-1024x576.jpg\" class=\"attachment-large size-large wp-image-974\" alt=\"Autoconsommation solaire industrielle\" srcset=\"https:\/\/www.solar-model.com\/wp-content\/uploads\/2023\/12\/Autoconsumo-solar-industrial-1024x576.jpg 1024w, https:\/\/www.solar-model.com\/wp-content\/uploads\/2023\/12\/Autoconsumo-solar-industrial-300x169.jpg 300w, https:\/\/www.solar-model.com\/wp-content\/uploads\/2023\/12\/Autoconsumo-solar-industrial-768x432.jpg 768w, https:\/\/www.solar-model.com\/wp-content\/uploads\/2023\/12\/Autoconsumo-solar-industrial-18x10.jpg 18w, https:\/\/www.solar-model.com\/wp-content\/uploads\/2023\/12\/Autoconsumo-solar-industrial.jpg 1280w\" sizes=\"(max-width: 1024px) 100vw, 1024px\" \/>\t\t\t\t\t\t\t\t\t\t\t\t\t\t\t<\/div>\n\t\t\t\t<\/div>\n\t\t\t\t<div class=\"elementor-element elementor-element-ea8335c elementor-widget elementor-widget-text-editor\" data-id=\"ea8335c\" data-element_type=\"widget\" data-e-type=\"widget\" data-widget_type=\"text-editor.default\">\n\t\t\t\t<div class=\"elementor-widget-container\">\n\t\t\t\t\t\t\t\t\t<p><span style=\"background-color: var(--ast-global-color-4); color: var(--ast-global-color-3); font-style: inherit; font-weight: inherit;\">L'un des avantages de l'autoconsommation industrielle est la r\u00e9duction du co\u00fbt de la consommation d'\u00e9lectricit\u00e9. En produisant l'\u00e9nergie n\u00e9cessaire en interne, les entreprises \u00e9vitent de d\u00e9pendre totalement du r\u00e9seau \u00e9lectrique, ce qui se traduit par des \u00e9conomies significatives sur les factures d'\u00e9lectricit\u00e9. En outre, dans certains pays, des mesures d'incitation et des subventions encouragent la mise en \u0153uvre de syst\u00e8mes d'autoconsommation industrielle, ce qui accro\u00eet leur viabilit\u00e9 \u00e9conomique.<\/span><\/p><p><span style=\"font-style: inherit; font-weight: inherit; background-color: var(--ast-global-color-4); color: var(--ast-global-color-3);\">Un autre avantage important de l'autoconsommation industrielle est la r\u00e9duction des \u00e9missions de gaz \u00e0 effet de serre. En produisant de l'\u00e9lectricit\u00e9 \u00e0 partir de sources renouvelables, les entreprises contribuent \u00e0 r\u00e9duire leur empreinte carbone et leur impact sur l'environnement. Cela permet non seulement de prot\u00e9ger l'environnement, mais aussi d'am\u00e9liorer l'image et la r\u00e9putation de l'entreprise aupr\u00e8s des clients et des consommateurs qui sont de plus en plus pr\u00e9occup\u00e9s par le d\u00e9veloppement durable.<\/span><\/p><p><span style=\"font-style: inherit; font-weight: inherit; background-color: var(--ast-global-color-4); color: var(--ast-global-color-3);\">En outre, l'autoconsommation industrielle accro\u00eet l'autonomie \u00e9nerg\u00e9tique des entreprises. En \u00e9tant capables de produire leur propre \u00e9nergie, les industries r\u00e9duisent leur d\u00e9pendance vis-\u00e0-vis des prix et de la disponibilit\u00e9 de l'\u00e9nergie fournie par les compagnies d'\u00e9lectricit\u00e9. Cela permet d'am\u00e9liorer la stabilit\u00e9 et la s\u00e9curit\u00e9 de l'approvisionnement en \u00e9lectricit\u00e9, en particulier dans les situations d'urgence ou en cas d'interruption du r\u00e9seau \u00e9lectrique externe.\u00a0<\/span><span style=\"background-color: var(--ast-global-color-4); color: var(--ast-global-color-3); font-style: inherit; font-weight: inherit;\">La mise en \u0153uvre des syst\u00e8mes d'autoconsommation industrielle peut varier en fonction des besoins et des caract\u00e9ristiques de chaque entreprise, avec l'installation de<\/span><span style=\"background-color: var(--ast-global-color-4); color: var(--ast-global-color-3); font-style: inherit; font-weight: inherit;\">Les panneaux solaires photovolta\u00efques avec ou sans batteries, utilisant la lumi\u00e8re du soleil pour g\u00e9n\u00e9rer de l'\u00e9lectricit\u00e9 et des batteries pour accumuler l'\u00e9nergie g\u00e9n\u00e9r\u00e9e.<\/span><\/p><p><span style=\"font-style: inherit; font-weight: inherit; background-color: var(--ast-global-color-4); color: var(--ast-global-color-3);\">En r\u00e9sum\u00e9, l'autoconsommation industrielle est une option de plus en plus populaire parmi les entreprises, car elle offre de multiples avantages \u00e9conomiques et environnementaux. R\u00e9duction des co\u00fbts d'\u00e9lectricit\u00e9, r\u00e9duction des \u00e9missions de gaz polluants, autonomie \u00e9nerg\u00e9tique et am\u00e9lioration de l'image de l'entreprise sont quelques-uns des avantages offerts par cette alternative durable. Sa mise en \u0153uvre n\u00e9cessite analyse, investissement et planification, mais \u00e0 long terme, c'est une solution rentable et responsable.<\/span><\/p>\t\t\t\t\t\t\t\t<\/div>\n\t\t\t\t<\/div>\n\t\t\t\t\t<\/div>\n\t\t<\/div>\n\t\t\t\t\t<\/div>\n\t\t<\/section>\n\t\t\t\t<section class=\"has_ae_slider elementor-section elementor-top-section elementor-element elementor-element-3dde6c3 elementor-section-boxed elementor-section-height-default elementor-section-height-default ae-bg-gallery-type-default\" data-id=\"3dde6c3\" data-element_type=\"section\" data-e-type=\"section\">\n\t\t\t\t\t\t<div class=\"elementor-container elementor-column-gap-default\">\n\t\t\t\t\t<div class=\"has_ae_slider elementor-column elementor-col-100 elementor-top-column elementor-element elementor-element-c937ad5 ae-bg-gallery-type-default\" data-id=\"c937ad5\" data-element_type=\"column\" data-e-type=\"column\">\n\t\t\t<div class=\"elementor-widget-wrap elementor-element-populated\">\n\t\t\t\t\t\t<div class=\"elementor-element elementor-element-bf4fa3d elementor-align-center elementor-widget elementor-widget-button\" data-id=\"bf4fa3d\" data-element_type=\"widget\" data-e-type=\"widget\" data-widget_type=\"button.default\">\n\t\t\t\t<div class=\"elementor-widget-container\">\n\t\t\t\t\t\t\t\t\t<div class=\"elementor-button-wrapper\">\n\t\t\t\t\t<a class=\"elementor-button elementor-button-link elementor-size-sm\" href=\"https:\/\/www.solar-model.com\/fr\/budget\/\">\n\t\t\t\t\t\t<span class=\"elementor-button-content-wrapper\">\n\t\t\t\t\t\t<span class=\"elementor-button-icon\">\n\t\t\t\t<i aria-hidden=\"true\" class=\"far fa-comment\"><\/i>\t\t\t<\/span>\n\t\t\t\t\t\t\t\t\t<span class=\"elementor-button-text\">Demande de devis gratuit<\/span>\n\t\t\t\t\t<\/span>\n\t\t\t\t\t<\/a>\n\t\t\t\t<\/div>\n\t\t\t\t\t\t\t\t<\/div>\n\t\t\t\t<\/div>\n\t\t\t\t\t<\/div>\n\t\t<\/div>\n\t\t\t\t\t<\/div>\n\t\t<\/section>\n\t\t\t\t<\/div>","protected":false},"excerpt":{"rendered":"<p>Autoconsumo solar industrial Energ\u00eda solar para ahorrar el m\u00e1ximo de consumo en tu negocio El autoconsumo industrial se refiere a la producci\u00f3n y utilizaci\u00f3n de energ\u00eda el\u00e9ctrica dentro de una industria para cubrir sus propias necesidades energ\u00e9ticas. Es una tendencia cada vez m\u00e1s adoptada por las empresas, ya que ofrece numerosos beneficios tanto econ\u00f3micos como [&hellip;]<\/p>\n","protected":false},"author":1,"featured_media":0,"parent":0,"menu_order":0,"comment_status":"closed","ping_status":"closed","template":"","meta":{"site-sidebar-layout":"no-sidebar","site-content-layout":"page-builder","ast-site-content-layout":"full-width-container","site-content-style":"default","site-sidebar-style":"default","ast-global-header-display":"","ast-banner-title-visibility":"","ast-main-header-display":"","ast-hfb-above-header-display":"","ast-hfb-below-header-display":"","ast-hfb-mobile-header-display":"","site-post-title":"disabled","ast-breadcrumbs-content":"","ast-featured-img":"disabled","footer-sml-layout":"","ast-disable-related-posts":"","theme-transparent-header-meta":"","adv-header-id-meta":"","stick-header-meta":"","header-above-stick-meta":"","header-main-stick-meta":"","header-below-stick-meta":"","astra-migrate-meta-layouts":"default","ast-page-background-enabled":"default","ast-page-background-meta":{"desktop":{"background-color":"","background-image":"","background-repeat":"repeat","background-position":"center center","background-size":"auto","background-attachment":"scroll","background-type":"","background-media":"","overlay-type":"","overlay-color":"","overlay-opacity":"","overlay-gradient":""},"tablet":{"background-color":"","background-image":"","background-repeat":"repeat","background-position":"center center","background-size":"auto","background-attachment":"scroll","background-type":"","background-media":"","overlay-type":"","overlay-color":"","overlay-opacity":"","overlay-gradient":""},"mobile":{"background-color":"","background-image":"","background-repeat":"repeat","background-position":"center center","background-size":"auto","background-attachment":"scroll","background-type":"","background-media":"","overlay-type":"","overlay-color":"","overlay-opacity":"","overlay-gradient":""}},"ast-content-background-meta":{"desktop":{"background-color":"var(--ast-global-color-5)","background-image":"","background-repeat":"repeat","background-position":"center center","background-size":"auto","background-attachment":"scroll","background-type":"","background-media":"","overlay-type":"","overlay-color":"","overlay-opacity":"","overlay-gradient":""},"tablet":{"background-color":"var(--ast-global-color-5)","background-image":"","background-repeat":"repeat","background-position":"center center","background-size":"auto","background-attachment":"scroll","background-type":"","background-media":"","overlay-type":"","overlay-color":"","overlay-opacity":"","overlay-gradient":""},"mobile":{"background-color":"var(--ast-global-color-5)","background-image":"","background-repeat":"repeat","background-position":"center center","background-size":"auto","background-attachment":"scroll","background-type":"","background-media":"","overlay-type":"","overlay-color":"","overlay-opacity":"","overlay-gradient":""}},"_joinchat":[],"footnotes":""},"class_list":["post-970","page","type-page","status-publish","hentry"],"_links":{"self":[{"href":"https:\/\/www.solar-model.com\/fr\/wp-json\/wp\/v2\/pages\/970","targetHints":{"allow":["GET"]}}],"collection":[{"href":"https:\/\/www.solar-model.com\/fr\/wp-json\/wp\/v2\/pages"}],"about":[{"href":"https:\/\/www.solar-model.com\/fr\/wp-json\/wp\/v2\/types\/page"}],"author":[{"embeddable":true,"href":"https:\/\/www.solar-model.com\/fr\/wp-json\/wp\/v2\/users\/1"}],"replies":[{"embeddable":true,"href":"https:\/\/www.solar-model.com\/fr\/wp-json\/wp\/v2\/comments?post=970"}],"version-history":[{"count":21,"href":"https:\/\/www.solar-model.com\/fr\/wp-json\/wp\/v2\/pages\/970\/revisions"}],"predecessor-version":[{"id":1437,"href":"https:\/\/www.solar-model.com\/fr\/wp-json\/wp\/v2\/pages\/970\/revisions\/1437"}],"wp:attachment":[{"href":"https:\/\/www.solar-model.com\/fr\/wp-json\/wp\/v2\/media?parent=970"}],"curies":[{"name":"wp","href":"https:\/\/api.w.org\/{rel}","templated":true}]}}