{"id":986,"date":"2023-12-29T18:04:54","date_gmt":"2023-12-29T16:04:54","guid":{"rendered":"https:\/\/solar-model.com\/?page_id=986"},"modified":"2024-05-08T15:57:50","modified_gmt":"2024-05-08T14:57:50","slug":"huertos-solares","status":"publish","type":"page","link":"https:\/\/www.solar-model.com\/fr\/jardins-solaires\/","title":{"rendered":"Jardins solaires"},"content":{"rendered":"<div data-elementor-type=\"wp-page\" data-elementor-id=\"986\" class=\"elementor elementor-986\" data-elementor-post-type=\"page\">\n\t\t\t\t\t\t<section class=\"has_ae_slider elementor-section elementor-top-section elementor-element elementor-element-17782d7 elementor-section-boxed elementor-section-height-default elementor-section-height-default ae-bg-gallery-type-default\" data-id=\"17782d7\" data-element_type=\"section\" data-e-type=\"section\">\n\t\t\t\t\t\t<div class=\"elementor-container elementor-column-gap-default\">\n\t\t\t\t\t<div class=\"has_ae_slider elementor-column elementor-col-100 elementor-top-column elementor-element elementor-element-2f1252c ae-bg-gallery-type-default\" data-id=\"2f1252c\" data-element_type=\"column\" data-e-type=\"column\">\n\t\t\t<div class=\"elementor-widget-wrap\">\n\t\t\t\t\t\t\t<\/div>\n\t\t<\/div>\n\t\t\t\t\t<\/div>\n\t\t<\/section>\n\t\t\t\t<section class=\"has_ae_slider elementor-section elementor-top-section elementor-element elementor-element-bb462e2 elementor-section-boxed elementor-section-height-default elementor-section-height-default ae-bg-gallery-type-default\" data-id=\"bb462e2\" data-element_type=\"section\" data-e-type=\"section\">\n\t\t\t\t\t\t<div class=\"elementor-container elementor-column-gap-default\">\n\t\t\t\t\t<div class=\"has_ae_slider elementor-column elementor-col-100 elementor-top-column elementor-element elementor-element-90bcce9 ae-bg-gallery-type-default\" data-id=\"90bcce9\" data-element_type=\"column\" data-e-type=\"column\">\n\t\t\t<div class=\"elementor-widget-wrap elementor-element-populated\">\n\t\t\t\t\t\t<div class=\"elementor-element elementor-element-1f9aea9 elementor-widget elementor-widget-text-editor\" data-id=\"1f9aea9\" data-element_type=\"widget\" data-e-type=\"widget\" data-widget_type=\"text-editor.default\">\n\t\t\t\t<div class=\"elementor-widget-container\">\n\t\t\t\t\t\t\t\t\t<p style=\"font-size: 16px; font-style: normal; font-weight: 400;\">Les fermes solaires sont un moyen innovant d'exploiter les \u00e9nergies renouvelables pour produire de l'\u00e9lectricit\u00e9. Ces jardins consistent en l'installation de panneaux photovolta\u00efques sur de grandes surfaces, o\u00f9 les rayons du soleil sont capt\u00e9s et convertis en \u00e9nergie \u00e9lectrique.<\/p>\t\t\t\t\t\t\t\t<\/div>\n\t\t\t\t<\/div>\n\t\t\t\t<div class=\"elementor-element elementor-element-6dad78e elementor-widget elementor-widget-image\" data-id=\"6dad78e\" data-element_type=\"widget\" data-e-type=\"widget\" data-widget_type=\"image.default\">\n\t\t\t\t<div class=\"elementor-widget-container\">\n\t\t\t\t\t\t\t\t\t\t\t\t\t\t\t<img fetchpriority=\"high\" decoding=\"async\" width=\"1024\" height=\"623\" src=\"https:\/\/www.solar-model.com\/wp-content\/uploads\/2023\/12\/Huertos-solares-1024x623.jpg\" class=\"attachment-large size-large wp-image-987\" alt=\"\" srcset=\"https:\/\/www.solar-model.com\/wp-content\/uploads\/2023\/12\/Huertos-solares-1024x623.jpg 1024w, https:\/\/www.solar-model.com\/wp-content\/uploads\/2023\/12\/Huertos-solares-300x182.jpg 300w, https:\/\/www.solar-model.com\/wp-content\/uploads\/2023\/12\/Huertos-solares-768x467.jpg 768w, https:\/\/www.solar-model.com\/wp-content\/uploads\/2023\/12\/Huertos-solares-18x12.jpg 18w, https:\/\/www.solar-model.com\/wp-content\/uploads\/2023\/12\/Huertos-solares.jpg 1470w\" sizes=\"(max-width: 1024px) 100vw, 1024px\" \/>\t\t\t\t\t\t\t\t\t\t\t\t\t\t\t<\/div>\n\t\t\t\t<\/div>\n\t\t\t\t<div class=\"elementor-element elementor-element-132fbdc elementor-widget elementor-widget-text-editor\" data-id=\"132fbdc\" data-element_type=\"widget\" data-e-type=\"widget\" data-widget_type=\"text-editor.default\">\n\t\t\t\t<div class=\"elementor-widget-container\">\n\t\t\t\t\t\t\t\t\t<p><span style=\"background-color: var(--ast-global-color-4); color: var(--ast-global-color-3); font-style: inherit; font-weight: inherit;\">L'un des principaux avantages des fermes solaires est qu'elles constituent une source d'\u00e9nergie propre et renouvelable, ce qui signifie qu'elles ne g\u00e9n\u00e8rent pas d'\u00e9missions de gaz \u00e0 effet de serre ou de polluants qui nuisent \u00e0 l'environnement. De plus, en tant que source d'\u00e9nergie in\u00e9puisable, les fermes solaires repr\u00e9sentent une solution durable \u00e0 long terme.<\/span><br><\/p>\n<p><span style=\"font-style: inherit; font-weight: inherit; background-color: var(--ast-global-color-4); color: var(--ast-global-color-3);\">Un autre avantage des fermes solaires est qu'elles occupent des terres qui ne conviennent pas \u00e0 d'autres cultures, comme les friches ou les zones d\u00e9sertiques, ce qui permet de maximiser l'utilisation d'un espace autrement sous-utilis\u00e9. En outre, les fermes solaires peuvent coexister avec l'agriculture traditionnelle, car les panneaux peuvent \u00eatre install\u00e9s en hauteur, ce qui permet aux cultures de pousser en dessous.<\/span><\/p>\n<p><span style=\"font-style: inherit; font-weight: inherit; background-color: var(--ast-global-color-4); color: var(--ast-global-color-3);\">En termes \u00e9conomiques, les fermes solaires repr\u00e9sentent un investissement rentable \u00e0 long terme, car une fois install\u00e9es, elles ne n\u00e9cessitent que peu de frais d'entretien et d'exploitation. De plus, en produisant de l'\u00e9lectricit\u00e9, il est possible de vendre le surplus au r\u00e9seau, ce qui se traduit par des revenus suppl\u00e9mentaires pour les propri\u00e9taires des fermes.<\/span><\/p>\n<p><span style=\"font-style: inherit; font-weight: inherit; background-color: var(--ast-global-color-4); color: var(--ast-global-color-3);\">En termes d'impact social, les fermes solaires contribuent \u00e9galement \u00e0 la cr\u00e9ation d'emplois, car elles n\u00e9cessitent du personnel sp\u00e9cialis\u00e9 pour l'installation, la maintenance et la supervision. En outre, en produisant de l'\u00e9lectricit\u00e9 de mani\u00e8re d\u00e9centralis\u00e9e, les fermes solaires peuvent contribuer \u00e0 r\u00e9duire la d\u00e9pendance vis-\u00e0-vis d'autres m\u00e9thodes de production d'\u00e9nergie plus polluantes et plus co\u00fbteuses, telles que les centrales nucl\u00e9aires ou thermiques.<\/span><\/p>\n<p><span style=\"font-style: inherit; font-weight: inherit; background-color: var(--ast-global-color-4); color: var(--ast-global-color-3);\">En conclusion, les fermes solaires repr\u00e9sentent une solution innovante et durable pour la production d'\u00e9lectricit\u00e9. En plus d'\u00eatre une source propre et renouvelable, elles occupent des terres qui seraient autrement sous-utilis\u00e9es, ont un bon rendement \u00e9conomique et contribuent \u00e0 la cr\u00e9ation d'emplois. Ainsi, les fermes solaires sont une option \u00e0 envisager pour un avenir \u00e9nerg\u00e9tique plus durable.<\/span><\/p>\t\t\t\t\t\t\t\t<\/div>\n\t\t\t\t<\/div>\n\t\t\t\t\t<\/div>\n\t\t<\/div>\n\t\t\t\t\t<\/div>\n\t\t<\/section>\n\t\t\t\t<section class=\"has_ae_slider elementor-section elementor-top-section elementor-element elementor-element-a7c6d0c elementor-section-boxed elementor-section-height-default elementor-section-height-default ae-bg-gallery-type-default\" data-id=\"a7c6d0c\" data-element_type=\"section\" data-e-type=\"section\">\n\t\t\t\t\t\t<div class=\"elementor-container elementor-column-gap-default\">\n\t\t\t\t\t<div class=\"has_ae_slider elementor-column elementor-col-100 elementor-top-column elementor-element elementor-element-83bb1b0 ae-bg-gallery-type-default\" data-id=\"83bb1b0\" data-element_type=\"column\" data-e-type=\"column\">\n\t\t\t<div class=\"elementor-widget-wrap elementor-element-populated\">\n\t\t\t\t\t\t<div class=\"elementor-element elementor-element-efff1eb elementor-align-center elementor-widget elementor-widget-button\" data-id=\"efff1eb\" data-element_type=\"widget\" data-e-type=\"widget\" data-widget_type=\"button.default\">\n\t\t\t\t<div class=\"elementor-widget-container\">\n\t\t\t\t\t\t\t\t\t<div class=\"elementor-button-wrapper\">\n\t\t\t\t\t<a class=\"elementor-button elementor-button-link elementor-size-sm\" href=\"https:\/\/www.solar-model.com\/fr\/budget\/\">\n\t\t\t\t\t\t<span class=\"elementor-button-content-wrapper\">\n\t\t\t\t\t\t<span class=\"elementor-button-icon\">\n\t\t\t\t<i aria-hidden=\"true\" class=\"far fa-comment\"><\/i>\t\t\t<\/span>\n\t\t\t\t\t\t\t\t\t<span class=\"elementor-button-text\">Demande de devis gratuit<\/span>\n\t\t\t\t\t<\/span>\n\t\t\t\t\t<\/a>\n\t\t\t\t<\/div>\n\t\t\t\t\t\t\t\t<\/div>\n\t\t\t\t<\/div>\n\t\t\t\t\t<\/div>\n\t\t<\/div>\n\t\t\t\t\t<\/div>\n\t\t<\/section>\n\t\t\t\t<\/div>","protected":false},"excerpt":{"rendered":"<p>Huertos solares Obt\u00e9n un rendimiento m\u00e1ximo invirtiendo en energ\u00eda solar Los huertos solares son una innovadora forma de aprovechar la energ\u00eda renovable para la generaci\u00f3n de electricidad. Estos huertos consisten en la instalaci\u00f3n de paneles fotovoltaicos en grandes superficies de terreno, donde se captan los rayos del sol y se convierten en energ\u00eda el\u00e9ctrica. Una [&hellip;]<\/p>\n","protected":false},"author":1,"featured_media":0,"parent":0,"menu_order":0,"comment_status":"closed","ping_status":"closed","template":"","meta":{"site-sidebar-layout":"no-sidebar","site-content-layout":"page-builder","ast-site-content-layout":"full-width-container","site-content-style":"default","site-sidebar-style":"default","ast-global-header-display":"","ast-banner-title-visibility":"","ast-main-header-display":"","ast-hfb-above-header-display":"","ast-hfb-below-header-display":"","ast-hfb-mobile-header-display":"","site-post-title":"disabled","ast-breadcrumbs-content":"","ast-featured-img":"disabled","footer-sml-layout":"","ast-disable-related-posts":"","theme-transparent-header-meta":"","adv-header-id-meta":"","stick-header-meta":"","header-above-stick-meta":"","header-main-stick-meta":"","header-below-stick-meta":"","astra-migrate-meta-layouts":"default","ast-page-background-enabled":"default","ast-page-background-meta":{"desktop":{"background-color":"","background-image":"","background-repeat":"repeat","background-position":"center center","background-size":"auto","background-attachment":"scroll","background-type":"","background-media":"","overlay-type":"","overlay-color":"","overlay-opacity":"","overlay-gradient":""},"tablet":{"background-color":"","background-image":"","background-repeat":"repeat","background-position":"center center","background-size":"auto","background-attachment":"scroll","background-type":"","background-media":"","overlay-type":"","overlay-color":"","overlay-opacity":"","overlay-gradient":""},"mobile":{"background-color":"","background-image":"","background-repeat":"repeat","background-position":"center center","background-size":"auto","background-attachment":"scroll","background-type":"","background-media":"","overlay-type":"","overlay-color":"","overlay-opacity":"","overlay-gradient":""}},"ast-content-background-meta":{"desktop":{"background-color":"var(--ast-global-color-5)","background-image":"","background-repeat":"repeat","background-position":"center center","background-size":"auto","background-attachment":"scroll","background-type":"","background-media":"","overlay-type":"","overlay-color":"","overlay-opacity":"","overlay-gradient":""},"tablet":{"background-color":"var(--ast-global-color-5)","background-image":"","background-repeat":"repeat","background-position":"center center","background-size":"auto","background-attachment":"scroll","background-type":"","background-media":"","overlay-type":"","overlay-color":"","overlay-opacity":"","overlay-gradient":""},"mobile":{"background-color":"var(--ast-global-color-5)","background-image":"","background-repeat":"repeat","background-position":"center center","background-size":"auto","background-attachment":"scroll","background-type":"","background-media":"","overlay-type":"","overlay-color":"","overlay-opacity":"","overlay-gradient":""}},"_joinchat":[],"footnotes":""},"class_list":["post-986","page","type-page","status-publish","hentry"],"_links":{"self":[{"href":"https:\/\/www.solar-model.com\/fr\/wp-json\/wp\/v2\/pages\/986","targetHints":{"allow":["GET"]}}],"collection":[{"href":"https:\/\/www.solar-model.com\/fr\/wp-json\/wp\/v2\/pages"}],"about":[{"href":"https:\/\/www.solar-model.com\/fr\/wp-json\/wp\/v2\/types\/page"}],"author":[{"embeddable":true,"href":"https:\/\/www.solar-model.com\/fr\/wp-json\/wp\/v2\/users\/1"}],"replies":[{"embeddable":true,"href":"https:\/\/www.solar-model.com\/fr\/wp-json\/wp\/v2\/comments?post=986"}],"version-history":[{"count":15,"href":"https:\/\/www.solar-model.com\/fr\/wp-json\/wp\/v2\/pages\/986\/revisions"}],"predecessor-version":[{"id":1618,"href":"https:\/\/www.solar-model.com\/fr\/wp-json\/wp\/v2\/pages\/986\/revisions\/1618"}],"wp:attachment":[{"href":"https:\/\/www.solar-model.com\/fr\/wp-json\/wp\/v2\/media?parent=986"}],"curies":[{"name":"wp","href":"https:\/\/api.w.org\/{rel}","templated":true}]}}