{"id":738,"date":"2023-11-03T14:49:54","date_gmt":"2023-11-03T12:49:54","guid":{"rendered":"https:\/\/solar-model.com\/?page_id=738"},"modified":"2024-02-02T10:13:09","modified_gmt":"2024-02-02T08:13:09","slug":"nosotros","status":"publish","type":"page","link":"https:\/\/www.solar-model.com\/nl\/wij\/","title":{"rendered":"We"},"content":{"rendered":"<div data-elementor-type=\"wp-page\" data-elementor-id=\"738\" class=\"elementor elementor-738\" data-elementor-post-type=\"page\">\n\t\t\t\t\t\t<section class=\"has_ae_slider elementor-section elementor-top-section elementor-element elementor-element-1e83179 elementor-section-boxed elementor-section-height-default elementor-section-height-default ae-bg-gallery-type-default\" data-id=\"1e83179\" data-element_type=\"section\" data-e-type=\"section\">\n\t\t\t\t\t\t<div class=\"elementor-container elementor-column-gap-default\">\n\t\t\t\t\t<div class=\"has_ae_slider elementor-column elementor-col-50 elementor-top-column elementor-element elementor-element-a494220 ae-bg-gallery-type-default\" data-id=\"a494220\" data-element_type=\"column\" data-e-type=\"column\">\n\t\t\t<div class=\"elementor-widget-wrap elementor-element-populated\">\n\t\t\t\t\t\t<div class=\"elementor-element elementor-element-f1868db elementor-widget elementor-widget-text-editor\" data-id=\"f1868db\" data-element_type=\"widget\" data-e-type=\"widget\" data-widget_type=\"text-editor.default\">\n\t\t\t\t<div class=\"elementor-widget-container\">\n\t\t\t\t\t\t\t\t\t<p>Solar Model is een bedrijf gespecialiseerd in de commercialisering van fotovolta\u00efsche systemen en de installatie van zonne-energiesystemen met meer dan 10 jaar ervaring, marktleider met eerste kwaliteitsmaterialen van eigen import. We hebben een team van professionals, van de verkoopafdeling tot gekwalificeerde installateurs om installaties uit te voeren die zijn afgestemd op de behoeften van onze klanten. Vanuit onze hoofdvestiging in Torrevieja (Alicante) verlenen we service in de provincies Alicante, Murcia en Malaga. We bedienen zowel particulieren als gemeenschappen en bedrijven met zonne-installaties voor eigen gebruik en zonneparkprojecten voor investeerders.<\/p>\t\t\t\t\t\t\t\t<\/div>\n\t\t\t\t<\/div>\n\t\t\t\t\t<\/div>\n\t\t<\/div>\n\t\t\t\t<div class=\"has_ae_slider elementor-column elementor-col-50 elementor-top-column elementor-element elementor-element-3d7d6d1 ae-bg-gallery-type-default\" data-id=\"3d7d6d1\" data-element_type=\"column\" data-e-type=\"column\">\n\t\t\t<div class=\"elementor-widget-wrap elementor-element-populated\">\n\t\t\t\t\t\t<div class=\"elementor-element elementor-element-1517b5e elementor-widget elementor-widget-image\" data-id=\"1517b5e\" data-element_type=\"widget\" data-e-type=\"widget\" data-widget_type=\"image.default\">\n\t\t\t\t<div class=\"elementor-widget-container\">\n\t\t\t\t\t\t\t\t\t\t\t\t\t\t\t<img fetchpriority=\"high\" decoding=\"async\" width=\"612\" height=\"408\" src=\"https:\/\/www.solar-model.com\/wp-content\/uploads\/2023\/05\/paneles.jpg\" class=\"attachment-large size-large wp-image-465\" alt=\"\" srcset=\"https:\/\/www.solar-model.com\/wp-content\/uploads\/2023\/05\/paneles.jpg 612w, https:\/\/www.solar-model.com\/wp-content\/uploads\/2023\/05\/paneles-300x200.jpg 300w, https:\/\/www.solar-model.com\/wp-content\/uploads\/2023\/05\/paneles-18x12.jpg 18w\" sizes=\"(max-width: 612px) 100vw, 612px\" \/>\t\t\t\t\t\t\t\t\t\t\t\t\t\t\t<\/div>\n\t\t\t\t<\/div>\n\t\t\t\t\t<\/div>\n\t\t<\/div>\n\t\t\t\t\t<\/div>\n\t\t<\/section>\n\t\t\t\t<section class=\"has_ae_slider elementor-section elementor-top-section elementor-element elementor-element-b6e5376 elementor-section-boxed elementor-section-height-default elementor-section-height-default ae-bg-gallery-type-default\" data-id=\"b6e5376\" data-element_type=\"section\" data-e-type=\"section\">\n\t\t\t\t\t\t<div class=\"elementor-container elementor-column-gap-default\">\n\t\t\t\t\t<div class=\"has_ae_slider elementor-column elementor-col-100 elementor-top-column elementor-element elementor-element-ba44bb0 ae-bg-gallery-type-default\" data-id=\"ba44bb0\" data-element_type=\"column\" data-e-type=\"column\">\n\t\t\t<div class=\"elementor-widget-wrap elementor-element-populated\">\n\t\t\t\t\t\t<div class=\"elementor-element elementor-element-9279c16 elementor-widget elementor-widget-heading\" data-id=\"9279c16\" data-element_type=\"widget\" data-e-type=\"widget\" data-widget_type=\"heading.default\">\n\t\t\t\t<div class=\"elementor-widget-container\">\n\t\t\t\t\t<h2 class=\"elementor-heading-title elementor-size-default\">Wat bieden we aan?<\/h2>\t\t\t\t<\/div>\n\t\t\t\t<\/div>\n\t\t\t\t<div class=\"elementor-element elementor-element-d69f714 elementor-widget elementor-widget-text-editor\" data-id=\"d69f714\" data-element_type=\"widget\" data-e-type=\"widget\" data-widget_type=\"text-editor.default\">\n\t\t\t\t<div class=\"elementor-widget-container\">\n\t\t\t\t\t\t\t\t\t<p style=\"font-size: 16px; font-style: normal; font-weight: 400;\">Onze kernwaarden zijn duurzaamheid, comfort, gemak en betrouwbare samenwerking. En voor onze klanten betekent samenwerking met het bedrijf besparingen op eigendoms- en bedrijfskosten en onafhankelijkheid van elektriciteits- en gasvoorzieningen.<\/p><p style=\"font-size: 16px; font-style: normal; font-weight: 400;\">Voordelen van een samenwerking met ons :<\/p><ul style=\"font-size: 16px; font-style: normal; font-weight: 400;\"><li style=\"font-size: 16px;\">Gratis overleg met onze experts over de keuze van apparatuur, individueel project en installatie.<\/li><li style=\"font-size: 16px;\">Gratis bezoek van specialisten voor het opmeten, voorbereiden van individuele projecten en offertes - betaal pas na akkoord van de offerte en ondertekening van het contract<\/li><li style=\"font-size: 16px;\">Selectie van het optimale plan voor de installatie van zonnepanelen voor uw budget en behoeften, volledige ondersteuning in alle fasen: van advies tot installatie.<\/li><li style=\"font-size: 16px;\">Gegarandeerde kwaliteit en betrouwbaarheid van onze installaties: de garantie op de installatie is 1 jaar, de apparatuur - tot 12 jaar, afhankelijk van het gekozen merk. Kortste levertijden: kant-en-klare installatie van zonnepanelen in 2 dagen!<\/li><li style=\"font-size: 16px;\">Mogelijkheid tot het verkrijgen van overheidssubsidie voor de installatie en het gebruik van zonne-energie. We voeren de volledige procedure uit voor het verkrijgen van een vergoeding voor de kosten van de staat.<\/li><li style=\"font-size: 16px;\">Service na garantie.<\/li><\/ul>\t\t\t\t\t\t\t\t<\/div>\n\t\t\t\t<\/div>\n\t\t\t\t\t<\/div>\n\t\t<\/div>\n\t\t\t\t\t<\/div>\n\t\t<\/section>\n\t\t\t\t<section class=\"has_ae_slider elementor-section elementor-top-section elementor-element elementor-element-16d7a77 elementor-section-boxed elementor-section-height-default elementor-section-height-default ae-bg-gallery-type-default\" data-id=\"16d7a77\" data-element_type=\"section\" data-e-type=\"section\">\n\t\t\t\t\t\t<div class=\"elementor-container elementor-column-gap-default\">\n\t\t\t\t\t<div class=\"has_ae_slider elementor-column elementor-col-100 elementor-top-column elementor-element elementor-element-5ed7cb3 ae-bg-gallery-type-default\" data-id=\"5ed7cb3\" data-element_type=\"column\" data-e-type=\"column\">\n\t\t\t<div class=\"elementor-widget-wrap elementor-element-populated\">\n\t\t\t\t\t\t<div class=\"elementor-element elementor-element-6763450 elementor-widget elementor-widget-heading\" data-id=\"6763450\" data-element_type=\"widget\" data-e-type=\"widget\" data-widget_type=\"heading.default\">\n\t\t\t\t<div class=\"elementor-widget-container\">\n\t\t\t\t\t<h2 class=\"elementor-heading-title elementor-size-default\">Wervingsproces<\/h2>\t\t\t\t<\/div>\n\t\t\t\t<\/div>\n\t\t\t\t<div class=\"elementor-element elementor-element-6776f20 elementor-widget elementor-widget-text-editor\" data-id=\"6776f20\" data-element_type=\"widget\" data-e-type=\"widget\" data-widget_type=\"text-editor.default\">\n\t\t\t\t<div class=\"elementor-widget-container\">\n\t\t\t\t\t\t\t\t\t<ol>\n<li>De klant vraagt om een voorstel voor een zonneproject.<\/li>\n<li>Een van onze vertegenwoordigers neemt contact op met de klant, beantwoordt eventuele vragen en spreekt een meetdatum af.<\/li>\n<li>Onze experts zijn aan het juiste adres voor de meting.<\/li>\n<li>Na het opmeten stellen we een offerte en een commercieel aanbod op maat van de klant op.<\/li>\n<li>De klant aanvaardt de aangeboden offerte.<\/li>\n<li>Ondertekening van het contract en betaling.<\/li><li>In minder dan 10 dagen kun je profiteren van zonne-energie.<\/li><\/ol>\t\t\t\t\t\t\t\t<\/div>\n\t\t\t\t<\/div>\n\t\t\t\t<div class=\"elementor-element elementor-element-13c055c elementor-align-center elementor-widget elementor-widget-button\" data-id=\"13c055c\" data-element_type=\"widget\" data-e-type=\"widget\" data-widget_type=\"button.default\">\n\t\t\t\t<div class=\"elementor-widget-container\">\n\t\t\t\t\t\t\t\t\t<div class=\"elementor-button-wrapper\">\n\t\t\t\t\t<a class=\"elementor-button elementor-button-link elementor-size-lg\" href=\"https:\/\/www.solar-model.com\/nl\/begroting\/\" target=\"_blank\">\n\t\t\t\t\t\t<span class=\"elementor-button-content-wrapper\">\n\t\t\t\t\t\t<span class=\"elementor-button-icon\">\n\t\t\t\t<i aria-hidden=\"true\" class=\"far fa-comment\"><\/i>\t\t\t<\/span>\n\t\t\t\t\t\t\t\t\t<span class=\"elementor-button-text\">Vraag vrijblijvend een onderzoek aan<\/span>\n\t\t\t\t\t<\/span>\n\t\t\t\t\t<\/a>\n\t\t\t\t<\/div>\n\t\t\t\t\t\t\t\t<\/div>\n\t\t\t\t<\/div>\n\t\t\t\t\t<\/div>\n\t\t<\/div>\n\t\t\t\t\t<\/div>\n\t\t<\/section>\n\t\t\t\t<section class=\"has_ae_slider elementor-section elementor-top-section elementor-element elementor-element-2108137 elementor-section-boxed elementor-section-height-default elementor-section-height-default ae-bg-gallery-type-default\" data-id=\"2108137\" data-element_type=\"section\" data-e-type=\"section\">\n\t\t\t\t\t\t<div class=\"elementor-container elementor-column-gap-default\">\n\t\t\t\t\t<div class=\"has_ae_slider elementor-column elementor-col-100 elementor-top-column elementor-element elementor-element-e86df83 ae-bg-gallery-type-default\" data-id=\"e86df83\" data-element_type=\"column\" data-e-type=\"column\">\n\t\t\t<div class=\"elementor-widget-wrap elementor-element-populated\">\n\t\t\t\t\t\t<div class=\"elementor-element elementor-element-8989581 elementor-widget elementor-widget-heading\" data-id=\"8989581\" data-element_type=\"widget\" data-e-type=\"widget\" data-widget_type=\"heading.default\">\n\t\t\t\t<div class=\"elementor-widget-container\">\n\t\t\t\t\t<h2 class=\"elementor-heading-title elementor-size-default\">Waar we zijn<\/h2>\t\t\t\t<\/div>\n\t\t\t\t<\/div>\n\t\t\t\t\t<\/div>\n\t\t<\/div>\n\t\t\t\t\t<\/div>\n\t\t<\/section>\n\t\t\t\t<section class=\"has_ae_slider elementor-section elementor-top-section elementor-element elementor-element-3820313 elementor-section-boxed elementor-section-height-default elementor-section-height-default ae-bg-gallery-type-default\" data-id=\"3820313\" data-element_type=\"section\" data-e-type=\"section\">\n\t\t\t\t\t\t<div class=\"elementor-container elementor-column-gap-default\">\n\t\t\t\t\t<div class=\"has_ae_slider elementor-column elementor-col-100 elementor-top-column elementor-element elementor-element-4f6227a ae-bg-gallery-type-default\" data-id=\"4f6227a\" data-element_type=\"column\" data-e-type=\"column\">\n\t\t\t<div class=\"elementor-widget-wrap elementor-element-populated\">\n\t\t\t\t\t\t<div class=\"elementor-element elementor-element-ce762f3 elementor-widget elementor-widget-text-editor\" data-id=\"ce762f3\" data-element_type=\"widget\" data-e-type=\"widget\" data-widget_type=\"text-editor.default\">\n\t\t\t\t<div class=\"elementor-widget-container\">\n\t\t\t\t\t\t\t\t\t<p style=\"font-size: 16px; font-style: normal; font-weight: 400;\">Onze kantoren bevinden zich naast onze magazijnen met materiaal voor fotovolta\u00efsche installaties in de Pol\u00edgono Casagrande in Torrevieja, in de provincie Alicante.<\/p><p style=\"font-size: 16px; font-style: normal; font-weight: 400;\">Het is gemakkelijk bereikbaar vanaf de twee belangrijkste toegangswegen naar de stad. Ofwel via de Cartagena weg (N-332) of de Crevillente weg (CV-905).<\/p>\t\t\t\t\t\t\t\t<\/div>\n\t\t\t\t<\/div>\n\t\t\t\t\t<\/div>\n\t\t<\/div>\n\t\t\t\t\t<\/div>\n\t\t<\/section>\n\t\t\t\t<section class=\"has_ae_slider elementor-section elementor-top-section elementor-element elementor-element-e88b66b elementor-section-boxed elementor-section-height-default elementor-section-height-default ae-bg-gallery-type-default\" data-id=\"e88b66b\" data-element_type=\"section\" data-e-type=\"section\">\n\t\t\t\t\t\t<div class=\"elementor-container elementor-column-gap-default\">\n\t\t\t\t\t<div class=\"has_ae_slider elementor-column elementor-col-100 elementor-top-column elementor-element elementor-element-061ac3e ae-bg-gallery-type-default\" data-id=\"061ac3e\" data-element_type=\"column\" data-e-type=\"column\">\n\t\t\t<div class=\"elementor-widget-wrap elementor-element-populated\">\n\t\t\t\t\t\t<div class=\"elementor-element elementor-element-8a5b61d elementor-widget elementor-widget-google_maps\" data-id=\"8a5b61d\" data-element_type=\"widget\" data-e-type=\"widget\" data-widget_type=\"google_maps.default\">\n\t\t\t\t<div class=\"elementor-widget-container\">\n\t\t\t\t\t\t\t<div class=\"elementor-custom-embed\">\n\t\t\t<iframe loading=\"lazy\"\n\t\t\t\t\tsrc=\"https:\/\/maps.google.com\/maps?q=Solar%20Model%2C%20Calle%20Acacio%20Rebagliato%20Pamies%2035%2C%2003183%20Torrevieja&#038;t=m&#038;z=16&#038;output=embed&#038;iwloc=near\"\n\t\t\t\t\ttitle=\"Bouwgrond Model, Calle Acacio Rebagliato Pamies 35, 03183 Torrevieja\"\n\t\t\t\t\taria-label=\"Bouwgrond Model, Calle Acacio Rebagliato Pamies 35, 03183 Torrevieja\"\n\t\t\t><\/iframe>\n\t\t<\/div>\n\t\t\t\t\t\t<\/div>\n\t\t\t\t<\/div>\n\t\t\t\t\t<\/div>\n\t\t<\/div>\n\t\t\t\t\t<\/div>\n\t\t<\/section>\n\t\t\t\t<\/div>","protected":false},"excerpt":{"rendered":"<p>Solar Model La tranquilidad de trabajar con una empresa l\u00edder del sector Solar Model es una empresa especializada en la comercializaci\u00f3n de sistemas fotovoltaicas e instalaci\u00f3n de sistemas solares con m\u00e1s de 10 a\u00f1os de experiencia, l\u00edder en el mercado con materiales de primera calidad de propia importaci\u00f3n. Disponemos de un equipo de profesionales, desde [&hellip;]<\/p>\n","protected":false},"author":1,"featured_media":0,"parent":0,"menu_order":0,"comment_status":"closed","ping_status":"closed","template":"","meta":{"site-sidebar-layout":"no-sidebar","site-content-layout":"page-builder","ast-site-content-layout":"full-width-container","site-content-style":"default","site-sidebar-style":"default","ast-global-header-display":"","ast-banner-title-visibility":"","ast-main-header-display":"","ast-hfb-above-header-display":"","ast-hfb-below-header-display":"","ast-hfb-mobile-header-display":"","site-post-title":"disabled","ast-breadcrumbs-content":"","ast-featured-img":"disabled","footer-sml-layout":"","ast-disable-related-posts":"","theme-transparent-header-meta":"","adv-header-id-meta":"","stick-header-meta":"","header-above-stick-meta":"","header-main-stick-meta":"","header-below-stick-meta":"","astra-migrate-meta-layouts":"default","ast-page-background-enabled":"default","ast-page-background-meta":{"desktop":{"background-color":"","background-image":"","background-repeat":"repeat","background-position":"center center","background-size":"auto","background-attachment":"scroll","background-type":"","background-media":"","overlay-type":"","overlay-color":"","overlay-opacity":"","overlay-gradient":""},"tablet":{"background-color":"","background-image":"","background-repeat":"repeat","background-position":"center center","background-size":"auto","background-attachment":"scroll","background-type":"","background-media":"","overlay-type":"","overlay-color":"","overlay-opacity":"","overlay-gradient":""},"mobile":{"background-color":"","background-image":"","background-repeat":"repeat","background-position":"center center","background-size":"auto","background-attachment":"scroll","background-type":"","background-media":"","overlay-type":"","overlay-color":"","overlay-opacity":"","overlay-gradient":""}},"ast-content-background-meta":{"desktop":{"background-color":"var(--ast-global-color-5)","background-image":"","background-repeat":"repeat","background-position":"center center","background-size":"auto","background-attachment":"scroll","background-type":"","background-media":"","overlay-type":"","overlay-color":"","overlay-opacity":"","overlay-gradient":""},"tablet":{"background-color":"var(--ast-global-color-5)","background-image":"","background-repeat":"repeat","background-position":"center center","background-size":"auto","background-attachment":"scroll","background-type":"","background-media":"","overlay-type":"","overlay-color":"","overlay-opacity":"","overlay-gradient":""},"mobile":{"background-color":"var(--ast-global-color-5)","background-image":"","background-repeat":"repeat","background-position":"center center","background-size":"auto","background-attachment":"scroll","background-type":"","background-media":"","overlay-type":"","overlay-color":"","overlay-opacity":"","overlay-gradient":""}},"_joinchat":[],"footnotes":""},"class_list":["post-738","page","type-page","status-publish","hentry"],"_links":{"self":[{"href":"https:\/\/www.solar-model.com\/nl\/wp-json\/wp\/v2\/pages\/738","targetHints":{"allow":["GET"]}}],"collection":[{"href":"https:\/\/www.solar-model.com\/nl\/wp-json\/wp\/v2\/pages"}],"about":[{"href":"https:\/\/www.solar-model.com\/nl\/wp-json\/wp\/v2\/types\/page"}],"author":[{"embeddable":true,"href":"https:\/\/www.solar-model.com\/nl\/wp-json\/wp\/v2\/users\/1"}],"replies":[{"embeddable":true,"href":"https:\/\/www.solar-model.com\/nl\/wp-json\/wp\/v2\/comments?post=738"}],"version-history":[{"count":129,"href":"https:\/\/www.solar-model.com\/nl\/wp-json\/wp\/v2\/pages\/738\/revisions"}],"predecessor-version":[{"id":1522,"href":"https:\/\/www.solar-model.com\/nl\/wp-json\/wp\/v2\/pages\/738\/revisions\/1522"}],"wp:attachment":[{"href":"https:\/\/www.solar-model.com\/nl\/wp-json\/wp\/v2\/media?parent=738"}],"curies":[{"name":"wp","href":"https:\/\/api.w.org\/{rel}","templated":true}]}}