{"id":981,"date":"2023-12-29T18:00:33","date_gmt":"2023-12-29T16:00:33","guid":{"rendered":"https:\/\/solar-model.com\/?page_id=981"},"modified":"2024-01-24T14:15:13","modified_gmt":"2024-01-24T12:15:13","slug":"autoconsumo-aislado","status":"publish","type":"page","link":"https:\/\/www.solar-model.com\/nl\/geisoleerde-zelfconsumptie\/","title":{"rendered":"Ge\u00efsoleerde zelfconsumptie"},"content":{"rendered":"<div data-elementor-type=\"wp-page\" data-elementor-id=\"981\" class=\"elementor elementor-981\" data-elementor-post-type=\"page\">\n\t\t\t\t\t\t<section class=\"has_ae_slider elementor-section elementor-top-section elementor-element elementor-element-d6b76bd elementor-section-boxed elementor-section-height-default elementor-section-height-default ae-bg-gallery-type-default\" data-id=\"d6b76bd\" data-element_type=\"section\" data-e-type=\"section\">\n\t\t\t\t\t\t<div class=\"elementor-container elementor-column-gap-default\">\n\t\t\t\t\t<div class=\"has_ae_slider elementor-column elementor-col-100 elementor-top-column elementor-element elementor-element-3f650bc ae-bg-gallery-type-default\" data-id=\"3f650bc\" data-element_type=\"column\" data-e-type=\"column\">\n\t\t\t<div class=\"elementor-widget-wrap\">\n\t\t\t\t\t\t\t<\/div>\n\t\t<\/div>\n\t\t\t\t\t<\/div>\n\t\t<\/section>\n\t\t\t\t<section class=\"has_ae_slider elementor-section elementor-top-section elementor-element elementor-element-61827e3 elementor-section-boxed elementor-section-height-default elementor-section-height-default ae-bg-gallery-type-default\" data-id=\"61827e3\" data-element_type=\"section\" data-e-type=\"section\">\n\t\t\t\t\t\t<div class=\"elementor-container elementor-column-gap-default\">\n\t\t\t\t\t<div class=\"has_ae_slider elementor-column elementor-col-100 elementor-top-column elementor-element elementor-element-a35f388 ae-bg-gallery-type-default\" data-id=\"a35f388\" data-element_type=\"column\" data-e-type=\"column\">\n\t\t\t<div class=\"elementor-widget-wrap elementor-element-populated\">\n\t\t\t\t\t\t<div class=\"elementor-element elementor-element-7d83901 elementor-widget elementor-widget-text-editor\" data-id=\"7d83901\" data-element_type=\"widget\" data-e-type=\"widget\" data-widget_type=\"text-editor.default\">\n\t\t\t\t<div class=\"elementor-widget-container\">\n\t\t\t\t\t\t\t\t\t<p style=\"font-size: 16px; font-style: normal; font-weight: 400;\">Ge\u00efsoleerd eigenverbruik is een praktijk die momenteel aan populariteit wint, dankzij de technologische vooruitgang en de groeiende bezorgdheid over duurzaamheid en het verminderen van de afhankelijkheid van niet-hernieuwbare energiebronnen. Dit concept is gebaseerd op het opwekken van eigen energie en het uitsluitend gebruiken om te voldoen aan de behoeften van een huis, bedrijf of andere faciliteit.<\/p>\n<p style=\"font-size: 16px; font-style: normal; font-weight: 400;\"><span style=\"font-style: inherit; font-weight: inherit; background-color: var(--ast-global-color-4); color: var(--ast-global-color-3);\">Een van de belangrijkste voordelen van ge\u00efsoleerd zelfverbruik is de energieonafhankelijkheid die het oplevert. Door de eigen geproduceerde energie op te wekken en te gebruiken, kan de afhankelijkheid van het conventionele elektriciteitsnet drastisch worden verminderd. Dit is vooral gunstig in landelijke of afgelegen gebieden waar aansluiting op het elektriciteitsnet ingewikkeld of duur kan zijn.<\/span><\/p>\n<p style=\"font-size: 16px; font-style: normal; font-weight: 400;\"><span style=\"font-style: inherit; font-weight: inherit; background-color: var(--ast-global-color-4); color: var(--ast-global-color-3);\">Bovendien draagt ge\u00efsoleerd eigenverbruik aanzienlijk bij tot de vermindering van de uitstoot van broeikasgassen, omdat het voornamelijk gebaseerd is op hernieuwbare energiebronnen zoals zonne-energie, windenergie of waterkracht. Door het gebruik van deze schone energiebronnen wordt de koolstofvoetafdruk verkleind en wordt bijgedragen aan de strijd tegen klimaatverandering.<\/span><\/p>\t\t\t\t\t\t\t\t<\/div>\n\t\t\t\t<\/div>\n\t\t\t\t<div class=\"elementor-element elementor-element-86518e8 elementor-widget elementor-widget-image\" data-id=\"86518e8\" data-element_type=\"widget\" data-e-type=\"widget\" data-widget_type=\"image.default\">\n\t\t\t\t<div class=\"elementor-widget-container\">\n\t\t\t\t\t\t\t\t\t\t\t\t\t\t\t<img fetchpriority=\"high\" decoding=\"async\" width=\"990\" height=\"350\" src=\"https:\/\/www.solar-model.com\/wp-content\/uploads\/2023\/12\/Autoconsumo-solar-aislado.jpg\" class=\"attachment-large size-large wp-image-982\" alt=\"\" srcset=\"https:\/\/www.solar-model.com\/wp-content\/uploads\/2023\/12\/Autoconsumo-solar-aislado.jpg 990w, https:\/\/www.solar-model.com\/wp-content\/uploads\/2023\/12\/Autoconsumo-solar-aislado-300x106.jpg 300w, https:\/\/www.solar-model.com\/wp-content\/uploads\/2023\/12\/Autoconsumo-solar-aislado-768x272.jpg 768w, https:\/\/www.solar-model.com\/wp-content\/uploads\/2023\/12\/Autoconsumo-solar-aislado-18x6.jpg 18w\" sizes=\"(max-width: 990px) 100vw, 990px\" \/>\t\t\t\t\t\t\t\t\t\t\t\t\t\t\t<\/div>\n\t\t\t\t<\/div>\n\t\t\t\t<div class=\"elementor-element elementor-element-60b9138 elementor-widget__width-initial elementor-widget elementor-widget-text-editor\" data-id=\"60b9138\" data-element_type=\"widget\" data-e-type=\"widget\" data-widget_type=\"text-editor.default\">\n\t\t\t\t<div class=\"elementor-widget-container\">\n\t\t\t\t\t\t\t\t\t<p>Een ander groot voordeel van ge\u00efsoleerd eigenverbruik is de mogelijkheid om aanzienlijk te besparen op de elektriciteitsrekening. Door je eigen energie op te wekken, vermijd je de hoge kosten die gepaard gaan met conventionele elektriciteit. Als er meer energie wordt geproduceerd dan nodig is, kan deze bovendien worden opgeslagen in batterijen voor later gebruik, wat de afhankelijkheid van het elektriciteitsnet en de elektriciteitskosten verder vermindert.<span style=\"background-color: var(--ast-global-color-4); color: var(--ast-global-color-3); font-style: inherit; font-weight: inherit;\"><br \/><\/span><\/p><p><span style=\"background-color: var(--ast-global-color-4); color: var(--ast-global-color-3); font-style: inherit; font-weight: inherit;\">Ge\u00efsoleerd eigenverbruik brengt echter ook een aantal uitdagingen met zich mee. De installatie van systemen voor het opwekken van hernieuwbare energie kan hoge initi\u00eble kosten met zich meebrengen, maar op de lange termijn compenseren de economische besparingen deze investering. Bovendien is een goede controle en onderhoud van de apparatuur nodig om een correcte werking te garanderen en de levensduur te verlengen.<\/span><\/p><p><span style=\"font-style: inherit; font-weight: inherit; background-color: var(--ast-global-color-4); color: var(--ast-global-color-3);\">Ge\u00efsoleerd eigenverbruik is dus een steeds aantrekkelijkere en haalbare optie voor wie energieonafhankelijker wil zijn en zijn impact op het milieu wil verminderen. Deze praktijk is niet alleen economisch voordelig, omdat er wordt bespaard op de elektriciteitsrekening, maar draagt ook bij aan het milieu door het gebruik van hernieuwbare energiebronnen. Naarmate de technologie\u00ebn zich ontwikkelen en de installatiekosten dalen, zal ge\u00efsoleerd eigenverbruik een nog betaalbaarder en toegankelijker alternatief worden voor iedereen.<\/span><\/p>\t\t\t\t\t\t\t\t<\/div>\n\t\t\t\t<\/div>\n\t\t\t\t\t<\/div>\n\t\t<\/div>\n\t\t\t\t\t<\/div>\n\t\t<\/section>\n\t\t\t\t<section class=\"has_ae_slider elementor-section elementor-top-section elementor-element elementor-element-853ee47 elementor-section-boxed elementor-section-height-default elementor-section-height-default ae-bg-gallery-type-default\" data-id=\"853ee47\" data-element_type=\"section\" data-e-type=\"section\">\n\t\t\t\t\t\t<div class=\"elementor-container elementor-column-gap-default\">\n\t\t\t\t\t<div class=\"has_ae_slider elementor-column elementor-col-100 elementor-top-column elementor-element elementor-element-30cbd14 ae-bg-gallery-type-default\" data-id=\"30cbd14\" data-element_type=\"column\" data-e-type=\"column\">\n\t\t\t<div class=\"elementor-widget-wrap elementor-element-populated\">\n\t\t\t\t\t\t<div class=\"elementor-element elementor-element-25e4f8a elementor-align-center elementor-widget elementor-widget-button\" data-id=\"25e4f8a\" data-element_type=\"widget\" data-e-type=\"widget\" data-widget_type=\"button.default\">\n\t\t\t\t<div class=\"elementor-widget-container\">\n\t\t\t\t\t\t\t\t\t<div class=\"elementor-button-wrapper\">\n\t\t\t\t\t<a class=\"elementor-button elementor-button-link elementor-size-sm\" href=\"https:\/\/www.solar-model.com\/nl\/begroting\/\">\n\t\t\t\t\t\t<span class=\"elementor-button-content-wrapper\">\n\t\t\t\t\t\t<span class=\"elementor-button-icon\">\n\t\t\t\t<i aria-hidden=\"true\" class=\"far fa-comment\"><\/i>\t\t\t<\/span>\n\t\t\t\t\t\t\t\t\t<span class=\"elementor-button-text\">Vraag een vrijblijvende offerte aan<\/span>\n\t\t\t\t\t<\/span>\n\t\t\t\t\t<\/a>\n\t\t\t\t<\/div>\n\t\t\t\t\t\t\t\t<\/div>\n\t\t\t\t<\/div>\n\t\t\t\t\t<\/div>\n\t\t<\/div>\n\t\t\t\t\t<\/div>\n\t\t<\/section>\n\t\t\t\t<\/div>","protected":false},"excerpt":{"rendered":"<p>Autoconsumo solar aislado Obt\u00e9n energ\u00eda sin depender de la red el\u00e9ctrica El autoconsumo aislado es una pr\u00e1ctica que est\u00e1 ganando popularidad en la actualidad, gracias a los avances tecnol\u00f3gicos y a las preocupaciones crecientes por la sostenibilidad y la reducci\u00f3n de la dependencia de fuentes de energ\u00eda no renovables. Este concepto se basa en la [&hellip;]<\/p>\n","protected":false},"author":1,"featured_media":0,"parent":0,"menu_order":0,"comment_status":"closed","ping_status":"closed","template":"","meta":{"site-sidebar-layout":"no-sidebar","site-content-layout":"page-builder","ast-site-content-layout":"full-width-container","site-content-style":"default","site-sidebar-style":"default","ast-global-header-display":"","ast-banner-title-visibility":"","ast-main-header-display":"","ast-hfb-above-header-display":"","ast-hfb-below-header-display":"","ast-hfb-mobile-header-display":"","site-post-title":"disabled","ast-breadcrumbs-content":"","ast-featured-img":"disabled","footer-sml-layout":"","ast-disable-related-posts":"","theme-transparent-header-meta":"","adv-header-id-meta":"","stick-header-meta":"","header-above-stick-meta":"","header-main-stick-meta":"","header-below-stick-meta":"","astra-migrate-meta-layouts":"default","ast-page-background-enabled":"default","ast-page-background-meta":{"desktop":{"background-color":"","background-image":"","background-repeat":"repeat","background-position":"center center","background-size":"auto","background-attachment":"scroll","background-type":"","background-media":"","overlay-type":"","overlay-color":"","overlay-opacity":"","overlay-gradient":""},"tablet":{"background-color":"","background-image":"","background-repeat":"repeat","background-position":"center center","background-size":"auto","background-attachment":"scroll","background-type":"","background-media":"","overlay-type":"","overlay-color":"","overlay-opacity":"","overlay-gradient":""},"mobile":{"background-color":"","background-image":"","background-repeat":"repeat","background-position":"center center","background-size":"auto","background-attachment":"scroll","background-type":"","background-media":"","overlay-type":"","overlay-color":"","overlay-opacity":"","overlay-gradient":""}},"ast-content-background-meta":{"desktop":{"background-color":"var(--ast-global-color-5)","background-image":"","background-repeat":"repeat","background-position":"center center","background-size":"auto","background-attachment":"scroll","background-type":"","background-media":"","overlay-type":"","overlay-color":"","overlay-opacity":"","overlay-gradient":""},"tablet":{"background-color":"var(--ast-global-color-5)","background-image":"","background-repeat":"repeat","background-position":"center center","background-size":"auto","background-attachment":"scroll","background-type":"","background-media":"","overlay-type":"","overlay-color":"","overlay-opacity":"","overlay-gradient":""},"mobile":{"background-color":"var(--ast-global-color-5)","background-image":"","background-repeat":"repeat","background-position":"center center","background-size":"auto","background-attachment":"scroll","background-type":"","background-media":"","overlay-type":"","overlay-color":"","overlay-opacity":"","overlay-gradient":""}},"_joinchat":[],"footnotes":""},"class_list":["post-981","page","type-page","status-publish","hentry"],"_links":{"self":[{"href":"https:\/\/www.solar-model.com\/nl\/wp-json\/wp\/v2\/pages\/981","targetHints":{"allow":["GET"]}}],"collection":[{"href":"https:\/\/www.solar-model.com\/nl\/wp-json\/wp\/v2\/pages"}],"about":[{"href":"https:\/\/www.solar-model.com\/nl\/wp-json\/wp\/v2\/types\/page"}],"author":[{"embeddable":true,"href":"https:\/\/www.solar-model.com\/nl\/wp-json\/wp\/v2\/users\/1"}],"replies":[{"embeddable":true,"href":"https:\/\/www.solar-model.com\/nl\/wp-json\/wp\/v2\/comments?post=981"}],"version-history":[{"count":15,"href":"https:\/\/www.solar-model.com\/nl\/wp-json\/wp\/v2\/pages\/981\/revisions"}],"predecessor-version":[{"id":1434,"href":"https:\/\/www.solar-model.com\/nl\/wp-json\/wp\/v2\/pages\/981\/revisions\/1434"}],"wp:attachment":[{"href":"https:\/\/www.solar-model.com\/nl\/wp-json\/wp\/v2\/media?parent=981"}],"curies":[{"name":"wp","href":"https:\/\/api.w.org\/{rel}","templated":true}]}}