{"id":1114,"date":"2024-01-01T20:47:05","date_gmt":"2024-01-01T18:47:05","guid":{"rendered":"https:\/\/solar-model.com\/?page_id=1114"},"modified":"2024-02-22T13:15:09","modified_gmt":"2024-02-22T12:15:09","slug":"servicios","status":"publish","type":"page","link":"https:\/\/www.solar-model.com\/pl\/uslugi\/","title":{"rendered":"Us\u0142ugi"},"content":{"rendered":"<div data-elementor-type=\"wp-page\" data-elementor-id=\"1114\" class=\"elementor elementor-1114\" data-elementor-post-type=\"page\">\n\t\t\t\t\t\t<section class=\"has_ae_slider elementor-section elementor-top-section elementor-element elementor-element-47d40ce elementor-section-boxed elementor-section-height-default elementor-section-height-default ae-bg-gallery-type-default\" data-id=\"47d40ce\" data-element_type=\"section\" data-e-type=\"section\">\n\t\t\t\t\t\t<div class=\"elementor-container elementor-column-gap-default\">\n\t\t\t\t\t<div class=\"has_ae_slider elementor-column elementor-col-100 elementor-top-column elementor-element elementor-element-879270f ae-bg-gallery-type-default\" data-id=\"879270f\" data-element_type=\"column\" data-e-type=\"column\">\n\t\t\t<div class=\"elementor-widget-wrap elementor-element-populated\">\n\t\t\t\t\t\t<div class=\"elementor-element elementor-element-b07c37e elementor-widget elementor-widget-heading\" data-id=\"b07c37e\" data-element_type=\"widget\" data-e-type=\"widget\" data-widget_type=\"heading.default\">\n\t\t\t\t<div class=\"elementor-widget-container\">\n\t\t\t\t\t<h2 class=\"elementor-heading-title elementor-size-default\">Nasze us\u0142ugi<\/h2>\t\t\t\t<\/div>\n\t\t\t\t<\/div>\n\t\t\t\t\t<\/div>\n\t\t<\/div>\n\t\t\t\t\t<\/div>\n\t\t<\/section>\n\t\t\t\t<section class=\"has_ae_slider elementor-section elementor-top-section elementor-element elementor-element-e97883a elementor-section-boxed elementor-section-height-default elementor-section-height-default ae-bg-gallery-type-default\" data-id=\"e97883a\" data-element_type=\"section\" data-e-type=\"section\">\n\t\t\t\t\t\t<div class=\"elementor-container elementor-column-gap-default\">\n\t\t\t\t\t<div class=\"has_ae_slider elementor-column elementor-col-100 elementor-top-column elementor-element elementor-element-bc0b3b4 ae-bg-gallery-type-default\" data-id=\"bc0b3b4\" data-element_type=\"column\" data-e-type=\"column\">\n\t\t\t<div class=\"elementor-widget-wrap elementor-element-populated\">\n\t\t\t\t\t\t<div class=\"elementor-element elementor-element-4dc10f7 elementor-widget elementor-widget-text-editor\" data-id=\"4dc10f7\" data-element_type=\"widget\" data-e-type=\"widget\" data-widget_type=\"text-editor.default\">\n\t\t\t\t<div class=\"elementor-widget-container\">\n\t\t\t\t\t\t\t\t\t<p>W Solar Model jeste\u015bmy specjalistami w zakresie instalacji solarnych dostosowanych do potrzeb naszych klient\u00f3w. Instalujemy wszystkie rodzaje instalacji solarnych, takie jak <a href=\"https:\/\/www.solar-model.com\/pl\/samowystarczalnosc-energetyczna-gospodarstw-domowych\/\">instalacje mieszkaniowe na w\u0142asne potrzeby<\/a> dla mieszka\u0144 prywatnych, <a href=\"https:\/\/www.solar-model.com\/pl\/samowystarczalnosc-przemyslowa\/\">przemys\u0142owe instalacje samowystarczalne energetycznie<\/a> dla firm, <a href=\"https:\/\/www.solar-model.com\/pl\/izolowana-konsumpcja-wlasna\/\">odizolowane instalacje na potrzeby w\u0142asne<\/a> dla dom\u00f3w wiejskich, <a href=\"https:\/\/www.solar-model.com\/pl\/ogrody-sloneczne\/\">ogrody s\u0142oneczne<\/a> do odprowadzania do sieci i wiele wi\u0119cej.<\/p><p>Dostosowane do indywidualnych potrzeb instalacje solarne sta\u0142y si\u0119 doskona\u0142ym sposobem na wykorzystanie potencja\u0142u energii s\u0142onecznej w wydajny i zr\u00f3wnowa\u017cony spos\u00f3b. Te niestandardowe instalacje s\u0105 projektowane z my\u015bl\u0105 o konkretnych potrzebach energetycznych ka\u017cdego klienta, zapewniaj\u0105c osi\u0105gni\u0119cie maksymalnej wydajno\u015bci i korzy\u015bci.<\/p><p><span style=\"font-style: inherit; font-weight: inherit; background-color: var(--ast-global-color-4); color: var(--ast-global-color-3);\">Jedn\u0105 z najwi\u0119kszych zalet niestandardowych instalacji solarnych jest to, \u017ce umo\u017cliwiaj\u0105 one u\u017cytkownikom wytwarzanie w\u0142asnej energii odnawialnej. Oznacza to, \u017ce mog\u0105 oni zmniejszy\u0107 swoj\u0105 zale\u017cno\u015b\u0107 od konwencjonalnych \u017ar\u00f3de\u0142 energii, takich jak ropa naftowa czy gaz, i przyczyni\u0107 si\u0119 do redukcji emisji dwutlenku w\u0119gla. Co wi\u0119cej, wytwarzaj\u0105c w\u0142asn\u0105 energi\u0119, u\u017cytkownicy mog\u0105 w d\u0142u\u017cszej perspektywie zaoszcz\u0119dzi\u0107 na rachunkach za pr\u0105d.<\/span><\/p><p><span style=\"font-style: inherit; font-weight: inherit; background-color: var(--ast-global-color-4); color: var(--ast-global-color-3);\">Instalacja niestandardowych paneli s\u0142onecznych wymaga dok\u0142adnego wst\u0119pnego badania w celu okre\u015blenia ilo\u015bci potrzebnej energii i najlepszego sposobu jej wykorzystania. Ocena ta obejmuje analiz\u0119 zu\u017cycia energii elektrycznej przez klienta, a tak\u017ce ocen\u0119 potencja\u0142u s\u0142onecznego dost\u0119pnego w danej lokalizacji. Dzi\u0119ki tym informacjom mo\u017cna okre\u015bli\u0107 liczb\u0119 potrzebnych paneli s\u0142onecznych i najbardziej wydajn\u0105 dystrybucj\u0119, aby zmaksymalizowa\u0107 wytwarzanie energii.<\/span><\/p><p><span style=\"background-color: var(--ast-global-color-4); color: var(--ast-global-color-3); font-style: inherit; font-weight: inherit;\">Instalacje solarne, opr\u00f3cz paneli s\u0142onecznych, zawieraj\u0105 inne komponenty, takie jak falowniki solarne, akumulatory i systemy monitorowania. Elementy te umo\u017cliwiaj\u0105 optymalizacj\u0119 wydajno\u015bci systemu, magazynowanie nadmiaru energii wytworzonej w ci\u0105gu dnia do p\u00f3\u017aniejszego wykorzystania oraz monitorowanie produkcji i zu\u017cycia energii w czasie rzeczywistym.<\/span><\/p><p><span style=\"font-style: inherit; font-weight: inherit; background-color: var(--ast-global-color-4); color: var(--ast-global-color-3);\">Nale\u017cy zauwa\u017cy\u0107, \u017ce niestandardowe instalacje solarne mo\u017cna dostosowa\u0107 do ka\u017cdego rodzaju nieruchomo\u015bci, niezale\u017cnie od tego, czy jest to prywatny dom, budynek komercyjny, czy nawet obiekt przemys\u0142owy. Bez wzgl\u0119du na rozmiar i lokalizacj\u0119, zawsze istnieje rozwi\u0105zanie solarne dostosowane do potrzeb ka\u017cdego klienta.<\/span><\/p><p><span style=\"font-style: inherit; font-weight: inherit; background-color: var(--ast-global-color-4); color: var(--ast-global-color-3);\">Kr\u00f3tko m\u00f3wi\u0105c, instalacje solarne szyte na miar\u0119 s\u0105 doskona\u0142\u0105 opcj\u0105 dla tych, kt\u00f3rzy chc\u0105 wykorzysta\u0107 potencja\u0142 energetyczny s\u0142o\u0144ca i zmniejszy\u0107 swoj\u0105 zale\u017cno\u015b\u0107 od paliw kopalnych. Te niestandardowe instalacje s\u0105 dostosowane do potrzeb energetycznych ka\u017cdego klienta, zapewniaj\u0105c wydajne i zr\u00f3wnowa\u017cone rozwi\u0105zanie, kt\u00f3re przyczynia si\u0119 do dba\u0142o\u015bci o \u015brodowisko i oszcz\u0119dza koszty w d\u0142u\u017cszej perspektywie.<\/span><\/p><p><span style=\"font-style: inherit; font-weight: inherit; background-color: var(--ast-global-color-4); color: var(--ast-global-color-3);\"><a href=\"https:\/\/www.solar-model.com\/pl\/nasze-obiekty\/\">Kliknij tutaj<\/a> aby zobaczy\u0107 kilka przyk\u0142ad\u00f3w naszych obiekt\u00f3w<\/span><\/p>\t\t\t\t\t\t\t\t<\/div>\n\t\t\t\t<\/div>\n\t\t\t\t\t<\/div>\n\t\t<\/div>\n\t\t\t\t\t<\/div>\n\t\t<\/section>\n\t\t\t\t<section class=\"has_ae_slider elementor-section elementor-top-section elementor-element elementor-element-422dc07 elementor-section-boxed elementor-section-height-default elementor-section-height-default ae-bg-gallery-type-default\" data-id=\"422dc07\" data-element_type=\"section\" data-e-type=\"section\">\n\t\t\t\t\t\t<div class=\"elementor-container elementor-column-gap-default\">\n\t\t\t\t\t<div class=\"has_ae_slider elementor-column elementor-col-100 elementor-top-column elementor-element elementor-element-d5c2ab7 ae-bg-gallery-type-default\" data-id=\"d5c2ab7\" data-element_type=\"column\" data-e-type=\"column\">\n\t\t\t<div class=\"elementor-widget-wrap elementor-element-populated\">\n\t\t\t\t\t\t<div class=\"elementor-element elementor-element-d7b1126 elementor-align-center elementor-widget elementor-widget-button\" data-id=\"d7b1126\" data-element_type=\"widget\" data-e-type=\"widget\" data-widget_type=\"button.default\">\n\t\t\t\t<div class=\"elementor-widget-container\">\n\t\t\t\t\t\t\t\t\t<div class=\"elementor-button-wrapper\">\n\t\t\t\t\t<a class=\"elementor-button elementor-button-link elementor-size-sm\" href=\"https:\/\/www.solar-model.com\/pl\/budzet\/\">\n\t\t\t\t\t\t<span class=\"elementor-button-content-wrapper\">\n\t\t\t\t\t\t\t\t\t<span class=\"elementor-button-text\">Popro\u015b o niewi\u0105\u017c\u0105c\u0105 wycen\u0119<\/span>\n\t\t\t\t\t<\/span>\n\t\t\t\t\t<\/a>\n\t\t\t\t<\/div>\n\t\t\t\t\t\t\t\t<\/div>\n\t\t\t\t<\/div>\n\t\t\t\t\t<\/div>\n\t\t<\/div>\n\t\t\t\t\t<\/div>\n\t\t<\/section>\n\t\t\t\t<\/div>","protected":false},"excerpt":{"rendered":"<p>Nuestros servicios En Solar Model somos especialistas en instalaciones solares a medida de las necesidades de nuestros clientes. Montamos todo tipo de instalaciones solares como instalaciones de autoconsumo residencial para viviendas particulares, instalaciones de autoconsumo industrial para empresas, instalaciones de autoconsumo aislado para casas rurales, huertos solares para vertido a la red y mucho m\u00e1s. [&hellip;]<\/p>\n","protected":false},"author":1,"featured_media":0,"parent":0,"menu_order":0,"comment_status":"closed","ping_status":"closed","template":"","meta":{"site-sidebar-layout":"no-sidebar","site-content-layout":"page-builder","ast-site-content-layout":"full-width-container","site-content-style":"default","site-sidebar-style":"default","ast-global-header-display":"","ast-banner-title-visibility":"","ast-main-header-display":"","ast-hfb-above-header-display":"","ast-hfb-below-header-display":"","ast-hfb-mobile-header-display":"","site-post-title":"disabled","ast-breadcrumbs-content":"","ast-featured-img":"disabled","footer-sml-layout":"","ast-disable-related-posts":"","theme-transparent-header-meta":"","adv-header-id-meta":"","stick-header-meta":"","header-above-stick-meta":"","header-main-stick-meta":"","header-below-stick-meta":"","astra-migrate-meta-layouts":"default","ast-page-background-enabled":"default","ast-page-background-meta":{"desktop":{"background-color":"","background-image":"","background-repeat":"repeat","background-position":"center center","background-size":"auto","background-attachment":"scroll","background-type":"","background-media":"","overlay-type":"","overlay-color":"","overlay-opacity":"","overlay-gradient":""},"tablet":{"background-color":"","background-image":"","background-repeat":"repeat","background-position":"center center","background-size":"auto","background-attachment":"scroll","background-type":"","background-media":"","overlay-type":"","overlay-color":"","overlay-opacity":"","overlay-gradient":""},"mobile":{"background-color":"","background-image":"","background-repeat":"repeat","background-position":"center center","background-size":"auto","background-attachment":"scroll","background-type":"","background-media":"","overlay-type":"","overlay-color":"","overlay-opacity":"","overlay-gradient":""}},"ast-content-background-meta":{"desktop":{"background-color":"var(--ast-global-color-5)","background-image":"","background-repeat":"repeat","background-position":"center center","background-size":"auto","background-attachment":"scroll","background-type":"","background-media":"","overlay-type":"","overlay-color":"","overlay-opacity":"","overlay-gradient":""},"tablet":{"background-color":"var(--ast-global-color-5)","background-image":"","background-repeat":"repeat","background-position":"center center","background-size":"auto","background-attachment":"scroll","background-type":"","background-media":"","overlay-type":"","overlay-color":"","overlay-opacity":"","overlay-gradient":""},"mobile":{"background-color":"var(--ast-global-color-5)","background-image":"","background-repeat":"repeat","background-position":"center center","background-size":"auto","background-attachment":"scroll","background-type":"","background-media":"","overlay-type":"","overlay-color":"","overlay-opacity":"","overlay-gradient":""}},"_joinchat":[],"footnotes":""},"class_list":["post-1114","page","type-page","status-publish","hentry"],"_links":{"self":[{"href":"https:\/\/www.solar-model.com\/pl\/wp-json\/wp\/v2\/pages\/1114","targetHints":{"allow":["GET"]}}],"collection":[{"href":"https:\/\/www.solar-model.com\/pl\/wp-json\/wp\/v2\/pages"}],"about":[{"href":"https:\/\/www.solar-model.com\/pl\/wp-json\/wp\/v2\/types\/page"}],"author":[{"embeddable":true,"href":"https:\/\/www.solar-model.com\/pl\/wp-json\/wp\/v2\/users\/1"}],"replies":[{"embeddable":true,"href":"https:\/\/www.solar-model.com\/pl\/wp-json\/wp\/v2\/comments?post=1114"}],"version-history":[{"count":33,"href":"https:\/\/www.solar-model.com\/pl\/wp-json\/wp\/v2\/pages\/1114\/revisions"}],"predecessor-version":[{"id":1579,"href":"https:\/\/www.solar-model.com\/pl\/wp-json\/wp\/v2\/pages\/1114\/revisions\/1579"}],"wp:attachment":[{"href":"https:\/\/www.solar-model.com\/pl\/wp-json\/wp\/v2\/media?parent=1114"}],"curies":[{"name":"wp","href":"https:\/\/api.w.org\/{rel}","templated":true}]}}