{"id":738,"date":"2023-11-03T14:49:54","date_gmt":"2023-11-03T12:49:54","guid":{"rendered":"https:\/\/solar-model.com\/?page_id=738"},"modified":"2024-02-02T10:13:09","modified_gmt":"2024-02-02T08:13:09","slug":"nosotros","status":"publish","type":"page","link":"https:\/\/www.solar-model.com\/pl\/my\/","title":{"rendered":"My"},"content":{"rendered":"<div data-elementor-type=\"wp-page\" data-elementor-id=\"738\" class=\"elementor elementor-738\" data-elementor-post-type=\"page\">\n\t\t\t\t\t\t<section class=\"has_ae_slider elementor-section elementor-top-section elementor-element elementor-element-1e83179 elementor-section-boxed elementor-section-height-default elementor-section-height-default ae-bg-gallery-type-default\" data-id=\"1e83179\" data-element_type=\"section\" data-e-type=\"section\">\n\t\t\t\t\t\t<div class=\"elementor-container elementor-column-gap-default\">\n\t\t\t\t\t<div class=\"has_ae_slider elementor-column elementor-col-50 elementor-top-column elementor-element elementor-element-a494220 ae-bg-gallery-type-default\" data-id=\"a494220\" data-element_type=\"column\" data-e-type=\"column\">\n\t\t\t<div class=\"elementor-widget-wrap elementor-element-populated\">\n\t\t\t\t\t\t<div class=\"elementor-element elementor-element-f1868db elementor-widget elementor-widget-text-editor\" data-id=\"f1868db\" data-element_type=\"widget\" data-e-type=\"widget\" data-widget_type=\"text-editor.default\">\n\t\t\t\t<div class=\"elementor-widget-container\">\n\t\t\t\t\t\t\t\t\t<p>Solar Model to firma specjalizuj\u0105ca si\u0119 w komercjalizacji system\u00f3w fotowoltaicznych i instalacji system\u00f3w solarnych z ponad 10-letnim do\u015bwiadczeniem, lider na rynku z najwy\u017cszej jako\u015bci materia\u0142ami w\u0142asnego importu. Posiadamy zesp\u00f3\u0142 profesjonalist\u00f3w, od dzia\u0142u sprzeda\u017cy po wykwalifikowanych instalator\u00f3w, kt\u00f3rzy wykonuj\u0105 instalacje dostosowane do potrzeb naszych klient\u00f3w. Z naszych g\u0142\u00f3wnych obiekt\u00f3w w Torrevieja (Alicante) \u015bwiadczymy us\u0142ugi w prowincjach Alicante, Murcja i Malaga. Obs\u0142ugujemy zar\u00f3wno osoby prywatne, jak i spo\u0142eczno\u015bci i firmy, oferuj\u0105c instalacje solarne na w\u0142asne potrzeby oraz projekty farm solarnych dla inwestor\u00f3w.<\/p>\t\t\t\t\t\t\t\t<\/div>\n\t\t\t\t<\/div>\n\t\t\t\t\t<\/div>\n\t\t<\/div>\n\t\t\t\t<div class=\"has_ae_slider elementor-column elementor-col-50 elementor-top-column elementor-element elementor-element-3d7d6d1 ae-bg-gallery-type-default\" data-id=\"3d7d6d1\" data-element_type=\"column\" data-e-type=\"column\">\n\t\t\t<div class=\"elementor-widget-wrap elementor-element-populated\">\n\t\t\t\t\t\t<div class=\"elementor-element elementor-element-1517b5e elementor-widget elementor-widget-image\" data-id=\"1517b5e\" data-element_type=\"widget\" data-e-type=\"widget\" data-widget_type=\"image.default\">\n\t\t\t\t<div class=\"elementor-widget-container\">\n\t\t\t\t\t\t\t\t\t\t\t\t\t\t\t<img fetchpriority=\"high\" decoding=\"async\" width=\"612\" height=\"408\" src=\"https:\/\/www.solar-model.com\/wp-content\/uploads\/2023\/05\/paneles.jpg\" class=\"attachment-large size-large wp-image-465\" alt=\"\" srcset=\"https:\/\/www.solar-model.com\/wp-content\/uploads\/2023\/05\/paneles.jpg 612w, https:\/\/www.solar-model.com\/wp-content\/uploads\/2023\/05\/paneles-300x200.jpg 300w, https:\/\/www.solar-model.com\/wp-content\/uploads\/2023\/05\/paneles-18x12.jpg 18w\" sizes=\"(max-width: 612px) 100vw, 612px\" \/>\t\t\t\t\t\t\t\t\t\t\t\t\t\t\t<\/div>\n\t\t\t\t<\/div>\n\t\t\t\t\t<\/div>\n\t\t<\/div>\n\t\t\t\t\t<\/div>\n\t\t<\/section>\n\t\t\t\t<section class=\"has_ae_slider elementor-section elementor-top-section elementor-element elementor-element-b6e5376 elementor-section-boxed elementor-section-height-default elementor-section-height-default ae-bg-gallery-type-default\" data-id=\"b6e5376\" data-element_type=\"section\" data-e-type=\"section\">\n\t\t\t\t\t\t<div class=\"elementor-container elementor-column-gap-default\">\n\t\t\t\t\t<div class=\"has_ae_slider elementor-column elementor-col-100 elementor-top-column elementor-element elementor-element-ba44bb0 ae-bg-gallery-type-default\" data-id=\"ba44bb0\" data-element_type=\"column\" data-e-type=\"column\">\n\t\t\t<div class=\"elementor-widget-wrap elementor-element-populated\">\n\t\t\t\t\t\t<div class=\"elementor-element elementor-element-9279c16 elementor-widget elementor-widget-heading\" data-id=\"9279c16\" data-element_type=\"widget\" data-e-type=\"widget\" data-widget_type=\"heading.default\">\n\t\t\t\t<div class=\"elementor-widget-container\">\n\t\t\t\t\t<h2 class=\"elementor-heading-title elementor-size-default\">Co oferujemy?<\/h2>\t\t\t\t<\/div>\n\t\t\t\t<\/div>\n\t\t\t\t<div class=\"elementor-element elementor-element-d69f714 elementor-widget elementor-widget-text-editor\" data-id=\"d69f714\" data-element_type=\"widget\" data-e-type=\"widget\" data-widget_type=\"text-editor.default\">\n\t\t\t\t<div class=\"elementor-widget-container\">\n\t\t\t\t\t\t\t\t\t<p style=\"font-size: 16px; font-style: normal; font-weight: 400;\">Nasze podstawowe warto\u015bci to trwa\u0142o\u015b\u0107, komfort, wygoda i niezawodna wsp\u00f3\u0142praca. A dla naszych klient\u00f3w wsp\u00f3\u0142praca z firm\u0105 oznacza oszcz\u0119dno\u015bci w kosztach posiadania i eksploatacji, niezale\u017cno\u015b\u0107 od dostaw energii elektrycznej i gazu.<\/p><p style=\"font-size: 16px; font-style: normal; font-weight: 400;\">Korzy\u015bci p\u0142yn\u0105ce ze wsp\u00f3\u0142pracy z nami:<\/p><ul style=\"font-size: 16px; font-style: normal; font-weight: 400;\"><li style=\"font-size: 16px;\">Bezp\u0142atne konsultacje z naszymi ekspertami dotycz\u0105ce wyboru sprz\u0119tu, indywidualnego projektu, instalacji.<\/li><li style=\"font-size: 16px;\">Bezp\u0142atna wizyta specjalist\u00f3w w celu dokonania pomiar\u00f3w, przygotowania indywidualnych projekt\u00f3w i wycen - p\u0142atno\u015b\u0107 dopiero po uzgodnieniu wyceny i podpisaniu umowy<\/li><li style=\"font-size: 16px;\">Wyb\u00f3r optymalnego planu instalacji paneli s\u0142onecznych dla Twojego bud\u017cetu i potrzeb, pe\u0142na pomoc na wszystkich etapach: od konsultacji po instalacj\u0119.<\/li><li style=\"font-size: 16px;\">Gwarantowana jako\u015b\u0107 i niezawodno\u015b\u0107 naszych instalacji: gwarancja na instalacj\u0119 wynosi 1 rok, na sprz\u0119t - do 12 lat, w zale\u017cno\u015bci od wybranej marki. Najkr\u00f3tsze terminy realizacji: instalacja paneli s\u0142onecznych pod klucz w 2 dni!<\/li><li style=\"font-size: 16px;\">Mo\u017cliwo\u015b\u0107 uzyskania dotacji pa\u0144stwowej na instalacj\u0119 i wykorzystanie energii s\u0142onecznej. Przeprowadzamy ca\u0142\u0105 procedur\u0119 uzyskania rekompensaty koszt\u00f3w od pa\u0144stwa.<\/li><li style=\"font-size: 16px;\">Serwis pogwarancyjny.<\/li><\/ul>\t\t\t\t\t\t\t\t<\/div>\n\t\t\t\t<\/div>\n\t\t\t\t\t<\/div>\n\t\t<\/div>\n\t\t\t\t\t<\/div>\n\t\t<\/section>\n\t\t\t\t<section class=\"has_ae_slider elementor-section elementor-top-section elementor-element elementor-element-16d7a77 elementor-section-boxed elementor-section-height-default elementor-section-height-default ae-bg-gallery-type-default\" data-id=\"16d7a77\" data-element_type=\"section\" data-e-type=\"section\">\n\t\t\t\t\t\t<div class=\"elementor-container elementor-column-gap-default\">\n\t\t\t\t\t<div class=\"has_ae_slider elementor-column elementor-col-100 elementor-top-column elementor-element elementor-element-5ed7cb3 ae-bg-gallery-type-default\" data-id=\"5ed7cb3\" data-element_type=\"column\" data-e-type=\"column\">\n\t\t\t<div class=\"elementor-widget-wrap elementor-element-populated\">\n\t\t\t\t\t\t<div class=\"elementor-element elementor-element-6763450 elementor-widget elementor-widget-heading\" data-id=\"6763450\" data-element_type=\"widget\" data-e-type=\"widget\" data-widget_type=\"heading.default\">\n\t\t\t\t<div class=\"elementor-widget-container\">\n\t\t\t\t\t<h2 class=\"elementor-heading-title elementor-size-default\">Proces rekrutacji<\/h2>\t\t\t\t<\/div>\n\t\t\t\t<\/div>\n\t\t\t\t<div class=\"elementor-element elementor-element-6776f20 elementor-widget elementor-widget-text-editor\" data-id=\"6776f20\" data-element_type=\"widget\" data-e-type=\"widget\" data-widget_type=\"text-editor.default\">\n\t\t\t\t<div class=\"elementor-widget-container\">\n\t\t\t\t\t\t\t\t\t<ol>\n<li>Klient prosi o propozycj\u0119 projektu solarnego.<\/li>\n<li>Jeden z naszych przedstawicieli handlowych skontaktuje si\u0119 z klientem, odpowie na wszelkie pytania i ustali termin pomiaru.<\/li>\n<li>Nasi eksperci s\u0105 we w\u0142a\u015bciwym miejscu do dokonywania pomiar\u00f3w.<\/li>\n<li>Po dokonaniu pomiar\u00f3w przygotowujemy wycen\u0119 i ofert\u0119 handlow\u0105 dostosowan\u0105 do potrzeb klienta.<\/li>\n<li>Klient akceptuje oferowan\u0105 wycen\u0119.<\/li>\n<li>Podpisanie umowy i p\u0142atno\u015b\u0107.<\/li><li>W mniej ni\u017c 10 dni b\u0119dziesz m\u00f3g\u0142 korzysta\u0107 z energii s\u0142onecznej.<\/li><\/ol>\t\t\t\t\t\t\t\t<\/div>\n\t\t\t\t<\/div>\n\t\t\t\t<div class=\"elementor-element elementor-element-13c055c elementor-align-center elementor-widget elementor-widget-button\" data-id=\"13c055c\" data-element_type=\"widget\" data-e-type=\"widget\" data-widget_type=\"button.default\">\n\t\t\t\t<div class=\"elementor-widget-container\">\n\t\t\t\t\t\t\t\t\t<div class=\"elementor-button-wrapper\">\n\t\t\t\t\t<a class=\"elementor-button elementor-button-link elementor-size-lg\" href=\"https:\/\/www.solar-model.com\/pl\/budzet\/\" target=\"_blank\">\n\t\t\t\t\t\t<span class=\"elementor-button-content-wrapper\">\n\t\t\t\t\t\t<span class=\"elementor-button-icon\">\n\t\t\t\t<i aria-hidden=\"true\" class=\"far fa-comment\"><\/i>\t\t\t<\/span>\n\t\t\t\t\t\t\t\t\t<span class=\"elementor-button-text\">Zam\u00f3w badanie bez zobowi\u0105za\u0144<\/span>\n\t\t\t\t\t<\/span>\n\t\t\t\t\t<\/a>\n\t\t\t\t<\/div>\n\t\t\t\t\t\t\t\t<\/div>\n\t\t\t\t<\/div>\n\t\t\t\t\t<\/div>\n\t\t<\/div>\n\t\t\t\t\t<\/div>\n\t\t<\/section>\n\t\t\t\t<section class=\"has_ae_slider elementor-section elementor-top-section elementor-element elementor-element-2108137 elementor-section-boxed elementor-section-height-default elementor-section-height-default ae-bg-gallery-type-default\" data-id=\"2108137\" data-element_type=\"section\" data-e-type=\"section\">\n\t\t\t\t\t\t<div class=\"elementor-container elementor-column-gap-default\">\n\t\t\t\t\t<div class=\"has_ae_slider elementor-column elementor-col-100 elementor-top-column elementor-element elementor-element-e86df83 ae-bg-gallery-type-default\" data-id=\"e86df83\" data-element_type=\"column\" data-e-type=\"column\">\n\t\t\t<div class=\"elementor-widget-wrap elementor-element-populated\">\n\t\t\t\t\t\t<div class=\"elementor-element elementor-element-8989581 elementor-widget elementor-widget-heading\" data-id=\"8989581\" data-element_type=\"widget\" data-e-type=\"widget\" data-widget_type=\"heading.default\">\n\t\t\t\t<div class=\"elementor-widget-container\">\n\t\t\t\t\t<h2 class=\"elementor-heading-title elementor-size-default\">Gdzie jeste\u015bmy<\/h2>\t\t\t\t<\/div>\n\t\t\t\t<\/div>\n\t\t\t\t\t<\/div>\n\t\t<\/div>\n\t\t\t\t\t<\/div>\n\t\t<\/section>\n\t\t\t\t<section class=\"has_ae_slider elementor-section elementor-top-section elementor-element elementor-element-3820313 elementor-section-boxed elementor-section-height-default elementor-section-height-default ae-bg-gallery-type-default\" data-id=\"3820313\" data-element_type=\"section\" data-e-type=\"section\">\n\t\t\t\t\t\t<div class=\"elementor-container elementor-column-gap-default\">\n\t\t\t\t\t<div class=\"has_ae_slider elementor-column elementor-col-100 elementor-top-column elementor-element elementor-element-4f6227a ae-bg-gallery-type-default\" data-id=\"4f6227a\" data-element_type=\"column\" data-e-type=\"column\">\n\t\t\t<div class=\"elementor-widget-wrap elementor-element-populated\">\n\t\t\t\t\t\t<div class=\"elementor-element elementor-element-ce762f3 elementor-widget elementor-widget-text-editor\" data-id=\"ce762f3\" data-element_type=\"widget\" data-e-type=\"widget\" data-widget_type=\"text-editor.default\">\n\t\t\t\t<div class=\"elementor-widget-container\">\n\t\t\t\t\t\t\t\t\t<p style=\"font-size: 16px; font-style: normal; font-weight: 400;\">Nasze biura znajduj\u0105 si\u0119 obok naszych magazyn\u00f3w materia\u0142\u00f3w do instalacji fotowoltaicznych w Pol\u00edgono Casagrande w Torrevieja, w prowincji Alicante.<\/p><p style=\"font-size: 16px; font-style: normal; font-weight: 400;\">Jest \u0142atwo dost\u0119pny z dw\u00f3ch g\u0142\u00f3wnych dr\u00f3g dojazdowych do miasta. Albo drog\u0105 Cartagena (N-332), albo drog\u0105 Crevillente (CV-905).<\/p>\t\t\t\t\t\t\t\t<\/div>\n\t\t\t\t<\/div>\n\t\t\t\t\t<\/div>\n\t\t<\/div>\n\t\t\t\t\t<\/div>\n\t\t<\/section>\n\t\t\t\t<section class=\"has_ae_slider elementor-section elementor-top-section elementor-element elementor-element-e88b66b elementor-section-boxed elementor-section-height-default elementor-section-height-default ae-bg-gallery-type-default\" data-id=\"e88b66b\" data-element_type=\"section\" data-e-type=\"section\">\n\t\t\t\t\t\t<div class=\"elementor-container elementor-column-gap-default\">\n\t\t\t\t\t<div class=\"has_ae_slider elementor-column elementor-col-100 elementor-top-column elementor-element elementor-element-061ac3e ae-bg-gallery-type-default\" data-id=\"061ac3e\" data-element_type=\"column\" data-e-type=\"column\">\n\t\t\t<div class=\"elementor-widget-wrap elementor-element-populated\">\n\t\t\t\t\t\t<div class=\"elementor-element elementor-element-8a5b61d elementor-widget elementor-widget-google_maps\" data-id=\"8a5b61d\" data-element_type=\"widget\" data-e-type=\"widget\" data-widget_type=\"google_maps.default\">\n\t\t\t\t<div class=\"elementor-widget-container\">\n\t\t\t\t\t\t\t<div class=\"elementor-custom-embed\">\n\t\t\t<iframe loading=\"lazy\"\n\t\t\t\t\tsrc=\"https:\/\/maps.google.com\/maps?q=Solar%20Model%2C%20Calle%20Acacio%20Rebagliato%20Pamies%2035%2C%2003183%20Torrevieja&#038;t=m&#038;z=16&#038;output=embed&#038;iwloc=near\"\n\t\t\t\t\ttitle=\"Model dzia\u0142ki budowlanej, Calle Acacio Rebagliato Pamies 35, 03183 Torrevieja\"\n\t\t\t\t\taria-label=\"Model dzia\u0142ki budowlanej, Calle Acacio Rebagliato Pamies 35, 03183 Torrevieja\"\n\t\t\t><\/iframe>\n\t\t<\/div>\n\t\t\t\t\t\t<\/div>\n\t\t\t\t<\/div>\n\t\t\t\t\t<\/div>\n\t\t<\/div>\n\t\t\t\t\t<\/div>\n\t\t<\/section>\n\t\t\t\t<\/div>","protected":false},"excerpt":{"rendered":"<p>Solar Model La tranquilidad de trabajar con una empresa l\u00edder del sector Solar Model es una empresa especializada en la comercializaci\u00f3n de sistemas fotovoltaicas e instalaci\u00f3n de sistemas solares con m\u00e1s de 10 a\u00f1os de experiencia, l\u00edder en el mercado con materiales de primera calidad de propia importaci\u00f3n. Disponemos de un equipo de profesionales, desde [&hellip;]<\/p>\n","protected":false},"author":1,"featured_media":0,"parent":0,"menu_order":0,"comment_status":"closed","ping_status":"closed","template":"","meta":{"site-sidebar-layout":"no-sidebar","site-content-layout":"page-builder","ast-site-content-layout":"full-width-container","site-content-style":"default","site-sidebar-style":"default","ast-global-header-display":"","ast-banner-title-visibility":"","ast-main-header-display":"","ast-hfb-above-header-display":"","ast-hfb-below-header-display":"","ast-hfb-mobile-header-display":"","site-post-title":"disabled","ast-breadcrumbs-content":"","ast-featured-img":"disabled","footer-sml-layout":"","ast-disable-related-posts":"","theme-transparent-header-meta":"","adv-header-id-meta":"","stick-header-meta":"","header-above-stick-meta":"","header-main-stick-meta":"","header-below-stick-meta":"","astra-migrate-meta-layouts":"default","ast-page-background-enabled":"default","ast-page-background-meta":{"desktop":{"background-color":"","background-image":"","background-repeat":"repeat","background-position":"center center","background-size":"auto","background-attachment":"scroll","background-type":"","background-media":"","overlay-type":"","overlay-color":"","overlay-opacity":"","overlay-gradient":""},"tablet":{"background-color":"","background-image":"","background-repeat":"repeat","background-position":"center center","background-size":"auto","background-attachment":"scroll","background-type":"","background-media":"","overlay-type":"","overlay-color":"","overlay-opacity":"","overlay-gradient":""},"mobile":{"background-color":"","background-image":"","background-repeat":"repeat","background-position":"center center","background-size":"auto","background-attachment":"scroll","background-type":"","background-media":"","overlay-type":"","overlay-color":"","overlay-opacity":"","overlay-gradient":""}},"ast-content-background-meta":{"desktop":{"background-color":"var(--ast-global-color-5)","background-image":"","background-repeat":"repeat","background-position":"center center","background-size":"auto","background-attachment":"scroll","background-type":"","background-media":"","overlay-type":"","overlay-color":"","overlay-opacity":"","overlay-gradient":""},"tablet":{"background-color":"var(--ast-global-color-5)","background-image":"","background-repeat":"repeat","background-position":"center center","background-size":"auto","background-attachment":"scroll","background-type":"","background-media":"","overlay-type":"","overlay-color":"","overlay-opacity":"","overlay-gradient":""},"mobile":{"background-color":"var(--ast-global-color-5)","background-image":"","background-repeat":"repeat","background-position":"center center","background-size":"auto","background-attachment":"scroll","background-type":"","background-media":"","overlay-type":"","overlay-color":"","overlay-opacity":"","overlay-gradient":""}},"_joinchat":[],"footnotes":""},"class_list":["post-738","page","type-page","status-publish","hentry"],"_links":{"self":[{"href":"https:\/\/www.solar-model.com\/pl\/wp-json\/wp\/v2\/pages\/738","targetHints":{"allow":["GET"]}}],"collection":[{"href":"https:\/\/www.solar-model.com\/pl\/wp-json\/wp\/v2\/pages"}],"about":[{"href":"https:\/\/www.solar-model.com\/pl\/wp-json\/wp\/v2\/types\/page"}],"author":[{"embeddable":true,"href":"https:\/\/www.solar-model.com\/pl\/wp-json\/wp\/v2\/users\/1"}],"replies":[{"embeddable":true,"href":"https:\/\/www.solar-model.com\/pl\/wp-json\/wp\/v2\/comments?post=738"}],"version-history":[{"count":129,"href":"https:\/\/www.solar-model.com\/pl\/wp-json\/wp\/v2\/pages\/738\/revisions"}],"predecessor-version":[{"id":1522,"href":"https:\/\/www.solar-model.com\/pl\/wp-json\/wp\/v2\/pages\/738\/revisions\/1522"}],"wp:attachment":[{"href":"https:\/\/www.solar-model.com\/pl\/wp-json\/wp\/v2\/media?parent=738"}],"curies":[{"name":"wp","href":"https:\/\/api.w.org\/{rel}","templated":true}]}}