{"id":845,"date":"2023-11-06T19:01:39","date_gmt":"2023-11-06T17:01:39","guid":{"rendered":"https:\/\/solar-model.com\/?page_id=845"},"modified":"2024-01-24T14:17:01","modified_gmt":"2024-01-24T12:17:01","slug":"energia-solar","status":"publish","type":"page","link":"https:\/\/www.solar-model.com\/pl\/energia-sloneczna\/","title":{"rendered":"Energia s\u0142oneczna"},"content":{"rendered":"<div data-elementor-type=\"wp-page\" data-elementor-id=\"845\" class=\"elementor elementor-845\" data-elementor-post-type=\"page\">\n\t\t\t\t\t\t<section class=\"has_ae_slider elementor-section elementor-top-section elementor-element elementor-element-cdbc706 elementor-section-boxed elementor-section-height-default elementor-section-height-default ae-bg-gallery-type-default\" data-id=\"cdbc706\" data-element_type=\"section\" data-e-type=\"section\">\n\t\t\t\t\t\t<div class=\"elementor-container elementor-column-gap-default\">\n\t\t\t\t\t<div class=\"has_ae_slider elementor-column elementor-col-100 elementor-top-column elementor-element elementor-element-72f97a0 ae-bg-gallery-type-default\" data-id=\"72f97a0\" data-element_type=\"column\" data-e-type=\"column\">\n\t\t\t<div class=\"elementor-widget-wrap elementor-element-populated\">\n\t\t\t\t\t\t<div class=\"elementor-element elementor-element-d508ef7 elementor-widget elementor-widget-heading\" data-id=\"d508ef7\" data-element_type=\"widget\" data-e-type=\"widget\" data-widget_type=\"heading.default\">\n\t\t\t\t<div class=\"elementor-widget-container\">\n\t\t\t\t\t<h2 class=\"elementor-heading-title elementor-size-default\">Co to jest i jak dzia\u0142a?<\/h2>\t\t\t\t<\/div>\n\t\t\t\t<\/div>\n\t\t\t\t\t<\/div>\n\t\t<\/div>\n\t\t\t\t\t<\/div>\n\t\t<\/section>\n\t\t\t\t<section class=\"has_ae_slider elementor-section elementor-top-section elementor-element elementor-element-65af69f elementor-section-boxed elementor-section-height-default elementor-section-height-default ae-bg-gallery-type-default\" data-id=\"65af69f\" data-element_type=\"section\" data-e-type=\"section\">\n\t\t\t\t\t\t<div class=\"elementor-container elementor-column-gap-default\">\n\t\t\t\t\t<div class=\"has_ae_slider elementor-column elementor-col-100 elementor-top-column elementor-element elementor-element-6a928b3 ae-bg-gallery-type-default\" data-id=\"6a928b3\" data-element_type=\"column\" data-e-type=\"column\">\n\t\t\t<div class=\"elementor-widget-wrap elementor-element-populated\">\n\t\t\t\t\t\t<div class=\"elementor-element elementor-element-7b82a8b elementor-widget elementor-widget-text-editor\" data-id=\"7b82a8b\" data-element_type=\"widget\" data-e-type=\"widget\" data-widget_type=\"text-editor.default\">\n\t\t\t\t<div class=\"elementor-widget-container\">\n\t\t\t\t\t\t\t\t\t<p>Energia s\u0142oneczna jest jedn\u0105 z najlepszych alternatyw dla oszcz\u0119dzania energii.<\/p><p><span style=\"font-style: inherit; font-weight: inherit; background-color: var(--ast-global-color-5); color: var(--ast-global-color-3);\">Samowystarczalny system solarny sk\u0142ada si\u0119 zasadniczo z paneli s\u0142onecznych, falownika i opcjonalnie akumulator\u00f3w do przechowywania dodatkowej energii generowanej przez system solarny.<\/span><\/p><p>System energii s\u0142onecznej dzia\u0142a w nast\u0119puj\u0105cy spos\u00f3b:<\/p><ol><li><strong>Panele s\u0142oneczne<\/strong>Panele s\u0142oneczne przekszta\u0142caj\u0105 \u015bwiat\u0142o s\u0142oneczne w energi\u0119 elektryczn\u0105 za pomoc\u0105 ogniw fotowoltaicznych. Panele te s\u0105 instalowane na dachu lub na otwartych przestrzeniach, gdzie mog\u0105 otrzymywa\u0107 jak najwi\u0119cej \u015bwiat\u0142a s\u0142onecznego.<\/li><li><strong>Inwestor<\/strong>Energia elektryczna generowana przez panele s\u0142oneczne ma posta\u0107 pr\u0105du sta\u0142ego (DC), ale nasze domy i urz\u0105dzenia elektroniczne wymagaj\u0105 do dzia\u0142ania pr\u0105du przemiennego (AC). Falownik przekszta\u0142ca pr\u0105d sta\u0142y z paneli w u\u017cyteczny pr\u0105d przemienny.<\/li><li><strong>Zu\u017cycie w\u0142asne<\/strong>Energia elektryczna generowana przez panele s\u0142oneczne jest zu\u017cywana bezpo\u015brednio w domu do zasilania urz\u0105dze\u0144 gospodarstwa domowego i urz\u0105dze\u0144 elektronicznych. Zmniejsza to zale\u017cno\u015b\u0107 od sieci energetycznej i pozwala zaoszcz\u0119dzi\u0107 na rachunkach za pr\u0105d.<\/li><li><strong>Licznik dwukierunkowy<\/strong>Dwukierunkowy licznik rejestruje ilo\u015b\u0107 zu\u017cytej energii elektrycznej i ilo\u015b\u0107 energii elektrycznej wytworzonej przez system solarny. Je\u015bli system solarny wytwarza wi\u0119cej energii elektrycznej ni\u017c jest obecnie zu\u017cywane, nadwy\u017cka energii elektrycznej jest wysy\u0142ana do sieci i rejestrowana jako kredyt energetyczny.<\/li><li><strong>Baterie<\/strong>Samozu\u017cywaj\u0105ce si\u0119 baterie systemu solarnego umo\u017cliwiaj\u0105 przechowywanie nadmiaru energii elektrycznej wytworzonej w ci\u0105gu dnia do wykorzystania w nocy lub w okresach s\u0142abego nas\u0142onecznienia. Akumulatory te s\u0105 \u0142adowane, gdy system solarny wytwarza wi\u0119cej energii elektrycznej ni\u017c jest zu\u017cywane i roz\u0142adowywane, gdy potrzebna jest dodatkowa energia elektryczna.<\/li><li><strong>Pod\u0142\u0105czenie do sieci<\/strong>Je\u015bli system solarny nie wytwarza wystarczaj\u0105cej ilo\u015bci energii elektrycznej, aby zaspokoi\u0107 zapotrzebowanie gospodarstwa domowego (np. w pochmurne dni lub w okresach wysokiego zapotrzebowania), gospodarstwo domowe mo\u017ce pobiera\u0107 energi\u0119 elektryczn\u0105 z sieci. W przypadku, gdy system solarny wytwarza wi\u0119cej energii elektrycznej ni\u017c jest zu\u017cywane, nadwy\u017cka energii elektrycznej jest przesy\u0142ana z powrotem do sieci i rejestrowana jako kredyt energetyczny.<\/li><\/ol><p>Kr\u00f3tko m\u00f3wi\u0105c, samowystarczalny system solarny z akumulatorami umo\u017cliwia wykorzystanie energii s\u0142onecznej do zasilania domu i przechowywanie nadmiaru wytworzonej energii elektrycznej do p\u00f3\u017aniejszego wykorzystania. Zmniejsza to zale\u017cno\u015b\u0107 od sieci i pozwala zaoszcz\u0119dzi\u0107 na rachunkach za energi\u0119 elektryczn\u0105, jednocze\u015bnie zmniejszaj\u0105c \u015blad w\u0119glowy.<\/p>\t\t\t\t\t\t\t\t<\/div>\n\t\t\t\t<\/div>\n\t\t\t\t<div class=\"elementor-element elementor-element-c71a6be elementor-widget elementor-widget-image\" data-id=\"c71a6be\" data-element_type=\"widget\" data-e-type=\"widget\" data-widget_type=\"image.default\">\n\t\t\t\t<div class=\"elementor-widget-container\">\n\t\t\t\t\t\t\t\t\t\t\t\t\t\t\t<img fetchpriority=\"high\" decoding=\"async\" width=\"1024\" height=\"507\" src=\"https:\/\/www.solar-model.com\/wp-content\/uploads\/2023\/11\/Sistema-solar-autoconsumo-con-bateria-1-1024x507.jpg\" class=\"attachment-large size-large wp-image-861\" alt=\"\" srcset=\"https:\/\/www.solar-model.com\/wp-content\/uploads\/2023\/11\/Sistema-solar-autoconsumo-con-bateria-1-1024x507.jpg 1024w, https:\/\/www.solar-model.com\/wp-content\/uploads\/2023\/11\/Sistema-solar-autoconsumo-con-bateria-1-300x148.jpg 300w, https:\/\/www.solar-model.com\/wp-content\/uploads\/2023\/11\/Sistema-solar-autoconsumo-con-bateria-1-768x380.jpg 768w, https:\/\/www.solar-model.com\/wp-content\/uploads\/2023\/11\/Sistema-solar-autoconsumo-con-bateria-1-18x9.jpg 18w, https:\/\/www.solar-model.com\/wp-content\/uploads\/2023\/11\/Sistema-solar-autoconsumo-con-bateria-1.jpg 1283w\" sizes=\"(max-width: 1024px) 100vw, 1024px\" \/>\t\t\t\t\t\t\t\t\t\t\t\t\t\t\t<\/div>\n\t\t\t\t<\/div>\n\t\t\t\t\t<\/div>\n\t\t<\/div>\n\t\t\t\t\t<\/div>\n\t\t<\/section>\n\t\t\t\t<section class=\"has_ae_slider elementor-section elementor-top-section elementor-element elementor-element-622a58f elementor-section-boxed elementor-section-height-default elementor-section-height-default ae-bg-gallery-type-default\" data-id=\"622a58f\" data-element_type=\"section\" data-e-type=\"section\">\n\t\t\t\t\t\t<div class=\"elementor-container elementor-column-gap-default\">\n\t\t\t\t\t<div class=\"has_ae_slider elementor-column elementor-col-100 elementor-top-column elementor-element elementor-element-c8cd452 ae-bg-gallery-type-default\" data-id=\"c8cd452\" data-element_type=\"column\" data-e-type=\"column\">\n\t\t\t<div class=\"elementor-widget-wrap elementor-element-populated\">\n\t\t\t\t\t\t<div class=\"elementor-element elementor-element-88bef37 elementor-widget elementor-widget-text-editor\" data-id=\"88bef37\" data-element_type=\"widget\" data-e-type=\"widget\" data-widget_type=\"text-editor.default\">\n\t\t\t\t<div class=\"elementor-widget-container\">\n\t\t\t\t\t\t\t\t\t<p style=\"font-size: 16px; font-style: normal; font-weight: 400;\">Korzystaj z energii s\u0142onecznej, aby by\u0107 bardziej wolnym i oszcz\u0119dza\u0107 pieni\u0105dze. Uczy\u0144 sw\u00f3j dom czystym i niezale\u017cnym. Zainstaluj system solarny dla swojego domu, willi, spo\u0142eczno\u015bci lub firmy!<\/p><p style=\"font-size: 16px; font-style: normal; font-weight: 400;\">Instalacja paneli s\u0142onecznych jest idealnym rozwi\u0105zaniem:<\/p><ul style=\"font-size: 16px; font-style: normal; font-weight: 400;\"><li style=\"font-size: 16px;\">W\u0142a\u015bciciele bungalow\u00f3w, dom\u00f3w i willi. Instalacja paneli s\u0142onecznych we wsp\u00f3lnocie\/domu mo\u017ce by\u0107 dobrym rozwi\u0105zaniem dla Ciebie i wszystkich mieszka\u0144c\u00f3w wsp\u00f3lnoty, kt\u00f3rzy chc\u0105 zaoszcz\u0119dzi\u0107 na kosztach energii i zmniejszy\u0107 swoj\u0105 zale\u017cno\u015b\u0107 od komercyjnych dostawc\u00f3w energii i waha\u0144 koszt\u00f3w energii.<\/li><li style=\"font-size: 16px;\">Ile kosztuje pod\u0142\u0105czenie paneli s\u0142onecznych do prywatnego domu lub firmy? Zadzwo\u0144 do nas, a poinformujemy Ci\u0119 o tym.<\/li><li style=\"font-size: 16px;\">Przedsi\u0119biorcy. Instalacja paneli s\u0142onecznych na dachach budynk\u00f3w komercyjnych (hoteli, restauracji, warsztat\u00f3w, gospodarstw rolnych, magazyn\u00f3w itp.) znacznie zwi\u0119kszy zyski Twojej firmy, poniewa\u017c Twoje koszty zostan\u0105 zmniejszone. W ko\u0144cu koszty energii w niekt\u00f3rych bran\u017cach mog\u0105 by\u0107 bardzo wysokie, a zastosowanie paneli s\u0142onecznych w perspektywie \u015brednio- i d\u0142ugoterminowej pozwoli obni\u017cy\u0107 rachunki za energi\u0119 nawet o 90%. Nie nale\u017cy r\u00f3wnie\u017c zapomina\u0107 o korzy\u015bciach zwi\u0105zanych ze \"\u015bladem w\u0119glowym\" dla firmy.<\/li><li style=\"font-size: 16px;\">Inwestorzy, kt\u00f3rzy tworz\u0105 farmy s\u0142oneczne i kt\u00f3rym zale\u017cy na maksymalizacji zysk\u00f3w z energii s\u0142onecznej. W ko\u0144cu farma s\u0142oneczna jest generatorem zysk\u00f3w. Powiemy Ci, jak zainstalowa\u0107 elektrownie s\u0142oneczne pod klucz (farmy s\u0142oneczne) i zacz\u0105\u0107 zarabia\u0107. Wystarczy wype\u0142ni\u0107 formularz, a nasz mened\u017cer skontaktuje si\u0119 z Tob\u0105.<\/li><li style=\"font-size: 16px;\">Ci, kt\u00f3rzy my\u015bl\u0105 o przysz\u0142o\u015bci naszej planety i chc\u0105 zrobi\u0107 co\u015b dobrego dla \u015brodowiska. Instalacja paneli s\u0142onecznych pod klucz z nasz\u0105 firm\u0105 to wk\u0142ad w ochron\u0119 \u015brodowiska i redukcj\u0119 emisji dwutlenku w\u0119gla do atmosfery.<\/li><\/ul>\t\t\t\t\t\t\t\t<\/div>\n\t\t\t\t<\/div>\n\t\t\t\t\t<\/div>\n\t\t<\/div>\n\t\t\t\t\t<\/div>\n\t\t<\/section>\n\t\t\t\t<section class=\"has_ae_slider elementor-section elementor-top-section elementor-element elementor-element-b9ab1ca elementor-section-boxed elementor-section-height-default elementor-section-height-default ae-bg-gallery-type-default\" data-id=\"b9ab1ca\" data-element_type=\"section\" data-e-type=\"section\">\n\t\t\t\t\t\t<div class=\"elementor-container elementor-column-gap-default\">\n\t\t\t\t\t<div class=\"has_ae_slider elementor-column elementor-col-100 elementor-top-column elementor-element elementor-element-2e82e94 ae-bg-gallery-type-default\" data-id=\"2e82e94\" data-element_type=\"column\" data-e-type=\"column\">\n\t\t\t<div class=\"elementor-widget-wrap elementor-element-populated\">\n\t\t\t\t\t\t<div class=\"elementor-element elementor-element-ce9e0f7 elementor-align-center elementor-widget elementor-widget-button\" data-id=\"ce9e0f7\" data-element_type=\"widget\" data-e-type=\"widget\" data-widget_type=\"button.default\">\n\t\t\t\t<div class=\"elementor-widget-container\">\n\t\t\t\t\t\t\t\t\t<div class=\"elementor-button-wrapper\">\n\t\t\t\t\t<a class=\"elementor-button elementor-button-link elementor-size-sm\" href=\"https:\/\/www.solar-model.com\/pl\/budzet\/\">\n\t\t\t\t\t\t<span class=\"elementor-button-content-wrapper\">\n\t\t\t\t\t\t<span class=\"elementor-button-icon\">\n\t\t\t\t<i aria-hidden=\"true\" class=\"far fa-comment\"><\/i>\t\t\t<\/span>\n\t\t\t\t\t\t\t\t\t<span class=\"elementor-button-text\">Popro\u015b o bezp\u0142atn\u0105 wycen\u0119<\/span>\n\t\t\t\t\t<\/span>\n\t\t\t\t\t<\/a>\n\t\t\t\t<\/div>\n\t\t\t\t\t\t\t\t<\/div>\n\t\t\t\t<\/div>\n\t\t\t\t\t<\/div>\n\t\t<\/div>\n\t\t\t\t\t<\/div>\n\t\t<\/section>\n\t\t\t\t<\/div>","protected":false},"excerpt":{"rendered":"<p>\u00bfQu\u00e9 es y como funciona? La energ\u00eda solar es una de las mejores alternativas para ahorrar energ\u00eda. Un sistema solar de autoconsumo solar consiste b\u00e1sicamente de paneles solares, un inversor y opcionalmente bater\u00edas para almacenar energ\u00eda adicional generada por el sistema solar. Un sistema de energ\u00eda solar funciona de la siguiente forma: Paneles solares: Los [&hellip;]<\/p>\n","protected":false},"author":1,"featured_media":0,"parent":0,"menu_order":0,"comment_status":"closed","ping_status":"closed","template":"","meta":{"site-sidebar-layout":"default","site-content-layout":"","ast-site-content-layout":"default","site-content-style":"default","site-sidebar-style":"default","ast-global-header-display":"","ast-banner-title-visibility":"","ast-main-header-display":"","ast-hfb-above-header-display":"","ast-hfb-below-header-display":"","ast-hfb-mobile-header-display":"","site-post-title":"","ast-breadcrumbs-content":"","ast-featured-img":"","footer-sml-layout":"","ast-disable-related-posts":"","theme-transparent-header-meta":"","adv-header-id-meta":"","stick-header-meta":"","header-above-stick-meta":"","header-main-stick-meta":"","header-below-stick-meta":"","astra-migrate-meta-layouts":"default","ast-page-background-enabled":"default","ast-page-background-meta":{"desktop":{"background-color":"","background-image":"","background-repeat":"repeat","background-position":"center center","background-size":"auto","background-attachment":"scroll","background-type":"","background-media":"","overlay-type":"","overlay-color":"","overlay-opacity":"","overlay-gradient":""},"tablet":{"background-color":"","background-image":"","background-repeat":"repeat","background-position":"center center","background-size":"auto","background-attachment":"scroll","background-type":"","background-media":"","overlay-type":"","overlay-color":"","overlay-opacity":"","overlay-gradient":""},"mobile":{"background-color":"","background-image":"","background-repeat":"repeat","background-position":"center center","background-size":"auto","background-attachment":"scroll","background-type":"","background-media":"","overlay-type":"","overlay-color":"","overlay-opacity":"","overlay-gradient":""}},"ast-content-background-meta":{"desktop":{"background-color":"var(--ast-global-color-5)","background-image":"","background-repeat":"repeat","background-position":"center center","background-size":"auto","background-attachment":"scroll","background-type":"","background-media":"","overlay-type":"","overlay-color":"","overlay-opacity":"","overlay-gradient":""},"tablet":{"background-color":"var(--ast-global-color-5)","background-image":"","background-repeat":"repeat","background-position":"center center","background-size":"auto","background-attachment":"scroll","background-type":"","background-media":"","overlay-type":"","overlay-color":"","overlay-opacity":"","overlay-gradient":""},"mobile":{"background-color":"var(--ast-global-color-5)","background-image":"","background-repeat":"repeat","background-position":"center center","background-size":"auto","background-attachment":"scroll","background-type":"","background-media":"","overlay-type":"","overlay-color":"","overlay-opacity":"","overlay-gradient":""}},"_joinchat":[],"footnotes":""},"class_list":["post-845","page","type-page","status-publish","hentry"],"_links":{"self":[{"href":"https:\/\/www.solar-model.com\/pl\/wp-json\/wp\/v2\/pages\/845","targetHints":{"allow":["GET"]}}],"collection":[{"href":"https:\/\/www.solar-model.com\/pl\/wp-json\/wp\/v2\/pages"}],"about":[{"href":"https:\/\/www.solar-model.com\/pl\/wp-json\/wp\/v2\/types\/page"}],"author":[{"embeddable":true,"href":"https:\/\/www.solar-model.com\/pl\/wp-json\/wp\/v2\/users\/1"}],"replies":[{"embeddable":true,"href":"https:\/\/www.solar-model.com\/pl\/wp-json\/wp\/v2\/comments?post=845"}],"version-history":[{"count":30,"href":"https:\/\/www.solar-model.com\/pl\/wp-json\/wp\/v2\/pages\/845\/revisions"}],"predecessor-version":[{"id":1443,"href":"https:\/\/www.solar-model.com\/pl\/wp-json\/wp\/v2\/pages\/845\/revisions\/1443"}],"wp:attachment":[{"href":"https:\/\/www.solar-model.com\/pl\/wp-json\/wp\/v2\/media?parent=845"}],"curies":[{"name":"wp","href":"https:\/\/api.w.org\/{rel}","templated":true}]}}