{"id":970,"date":"2023-12-29T13:16:12","date_gmt":"2023-12-29T11:16:12","guid":{"rendered":"https:\/\/solar-model.com\/?page_id=970"},"modified":"2024-01-24T14:15:51","modified_gmt":"2024-01-24T12:15:51","slug":"autoconsumo-industrial","status":"publish","type":"page","link":"https:\/\/www.solar-model.com\/pl\/samowystarczalnosc-przemyslowa\/","title":{"rendered":"Samozu\u017cycie przemys\u0142owe"},"content":{"rendered":"<div data-elementor-type=\"wp-page\" data-elementor-id=\"970\" class=\"elementor elementor-970\" data-elementor-post-type=\"page\">\n\t\t\t\t\t\t<section class=\"has_ae_slider elementor-section elementor-top-section elementor-element elementor-element-bfcdf2e elementor-section-boxed elementor-section-height-default elementor-section-height-default ae-bg-gallery-type-default\" data-id=\"bfcdf2e\" data-element_type=\"section\" data-e-type=\"section\">\n\t\t\t\t\t\t<div class=\"elementor-container elementor-column-gap-default\">\n\t\t\t\t\t<div class=\"has_ae_slider elementor-column elementor-col-100 elementor-top-column elementor-element elementor-element-5fd77ea ae-bg-gallery-type-default\" data-id=\"5fd77ea\" data-element_type=\"column\" data-e-type=\"column\">\n\t\t\t<div class=\"elementor-widget-wrap\">\n\t\t\t\t\t\t\t<\/div>\n\t\t<\/div>\n\t\t\t\t\t<\/div>\n\t\t<\/section>\n\t\t\t\t<section class=\"has_ae_slider elementor-section elementor-top-section elementor-element elementor-element-d2e1d0a elementor-section-boxed elementor-section-height-default elementor-section-height-default ae-bg-gallery-type-default\" data-id=\"d2e1d0a\" data-element_type=\"section\" data-e-type=\"section\">\n\t\t\t\t\t\t<div class=\"elementor-container elementor-column-gap-default\">\n\t\t\t\t\t<div class=\"has_ae_slider elementor-column elementor-col-100 elementor-top-column elementor-element elementor-element-2c19b92 ae-bg-gallery-type-default\" data-id=\"2c19b92\" data-element_type=\"column\" data-e-type=\"column\">\n\t\t\t<div class=\"elementor-widget-wrap elementor-element-populated\">\n\t\t\t\t\t\t<div class=\"elementor-element elementor-element-97d63ff elementor-widget elementor-widget-text-editor\" data-id=\"97d63ff\" data-element_type=\"widget\" data-e-type=\"widget\" data-widget_type=\"text-editor.default\">\n\t\t\t\t<div class=\"elementor-widget-container\">\n\t\t\t\t\t\t\t\t\t<p style=\"font-size: 16px; font-style: normal; font-weight: 400;\">Samokonsumpcja przemys\u0142owa odnosi si\u0119 do produkcji i wykorzystania energii elektrycznej w przemy\u015ble w celu pokrycia w\u0142asnych potrzeb energetycznych. Jest to trend, kt\u00f3ry jest coraz cz\u0119\u015bciej przyjmowany przez firmy, poniewa\u017c oferuje liczne korzy\u015bci ekonomiczne i \u015brodowiskowe.<\/p>\t\t\t\t\t\t\t\t<\/div>\n\t\t\t\t<\/div>\n\t\t\t\t<div class=\"elementor-element elementor-element-1637e43 elementor-widget elementor-widget-image\" data-id=\"1637e43\" data-element_type=\"widget\" data-e-type=\"widget\" data-widget_type=\"image.default\">\n\t\t\t\t<div class=\"elementor-widget-container\">\n\t\t\t\t\t\t\t\t\t\t\t\t\t\t\t<img fetchpriority=\"high\" decoding=\"async\" width=\"1024\" height=\"576\" src=\"https:\/\/www.solar-model.com\/wp-content\/uploads\/2023\/12\/Autoconsumo-solar-industrial-1024x576.jpg\" class=\"attachment-large size-large wp-image-974\" alt=\"Samowystarczalno\u015b\u0107 energetyczna przemys\u0142u\" srcset=\"https:\/\/www.solar-model.com\/wp-content\/uploads\/2023\/12\/Autoconsumo-solar-industrial-1024x576.jpg 1024w, https:\/\/www.solar-model.com\/wp-content\/uploads\/2023\/12\/Autoconsumo-solar-industrial-300x169.jpg 300w, https:\/\/www.solar-model.com\/wp-content\/uploads\/2023\/12\/Autoconsumo-solar-industrial-768x432.jpg 768w, https:\/\/www.solar-model.com\/wp-content\/uploads\/2023\/12\/Autoconsumo-solar-industrial-18x10.jpg 18w, https:\/\/www.solar-model.com\/wp-content\/uploads\/2023\/12\/Autoconsumo-solar-industrial.jpg 1280w\" sizes=\"(max-width: 1024px) 100vw, 1024px\" \/>\t\t\t\t\t\t\t\t\t\t\t\t\t\t\t<\/div>\n\t\t\t\t<\/div>\n\t\t\t\t<div class=\"elementor-element elementor-element-ea8335c elementor-widget elementor-widget-text-editor\" data-id=\"ea8335c\" data-element_type=\"widget\" data-e-type=\"widget\" data-widget_type=\"text-editor.default\">\n\t\t\t\t<div class=\"elementor-widget-container\">\n\t\t\t\t\t\t\t\t\t<p><span style=\"background-color: var(--ast-global-color-4); color: var(--ast-global-color-3); font-style: inherit; font-weight: inherit;\">Jedn\u0105 z zalet samowystarczalno\u015bci energetycznej w przemy\u015ble jest redukcja koszt\u00f3w zu\u017cycia energii elektrycznej. Produkuj\u0105c niezb\u0119dn\u0105 energi\u0119 we w\u0142asnym zakresie, firmy unikaj\u0105 ca\u0142kowitego uzale\u017cnienia od sieci elektrycznej, co przek\u0142ada si\u0119 na znaczne oszcz\u0119dno\u015bci na rachunkach za pr\u0105d. Ponadto w niekt\u00f3rych krajach istniej\u0105 zach\u0119ty i dotacje, kt\u00f3re zach\u0119caj\u0105 do wdra\u017cania przemys\u0142owych system\u00f3w samowystarczalno\u015bci energetycznej, co zwi\u0119ksza ich op\u0142acalno\u015b\u0107 ekonomiczn\u0105.<\/span><\/p><p><span style=\"font-style: inherit; font-weight: inherit; background-color: var(--ast-global-color-4); color: var(--ast-global-color-3);\">Kolejn\u0105 wa\u017cn\u0105 korzy\u015bci\u0105 p\u0142yn\u0105c\u0105 z samowystarczalno\u015bci energetycznej w przemy\u015ble jest redukcja emisji gaz\u00f3w cieplarnianych. Produkuj\u0105c energi\u0119 elektryczn\u0105 ze \u017ar\u00f3de\u0142 odnawialnych, firmy przyczyniaj\u0105 si\u0119 do zmniejszenia swojego \u015bladu w\u0119glowego i wp\u0142ywu na \u015brodowisko. Pomaga to nie tylko chroni\u0107 \u015brodowisko, ale tak\u017ce poprawia wizerunek i reputacj\u0119 firmy w\u015br\u00f3d klient\u00f3w i konsument\u00f3w, kt\u00f3rzy s\u0105 coraz bardziej zainteresowani zr\u00f3wnowa\u017conym rozwojem.<\/span><\/p><p><span style=\"font-style: inherit; font-weight: inherit; background-color: var(--ast-global-color-4); color: var(--ast-global-color-3);\">Ponadto, samowystarczalno\u015b\u0107 energetyczna zwi\u0119ksza autonomi\u0119 energetyczn\u0105 przedsi\u0119biorstw. Dzi\u0119ki mo\u017cliwo\u015bci wytwarzania w\u0142asnej energii, przemys\u0142 zmniejsza swoj\u0105 zale\u017cno\u015b\u0107 od cen i dost\u0119pno\u015bci energii dostarczanej przez przedsi\u0119biorstwa energetyczne. Zapewnia to wi\u0119ksz\u0105 stabilno\u015b\u0107 i bezpiecze\u0144stwo dostaw energii, zw\u0142aszcza w sytuacjach awaryjnych lub przerw w zewn\u0119trznej sieci energetycznej.\u00a0<\/span><span style=\"background-color: var(--ast-global-color-4); color: var(--ast-global-color-3); font-style: inherit; font-weight: inherit;\">Wdro\u017cenie przemys\u0142owych system\u00f3w samoobs\u0142ugowych mo\u017ce r\u00f3\u017cni\u0107 si\u0119 w zale\u017cno\u015bci od potrzeb i charakterystyki ka\u017cdej firmy, z instalacj\u0105<\/span><span style=\"background-color: var(--ast-global-color-4); color: var(--ast-global-color-3); font-style: inherit; font-weight: inherit;\">Panele fotowoltaiczne z bateriami lub bez, wykorzystuj\u0105ce \u015bwiat\u0142o s\u0142oneczne do generowania energii elektrycznej i baterie do gromadzenia wytworzonej energii.<\/span><\/p><p><span style=\"font-style: inherit; font-weight: inherit; background-color: var(--ast-global-color-4); color: var(--ast-global-color-3);\">Kr\u00f3tko m\u00f3wi\u0105c, samowystarczalno\u015b\u0107 energetyczna w przemy\u015ble jest coraz bardziej popularn\u0105 opcj\u0105 w\u015br\u00f3d firm, poniewa\u017c oferuje wiele korzy\u015bci ekonomicznych i \u015brodowiskowych. Obni\u017cone koszty energii elektrycznej, zmniejszona emisja zanieczyszczaj\u0105cych gaz\u00f3w, autonomia energetyczna i poprawa wizerunku firmy to tylko niekt\u00f3re z zalet tej zr\u00f3wnowa\u017conej alternatywy. Jej wdro\u017cenie wymaga analizy, inwestycji i planowania, ale w d\u0142u\u017cszej perspektywie jest to op\u0142acalne i odpowiedzialne rozwi\u0105zanie.<\/span><\/p>\t\t\t\t\t\t\t\t<\/div>\n\t\t\t\t<\/div>\n\t\t\t\t\t<\/div>\n\t\t<\/div>\n\t\t\t\t\t<\/div>\n\t\t<\/section>\n\t\t\t\t<section class=\"has_ae_slider elementor-section elementor-top-section elementor-element elementor-element-3dde6c3 elementor-section-boxed elementor-section-height-default elementor-section-height-default ae-bg-gallery-type-default\" data-id=\"3dde6c3\" data-element_type=\"section\" data-e-type=\"section\">\n\t\t\t\t\t\t<div class=\"elementor-container elementor-column-gap-default\">\n\t\t\t\t\t<div class=\"has_ae_slider elementor-column elementor-col-100 elementor-top-column elementor-element elementor-element-c937ad5 ae-bg-gallery-type-default\" data-id=\"c937ad5\" data-element_type=\"column\" data-e-type=\"column\">\n\t\t\t<div class=\"elementor-widget-wrap elementor-element-populated\">\n\t\t\t\t\t\t<div class=\"elementor-element elementor-element-bf4fa3d elementor-align-center elementor-widget elementor-widget-button\" data-id=\"bf4fa3d\" data-element_type=\"widget\" data-e-type=\"widget\" data-widget_type=\"button.default\">\n\t\t\t\t<div class=\"elementor-widget-container\">\n\t\t\t\t\t\t\t\t\t<div class=\"elementor-button-wrapper\">\n\t\t\t\t\t<a class=\"elementor-button elementor-button-link elementor-size-sm\" href=\"https:\/\/www.solar-model.com\/pl\/budzet\/\">\n\t\t\t\t\t\t<span class=\"elementor-button-content-wrapper\">\n\t\t\t\t\t\t<span class=\"elementor-button-icon\">\n\t\t\t\t<i aria-hidden=\"true\" class=\"far fa-comment\"><\/i>\t\t\t<\/span>\n\t\t\t\t\t\t\t\t\t<span class=\"elementor-button-text\">Popro\u015b o niewi\u0105\u017c\u0105c\u0105 wycen\u0119<\/span>\n\t\t\t\t\t<\/span>\n\t\t\t\t\t<\/a>\n\t\t\t\t<\/div>\n\t\t\t\t\t\t\t\t<\/div>\n\t\t\t\t<\/div>\n\t\t\t\t\t<\/div>\n\t\t<\/div>\n\t\t\t\t\t<\/div>\n\t\t<\/section>\n\t\t\t\t<\/div>","protected":false},"excerpt":{"rendered":"<p>Autoconsumo solar industrial Energ\u00eda solar para ahorrar el m\u00e1ximo de consumo en tu negocio El autoconsumo industrial se refiere a la producci\u00f3n y utilizaci\u00f3n de energ\u00eda el\u00e9ctrica dentro de una industria para cubrir sus propias necesidades energ\u00e9ticas. Es una tendencia cada vez m\u00e1s adoptada por las empresas, ya que ofrece numerosos beneficios tanto econ\u00f3micos como [&hellip;]<\/p>\n","protected":false},"author":1,"featured_media":0,"parent":0,"menu_order":0,"comment_status":"closed","ping_status":"closed","template":"","meta":{"site-sidebar-layout":"no-sidebar","site-content-layout":"page-builder","ast-site-content-layout":"full-width-container","site-content-style":"default","site-sidebar-style":"default","ast-global-header-display":"","ast-banner-title-visibility":"","ast-main-header-display":"","ast-hfb-above-header-display":"","ast-hfb-below-header-display":"","ast-hfb-mobile-header-display":"","site-post-title":"disabled","ast-breadcrumbs-content":"","ast-featured-img":"disabled","footer-sml-layout":"","ast-disable-related-posts":"","theme-transparent-header-meta":"","adv-header-id-meta":"","stick-header-meta":"","header-above-stick-meta":"","header-main-stick-meta":"","header-below-stick-meta":"","astra-migrate-meta-layouts":"default","ast-page-background-enabled":"default","ast-page-background-meta":{"desktop":{"background-color":"","background-image":"","background-repeat":"repeat","background-position":"center center","background-size":"auto","background-attachment":"scroll","background-type":"","background-media":"","overlay-type":"","overlay-color":"","overlay-opacity":"","overlay-gradient":""},"tablet":{"background-color":"","background-image":"","background-repeat":"repeat","background-position":"center center","background-size":"auto","background-attachment":"scroll","background-type":"","background-media":"","overlay-type":"","overlay-color":"","overlay-opacity":"","overlay-gradient":""},"mobile":{"background-color":"","background-image":"","background-repeat":"repeat","background-position":"center center","background-size":"auto","background-attachment":"scroll","background-type":"","background-media":"","overlay-type":"","overlay-color":"","overlay-opacity":"","overlay-gradient":""}},"ast-content-background-meta":{"desktop":{"background-color":"var(--ast-global-color-5)","background-image":"","background-repeat":"repeat","background-position":"center center","background-size":"auto","background-attachment":"scroll","background-type":"","background-media":"","overlay-type":"","overlay-color":"","overlay-opacity":"","overlay-gradient":""},"tablet":{"background-color":"var(--ast-global-color-5)","background-image":"","background-repeat":"repeat","background-position":"center center","background-size":"auto","background-attachment":"scroll","background-type":"","background-media":"","overlay-type":"","overlay-color":"","overlay-opacity":"","overlay-gradient":""},"mobile":{"background-color":"var(--ast-global-color-5)","background-image":"","background-repeat":"repeat","background-position":"center center","background-size":"auto","background-attachment":"scroll","background-type":"","background-media":"","overlay-type":"","overlay-color":"","overlay-opacity":"","overlay-gradient":""}},"_joinchat":[],"footnotes":""},"class_list":["post-970","page","type-page","status-publish","hentry"],"_links":{"self":[{"href":"https:\/\/www.solar-model.com\/pl\/wp-json\/wp\/v2\/pages\/970","targetHints":{"allow":["GET"]}}],"collection":[{"href":"https:\/\/www.solar-model.com\/pl\/wp-json\/wp\/v2\/pages"}],"about":[{"href":"https:\/\/www.solar-model.com\/pl\/wp-json\/wp\/v2\/types\/page"}],"author":[{"embeddable":true,"href":"https:\/\/www.solar-model.com\/pl\/wp-json\/wp\/v2\/users\/1"}],"replies":[{"embeddable":true,"href":"https:\/\/www.solar-model.com\/pl\/wp-json\/wp\/v2\/comments?post=970"}],"version-history":[{"count":21,"href":"https:\/\/www.solar-model.com\/pl\/wp-json\/wp\/v2\/pages\/970\/revisions"}],"predecessor-version":[{"id":1437,"href":"https:\/\/www.solar-model.com\/pl\/wp-json\/wp\/v2\/pages\/970\/revisions\/1437"}],"wp:attachment":[{"href":"https:\/\/www.solar-model.com\/pl\/wp-json\/wp\/v2\/media?parent=970"}],"curies":[{"name":"wp","href":"https:\/\/api.w.org\/{rel}","templated":true}]}}