{"id":981,"date":"2023-12-29T18:00:33","date_gmt":"2023-12-29T16:00:33","guid":{"rendered":"https:\/\/solar-model.com\/?page_id=981"},"modified":"2024-01-24T14:15:13","modified_gmt":"2024-01-24T12:15:13","slug":"autoconsumo-aislado","status":"publish","type":"page","link":"https:\/\/www.solar-model.com\/pl\/izolowana-konsumpcja-wlasna\/","title":{"rendered":"Izolowana konsumpcja w\u0142asna"},"content":{"rendered":"<div data-elementor-type=\"wp-page\" data-elementor-id=\"981\" class=\"elementor elementor-981\" data-elementor-post-type=\"page\">\n\t\t\t\t\t\t<section class=\"has_ae_slider elementor-section elementor-top-section elementor-element elementor-element-d6b76bd elementor-section-boxed elementor-section-height-default elementor-section-height-default ae-bg-gallery-type-default\" data-id=\"d6b76bd\" data-element_type=\"section\" data-e-type=\"section\">\n\t\t\t\t\t\t<div class=\"elementor-container elementor-column-gap-default\">\n\t\t\t\t\t<div class=\"has_ae_slider elementor-column elementor-col-100 elementor-top-column elementor-element elementor-element-3f650bc ae-bg-gallery-type-default\" data-id=\"3f650bc\" data-element_type=\"column\" data-e-type=\"column\">\n\t\t\t<div class=\"elementor-widget-wrap\">\n\t\t\t\t\t\t\t<\/div>\n\t\t<\/div>\n\t\t\t\t\t<\/div>\n\t\t<\/section>\n\t\t\t\t<section class=\"has_ae_slider elementor-section elementor-top-section elementor-element elementor-element-61827e3 elementor-section-boxed elementor-section-height-default elementor-section-height-default ae-bg-gallery-type-default\" data-id=\"61827e3\" data-element_type=\"section\" data-e-type=\"section\">\n\t\t\t\t\t\t<div class=\"elementor-container elementor-column-gap-default\">\n\t\t\t\t\t<div class=\"has_ae_slider elementor-column elementor-col-100 elementor-top-column elementor-element elementor-element-a35f388 ae-bg-gallery-type-default\" data-id=\"a35f388\" data-element_type=\"column\" data-e-type=\"column\">\n\t\t\t<div class=\"elementor-widget-wrap elementor-element-populated\">\n\t\t\t\t\t\t<div class=\"elementor-element elementor-element-7d83901 elementor-widget elementor-widget-text-editor\" data-id=\"7d83901\" data-element_type=\"widget\" data-e-type=\"widget\" data-widget_type=\"text-editor.default\">\n\t\t\t\t<div class=\"elementor-widget-container\">\n\t\t\t\t\t\t\t\t\t<p style=\"font-size: 16px; font-style: normal; font-weight: 400;\">Samowystarczalno\u015b\u0107 energetyczna to praktyka, kt\u00f3ra obecnie zyskuje na popularno\u015bci dzi\u0119ki post\u0119powi technologicznemu i rosn\u0105cym obawom o zr\u00f3wnowa\u017cony rozw\u00f3j i zmniejszenie zale\u017cno\u015bci od nieodnawialnych \u017ar\u00f3de\u0142 energii. Koncepcja ta opiera si\u0119 na generowaniu w\u0142asnej energii i wykorzystywaniu jej wy\u0142\u0105cznie do zaspokojenia potrzeb domu, firmy lub innego obiektu.<\/p>\n<p style=\"font-size: 16px; font-style: normal; font-weight: 400;\"><span style=\"font-style: inherit; font-weight: inherit; background-color: var(--ast-global-color-4); color: var(--ast-global-color-3);\">Jedn\u0105 z g\u0142\u00f3wnych zalet samowystarczalno\u015bci energetycznej jest niezale\u017cno\u015b\u0107 energetyczna. Wytwarzaj\u0105c i wykorzystuj\u0105c w\u0142asn\u0105 energi\u0119, mo\u017cna drastycznie zmniejszy\u0107 zale\u017cno\u015b\u0107 od konwencjonalnej sieci elektrycznej. Jest to szczeg\u00f3lnie korzystne na obszarach wiejskich lub oddalonych, gdzie pod\u0142\u0105czenie do sieci mo\u017ce by\u0107 skomplikowane lub kosztowne.<\/span><\/p>\n<p style=\"font-size: 16px; font-style: normal; font-weight: 400;\"><span style=\"font-style: inherit; font-weight: inherit; background-color: var(--ast-global-color-4); color: var(--ast-global-color-3);\">Ponadto, odizolowana konsumpcja w\u0142asna znacz\u0105co przyczynia si\u0119 do redukcji emisji gaz\u00f3w cieplarnianych, poniewa\u017c opiera si\u0119 g\u0142\u00f3wnie na odnawialnych \u017ar\u00f3d\u0142ach energii, takich jak energia s\u0142oneczna, wiatrowa lub wodna. Wykorzystanie tych czystych \u017ar\u00f3de\u0142 energii zmniejsza \u015blad w\u0119glowy i przyczynia si\u0119 do walki ze zmianami klimatycznymi.<\/span><\/p>\t\t\t\t\t\t\t\t<\/div>\n\t\t\t\t<\/div>\n\t\t\t\t<div class=\"elementor-element elementor-element-86518e8 elementor-widget elementor-widget-image\" data-id=\"86518e8\" data-element_type=\"widget\" data-e-type=\"widget\" data-widget_type=\"image.default\">\n\t\t\t\t<div class=\"elementor-widget-container\">\n\t\t\t\t\t\t\t\t\t\t\t\t\t\t\t<img fetchpriority=\"high\" decoding=\"async\" width=\"990\" height=\"350\" src=\"https:\/\/www.solar-model.com\/wp-content\/uploads\/2023\/12\/Autoconsumo-solar-aislado.jpg\" class=\"attachment-large size-large wp-image-982\" alt=\"\" srcset=\"https:\/\/www.solar-model.com\/wp-content\/uploads\/2023\/12\/Autoconsumo-solar-aislado.jpg 990w, https:\/\/www.solar-model.com\/wp-content\/uploads\/2023\/12\/Autoconsumo-solar-aislado-300x106.jpg 300w, https:\/\/www.solar-model.com\/wp-content\/uploads\/2023\/12\/Autoconsumo-solar-aislado-768x272.jpg 768w, https:\/\/www.solar-model.com\/wp-content\/uploads\/2023\/12\/Autoconsumo-solar-aislado-18x6.jpg 18w\" sizes=\"(max-width: 990px) 100vw, 990px\" \/>\t\t\t\t\t\t\t\t\t\t\t\t\t\t\t<\/div>\n\t\t\t\t<\/div>\n\t\t\t\t<div class=\"elementor-element elementor-element-60b9138 elementor-widget__width-initial elementor-widget elementor-widget-text-editor\" data-id=\"60b9138\" data-element_type=\"widget\" data-e-type=\"widget\" data-widget_type=\"text-editor.default\">\n\t\t\t\t<div class=\"elementor-widget-container\">\n\t\t\t\t\t\t\t\t\t<p>Kolejn\u0105 wielk\u0105 zalet\u0105 izolowanego zu\u017cycia w\u0142asnego jest mo\u017cliwo\u015b\u0107 znacznego zaoszcz\u0119dzenia na rachunkach za energi\u0119 elektryczn\u0105. Wytwarzaj\u0105c w\u0142asn\u0105 energi\u0119, u\u017cytkownik unika ponoszenia wysokich koszt\u00f3w zwi\u0105zanych z konwencjonaln\u0105 energi\u0105 elektryczn\u0105. Ponadto, je\u015bli wyprodukowane zostanie wi\u0119cej energii ni\u017c potrzeba, mo\u017cna j\u0105 przechowywa\u0107 w akumulatorach do p\u00f3\u017aniejszego wykorzystania, co dodatkowo zmniejsza zale\u017cno\u015b\u0107 od sieci i koszty energii elektrycznej.<span style=\"background-color: var(--ast-global-color-4); color: var(--ast-global-color-3); font-style: inherit; font-weight: inherit;\"><br \/><\/span><\/p><p><span style=\"background-color: var(--ast-global-color-4); color: var(--ast-global-color-3); font-style: inherit; font-weight: inherit;\">Odizolowana konsumpcja w\u0142asna wi\u0105\u017ce si\u0119 jednak z pewnymi wyzwaniami. Instalacja system\u00f3w wytwarzania energii odnawialnej mo\u017ce wi\u0105za\u0107 si\u0119 z wysokimi kosztami pocz\u0105tkowymi, cho\u0107 w d\u0142u\u017cszej perspektywie oszcz\u0119dno\u015bci ekonomiczne rekompensuj\u0105 t\u0119 inwestycj\u0119. Ponadto wymagane jest odpowiednie monitorowanie i konserwacja sprz\u0119tu, aby zapewni\u0107 jego prawid\u0142owe dzia\u0142anie i przed\u0142u\u017cy\u0107 jego \u017cywotno\u015b\u0107.<\/span><\/p><p><span style=\"font-style: inherit; font-weight: inherit; background-color: var(--ast-global-color-4); color: var(--ast-global-color-3);\">Podsumowuj\u0105c, izolowana konsumpcja w\u0142asna jest coraz bardziej atrakcyjn\u0105 i op\u0142acaln\u0105 opcj\u0105 dla tych, kt\u00f3rzy chc\u0105 by\u0107 bardziej niezale\u017cni energetycznie i zmniejszy\u0107 sw\u00f3j wp\u0142yw na \u015brodowisko. Praktyka ta jest nie tylko korzystna ekonomicznie, poniewa\u017c pozwala zaoszcz\u0119dzi\u0107 na rachunkach za energi\u0119 elektryczn\u0105, ale tak\u017ce przyczynia si\u0119 do ochrony \u015brodowiska poprzez wykorzystanie odnawialnych \u017ar\u00f3de\u0142 energii. Wraz z post\u0119pem technologicznym i spadkiem koszt\u00f3w instalacji, izolowana konsumpcja w\u0142asna stanie si\u0119 jeszcze bardziej przyst\u0119pn\u0105 i dost\u0119pn\u0105 alternatyw\u0105 dla ka\u017cdego.<\/span><\/p>\t\t\t\t\t\t\t\t<\/div>\n\t\t\t\t<\/div>\n\t\t\t\t\t<\/div>\n\t\t<\/div>\n\t\t\t\t\t<\/div>\n\t\t<\/section>\n\t\t\t\t<section class=\"has_ae_slider elementor-section elementor-top-section elementor-element elementor-element-853ee47 elementor-section-boxed elementor-section-height-default elementor-section-height-default ae-bg-gallery-type-default\" data-id=\"853ee47\" data-element_type=\"section\" data-e-type=\"section\">\n\t\t\t\t\t\t<div class=\"elementor-container elementor-column-gap-default\">\n\t\t\t\t\t<div class=\"has_ae_slider elementor-column elementor-col-100 elementor-top-column elementor-element elementor-element-30cbd14 ae-bg-gallery-type-default\" data-id=\"30cbd14\" data-element_type=\"column\" data-e-type=\"column\">\n\t\t\t<div class=\"elementor-widget-wrap elementor-element-populated\">\n\t\t\t\t\t\t<div class=\"elementor-element elementor-element-25e4f8a elementor-align-center elementor-widget elementor-widget-button\" data-id=\"25e4f8a\" data-element_type=\"widget\" data-e-type=\"widget\" data-widget_type=\"button.default\">\n\t\t\t\t<div class=\"elementor-widget-container\">\n\t\t\t\t\t\t\t\t\t<div class=\"elementor-button-wrapper\">\n\t\t\t\t\t<a class=\"elementor-button elementor-button-link elementor-size-sm\" href=\"https:\/\/www.solar-model.com\/pl\/budzet\/\">\n\t\t\t\t\t\t<span class=\"elementor-button-content-wrapper\">\n\t\t\t\t\t\t<span class=\"elementor-button-icon\">\n\t\t\t\t<i aria-hidden=\"true\" class=\"far fa-comment\"><\/i>\t\t\t<\/span>\n\t\t\t\t\t\t\t\t\t<span class=\"elementor-button-text\">Popro\u015b o niewi\u0105\u017c\u0105c\u0105 wycen\u0119<\/span>\n\t\t\t\t\t<\/span>\n\t\t\t\t\t<\/a>\n\t\t\t\t<\/div>\n\t\t\t\t\t\t\t\t<\/div>\n\t\t\t\t<\/div>\n\t\t\t\t\t<\/div>\n\t\t<\/div>\n\t\t\t\t\t<\/div>\n\t\t<\/section>\n\t\t\t\t<\/div>","protected":false},"excerpt":{"rendered":"<p>Autoconsumo solar aislado Obt\u00e9n energ\u00eda sin depender de la red el\u00e9ctrica El autoconsumo aislado es una pr\u00e1ctica que est\u00e1 ganando popularidad en la actualidad, gracias a los avances tecnol\u00f3gicos y a las preocupaciones crecientes por la sostenibilidad y la reducci\u00f3n de la dependencia de fuentes de energ\u00eda no renovables. Este concepto se basa en la [&hellip;]<\/p>\n","protected":false},"author":1,"featured_media":0,"parent":0,"menu_order":0,"comment_status":"closed","ping_status":"closed","template":"","meta":{"site-sidebar-layout":"no-sidebar","site-content-layout":"page-builder","ast-site-content-layout":"full-width-container","site-content-style":"default","site-sidebar-style":"default","ast-global-header-display":"","ast-banner-title-visibility":"","ast-main-header-display":"","ast-hfb-above-header-display":"","ast-hfb-below-header-display":"","ast-hfb-mobile-header-display":"","site-post-title":"disabled","ast-breadcrumbs-content":"","ast-featured-img":"disabled","footer-sml-layout":"","ast-disable-related-posts":"","theme-transparent-header-meta":"","adv-header-id-meta":"","stick-header-meta":"","header-above-stick-meta":"","header-main-stick-meta":"","header-below-stick-meta":"","astra-migrate-meta-layouts":"default","ast-page-background-enabled":"default","ast-page-background-meta":{"desktop":{"background-color":"","background-image":"","background-repeat":"repeat","background-position":"center center","background-size":"auto","background-attachment":"scroll","background-type":"","background-media":"","overlay-type":"","overlay-color":"","overlay-opacity":"","overlay-gradient":""},"tablet":{"background-color":"","background-image":"","background-repeat":"repeat","background-position":"center center","background-size":"auto","background-attachment":"scroll","background-type":"","background-media":"","overlay-type":"","overlay-color":"","overlay-opacity":"","overlay-gradient":""},"mobile":{"background-color":"","background-image":"","background-repeat":"repeat","background-position":"center center","background-size":"auto","background-attachment":"scroll","background-type":"","background-media":"","overlay-type":"","overlay-color":"","overlay-opacity":"","overlay-gradient":""}},"ast-content-background-meta":{"desktop":{"background-color":"var(--ast-global-color-5)","background-image":"","background-repeat":"repeat","background-position":"center center","background-size":"auto","background-attachment":"scroll","background-type":"","background-media":"","overlay-type":"","overlay-color":"","overlay-opacity":"","overlay-gradient":""},"tablet":{"background-color":"var(--ast-global-color-5)","background-image":"","background-repeat":"repeat","background-position":"center center","background-size":"auto","background-attachment":"scroll","background-type":"","background-media":"","overlay-type":"","overlay-color":"","overlay-opacity":"","overlay-gradient":""},"mobile":{"background-color":"var(--ast-global-color-5)","background-image":"","background-repeat":"repeat","background-position":"center center","background-size":"auto","background-attachment":"scroll","background-type":"","background-media":"","overlay-type":"","overlay-color":"","overlay-opacity":"","overlay-gradient":""}},"_joinchat":[],"footnotes":""},"class_list":["post-981","page","type-page","status-publish","hentry"],"_links":{"self":[{"href":"https:\/\/www.solar-model.com\/pl\/wp-json\/wp\/v2\/pages\/981","targetHints":{"allow":["GET"]}}],"collection":[{"href":"https:\/\/www.solar-model.com\/pl\/wp-json\/wp\/v2\/pages"}],"about":[{"href":"https:\/\/www.solar-model.com\/pl\/wp-json\/wp\/v2\/types\/page"}],"author":[{"embeddable":true,"href":"https:\/\/www.solar-model.com\/pl\/wp-json\/wp\/v2\/users\/1"}],"replies":[{"embeddable":true,"href":"https:\/\/www.solar-model.com\/pl\/wp-json\/wp\/v2\/comments?post=981"}],"version-history":[{"count":15,"href":"https:\/\/www.solar-model.com\/pl\/wp-json\/wp\/v2\/pages\/981\/revisions"}],"predecessor-version":[{"id":1434,"href":"https:\/\/www.solar-model.com\/pl\/wp-json\/wp\/v2\/pages\/981\/revisions\/1434"}],"wp:attachment":[{"href":"https:\/\/www.solar-model.com\/pl\/wp-json\/wp\/v2\/media?parent=981"}],"curies":[{"name":"wp","href":"https:\/\/api.w.org\/{rel}","templated":true}]}}