{"id":986,"date":"2023-12-29T18:04:54","date_gmt":"2023-12-29T16:04:54","guid":{"rendered":"https:\/\/solar-model.com\/?page_id=986"},"modified":"2024-05-08T15:57:50","modified_gmt":"2024-05-08T14:57:50","slug":"huertos-solares","status":"publish","type":"page","link":"https:\/\/www.solar-model.com\/pl\/ogrody-sloneczne\/","title":{"rendered":"Ogrody s\u0142oneczne"},"content":{"rendered":"<div data-elementor-type=\"wp-page\" data-elementor-id=\"986\" class=\"elementor elementor-986\" data-elementor-post-type=\"page\">\n\t\t\t\t\t\t<section class=\"has_ae_slider elementor-section elementor-top-section elementor-element elementor-element-17782d7 elementor-section-boxed elementor-section-height-default elementor-section-height-default ae-bg-gallery-type-default\" data-id=\"17782d7\" data-element_type=\"section\" data-e-type=\"section\">\n\t\t\t\t\t\t<div class=\"elementor-container elementor-column-gap-default\">\n\t\t\t\t\t<div class=\"has_ae_slider elementor-column elementor-col-100 elementor-top-column elementor-element elementor-element-2f1252c ae-bg-gallery-type-default\" data-id=\"2f1252c\" data-element_type=\"column\" data-e-type=\"column\">\n\t\t\t<div class=\"elementor-widget-wrap\">\n\t\t\t\t\t\t\t<\/div>\n\t\t<\/div>\n\t\t\t\t\t<\/div>\n\t\t<\/section>\n\t\t\t\t<section class=\"has_ae_slider elementor-section elementor-top-section elementor-element elementor-element-bb462e2 elementor-section-boxed elementor-section-height-default elementor-section-height-default ae-bg-gallery-type-default\" data-id=\"bb462e2\" data-element_type=\"section\" data-e-type=\"section\">\n\t\t\t\t\t\t<div class=\"elementor-container elementor-column-gap-default\">\n\t\t\t\t\t<div class=\"has_ae_slider elementor-column elementor-col-100 elementor-top-column elementor-element elementor-element-90bcce9 ae-bg-gallery-type-default\" data-id=\"90bcce9\" data-element_type=\"column\" data-e-type=\"column\">\n\t\t\t<div class=\"elementor-widget-wrap elementor-element-populated\">\n\t\t\t\t\t\t<div class=\"elementor-element elementor-element-1f9aea9 elementor-widget elementor-widget-text-editor\" data-id=\"1f9aea9\" data-element_type=\"widget\" data-e-type=\"widget\" data-widget_type=\"text-editor.default\">\n\t\t\t\t<div class=\"elementor-widget-container\">\n\t\t\t\t\t\t\t\t\t<p style=\"font-size: 16px; font-style: normal; font-weight: 400;\">Farmy s\u0142oneczne to innowacyjny spos\u00f3b wykorzystania energii odnawialnej do generowania energii elektrycznej. Ogrody te sk\u0142adaj\u0105 si\u0119 z instalacji paneli fotowoltaicznych na du\u017cych obszarach ziemi, gdzie promienie s\u0142oneczne s\u0105 przechwytywane i przekszta\u0142cane w energi\u0119 elektryczn\u0105.<\/p>\t\t\t\t\t\t\t\t<\/div>\n\t\t\t\t<\/div>\n\t\t\t\t<div class=\"elementor-element elementor-element-6dad78e elementor-widget elementor-widget-image\" data-id=\"6dad78e\" data-element_type=\"widget\" data-e-type=\"widget\" data-widget_type=\"image.default\">\n\t\t\t\t<div class=\"elementor-widget-container\">\n\t\t\t\t\t\t\t\t\t\t\t\t\t\t\t<img fetchpriority=\"high\" decoding=\"async\" width=\"1024\" height=\"623\" src=\"https:\/\/www.solar-model.com\/wp-content\/uploads\/2023\/12\/Huertos-solares-1024x623.jpg\" class=\"attachment-large size-large wp-image-987\" alt=\"\" srcset=\"https:\/\/www.solar-model.com\/wp-content\/uploads\/2023\/12\/Huertos-solares-1024x623.jpg 1024w, https:\/\/www.solar-model.com\/wp-content\/uploads\/2023\/12\/Huertos-solares-300x182.jpg 300w, https:\/\/www.solar-model.com\/wp-content\/uploads\/2023\/12\/Huertos-solares-768x467.jpg 768w, https:\/\/www.solar-model.com\/wp-content\/uploads\/2023\/12\/Huertos-solares-18x12.jpg 18w, https:\/\/www.solar-model.com\/wp-content\/uploads\/2023\/12\/Huertos-solares.jpg 1470w\" sizes=\"(max-width: 1024px) 100vw, 1024px\" \/>\t\t\t\t\t\t\t\t\t\t\t\t\t\t\t<\/div>\n\t\t\t\t<\/div>\n\t\t\t\t<div class=\"elementor-element elementor-element-132fbdc elementor-widget elementor-widget-text-editor\" data-id=\"132fbdc\" data-element_type=\"widget\" data-e-type=\"widget\" data-widget_type=\"text-editor.default\">\n\t\t\t\t<div class=\"elementor-widget-container\">\n\t\t\t\t\t\t\t\t\t<p><span style=\"background-color: var(--ast-global-color-4); color: var(--ast-global-color-3); font-style: inherit; font-weight: inherit;\">Jedn\u0105 z g\u0142\u00f3wnych zalet farm s\u0142onecznych jest to, \u017ce s\u0105 one czystym i odnawialnym \u017ar\u00f3d\u0142em energii, co oznacza, \u017ce nie generuj\u0105 emisji gaz\u00f3w cieplarnianych ani zanieczyszcze\u0144, kt\u00f3re szkodz\u0105 \u015brodowisku. Co wi\u0119cej, jako niewyczerpalne \u017ar\u00f3d\u0142o energii, farmy s\u0142oneczne stanowi\u0105 d\u0142ugoterminowe, zr\u00f3wnowa\u017cone rozwi\u0105zanie.<\/span><br><\/p>\n<p><span style=\"font-style: inherit; font-weight: inherit; background-color: var(--ast-global-color-4); color: var(--ast-global-color-3);\">Kolejn\u0105 zalet\u0105 farm s\u0142onecznych jest to, \u017ce zajmuj\u0105 one grunty, kt\u00f3re nie nadaj\u0105 si\u0119 pod inne uprawy, takie jak nieu\u017cytki lub obszary pustynne, maksymalizuj\u0105c wykorzystanie niewykorzystanej przestrzeni. Ponadto farmy s\u0142oneczne mog\u0105 wsp\u00f3\u0142istnie\u0107 z tradycyjnym rolnictwem, poniewa\u017c panele mog\u0105 by\u0107 instalowane wysoko nad ziemi\u0105, umo\u017cliwiaj\u0105c upraw\u0119 ro\u015blin pod nimi.<\/span><\/p>\n<p><span style=\"font-style: inherit; font-weight: inherit; background-color: var(--ast-global-color-4); color: var(--ast-global-color-3);\">Pod wzgl\u0119dem ekonomicznym farmy s\u0142oneczne stanowi\u0105 op\u0142acaln\u0105 inwestycj\u0119 w perspektywie d\u0142ugoterminowej, poniewa\u017c po zainstalowaniu wymagaj\u0105 niewielkich koszt\u00f3w konserwacji i eksploatacji. Co wi\u0119cej, wytwarzaj\u0105c energi\u0119 elektryczn\u0105, mo\u017cliwe jest sprzedawanie jej nadwy\u017cek do sieci, co przek\u0142ada si\u0119 na dodatkowy doch\u00f3d dla w\u0142a\u015bcicieli farm.<\/span><\/p>\n<p><span style=\"font-style: inherit; font-weight: inherit; background-color: var(--ast-global-color-4); color: var(--ast-global-color-3);\">Pod wzgl\u0119dem wp\u0142ywu spo\u0142ecznego farmy s\u0142oneczne przyczyniaj\u0105 si\u0119 r\u00f3wnie\u017c do tworzenia miejsc pracy, poniewa\u017c wymagaj\u0105 wyspecjalizowanego personelu do instalacji, konserwacji i nadzoru. Ponadto, wytwarzaj\u0105c energi\u0119 elektryczn\u0105 w spos\u00f3b zdecentralizowany, farmy s\u0142oneczne mog\u0105 pom\u00f3c zmniejszy\u0107 zale\u017cno\u015b\u0107 od innych, bardziej zanieczyszczaj\u0105cych i kosztownych metod wytwarzania energii, takich jak elektrownie j\u0105drowe lub cieplne.<\/span><\/p>\n<p><span style=\"font-style: inherit; font-weight: inherit; background-color: var(--ast-global-color-4); color: var(--ast-global-color-3);\">Podsumowuj\u0105c, farmy s\u0142oneczne stanowi\u0105 innowacyjne i zr\u00f3wnowa\u017cone rozwi\u0105zanie w zakresie wytwarzania energii elektrycznej. Opr\u00f3cz tego, \u017ce s\u0105 czystym i odnawialnym \u017ar\u00f3d\u0142em energii, zajmuj\u0105 grunty, kt\u00f3re w przeciwnym razie by\u0142yby niewykorzystane, maj\u0105 dobry zwrot ekonomiczny i przyczyniaj\u0105 si\u0119 do generowania miejsc pracy. W ten spos\u00f3b farmy s\u0142oneczne s\u0105 opcj\u0105, kt\u00f3r\u0105 nale\u017cy rozwa\u017cy\u0107 w celu zapewnienia bardziej zr\u00f3wnowa\u017conej przysz\u0142o\u015bci energetycznej.<\/span><\/p>\t\t\t\t\t\t\t\t<\/div>\n\t\t\t\t<\/div>\n\t\t\t\t\t<\/div>\n\t\t<\/div>\n\t\t\t\t\t<\/div>\n\t\t<\/section>\n\t\t\t\t<section class=\"has_ae_slider elementor-section elementor-top-section elementor-element elementor-element-a7c6d0c elementor-section-boxed elementor-section-height-default elementor-section-height-default ae-bg-gallery-type-default\" data-id=\"a7c6d0c\" data-element_type=\"section\" data-e-type=\"section\">\n\t\t\t\t\t\t<div class=\"elementor-container elementor-column-gap-default\">\n\t\t\t\t\t<div class=\"has_ae_slider elementor-column elementor-col-100 elementor-top-column elementor-element elementor-element-83bb1b0 ae-bg-gallery-type-default\" data-id=\"83bb1b0\" data-element_type=\"column\" data-e-type=\"column\">\n\t\t\t<div class=\"elementor-widget-wrap elementor-element-populated\">\n\t\t\t\t\t\t<div class=\"elementor-element elementor-element-efff1eb elementor-align-center elementor-widget elementor-widget-button\" data-id=\"efff1eb\" data-element_type=\"widget\" data-e-type=\"widget\" data-widget_type=\"button.default\">\n\t\t\t\t<div class=\"elementor-widget-container\">\n\t\t\t\t\t\t\t\t\t<div class=\"elementor-button-wrapper\">\n\t\t\t\t\t<a class=\"elementor-button elementor-button-link elementor-size-sm\" href=\"https:\/\/www.solar-model.com\/pl\/budzet\/\">\n\t\t\t\t\t\t<span class=\"elementor-button-content-wrapper\">\n\t\t\t\t\t\t<span class=\"elementor-button-icon\">\n\t\t\t\t<i aria-hidden=\"true\" class=\"far fa-comment\"><\/i>\t\t\t<\/span>\n\t\t\t\t\t\t\t\t\t<span class=\"elementor-button-text\">Popro\u015b o bezp\u0142atn\u0105 wycen\u0119<\/span>\n\t\t\t\t\t<\/span>\n\t\t\t\t\t<\/a>\n\t\t\t\t<\/div>\n\t\t\t\t\t\t\t\t<\/div>\n\t\t\t\t<\/div>\n\t\t\t\t\t<\/div>\n\t\t<\/div>\n\t\t\t\t\t<\/div>\n\t\t<\/section>\n\t\t\t\t<\/div>","protected":false},"excerpt":{"rendered":"<p>Huertos solares Obt\u00e9n un rendimiento m\u00e1ximo invirtiendo en energ\u00eda solar Los huertos solares son una innovadora forma de aprovechar la energ\u00eda renovable para la generaci\u00f3n de electricidad. Estos huertos consisten en la instalaci\u00f3n de paneles fotovoltaicos en grandes superficies de terreno, donde se captan los rayos del sol y se convierten en energ\u00eda el\u00e9ctrica. Una [&hellip;]<\/p>\n","protected":false},"author":1,"featured_media":0,"parent":0,"menu_order":0,"comment_status":"closed","ping_status":"closed","template":"","meta":{"site-sidebar-layout":"no-sidebar","site-content-layout":"page-builder","ast-site-content-layout":"full-width-container","site-content-style":"default","site-sidebar-style":"default","ast-global-header-display":"","ast-banner-title-visibility":"","ast-main-header-display":"","ast-hfb-above-header-display":"","ast-hfb-below-header-display":"","ast-hfb-mobile-header-display":"","site-post-title":"disabled","ast-breadcrumbs-content":"","ast-featured-img":"disabled","footer-sml-layout":"","ast-disable-related-posts":"","theme-transparent-header-meta":"","adv-header-id-meta":"","stick-header-meta":"","header-above-stick-meta":"","header-main-stick-meta":"","header-below-stick-meta":"","astra-migrate-meta-layouts":"default","ast-page-background-enabled":"default","ast-page-background-meta":{"desktop":{"background-color":"","background-image":"","background-repeat":"repeat","background-position":"center center","background-size":"auto","background-attachment":"scroll","background-type":"","background-media":"","overlay-type":"","overlay-color":"","overlay-opacity":"","overlay-gradient":""},"tablet":{"background-color":"","background-image":"","background-repeat":"repeat","background-position":"center center","background-size":"auto","background-attachment":"scroll","background-type":"","background-media":"","overlay-type":"","overlay-color":"","overlay-opacity":"","overlay-gradient":""},"mobile":{"background-color":"","background-image":"","background-repeat":"repeat","background-position":"center center","background-size":"auto","background-attachment":"scroll","background-type":"","background-media":"","overlay-type":"","overlay-color":"","overlay-opacity":"","overlay-gradient":""}},"ast-content-background-meta":{"desktop":{"background-color":"var(--ast-global-color-5)","background-image":"","background-repeat":"repeat","background-position":"center center","background-size":"auto","background-attachment":"scroll","background-type":"","background-media":"","overlay-type":"","overlay-color":"","overlay-opacity":"","overlay-gradient":""},"tablet":{"background-color":"var(--ast-global-color-5)","background-image":"","background-repeat":"repeat","background-position":"center center","background-size":"auto","background-attachment":"scroll","background-type":"","background-media":"","overlay-type":"","overlay-color":"","overlay-opacity":"","overlay-gradient":""},"mobile":{"background-color":"var(--ast-global-color-5)","background-image":"","background-repeat":"repeat","background-position":"center center","background-size":"auto","background-attachment":"scroll","background-type":"","background-media":"","overlay-type":"","overlay-color":"","overlay-opacity":"","overlay-gradient":""}},"_joinchat":[],"footnotes":""},"class_list":["post-986","page","type-page","status-publish","hentry"],"_links":{"self":[{"href":"https:\/\/www.solar-model.com\/pl\/wp-json\/wp\/v2\/pages\/986","targetHints":{"allow":["GET"]}}],"collection":[{"href":"https:\/\/www.solar-model.com\/pl\/wp-json\/wp\/v2\/pages"}],"about":[{"href":"https:\/\/www.solar-model.com\/pl\/wp-json\/wp\/v2\/types\/page"}],"author":[{"embeddable":true,"href":"https:\/\/www.solar-model.com\/pl\/wp-json\/wp\/v2\/users\/1"}],"replies":[{"embeddable":true,"href":"https:\/\/www.solar-model.com\/pl\/wp-json\/wp\/v2\/comments?post=986"}],"version-history":[{"count":15,"href":"https:\/\/www.solar-model.com\/pl\/wp-json\/wp\/v2\/pages\/986\/revisions"}],"predecessor-version":[{"id":1618,"href":"https:\/\/www.solar-model.com\/pl\/wp-json\/wp\/v2\/pages\/986\/revisions\/1618"}],"wp:attachment":[{"href":"https:\/\/www.solar-model.com\/pl\/wp-json\/wp\/v2\/media?parent=986"}],"curies":[{"name":"wp","href":"https:\/\/api.w.org\/{rel}","templated":true}]}}