{"id":981,"date":"2023-12-29T18:00:33","date_gmt":"2023-12-29T16:00:33","guid":{"rendered":"https:\/\/solar-model.com\/?page_id=981"},"modified":"2024-01-24T14:15:13","modified_gmt":"2024-01-24T12:15:13","slug":"autoconsumo-aislado","status":"publish","type":"page","link":"https:\/\/www.solar-model.com\/ru\/\u0438\u0437\u043e\u043b\u0438\u0440\u043e\u0432\u0430\u043d\u043d\u043e\u0435-\u0441\u0430\u043c\u043e\u043f\u043e\u0442\u0440\u0435\u0431\u043b\u0435\u043d\u0438\u0435\/","title":{"rendered":"\u0418\u0437\u043e\u043b\u0438\u0440\u043e\u0432\u0430\u043d\u043d\u043e\u0435 \u0441\u0430\u043c\u043e\u043f\u043e\u0442\u0440\u0435\u0431\u043b\u0435\u043d\u0438\u0435"},"content":{"rendered":"<div data-elementor-type=\"wp-page\" data-elementor-id=\"981\" class=\"elementor elementor-981\" data-elementor-post-type=\"page\">\n\t\t\t\t\t\t<section class=\"has_ae_slider elementor-section elementor-top-section elementor-element elementor-element-d6b76bd elementor-section-boxed elementor-section-height-default elementor-section-height-default ae-bg-gallery-type-default\" data-id=\"d6b76bd\" data-element_type=\"section\" data-e-type=\"section\">\n\t\t\t\t\t\t<div class=\"elementor-container elementor-column-gap-default\">\n\t\t\t\t\t<div class=\"has_ae_slider elementor-column elementor-col-100 elementor-top-column elementor-element elementor-element-3f650bc ae-bg-gallery-type-default\" data-id=\"3f650bc\" data-element_type=\"column\" data-e-type=\"column\">\n\t\t\t<div class=\"elementor-widget-wrap\">\n\t\t\t\t\t\t\t<\/div>\n\t\t<\/div>\n\t\t\t\t\t<\/div>\n\t\t<\/section>\n\t\t\t\t<section class=\"has_ae_slider elementor-section elementor-top-section elementor-element elementor-element-61827e3 elementor-section-boxed elementor-section-height-default elementor-section-height-default ae-bg-gallery-type-default\" data-id=\"61827e3\" data-element_type=\"section\" data-e-type=\"section\">\n\t\t\t\t\t\t<div class=\"elementor-container elementor-column-gap-default\">\n\t\t\t\t\t<div class=\"has_ae_slider elementor-column elementor-col-100 elementor-top-column elementor-element elementor-element-a35f388 ae-bg-gallery-type-default\" data-id=\"a35f388\" data-element_type=\"column\" data-e-type=\"column\">\n\t\t\t<div class=\"elementor-widget-wrap elementor-element-populated\">\n\t\t\t\t\t\t<div class=\"elementor-element elementor-element-7d83901 elementor-widget elementor-widget-text-editor\" data-id=\"7d83901\" data-element_type=\"widget\" data-e-type=\"widget\" data-widget_type=\"text-editor.default\">\n\t\t\t\t<div class=\"elementor-widget-container\">\n\t\t\t\t\t\t\t\t\t<p style=\"font-size: 16px; font-style: normal; font-weight: 400;\">\u0418\u0437\u043e\u043b\u0438\u0440\u043e\u0432\u0430\u043d\u043d\u043e\u0435 \u0441\u0430\u043c\u043e\u043f\u043e\u0442\u0440\u0435\u0431\u043b\u0435\u043d\u0438\u0435 - \u043f\u0440\u0430\u043a\u0442\u0438\u043a\u0430, \u043a\u043e\u0442\u043e\u0440\u0430\u044f \u0432 \u043d\u0430\u0441\u0442\u043e\u044f\u0449\u0435\u0435 \u0432\u0440\u0435\u043c\u044f \u043d\u0430\u0431\u0438\u0440\u0430\u0435\u0442 \u043f\u043e\u043f\u0443\u043b\u044f\u0440\u043d\u043e\u0441\u0442\u044c \u0431\u043b\u0430\u0433\u043e\u0434\u0430\u0440\u044f \u0442\u0435\u0445\u043d\u043e\u043b\u043e\u0433\u0438\u0447\u0435\u0441\u043a\u043e\u043c\u0443 \u043f\u0440\u043e\u0433\u0440\u0435\u0441\u0441\u0443 \u0438 \u0440\u0430\u0441\u0442\u0443\u0449\u0435\u0439 \u043e\u0437\u0430\u0431\u043e\u0447\u0435\u043d\u043d\u043e\u0441\u0442\u0438 \u0432\u043e\u043f\u0440\u043e\u0441\u0430\u043c\u0438 \u044d\u043a\u043e\u043b\u043e\u0433\u0438\u0447\u043d\u043e\u0441\u0442\u0438 \u0438 \u0441\u043d\u0438\u0436\u0435\u043d\u0438\u044f \u0437\u0430\u0432\u0438\u0441\u0438\u043c\u043e\u0441\u0442\u0438 \u043e\u0442 \u043d\u0435\u0432\u043e\u0437\u043e\u0431\u043d\u043e\u0432\u043b\u044f\u0435\u043c\u044b\u0445 \u0438\u0441\u0442\u043e\u0447\u043d\u0438\u043a\u043e\u0432 \u044d\u043d\u0435\u0440\u0433\u0438\u0438. \u042d\u0442\u0430 \u043a\u043e\u043d\u0446\u0435\u043f\u0446\u0438\u044f \u043e\u0441\u043d\u043e\u0432\u0430\u043d\u0430 \u043d\u0430 \u0432\u044b\u0440\u0430\u0431\u043e\u0442\u043a\u0435 \u0441\u043e\u0431\u0441\u0442\u0432\u0435\u043d\u043d\u043e\u0439 \u044d\u043d\u0435\u0440\u0433\u0438\u0438 \u0438 \u0438\u0441\u043f\u043e\u043b\u044c\u0437\u043e\u0432\u0430\u043d\u0438\u0438 \u0435\u0435 \u0438\u0441\u043a\u043b\u044e\u0447\u0438\u0442\u0435\u043b\u044c\u043d\u043e \u0434\u043b\u044f \u0443\u0434\u043e\u0432\u043b\u0435\u0442\u0432\u043e\u0440\u0435\u043d\u0438\u044f \u043f\u043e\u0442\u0440\u0435\u0431\u043d\u043e\u0441\u0442\u0435\u0439 \u0434\u043e\u043c\u0430, \u043f\u0440\u0435\u0434\u043f\u0440\u0438\u044f\u0442\u0438\u044f \u0438\u043b\u0438 \u0434\u0440\u0443\u0433\u043e\u0433\u043e \u043e\u0431\u044a\u0435\u043a\u0442\u0430.<\/p>\n<p style=\"font-size: 16px; font-style: normal; font-weight: 400;\"><span style=\"font-style: inherit; font-weight: inherit; background-color: var(--ast-global-color-4); color: var(--ast-global-color-3);\">\u041e\u0434\u043d\u043e \u0438\u0437 \u0433\u043b\u0430\u0432\u043d\u044b\u0445 \u043f\u0440\u0435\u0438\u043c\u0443\u0449\u0435\u0441\u0442\u0432 \u0438\u0437\u043e\u043b\u0438\u0440\u043e\u0432\u0430\u043d\u043d\u043e\u0433\u043e \u0441\u0430\u043c\u043e\u043f\u043e\u0442\u0440\u0435\u0431\u043b\u0435\u043d\u0438\u044f - \u044d\u0442\u043e \u044d\u043d\u0435\u0440\u0433\u0435\u0442\u0438\u0447\u0435\u0441\u043a\u0430\u044f \u043d\u0435\u0437\u0430\u0432\u0438\u0441\u0438\u043c\u043e\u0441\u0442\u044c, \u043a\u043e\u0442\u043e\u0440\u0443\u044e \u043e\u043d\u043e \u043e\u0431\u0435\u0441\u043f\u0435\u0447\u0438\u0432\u0430\u0435\u0442. \u0412\u044b\u0440\u0430\u0431\u0430\u0442\u044b\u0432\u0430\u044f \u0438 \u0438\u0441\u043f\u043e\u043b\u044c\u0437\u0443\u044f \u0441\u043e\u0431\u0441\u0442\u0432\u0435\u043d\u043d\u0443\u044e \u044d\u043d\u0435\u0440\u0433\u0438\u044e, \u043c\u043e\u0436\u043d\u043e \u0437\u043d\u0430\u0447\u0438\u0442\u0435\u043b\u044c\u043d\u043e \u0441\u043d\u0438\u0437\u0438\u0442\u044c \u0437\u0430\u0432\u0438\u0441\u0438\u043c\u043e\u0441\u0442\u044c \u043e\u0442 \u0442\u0440\u0430\u0434\u0438\u0446\u0438\u043e\u043d\u043d\u043e\u0439 \u044d\u043b\u0435\u043a\u0442\u0440\u043e\u0441\u0435\u0442\u0438. \u042d\u0442\u043e \u043e\u0441\u043e\u0431\u0435\u043d\u043d\u043e \u0432\u044b\u0433\u043e\u0434\u043d\u043e \u0432 \u0441\u0435\u043b\u044c\u0441\u043a\u0438\u0445 \u0438\u043b\u0438 \u043e\u0442\u0434\u0430\u043b\u0435\u043d\u043d\u044b\u0445 \u0440\u0430\u0439\u043e\u043d\u0430\u0445, \u0433\u0434\u0435 \u043f\u043e\u0434\u043a\u043b\u044e\u0447\u0435\u043d\u0438\u0435 \u043a \u044d\u043b\u0435\u043a\u0442\u0440\u043e\u0441\u0435\u0442\u0438 \u043c\u043e\u0436\u0435\u0442 \u0431\u044b\u0442\u044c \u0441\u043b\u043e\u0436\u043d\u044b\u043c \u0438\u043b\u0438 \u0434\u043e\u0440\u043e\u0433\u043e\u0441\u0442\u043e\u044f\u0449\u0438\u043c.<\/span><\/p>\n<p style=\"font-size: 16px; font-style: normal; font-weight: 400;\"><span style=\"font-style: inherit; font-weight: inherit; background-color: var(--ast-global-color-4); color: var(--ast-global-color-3);\">\u041a\u0440\u043e\u043c\u0435 \u0442\u043e\u0433\u043e, \u0438\u0437\u043e\u043b\u0438\u0440\u043e\u0432\u0430\u043d\u043d\u043e\u0435 \u0441\u0430\u043c\u043e\u043f\u043e\u0442\u0440\u0435\u0431\u043b\u0435\u043d\u0438\u0435 \u0432\u043d\u043e\u0441\u0438\u0442 \u0437\u043d\u0430\u0447\u0438\u0442\u0435\u043b\u044c\u043d\u044b\u0439 \u0432\u043a\u043b\u0430\u0434 \u0432 \u0441\u043e\u043a\u0440\u0430\u0449\u0435\u043d\u0438\u0435 \u0432\u044b\u0431\u0440\u043e\u0441\u043e\u0432 \u043f\u0430\u0440\u043d\u0438\u043a\u043e\u0432\u044b\u0445 \u0433\u0430\u0437\u043e\u0432, \u043f\u043e\u0441\u043a\u043e\u043b\u044c\u043a\u0443 \u0432 \u043e\u0441\u043d\u043e\u0432\u043d\u043e\u043c \u043e\u0441\u043d\u043e\u0432\u0430\u043d\u043e \u043d\u0430 \u0432\u043e\u0437\u043e\u0431\u043d\u043e\u0432\u043b\u044f\u0435\u043c\u044b\u0445 \u0438\u0441\u0442\u043e\u0447\u043d\u0438\u043a\u0430\u0445 \u044d\u043d\u0435\u0440\u0433\u0438\u0438, \u0442\u0430\u043a\u0438\u0445 \u043a\u0430\u043a \u0441\u043e\u043b\u043d\u0446\u0435, \u0432\u0435\u0442\u0435\u0440 \u0438\u043b\u0438 \u0433\u0438\u0434\u0440\u043e\u044d\u043d\u0435\u0440\u0433\u0438\u044f. \u0418\u0441\u043f\u043e\u043b\u044c\u0437\u043e\u0432\u0430\u043d\u0438\u0435 \u044d\u0442\u0438\u0445 \u044d\u043a\u043e\u043b\u043e\u0433\u0438\u0447\u0435\u0441\u043a\u0438 \u0447\u0438\u0441\u0442\u044b\u0445 \u0438\u0441\u0442\u043e\u0447\u043d\u0438\u043a\u043e\u0432 \u044d\u043d\u0435\u0440\u0433\u0438\u0438 \u043f\u043e\u0437\u0432\u043e\u043b\u044f\u0435\u0442 \u0441\u043e\u043a\u0440\u0430\u0442\u0438\u0442\u044c \u0443\u0433\u043b\u0435\u0440\u043e\u0434\u043d\u044b\u0439 \u0441\u043b\u0435\u0434 \u0438 \u0432\u043d\u0435\u0441\u0442\u0438 \u0441\u0432\u043e\u0439 \u0432\u043a\u043b\u0430\u0434 \u0432 \u0431\u043e\u0440\u044c\u0431\u0443 \u0441 \u0438\u0437\u043c\u0435\u043d\u0435\u043d\u0438\u0435\u043c \u043a\u043b\u0438\u043c\u0430\u0442\u0430.<\/span><\/p>\t\t\t\t\t\t\t\t<\/div>\n\t\t\t\t<\/div>\n\t\t\t\t<div class=\"elementor-element elementor-element-86518e8 elementor-widget elementor-widget-image\" data-id=\"86518e8\" data-element_type=\"widget\" data-e-type=\"widget\" data-widget_type=\"image.default\">\n\t\t\t\t<div class=\"elementor-widget-container\">\n\t\t\t\t\t\t\t\t\t\t\t\t\t\t\t<img fetchpriority=\"high\" decoding=\"async\" width=\"990\" height=\"350\" src=\"https:\/\/www.solar-model.com\/wp-content\/uploads\/2023\/12\/Autoconsumo-solar-aislado.jpg\" class=\"attachment-large size-large wp-image-982\" alt=\"\" srcset=\"https:\/\/www.solar-model.com\/wp-content\/uploads\/2023\/12\/Autoconsumo-solar-aislado.jpg 990w, https:\/\/www.solar-model.com\/wp-content\/uploads\/2023\/12\/Autoconsumo-solar-aislado-300x106.jpg 300w, https:\/\/www.solar-model.com\/wp-content\/uploads\/2023\/12\/Autoconsumo-solar-aislado-768x272.jpg 768w, https:\/\/www.solar-model.com\/wp-content\/uploads\/2023\/12\/Autoconsumo-solar-aislado-18x6.jpg 18w\" sizes=\"(max-width: 990px) 100vw, 990px\" \/>\t\t\t\t\t\t\t\t\t\t\t\t\t\t\t<\/div>\n\t\t\t\t<\/div>\n\t\t\t\t<div class=\"elementor-element elementor-element-60b9138 elementor-widget__width-initial elementor-widget elementor-widget-text-editor\" data-id=\"60b9138\" data-element_type=\"widget\" data-e-type=\"widget\" data-widget_type=\"text-editor.default\">\n\t\t\t\t<div class=\"elementor-widget-container\">\n\t\t\t\t\t\t\t\t\t<p>\u0415\u0449\u0435 \u043e\u0434\u043d\u043e \u0431\u043e\u043b\u044c\u0448\u043e\u0435 \u043f\u0440\u0435\u0438\u043c\u0443\u0449\u0435\u0441\u0442\u0432\u043e \u0438\u0437\u043e\u043b\u0438\u0440\u043e\u0432\u0430\u043d\u043d\u043e\u0433\u043e \u0441\u0430\u043c\u043e\u043f\u043e\u0442\u0440\u0435\u0431\u043b\u0435\u043d\u0438\u044f - \u0432\u043e\u0437\u043c\u043e\u0436\u043d\u043e\u0441\u0442\u044c \u0437\u043d\u0430\u0447\u0438\u0442\u0435\u043b\u044c\u043d\u043e \u0441\u044d\u043a\u043e\u043d\u043e\u043c\u0438\u0442\u044c \u043d\u0430 \u0441\u0447\u0435\u0442\u0430\u0445 \u0437\u0430 \u044d\u043b\u0435\u043a\u0442\u0440\u0438\u0447\u0435\u0441\u0442\u0432\u043e. \u0412\u044b\u0440\u0430\u0431\u0430\u0442\u044b\u0432\u0430\u044f \u0441\u043e\u0431\u0441\u0442\u0432\u0435\u043d\u043d\u0443\u044e \u044d\u043d\u0435\u0440\u0433\u0438\u044e, \u0432\u044b \u0438\u0437\u0431\u0430\u0432\u043b\u044f\u0435\u0442\u0435\u0441\u044c \u043e\u0442 \u043d\u0435\u043e\u0431\u0445\u043e\u0434\u0438\u043c\u043e\u0441\u0442\u0438 \u043e\u043f\u043b\u0430\u0447\u0438\u0432\u0430\u0442\u044c \u0432\u044b\u0441\u043e\u043a\u0438\u0435 \u0440\u0430\u0441\u0445\u043e\u0434\u044b, \u0441\u0432\u044f\u0437\u0430\u043d\u043d\u044b\u0435 \u0441 \u043e\u0431\u044b\u0447\u043d\u044b\u043c \u044d\u043b\u0435\u043a\u0442\u0440\u0438\u0447\u0435\u0441\u0442\u0432\u043e\u043c. \u041a\u0440\u043e\u043c\u0435 \u0442\u043e\u0433\u043e, \u0435\u0441\u043b\u0438 \u044d\u043d\u0435\u0440\u0433\u0438\u0438 \u0432\u044b\u0440\u0430\u0431\u0430\u0442\u044b\u0432\u0430\u0435\u0442\u0441\u044f \u0431\u043e\u043b\u044c\u0448\u0435, \u0447\u0435\u043c \u0442\u0440\u0435\u0431\u0443\u0435\u0442\u0441\u044f, \u0435\u0435 \u043c\u043e\u0436\u043d\u043e \u0445\u0440\u0430\u043d\u0438\u0442\u044c \u0432 \u0430\u043a\u043a\u0443\u043c\u0443\u043b\u044f\u0442\u043e\u0440\u0430\u0445 \u0434\u043b\u044f \u043f\u043e\u0441\u043b\u0435\u0434\u0443\u044e\u0449\u0435\u0433\u043e \u0438\u0441\u043f\u043e\u043b\u044c\u0437\u043e\u0432\u0430\u043d\u0438\u044f, \u0447\u0442\u043e \u0435\u0449\u0435 \u0431\u043e\u043b\u044c\u0448\u0435 \u0441\u043d\u0438\u0436\u0430\u0435\u0442 \u0437\u0430\u0432\u0438\u0441\u0438\u043c\u043e\u0441\u0442\u044c \u043e\u0442 \u044d\u043b\u0435\u043a\u0442\u0440\u043e\u0441\u0435\u0442\u0438 \u0438 \u0437\u0430\u0442\u0440\u0430\u0442\u044b \u043d\u0430 \u044d\u043b\u0435\u043a\u0442\u0440\u0438\u0447\u0435\u0441\u0442\u0432\u043e.<span style=\"background-color: var(--ast-global-color-4); color: var(--ast-global-color-3); font-style: inherit; font-weight: inherit;\"><br \/><\/span><\/p><p><span style=\"background-color: var(--ast-global-color-4); color: var(--ast-global-color-3); font-style: inherit; font-weight: inherit;\">\u041e\u0434\u043d\u0430\u043a\u043e \u0438\u0437\u043e\u043b\u0438\u0440\u043e\u0432\u0430\u043d\u043d\u043e\u0435 \u0441\u0430\u043c\u043e\u043f\u043e\u0442\u0440\u0435\u0431\u043b\u0435\u043d\u0438\u0435 \u0442\u0430\u043a\u0436\u0435 \u0441\u043e\u043f\u0440\u044f\u0436\u0435\u043d\u043e \u0441 \u043e\u043f\u0440\u0435\u0434\u0435\u043b\u0435\u043d\u043d\u044b\u043c\u0438 \u0442\u0440\u0443\u0434\u043d\u043e\u0441\u0442\u044f\u043c\u0438. \u0423\u0441\u0442\u0430\u043d\u043e\u0432\u043a\u0430 \u0441\u0438\u0441\u0442\u0435\u043c \u0432\u044b\u0440\u0430\u0431\u043e\u0442\u043a\u0438 \u0432\u043e\u0437\u043e\u0431\u043d\u043e\u0432\u043b\u044f\u0435\u043c\u043e\u0439 \u044d\u043d\u0435\u0440\u0433\u0438\u0438 \u043c\u043e\u0436\u0435\u0442 \u0438\u043c\u0435\u0442\u044c \u0432\u044b\u0441\u043e\u043a\u0443\u044e \u043f\u0435\u0440\u0432\u043e\u043d\u0430\u0447\u0430\u043b\u044c\u043d\u0443\u044e \u0441\u0442\u043e\u0438\u043c\u043e\u0441\u0442\u044c, \u0445\u043e\u0442\u044f \u0432 \u0434\u043e\u043b\u0433\u043e\u0441\u0440\u043e\u0447\u043d\u043e\u0439 \u043f\u0435\u0440\u0441\u043f\u0435\u043a\u0442\u0438\u0432\u0435 \u044d\u043a\u043e\u043d\u043e\u043c\u0438\u044f \u043a\u043e\u043c\u043f\u0435\u043d\u0441\u0438\u0440\u0443\u0435\u0442 \u044d\u0442\u0438 \u0438\u043d\u0432\u0435\u0441\u0442\u0438\u0446\u0438\u0438. \u041a\u0440\u043e\u043c\u0435 \u0442\u043e\u0433\u043e, \u0434\u043b\u044f \u043e\u0431\u0435\u0441\u043f\u0435\u0447\u0435\u043d\u0438\u044f \u043f\u0440\u0430\u0432\u0438\u043b\u044c\u043d\u043e\u0439 \u0440\u0430\u0431\u043e\u0442\u044b \u043e\u0431\u043e\u0440\u0443\u0434\u043e\u0432\u0430\u043d\u0438\u044f \u0438 \u043f\u0440\u043e\u0434\u043b\u0435\u043d\u0438\u044f \u0441\u0440\u043e\u043a\u0430 \u0435\u0433\u043e \u0441\u043b\u0443\u0436\u0431\u044b \u0442\u0440\u0435\u0431\u0443\u0435\u0442\u0441\u044f \u043d\u0430\u0434\u043b\u0435\u0436\u0430\u0449\u0438\u0439 \u043c\u043e\u043d\u0438\u0442\u043e\u0440\u0438\u043d\u0433 \u0438 \u0442\u0435\u0445\u043d\u0438\u0447\u0435\u0441\u043a\u043e\u0435 \u043e\u0431\u0441\u043b\u0443\u0436\u0438\u0432\u0430\u043d\u0438\u0435.<\/span><\/p><p><span style=\"font-style: inherit; font-weight: inherit; background-color: var(--ast-global-color-4); color: var(--ast-global-color-3);\">\u0412 \u0437\u0430\u043a\u043b\u044e\u0447\u0435\u043d\u0438\u0435 \u0441\u043b\u0435\u0434\u0443\u0435\u0442 \u043e\u0442\u043c\u0435\u0442\u0438\u0442\u044c, \u0447\u0442\u043e \u0438\u0437\u043e\u043b\u0438\u0440\u043e\u0432\u0430\u043d\u043d\u043e\u0435 \u0441\u0430\u043c\u043e\u043f\u043e\u0442\u0440\u0435\u0431\u043b\u0435\u043d\u0438\u0435 \u0441\u0442\u0430\u043d\u043e\u0432\u0438\u0442\u0441\u044f \u0432\u0441\u0435 \u0431\u043e\u043b\u0435\u0435 \u043f\u0440\u0438\u0432\u043b\u0435\u043a\u0430\u0442\u0435\u043b\u044c\u043d\u044b\u043c \u0438 \u0436\u0438\u0437\u043d\u0435\u0441\u043f\u043e\u0441\u043e\u0431\u043d\u044b\u043c \u0432\u0430\u0440\u0438\u0430\u043d\u0442\u043e\u043c \u0434\u043b\u044f \u0442\u0435\u0445, \u043a\u0442\u043e \u0445\u043e\u0447\u0435\u0442 \u0431\u044b\u0442\u044c \u0431\u043e\u043b\u0435\u0435 \u044d\u043d\u0435\u0440\u0433\u0435\u0442\u0438\u0447\u0435\u0441\u043a\u0438 \u043d\u0435\u0437\u0430\u0432\u0438\u0441\u0438\u043c\u044b\u043c \u0438 \u0443\u043c\u0435\u043d\u044c\u0448\u0438\u0442\u044c \u0441\u0432\u043e\u0435 \u0432\u043e\u0437\u0434\u0435\u0439\u0441\u0442\u0432\u0438\u0435 \u043d\u0430 \u043e\u043a\u0440\u0443\u0436\u0430\u044e\u0449\u0443\u044e \u0441\u0440\u0435\u0434\u0443. \u0422\u0430\u043a\u0430\u044f \u043f\u0440\u0430\u043a\u0442\u0438\u043a\u0430 \u043d\u0435 \u0442\u043e\u043b\u044c\u043a\u043e \u044d\u043a\u043e\u043d\u043e\u043c\u0438\u0447\u0435\u0441\u043a\u0438 \u0432\u044b\u0433\u043e\u0434\u043d\u0430, \u043f\u043e\u0441\u043a\u043e\u043b\u044c\u043a\u0443 \u043f\u043e\u0437\u0432\u043e\u043b\u044f\u0435\u0442 \u0441\u044d\u043a\u043e\u043d\u043e\u043c\u0438\u0442\u044c \u043d\u0430 \u0441\u0447\u0435\u0442\u0430\u0445 \u0437\u0430 \u044d\u043b\u0435\u043a\u0442\u0440\u0438\u0447\u0435\u0441\u0442\u0432\u043e, \u043d\u043e \u0438 \u043f\u043e\u043c\u043e\u0433\u0430\u0435\u0442 \u043e\u043a\u0440\u0443\u0436\u0430\u044e\u0449\u0435\u0439 \u0441\u0440\u0435\u0434\u0435, \u043f\u043e\u0441\u043a\u043e\u043b\u044c\u043a\u0443 \u0438\u0441\u043f\u043e\u043b\u044c\u0437\u0443\u0435\u0442 \u0432\u043e\u0437\u043e\u0431\u043d\u043e\u0432\u043b\u044f\u0435\u043c\u044b\u0435 \u0438\u0441\u0442\u043e\u0447\u043d\u0438\u043a\u0438 \u044d\u043d\u0435\u0440\u0433\u0438\u0438. \u041f\u043e \u043c\u0435\u0440\u0435 \u0440\u0430\u0437\u0432\u0438\u0442\u0438\u044f \u0442\u0435\u0445\u043d\u043e\u043b\u043e\u0433\u0438\u0439 \u0438 \u0441\u043d\u0438\u0436\u0435\u043d\u0438\u044f \u0441\u0442\u043e\u0438\u043c\u043e\u0441\u0442\u0438 \u0443\u0441\u0442\u0430\u043d\u043e\u0432\u043a\u0438 \u0438\u0437\u043e\u043b\u0438\u0440\u043e\u0432\u0430\u043d\u043d\u043e\u0435 \u0441\u0430\u043c\u043e\u043f\u043e\u0442\u0440\u0435\u0431\u043b\u0435\u043d\u0438\u0435 \u0441\u0442\u0430\u043d\u0435\u0442 \u0435\u0449\u0435 \u0431\u043e\u043b\u0435\u0435 \u0434\u043e\u0441\u0442\u0443\u043f\u043d\u043e\u0439 \u0438 \u043f\u0440\u0438\u0435\u043c\u043b\u0435\u043c\u043e\u0439 \u0430\u043b\u044c\u0442\u0435\u0440\u043d\u0430\u0442\u0438\u0432\u043e\u0439 \u0434\u043b\u044f \u0432\u0441\u0435\u0445.<\/span><\/p>\t\t\t\t\t\t\t\t<\/div>\n\t\t\t\t<\/div>\n\t\t\t\t\t<\/div>\n\t\t<\/div>\n\t\t\t\t\t<\/div>\n\t\t<\/section>\n\t\t\t\t<section class=\"has_ae_slider elementor-section elementor-top-section elementor-element elementor-element-853ee47 elementor-section-boxed elementor-section-height-default elementor-section-height-default ae-bg-gallery-type-default\" data-id=\"853ee47\" data-element_type=\"section\" data-e-type=\"section\">\n\t\t\t\t\t\t<div class=\"elementor-container elementor-column-gap-default\">\n\t\t\t\t\t<div class=\"has_ae_slider elementor-column elementor-col-100 elementor-top-column elementor-element elementor-element-30cbd14 ae-bg-gallery-type-default\" data-id=\"30cbd14\" data-element_type=\"column\" data-e-type=\"column\">\n\t\t\t<div class=\"elementor-widget-wrap elementor-element-populated\">\n\t\t\t\t\t\t<div class=\"elementor-element elementor-element-25e4f8a elementor-align-center elementor-widget elementor-widget-button\" data-id=\"25e4f8a\" data-element_type=\"widget\" data-e-type=\"widget\" data-widget_type=\"button.default\">\n\t\t\t\t<div class=\"elementor-widget-container\">\n\t\t\t\t\t\t\t\t\t<div class=\"elementor-button-wrapper\">\n\t\t\t\t\t<a class=\"elementor-button elementor-button-link elementor-size-sm\" href=\"https:\/\/www.solar-model.com\/ru\/\u0431\u044e\u0434\u0436\u0435\u0442\/\">\n\t\t\t\t\t\t<span class=\"elementor-button-content-wrapper\">\n\t\t\t\t\t\t<span class=\"elementor-button-icon\">\n\t\t\t\t<i aria-hidden=\"true\" class=\"far fa-comment\"><\/i>\t\t\t<\/span>\n\t\t\t\t\t\t\t\t\t<span class=\"elementor-button-text\">\u0417\u0430\u043f\u0440\u043e\u0441 \u0431\u0435\u0441\u043f\u043b\u0430\u0442\u043d\u043e\u0433\u043e \u043f\u0440\u0435\u0434\u043b\u043e\u0436\u0435\u043d\u0438\u044f<\/span>\n\t\t\t\t\t<\/span>\n\t\t\t\t\t<\/a>\n\t\t\t\t<\/div>\n\t\t\t\t\t\t\t\t<\/div>\n\t\t\t\t<\/div>\n\t\t\t\t\t<\/div>\n\t\t<\/div>\n\t\t\t\t\t<\/div>\n\t\t<\/section>\n\t\t\t\t<\/div>","protected":false},"excerpt":{"rendered":"<p>Autoconsumo solar aislado Obt\u00e9n energ\u00eda sin depender de la red el\u00e9ctrica El autoconsumo aislado es una pr\u00e1ctica que est\u00e1 ganando popularidad en la actualidad, gracias a los avances tecnol\u00f3gicos y a las preocupaciones crecientes por la sostenibilidad y la reducci\u00f3n de la dependencia de fuentes de energ\u00eda no renovables. Este concepto se basa en la [&hellip;]<\/p>\n","protected":false},"author":1,"featured_media":0,"parent":0,"menu_order":0,"comment_status":"closed","ping_status":"closed","template":"","meta":{"site-sidebar-layout":"no-sidebar","site-content-layout":"page-builder","ast-site-content-layout":"full-width-container","site-content-style":"default","site-sidebar-style":"default","ast-global-header-display":"","ast-banner-title-visibility":"","ast-main-header-display":"","ast-hfb-above-header-display":"","ast-hfb-below-header-display":"","ast-hfb-mobile-header-display":"","site-post-title":"disabled","ast-breadcrumbs-content":"","ast-featured-img":"disabled","footer-sml-layout":"","ast-disable-related-posts":"","theme-transparent-header-meta":"","adv-header-id-meta":"","stick-header-meta":"","header-above-stick-meta":"","header-main-stick-meta":"","header-below-stick-meta":"","astra-migrate-meta-layouts":"default","ast-page-background-enabled":"default","ast-page-background-meta":{"desktop":{"background-color":"","background-image":"","background-repeat":"repeat","background-position":"center center","background-size":"auto","background-attachment":"scroll","background-type":"","background-media":"","overlay-type":"","overlay-color":"","overlay-opacity":"","overlay-gradient":""},"tablet":{"background-color":"","background-image":"","background-repeat":"repeat","background-position":"center center","background-size":"auto","background-attachment":"scroll","background-type":"","background-media":"","overlay-type":"","overlay-color":"","overlay-opacity":"","overlay-gradient":""},"mobile":{"background-color":"","background-image":"","background-repeat":"repeat","background-position":"center center","background-size":"auto","background-attachment":"scroll","background-type":"","background-media":"","overlay-type":"","overlay-color":"","overlay-opacity":"","overlay-gradient":""}},"ast-content-background-meta":{"desktop":{"background-color":"var(--ast-global-color-5)","background-image":"","background-repeat":"repeat","background-position":"center center","background-size":"auto","background-attachment":"scroll","background-type":"","background-media":"","overlay-type":"","overlay-color":"","overlay-opacity":"","overlay-gradient":""},"tablet":{"background-color":"var(--ast-global-color-5)","background-image":"","background-repeat":"repeat","background-position":"center center","background-size":"auto","background-attachment":"scroll","background-type":"","background-media":"","overlay-type":"","overlay-color":"","overlay-opacity":"","overlay-gradient":""},"mobile":{"background-color":"var(--ast-global-color-5)","background-image":"","background-repeat":"repeat","background-position":"center center","background-size":"auto","background-attachment":"scroll","background-type":"","background-media":"","overlay-type":"","overlay-color":"","overlay-opacity":"","overlay-gradient":""}},"_joinchat":[],"footnotes":""},"class_list":["post-981","page","type-page","status-publish","hentry"],"_links":{"self":[{"href":"https:\/\/www.solar-model.com\/ru\/wp-json\/wp\/v2\/pages\/981","targetHints":{"allow":["GET"]}}],"collection":[{"href":"https:\/\/www.solar-model.com\/ru\/wp-json\/wp\/v2\/pages"}],"about":[{"href":"https:\/\/www.solar-model.com\/ru\/wp-json\/wp\/v2\/types\/page"}],"author":[{"embeddable":true,"href":"https:\/\/www.solar-model.com\/ru\/wp-json\/wp\/v2\/users\/1"}],"replies":[{"embeddable":true,"href":"https:\/\/www.solar-model.com\/ru\/wp-json\/wp\/v2\/comments?post=981"}],"version-history":[{"count":15,"href":"https:\/\/www.solar-model.com\/ru\/wp-json\/wp\/v2\/pages\/981\/revisions"}],"predecessor-version":[{"id":1434,"href":"https:\/\/www.solar-model.com\/ru\/wp-json\/wp\/v2\/pages\/981\/revisions\/1434"}],"wp:attachment":[{"href":"https:\/\/www.solar-model.com\/ru\/wp-json\/wp\/v2\/media?parent=981"}],"curies":[{"name":"wp","href":"https:\/\/api.w.org\/{rel}","templated":true}]}}