{"id":1114,"date":"2024-01-01T20:47:05","date_gmt":"2024-01-01T18:47:05","guid":{"rendered":"https:\/\/solar-model.com\/?page_id=1114"},"modified":"2024-02-22T13:15:09","modified_gmt":"2024-02-22T12:15:09","slug":"servicios","status":"publish","type":"page","link":"https:\/\/www.solar-model.com\/sv\/tjanster\/","title":{"rendered":"Tj\u00e4nster"},"content":{"rendered":"<div data-elementor-type=\"wp-page\" data-elementor-id=\"1114\" class=\"elementor elementor-1114\" data-elementor-post-type=\"page\">\n\t\t\t\t\t\t<section class=\"has_ae_slider elementor-section elementor-top-section elementor-element elementor-element-47d40ce elementor-section-boxed elementor-section-height-default elementor-section-height-default ae-bg-gallery-type-default\" data-id=\"47d40ce\" data-element_type=\"section\" data-e-type=\"section\">\n\t\t\t\t\t\t<div class=\"elementor-container elementor-column-gap-default\">\n\t\t\t\t\t<div class=\"has_ae_slider elementor-column elementor-col-100 elementor-top-column elementor-element elementor-element-879270f ae-bg-gallery-type-default\" data-id=\"879270f\" data-element_type=\"column\" data-e-type=\"column\">\n\t\t\t<div class=\"elementor-widget-wrap elementor-element-populated\">\n\t\t\t\t\t\t<div class=\"elementor-element elementor-element-b07c37e elementor-widget elementor-widget-heading\" data-id=\"b07c37e\" data-element_type=\"widget\" data-e-type=\"widget\" data-widget_type=\"heading.default\">\n\t\t\t\t<div class=\"elementor-widget-container\">\n\t\t\t\t\t<h2 class=\"elementor-heading-title elementor-size-default\">V\u00e5ra tj\u00e4nster<\/h2>\t\t\t\t<\/div>\n\t\t\t\t<\/div>\n\t\t\t\t\t<\/div>\n\t\t<\/div>\n\t\t\t\t\t<\/div>\n\t\t<\/section>\n\t\t\t\t<section class=\"has_ae_slider elementor-section elementor-top-section elementor-element elementor-element-e97883a elementor-section-boxed elementor-section-height-default elementor-section-height-default ae-bg-gallery-type-default\" data-id=\"e97883a\" data-element_type=\"section\" data-e-type=\"section\">\n\t\t\t\t\t\t<div class=\"elementor-container elementor-column-gap-default\">\n\t\t\t\t\t<div class=\"has_ae_slider elementor-column elementor-col-100 elementor-top-column elementor-element elementor-element-bc0b3b4 ae-bg-gallery-type-default\" data-id=\"bc0b3b4\" data-element_type=\"column\" data-e-type=\"column\">\n\t\t\t<div class=\"elementor-widget-wrap elementor-element-populated\">\n\t\t\t\t\t\t<div class=\"elementor-element elementor-element-4dc10f7 elementor-widget elementor-widget-text-editor\" data-id=\"4dc10f7\" data-element_type=\"widget\" data-e-type=\"widget\" data-widget_type=\"text-editor.default\">\n\t\t\t\t<div class=\"elementor-widget-container\">\n\t\t\t\t\t\t\t\t\t<p>P\u00e5 Solar Model \u00e4r vi specialister p\u00e5 solcellsinstallationer som skr\u00e4ddarsys efter v\u00e5ra kunders behov. Vi installerar alla typer av solcellsanl\u00e4ggningar s\u00e5som <a href=\"https:\/\/www.solar-model.com\/sv\/egenkonsumtion-i-bostader\/\">Installationer f\u00f6r sj\u00e4lvf\u00f6rbrukning i bost\u00e4der<\/a> f\u00f6r privata bost\u00e4der, <a href=\"https:\/\/www.solar-model.com\/sv\/industriell-sjalvkonsumtion\/\">Industriella anl\u00e4ggningar f\u00f6r sj\u00e4lvf\u00f6rbrukning<\/a> f\u00f6r f\u00f6retag, <a href=\"https:\/\/www.solar-model.com\/sv\/isolerad-sjalvkonsumtion\/\">isolerade anl\u00e4ggningar f\u00f6r sj\u00e4lvf\u00f6rbrukning<\/a> f\u00f6r hus p\u00e5 landsbygden, <a href=\"https:\/\/www.solar-model.com\/sv\/solcellstradgardar\/\">solcellstr\u00e4dg\u00e5rdar<\/a> f\u00f6r urladdning till eln\u00e4tet och mycket mer.<\/p><p>Skr\u00e4ddarsydda solcellsanl\u00e4ggningar har blivit ett utm\u00e4rkt alternativ f\u00f6r att utnyttja solens energipotential p\u00e5 ett effektivt och h\u00e5llbart s\u00e4tt. Dessa skr\u00e4ddarsydda installationer \u00e4r utformade med varje kunds specifika energibehov i \u00e5tanke, vilket s\u00e4kerst\u00e4ller att maximal prestanda och nytta uppn\u00e5s.<\/p><p><span style=\"font-style: inherit; font-weight: inherit; background-color: var(--ast-global-color-4); color: var(--ast-global-color-3);\">En av de mest framtr\u00e4dande f\u00f6rdelarna med anpassade solcellsanl\u00e4ggningar \u00e4r att de g\u00f6r det m\u00f6jligt f\u00f6r anv\u00e4ndarna att generera sin egen f\u00f6rnybara energi. Det inneb\u00e4r att de kan minska sitt beroende av konventionella energik\u00e4llor, som olja eller gas, och bidra till att minska koldioxidutsl\u00e4ppen. Genom att generera sin egen energi kan anv\u00e4ndarna dessutom spara p\u00e5 sina elr\u00e4kningar p\u00e5 l\u00e5ng sikt.<\/span><\/p><p><span style=\"font-style: inherit; font-weight: inherit; background-color: var(--ast-global-color-4); color: var(--ast-global-color-3);\">Installation av kundanpassade solpaneler kr\u00e4ver en noggrann f\u00f6rstudie f\u00f6r att fastst\u00e4lla hur mycket energi som beh\u00f6vs och hur den b\u00e4st kan utnyttjas. Denna bed\u00f6mning omfattar en analys av kundens elf\u00f6rbrukning samt en utv\u00e4rdering av den solpotential som finns tillg\u00e4nglig p\u00e5 platsen. Med denna information kan antalet solpaneler som beh\u00f6vs och den mest effektiva distributionen f\u00f6r att maximera elproduktionen best\u00e4mmas.<\/span><\/p><p><span style=\"background-color: var(--ast-global-color-4); color: var(--ast-global-color-3); font-style: inherit; font-weight: inherit;\">F\u00f6rutom solpaneler inneh\u00e5ller solcellsanl\u00e4ggningar \u00e4ven andra komponenter som v\u00e4xelriktare, lagringsbatterier och \u00f6vervakningssystem. Dessa komponenter g\u00f6r det m\u00f6jligt att optimera systemets prestanda, lagra \u00f6verskottsenergi som genereras under dagen f\u00f6r senare anv\u00e4ndning och \u00f6vervaka energiproduktion och f\u00f6rbrukning i realtid.<\/span><\/p><p><span style=\"font-style: inherit; font-weight: inherit; background-color: var(--ast-global-color-4); color: var(--ast-global-color-3);\">Det \u00e4r viktigt att notera att anpassade solcellsinstallationer kan anpassas till alla typer av fastigheter, oavsett om det \u00e4r ett privat hem, en kommersiell byggnad eller till och med en industrianl\u00e4ggning. Oavsett storlek eller plats finns det alltid en skr\u00e4ddarsydd solcellsl\u00f6sning som passar varje kunds behov.<\/span><\/p><p><span style=\"font-style: inherit; font-weight: inherit; background-color: var(--ast-global-color-4); color: var(--ast-global-color-3);\">Kort sagt \u00e4r skr\u00e4ddarsydda solcellsanl\u00e4ggningar ett utm\u00e4rkt alternativ f\u00f6r dem som vill utnyttja solens energipotential och minska sitt beroende av fossila br\u00e4nslen. Dessa skr\u00e4ddarsydda installationer \u00e4r anpassade till varje kunds energibehov, vilket ger en effektiv och h\u00e5llbar l\u00f6sning som bidrar till milj\u00f6h\u00e4nsyn och sparar kostnader p\u00e5 l\u00e5ng sikt.<\/span><\/p><p><span style=\"font-style: inherit; font-weight: inherit; background-color: var(--ast-global-color-4); color: var(--ast-global-color-3);\"><a href=\"https:\/\/www.solar-model.com\/sv\/vara-anlaggningar\/\">Klicka h\u00e4r<\/a> f\u00f6r att se n\u00e5gra exempel p\u00e5 v\u00e5ra anl\u00e4ggningar<\/span><\/p>\t\t\t\t\t\t\t\t<\/div>\n\t\t\t\t<\/div>\n\t\t\t\t\t<\/div>\n\t\t<\/div>\n\t\t\t\t\t<\/div>\n\t\t<\/section>\n\t\t\t\t<section class=\"has_ae_slider elementor-section elementor-top-section elementor-element elementor-element-422dc07 elementor-section-boxed elementor-section-height-default elementor-section-height-default ae-bg-gallery-type-default\" data-id=\"422dc07\" data-element_type=\"section\" data-e-type=\"section\">\n\t\t\t\t\t\t<div class=\"elementor-container elementor-column-gap-default\">\n\t\t\t\t\t<div class=\"has_ae_slider elementor-column elementor-col-100 elementor-top-column elementor-element elementor-element-d5c2ab7 ae-bg-gallery-type-default\" data-id=\"d5c2ab7\" data-element_type=\"column\" data-e-type=\"column\">\n\t\t\t<div class=\"elementor-widget-wrap elementor-element-populated\">\n\t\t\t\t\t\t<div class=\"elementor-element elementor-element-d7b1126 elementor-align-center elementor-widget elementor-widget-button\" data-id=\"d7b1126\" data-element_type=\"widget\" data-e-type=\"widget\" data-widget_type=\"button.default\">\n\t\t\t\t<div class=\"elementor-widget-container\">\n\t\t\t\t\t\t\t\t\t<div class=\"elementor-button-wrapper\">\n\t\t\t\t\t<a class=\"elementor-button elementor-button-link elementor-size-sm\" href=\"https:\/\/www.solar-model.com\/sv\/budget\/\">\n\t\t\t\t\t\t<span class=\"elementor-button-content-wrapper\">\n\t\t\t\t\t\t\t\t\t<span class=\"elementor-button-text\">Beg\u00e4r en icke-bindande offert<\/span>\n\t\t\t\t\t<\/span>\n\t\t\t\t\t<\/a>\n\t\t\t\t<\/div>\n\t\t\t\t\t\t\t\t<\/div>\n\t\t\t\t<\/div>\n\t\t\t\t\t<\/div>\n\t\t<\/div>\n\t\t\t\t\t<\/div>\n\t\t<\/section>\n\t\t\t\t<\/div>","protected":false},"excerpt":{"rendered":"<p>Nuestros servicios En Solar Model somos especialistas en instalaciones solares a medida de las necesidades de nuestros clientes. Montamos todo tipo de instalaciones solares como instalaciones de autoconsumo residencial para viviendas particulares, instalaciones de autoconsumo industrial para empresas, instalaciones de autoconsumo aislado para casas rurales, huertos solares para vertido a la red y mucho m\u00e1s. [&hellip;]<\/p>\n","protected":false},"author":1,"featured_media":0,"parent":0,"menu_order":0,"comment_status":"closed","ping_status":"closed","template":"","meta":{"site-sidebar-layout":"no-sidebar","site-content-layout":"page-builder","ast-site-content-layout":"full-width-container","site-content-style":"default","site-sidebar-style":"default","ast-global-header-display":"","ast-banner-title-visibility":"","ast-main-header-display":"","ast-hfb-above-header-display":"","ast-hfb-below-header-display":"","ast-hfb-mobile-header-display":"","site-post-title":"disabled","ast-breadcrumbs-content":"","ast-featured-img":"disabled","footer-sml-layout":"","ast-disable-related-posts":"","theme-transparent-header-meta":"","adv-header-id-meta":"","stick-header-meta":"","header-above-stick-meta":"","header-main-stick-meta":"","header-below-stick-meta":"","astra-migrate-meta-layouts":"default","ast-page-background-enabled":"default","ast-page-background-meta":{"desktop":{"background-color":"","background-image":"","background-repeat":"repeat","background-position":"center center","background-size":"auto","background-attachment":"scroll","background-type":"","background-media":"","overlay-type":"","overlay-color":"","overlay-opacity":"","overlay-gradient":""},"tablet":{"background-color":"","background-image":"","background-repeat":"repeat","background-position":"center center","background-size":"auto","background-attachment":"scroll","background-type":"","background-media":"","overlay-type":"","overlay-color":"","overlay-opacity":"","overlay-gradient":""},"mobile":{"background-color":"","background-image":"","background-repeat":"repeat","background-position":"center center","background-size":"auto","background-attachment":"scroll","background-type":"","background-media":"","overlay-type":"","overlay-color":"","overlay-opacity":"","overlay-gradient":""}},"ast-content-background-meta":{"desktop":{"background-color":"var(--ast-global-color-5)","background-image":"","background-repeat":"repeat","background-position":"center center","background-size":"auto","background-attachment":"scroll","background-type":"","background-media":"","overlay-type":"","overlay-color":"","overlay-opacity":"","overlay-gradient":""},"tablet":{"background-color":"var(--ast-global-color-5)","background-image":"","background-repeat":"repeat","background-position":"center center","background-size":"auto","background-attachment":"scroll","background-type":"","background-media":"","overlay-type":"","overlay-color":"","overlay-opacity":"","overlay-gradient":""},"mobile":{"background-color":"var(--ast-global-color-5)","background-image":"","background-repeat":"repeat","background-position":"center center","background-size":"auto","background-attachment":"scroll","background-type":"","background-media":"","overlay-type":"","overlay-color":"","overlay-opacity":"","overlay-gradient":""}},"_joinchat":[],"footnotes":""},"class_list":["post-1114","page","type-page","status-publish","hentry"],"_links":{"self":[{"href":"https:\/\/www.solar-model.com\/sv\/wp-json\/wp\/v2\/pages\/1114","targetHints":{"allow":["GET"]}}],"collection":[{"href":"https:\/\/www.solar-model.com\/sv\/wp-json\/wp\/v2\/pages"}],"about":[{"href":"https:\/\/www.solar-model.com\/sv\/wp-json\/wp\/v2\/types\/page"}],"author":[{"embeddable":true,"href":"https:\/\/www.solar-model.com\/sv\/wp-json\/wp\/v2\/users\/1"}],"replies":[{"embeddable":true,"href":"https:\/\/www.solar-model.com\/sv\/wp-json\/wp\/v2\/comments?post=1114"}],"version-history":[{"count":33,"href":"https:\/\/www.solar-model.com\/sv\/wp-json\/wp\/v2\/pages\/1114\/revisions"}],"predecessor-version":[{"id":1579,"href":"https:\/\/www.solar-model.com\/sv\/wp-json\/wp\/v2\/pages\/1114\/revisions\/1579"}],"wp:attachment":[{"href":"https:\/\/www.solar-model.com\/sv\/wp-json\/wp\/v2\/media?parent=1114"}],"curies":[{"name":"wp","href":"https:\/\/api.w.org\/{rel}","templated":true}]}}