{"id":1468,"date":"2024-01-24T14:49:38","date_gmt":"2024-01-24T12:49:38","guid":{"rendered":"https:\/\/www.solar-model.com\/?page_id=1468"},"modified":"2024-01-24T14:49:38","modified_gmt":"2024-01-24T12:49:38","slug":"politica-de-cookies","status":"publish","type":"page","link":"https:\/\/www.solar-model.com\/sv\/policy-for-kakor\/","title":{"rendered":"Policy f\u00f6r cookies"},"content":{"rendered":"<p>V\u00e4lkommen till COOKIESPOLICYN p\u00e5 webbplatsen f\u00f6r SOLAR MODEL S.L., med skatteregistreringsnummer B42643031, d\u00e4r vi p\u00e5 ett tydligt och enkelt spr\u00e5k f\u00f6rklarar alla n\u00f6dv\u00e4ndiga fr\u00e5gor s\u00e5 att du kan ha kontroll \u00f6ver dem baserat p\u00e5 dina personliga beslut.<\/p>\n<p>VAD \u00c4R COOKIES OCH VAD ANV\u00c4NDER VI DEM TILL?<br \/>\nEn cookie \u00e4r en liten informationsfil som lagras p\u00e5 din dator, smartphone eller surfplatta varje g\u00e5ng du bes\u00f6ker v\u00e5r webbplats.<\/p>\n<p>I princip \u00e4r en cookie ofarlig: den inneh\u00e5ller inga virus, trojaner, maskar etc. som kan skada din terminal, men den har en viss inverkan p\u00e5 din r\u00e4tt till skydd av dina personuppgifter, eftersom den samlar in viss information om dig (surfvanor, identitet, preferenser etc.).<\/p>\n<p>Det \u00e4r d\u00e4rf\u00f6r, baserat p\u00e5 best\u00e4mmelserna i till\u00e4mpliga f\u00f6rordningar (LSSI och nuvarande lagstiftning om skydd av personuppgifter), aktiveringen av vissa typer av cookies kr\u00e4ver ditt f\u00f6rhandsgodk\u00e4nnande.<\/p>\n<p>Innan vi g\u00f6r det kommer vi att ge dig lite ytterligare information som hj\u00e4lper dig att fatta ett b\u00e4ttre beslut:<\/p>\n<p>Cookies kan vara av olika slag beroende p\u00e5 deras syfte:<br \/>\nTekniska cookies \u00e4r n\u00f6dv\u00e4ndiga f\u00f6r att v\u00e5r webbplats ska fungera, de kr\u00e4ver inte ditt tillst\u00e5nd och \u00e4r de enda som vi har aktiverade som standard.<br \/>\n\u00d6vriga cookies anv\u00e4nds f\u00f6r att f\u00f6rb\u00e4ttra v\u00e5r webbplats, f\u00f6r att anpassa den efter dina preferenser eller f\u00f6r att kunna visa dig reklam som \u00e4r anpassad efter dina s\u00f6kningar, din smak och dina personliga intressen. Du kan acceptera alla dessa cookies genom att klicka p\u00e5 knappen ACCEPT eller konfigurera dem eller v\u00e4gra att anv\u00e4nda dem genom att klicka p\u00e5 avsnittet COOKIE CONFIGURATION.<br \/>\nVissa cookies \u00e4r v\u00e5ra (vi kallar dem v\u00e5ra egna cookies) och andra tillh\u00f6r externa f\u00f6retag som tillhandah\u00e5ller tj\u00e4nster f\u00f6r v\u00e5r webbplats (vi kallar dem tredjepartscookies: ett exempel kan vara cookies fr\u00e5n externa leverant\u00f6rer som Google). I detta avseende \u00e4r det viktigt f\u00f6r dig att veta att vissa av dessa externa leverant\u00f6rer kan vara bel\u00e4gna utanf\u00f6r Spanien.<br \/>\nGlobalt sett har inte alla l\u00e4nder samma niv\u00e5 av dataskydd, och vissa l\u00e4nder \u00e4r s\u00e4krare \u00e4n andra (till exempel \u00e4r Europeiska unionen en s\u00e4ker milj\u00f6 f\u00f6r dina uppgifter). V\u00e5r policy \u00e4r att anv\u00e4nda p\u00e5litliga leverant\u00f6rer som, oavsett om de \u00e4r bel\u00e4gna i Europeiska unionen eller inte, har antagit l\u00e4mpliga skydds\u00e5tg\u00e4rder f\u00f6r att skydda dina personuppgifter. I avsnittet VILKA TYPER AV COOKIES ANV\u00c4NDS F\u00d6R N\u00c4RVARANDE P\u00c5 V\u00c5R HEMSIDA kan du dock ta del av de olika integritets- och dataskyddspolicyerna f\u00f6r var och en av de ovann\u00e4mnda externa leverant\u00f6rerna f\u00f6r att fatta ett v\u00e4lgrundat beslut om att aktivera de cookies fr\u00e5n tredje part som anv\u00e4nds p\u00e5 v\u00e5r webbplats eller inte.<\/p>\n<p>Slutligen vill vi p\u00e5peka att cookies, beroende p\u00e5 hur l\u00e4nge de \u00e4r aktiva, kan vara av tv\u00e5 typer:<br \/>\nSessionscookies: dessa upph\u00f6r automatiskt n\u00e4r du avslutar din session p\u00e5 din dator, smartphone eller surfplatta. De anv\u00e4nds vanligtvis f\u00f6r att beh\u00e5lla n\u00f6dv\u00e4ndig information medan en tj\u00e4nst tillhandah\u00e5lls till dig vid ett enda tillf\u00e4lle.<br \/>\nPermanenta cookies: dessa lagras p\u00e5 din dator, smartphone eller surfplatta under en viss tidsperiod, som kan variera fr\u00e5n n\u00e5gra minuter till flera \u00e5r.<\/p>\n<p>VILKEN TYP AV COOKIES KAN VI ANV\u00c4NDA P\u00c5 V\u00c5R WEBBPLATS?<\/p>\n<p>Tekniska cookies:<\/p>\n<p>Tekniska cookies \u00e4r absolut n\u00f6dv\u00e4ndiga f\u00f6r att v\u00e5r webbplats ska fungera och f\u00f6r att du ska kunna surfa p\u00e5 den. Denna typ av cookies \u00e4r de som till exempel g\u00f6r det m\u00f6jligt f\u00f6r oss att identifiera dig, ge dig tillg\u00e5ng till vissa begr\u00e4nsade delar av sidan vid behov, eller komma ih\u00e5g olika alternativ eller tj\u00e4nster som du redan har valt, till exempel dina sekretesspreferenser. Av denna anledning aktiveras de som standard och ditt godk\u00e4nnande kr\u00e4vs inte.<\/p>\n<p>Genom dina webbl\u00e4sarinst\u00e4llningar kan du blockera eller varna dig f\u00f6r f\u00f6rekomsten av denna typ av cookies, \u00e4ven om en s\u00e5dan blockering kommer att p\u00e5verka korrekt funktion av de olika funktionerna p\u00e5 v\u00e5r webbplats.<\/p>\n<p>Cookies f\u00f6r analys:<\/p>\n<p>Med hj\u00e4lp av analytiska cookies kan vi studera anv\u00e4ndarnas surfande p\u00e5 v\u00e5r webbplats i allm\u00e4nhet (t.ex. vilka delar av webbplatsen som \u00e4r mest bes\u00f6kta, vilka tj\u00e4nster som anv\u00e4nds mest och om de fungerar korrekt etc.).<\/p>\n<p>Baserat p\u00e5 statistisk information om surfning p\u00e5 v\u00e5r webbplats kan vi f\u00f6rb\u00e4ttra b\u00e5de driften av sj\u00e4lva webbplatsen och de olika tj\u00e4nster som den erbjuder. D\u00e4rf\u00f6r har dessa cookies inget reklamsyfte, utan tj\u00e4nar bara till att f\u00e5 v\u00e5r webbplats att fungera b\u00e4ttre och anpassa sig till v\u00e5ra anv\u00e4ndare i allm\u00e4nhet. Genom att aktivera dem bidrar du till denna kontinuerliga f\u00f6rb\u00e4ttring.<\/p>\n<p>Du kan aktivera eller inaktivera dessa cookies genom att kryssa i l\u00e4mplig ruta, som \u00e4r inaktiverad som standard.<\/p>\n<p>Cookies f\u00f6r funktionalitet och personalisering:<\/p>\n<p>Med hj\u00e4lp av funktionella cookies kan vi komma ih\u00e5g dina preferenser f\u00f6r att anpassa vissa funktioner och allm\u00e4nna alternativ p\u00e5 v\u00e5r webbplats varje g\u00e5ng du bes\u00f6ker den (t.ex. det spr\u00e5k som informationen presenteras p\u00e5, de avsnitt som markerats som favoriter, din typ av webbl\u00e4sare etc.).<\/p>\n<p>D\u00e4rf\u00f6r har dessa typer av cookies inget reklamsyfte, men genom att aktivera dem f\u00f6rb\u00e4ttrar du webbplatsens funktionalitet (till exempel genom att anpassa den till din typ av webbl\u00e4sare) och webbplatsens personalisering utifr\u00e5n dina preferenser (till exempel genom att presentera informationen p\u00e5 det spr\u00e5k du har valt vid tidigare tillf\u00e4llen), vilket bidrar till att v\u00e5r webbplats blir enklare, mer anv\u00e4ndbar och bekv\u00e4mare f\u00f6r dig n\u00e4r du surfar p\u00e5 den.<\/p>\n<p>Du kan aktivera eller inaktivera dessa cookies genom att kryssa i l\u00e4mplig ruta, som \u00e4r inaktiverad som standard.<\/p>\n<p>Cookies f\u00f6r annonsering:<\/p>\n<p>Med hj\u00e4lp av annonscookies kan vi hantera de annonsutrymmen som finns p\u00e5 v\u00e5r webbplats utifr\u00e5n kriterier som det inneh\u00e5ll som visas eller hur ofta annonserna visas.<\/p>\n<p>Om du t.ex. har sett samma annons flera g\u00e5nger p\u00e5 v\u00e5r webbplats och inte har visat ett personligt intresse genom att klicka p\u00e5 den, kommer den inte att visas igen. Kort sagt, genom att aktivera denna typ av cookie kommer den reklam som visas p\u00e5 v\u00e5r webbplats att vara mer anv\u00e4ndbar och varierad, och mindre repetitiv.<\/p>\n<p>Du kan aktivera eller inaktivera dessa cookies genom att kryssa i l\u00e4mplig ruta, som \u00e4r inaktiverad som standard.<\/p>\n<p>Cookies f\u00f6r beteendestyrd annonsering:<\/p>\n<p>Med hj\u00e4lp av cookies f\u00f6r beteendestyrd reklam kan vi f\u00e5 information som bygger p\u00e5 dina surfvanor och ditt beteende p\u00e5 webbplatsen, s\u00e5 att vi kan visa dig reklam som \u00e4r b\u00e4ttre anpassad till din personliga smak och dina intressen.<\/p>\n<p>F\u00f6r att g\u00f6ra det l\u00e4ttare f\u00f6r dig att f\u00f6rst\u00e5 ger vi dig ett fiktivt exempel: om dina senaste s\u00f6kningar p\u00e5 webben var relaterade till thrillerlitteratur, skulle vi visa dig annonser om thrillerb\u00f6cker.<\/p>\n<p>Genom att aktivera denna typ av cookie kommer den reklam vi visar dig p\u00e5 v\u00e5r webbplats d\u00e4rf\u00f6r inte att vara allm\u00e4n, utan kommer att vara inriktad p\u00e5 dina s\u00f6kningar, smaker och intressen, och kommer d\u00e4rf\u00f6r att vara skr\u00e4ddarsydd uteslutande f\u00f6r dig.<\/p>\n<p>Du kan aktivera eller inaktivera dessa cookies genom att kryssa i l\u00e4mplig ruta, som \u00e4r inaktiverad som standard.<\/p>\n<p>VAD KAN MAN G\u00d6RA MED KAKOR?<br \/>\nN\u00e4r du bes\u00f6ker v\u00e5r webbplats f\u00f6r f\u00f6rsta g\u00e5ngen visas ett f\u00f6nster d\u00e4r vi informerar dig om att cookies kan vara av olika slag:<\/p>\n<p>Tekniska cookies \u00e4r n\u00f6dv\u00e4ndiga f\u00f6r att v\u00e5r webbplats ska fungera, de kr\u00e4ver inte ditt tillst\u00e5nd och \u00e4r de enda som vi har aktiverade som standard.<br \/>\n\u00d6vriga cookies anv\u00e4nds f\u00f6r att f\u00f6rb\u00e4ttra v\u00e5r webbplats, f\u00f6r att anpassa den efter dina preferenser eller f\u00f6r att kunna visa dig reklam som \u00e4r anpassad efter dina s\u00f6kningar, din smak och dina personliga intressen. Du kan acceptera alla dessa cookies genom att klicka p\u00e5 knappen ACCEPT eller konfigurera dem eller v\u00e4gra att anv\u00e4nda dem genom att klicka p\u00e5 avsnittet COOKIE CONFIGURATION.<br \/>\nVi vill ocks\u00e5 informera dig om att n\u00e4r du v\u00e4l har aktiverat n\u00e5gon typ av cookies kan du avaktivera dem n\u00e4r du vill genom att helt enkelt avmarkera motsvarande ruta i avsnittet COOKIE CONFIGURATION p\u00e5 v\u00e5r webbplats. Det kommer alltid att vara lika enkelt f\u00f6r dig att aktivera v\u00e5ra egna cookies som att avaktivera dem.<\/p>\n<p>Vi vill ocks\u00e5 p\u00e5minna dig om att du genom dina webbl\u00e4sarinst\u00e4llningar kan blockera eller varna dig f\u00f6r f\u00f6rekomsten av cookies, \u00e4ven om denna blockering kan p\u00e5verka korrekt funktion av de olika funktionerna p\u00e5 v\u00e5r webbplats n\u00e4r det g\u00e4ller n\u00f6dv\u00e4ndiga tekniska cookies.<\/p>\n<p>Om du aktiverar cookies fr\u00e5n tredje part (externa f\u00f6retag som tillhandah\u00e5ller tj\u00e4nster f\u00f6r v\u00e5r webbplats) och sedan vill avaktivera dem kan du g\u00f6ra det p\u00e5 tv\u00e5 s\u00e4tt: genom att anv\u00e4nda webbl\u00e4sarens verktyg f\u00f6r att avaktivera cookies eller genom de system som dessa externa leverant\u00f6rer har inr\u00e4ttat.<\/p>\n<p>F\u00f6r att g\u00f6ra det enklare f\u00f6r dig finns h\u00e4r en rad l\u00e4nkar till riktlinjer f\u00f6r att inaktivera cookies i vanliga webbl\u00e4sare:<\/p>\n<ul>\n<li><a href=\"https:\/\/support.google.com\/accounts\/answer\/61416?co=GENIE.Platform%3DDesktop&amp;hl=es\">Google Chrome<\/a><\/li>\n<li><a href=\"https:\/\/support.mozilla.org\/es\/kb\/Borrar%20cookies\">Mozilla Firefox<\/a><\/li>\n<li><a href=\"https:\/\/support.microsoft.com\/es-es\/topic\/c%C3%B3mo-eliminar-archivos-de-cookies-en-internet-explorer-bca9446f-d873-78de-77ba-d42645fa52fc\">Internet Explorer<\/a><\/li>\n<li><a href=\"https:\/\/support.apple.com\/es-es\/guide\/safari\/sfri11471\/mac\">Safari<\/a><\/li>\n<li><a href=\"https:\/\/support.apple.com\/es-es\/105082\">Safari f\u00f6r iOS (iPhone och iPad)<\/a><\/li>\n<li><a href=\"https:\/\/support.google.com\/accounts\/answer\/61416?co=GENIE.Platform%3DAndroid&amp;hl=es&amp;oco=1\">Google Chrome f\u00f6r Android<\/a><\/li>\n<li><a href=\"https:\/\/support.google.com\/accounts\/answer\/61416?co=GENIE.Platform%3DiOS&amp;hl=es&amp;oco=1\">Google Chrome f\u00f6r iPhone och iPad<\/a><\/li>\n<\/ul>","protected":false},"excerpt":{"rendered":"<p>Bienvenido\/a a la POL\u00cdTICA DE COOKIES de la p\u00e1gina web de la entidad SOLAR MODEL S.L., provista de NIF B42643031, donde te explicaremos en un lenguaje claro y sencillo todas las cuestiones necesarias para que puedas tener el control sobre ellas en base a tus decisiones personales. \u00bfQU\u00c9 SON LAS COOKIES Y PARA QU\u00c9 LAS [&hellip;]<\/p>\n","protected":false},"author":1,"featured_media":0,"parent":0,"menu_order":0,"comment_status":"closed","ping_status":"closed","template":"","meta":{"site-sidebar-layout":"default","site-content-layout":"","ast-site-content-layout":"default","site-content-style":"default","site-sidebar-style":"default","ast-global-header-display":"","ast-banner-title-visibility":"","ast-main-header-display":"","ast-hfb-above-header-display":"","ast-hfb-below-header-display":"","ast-hfb-mobile-header-display":"","site-post-title":"","ast-breadcrumbs-content":"","ast-featured-img":"","footer-sml-layout":"","ast-disable-related-posts":"","theme-transparent-header-meta":"default","adv-header-id-meta":"","stick-header-meta":"","header-above-stick-meta":"","header-main-stick-meta":"","header-below-stick-meta":"","astra-migrate-meta-layouts":"set","ast-page-background-enabled":"default","ast-page-background-meta":{"desktop":{"background-color":"","background-image":"","background-repeat":"repeat","background-position":"center center","background-size":"auto","background-attachment":"scroll","background-type":"","background-media":"","overlay-type":"","overlay-color":"","overlay-opacity":"","overlay-gradient":""},"tablet":{"background-color":"","background-image":"","background-repeat":"repeat","background-position":"center center","background-size":"auto","background-attachment":"scroll","background-type":"","background-media":"","overlay-type":"","overlay-color":"","overlay-opacity":"","overlay-gradient":""},"mobile":{"background-color":"","background-image":"","background-repeat":"repeat","background-position":"center center","background-size":"auto","background-attachment":"scroll","background-type":"","background-media":"","overlay-type":"","overlay-color":"","overlay-opacity":"","overlay-gradient":""}},"ast-content-background-meta":{"desktop":{"background-color":"var(--ast-global-color-5)","background-image":"","background-repeat":"repeat","background-position":"center center","background-size":"auto","background-attachment":"scroll","background-type":"","background-media":"","overlay-type":"","overlay-color":"","overlay-opacity":"","overlay-gradient":""},"tablet":{"background-color":"var(--ast-global-color-5)","background-image":"","background-repeat":"repeat","background-position":"center center","background-size":"auto","background-attachment":"scroll","background-type":"","background-media":"","overlay-type":"","overlay-color":"","overlay-opacity":"","overlay-gradient":""},"mobile":{"background-color":"var(--ast-global-color-5)","background-image":"","background-repeat":"repeat","background-position":"center center","background-size":"auto","background-attachment":"scroll","background-type":"","background-media":"","overlay-type":"","overlay-color":"","overlay-opacity":"","overlay-gradient":""}},"_joinchat":[],"footnotes":""},"class_list":["post-1468","page","type-page","status-publish","hentry"],"_links":{"self":[{"href":"https:\/\/www.solar-model.com\/sv\/wp-json\/wp\/v2\/pages\/1468","targetHints":{"allow":["GET"]}}],"collection":[{"href":"https:\/\/www.solar-model.com\/sv\/wp-json\/wp\/v2\/pages"}],"about":[{"href":"https:\/\/www.solar-model.com\/sv\/wp-json\/wp\/v2\/types\/page"}],"author":[{"embeddable":true,"href":"https:\/\/www.solar-model.com\/sv\/wp-json\/wp\/v2\/users\/1"}],"replies":[{"embeddable":true,"href":"https:\/\/www.solar-model.com\/sv\/wp-json\/wp\/v2\/comments?post=1468"}],"version-history":[{"count":1,"href":"https:\/\/www.solar-model.com\/sv\/wp-json\/wp\/v2\/pages\/1468\/revisions"}],"predecessor-version":[{"id":1469,"href":"https:\/\/www.solar-model.com\/sv\/wp-json\/wp\/v2\/pages\/1468\/revisions\/1469"}],"wp:attachment":[{"href":"https:\/\/www.solar-model.com\/sv\/wp-json\/wp\/v2\/media?parent=1468"}],"curies":[{"name":"wp","href":"https:\/\/api.w.org\/{rel}","templated":true}]}}