{"id":1470,"date":"2024-01-24T14:59:57","date_gmt":"2024-01-24T12:59:57","guid":{"rendered":"https:\/\/www.solar-model.com\/?page_id=1470"},"modified":"2024-01-24T17:42:05","modified_gmt":"2024-01-24T15:42:05","slug":"politica-de-privacidad","status":"publish","type":"page","link":"https:\/\/www.solar-model.com\/sv\/integritetspolicy\/","title":{"rendered":"Integritetspolicy"},"content":{"rendered":"<p>Information i enlighet med best\u00e4mmelserna om skydd av personuppgifter.<\/p>\n<p>I Europa och Spanien finns det dataskyddsbest\u00e4mmelser som \u00e4r utformade f\u00f6r att skydda din personliga information och som \u00e4r obligatoriska f\u00f6r v\u00e5rt f\u00f6retag.<\/p>\n<p>Det \u00e4r d\u00e4rf\u00f6r mycket viktigt f\u00f6r oss att du fullt ut f\u00f6rst\u00e5r vad vi kommer att g\u00f6ra med de personuppgifter som vi ber dig om.<\/p>\n<p>Vi kommer att vara transparenta och ge dig kontroll \u00f6ver dina uppgifter, med enkelt spr\u00e5k och tydliga val som g\u00f6r att du kan best\u00e4mma vad vi g\u00f6r med dina personuppgifter.<\/p>\n<p>Tveka inte att kontakta oss om du har n\u00e5gra fr\u00e5gor efter att ha l\u00e4st denna information.<\/p>\n<p>Tack s\u00e5 mycket f\u00f6r ert samarbete.<\/p>\n<p>Vilka \u00e4r vi?<\/p>\n<p>V\u00e5rt namn: SOLAR MODEL S.L.<br \/>\nV\u00e5r CIF \/ NIF: B42643031<br \/>\nV\u00e5r huvudsakliga verksamhet: ELEKTRISKA INSTALLATIONER<br \/>\nV\u00e5r adress: C\/. BRETEN 4, CP 03184, Torrevieja (Alicante)<br \/>\nTelefonnummer till v\u00e5r kontaktperson: 640 361 633<br \/>\nV\u00e5r kontaktpersons e-postadress: info@solar-model.com<br \/>\nV\u00e5r webbplats: www.solar-model.com<br \/>\nV\u00e5r huvudsakliga verksamhet omfattas av ett system med administrativa f\u00f6rhandstillst\u00e5nd. F\u00f6r ditt f\u00f6rtroende och din s\u00e4kerhet ger vi dig information om detta tillst\u00e5nd och identifieringsuppgifter f\u00f6r det beh\u00f6riga tillsynsorganet:<br \/>\nVi st\u00e5r till ditt f\u00f6rfogande, tveka inte att kontakta oss.<\/p>\n<p>Vad ska vi anv\u00e4nda dina uppgifter till?<\/p>\n<p>I allm\u00e4nhet kommer dina personuppgifter att anv\u00e4ndas f\u00f6r att kontakta dig och tillhandah\u00e5lla v\u00e5ra tj\u00e4nster.<\/p>\n<p>De kan ocks\u00e5 anv\u00e4ndas f\u00f6r andra \u00e4ndam\u00e5l, t.ex. f\u00f6r att skicka reklam till dig eller f\u00f6r att marknadsf\u00f6ra v\u00e5r verksamhet.<\/p>\n<p>Varf\u00f6r beh\u00f6ver vi anv\u00e4nda dina uppgifter?<\/p>\n<p>Dina personuppgifter \u00e4r n\u00f6dv\u00e4ndiga f\u00f6r att vi ska kunna interagera med dig och tillhandah\u00e5lla dig v\u00e5ra tj\u00e4nster. I detta avseende kommer vi att f\u00f6rse dig med ett antal kryssrutor som g\u00f6r att du kan fatta ett tydligt och enkelt beslut om anv\u00e4ndningen av din personliga information.<\/p>\n<p>Vem kommer att k\u00e4nna till den information vi ber om?<\/p>\n<p>I allm\u00e4nhet f\u00e5r endast vederb\u00f6rligen bemyndigad personal i v\u00e5r organisation ha tillg\u00e5ng till den information vi beg\u00e4r fr\u00e5n dig.<\/p>\n<p>P\u00e5 samma s\u00e4tt kan de enheter som beh\u00f6ver ha tillg\u00e5ng till dina personuppgifter f\u00f6r att vi ska kunna tillhandah\u00e5lla dig v\u00e5ra tj\u00e4nster ocks\u00e5 ha tillg\u00e5ng till dina personuppgifter. Till exempel kommer v\u00e5r bank att k\u00e4nna till dina uppgifter om betalningen f\u00f6r v\u00e5ra tj\u00e4nster g\u00f6rs med kreditkort eller bank\u00f6verf\u00f6ring.<\/p>\n<p>P\u00e5 samma s\u00e4tt kommer de offentliga eller privata enheter till vilka vi \u00e4r skyldiga att tillhandah\u00e5lla dina personuppgifter f\u00f6r att f\u00f6lja n\u00e5gon lag att vara medvetna om din information. F\u00f6r att ge dig ett exempel: enligt skattelagen \u00e4r vi skyldiga att f\u00f6rse skattemyndigheten med viss information om ekonomiska transaktioner som \u00f6verstiger ett visst belopp.<\/p>\n<p>Om vi, ut\u00f6ver de fall som n\u00e4mns ovan, beh\u00f6ver l\u00e4mna ut dina personuppgifter till andra enheter, kommer vi att be om ditt tillst\u00e5nd i f\u00f6rv\u00e4g genom tydliga alternativ som g\u00f6r att du kan fatta beslut i detta avseende.<\/p>\n<p>Hur kommer vi att skydda dina uppgifter?<\/p>\n<p>Vi kommer att skydda dina uppgifter med effektiva s\u00e4kerhets\u00e5tg\u00e4rder som st\u00e5r i proportion till de risker som \u00e4r f\u00f6rknippade med anv\u00e4ndningen av dina uppgifter.<\/p>\n<p>F\u00f6r detta \u00e4ndam\u00e5l har vi godk\u00e4nt en dataskyddspolicy och \u00e5rliga kontroller och revisioner genomf\u00f6rs f\u00f6r att s\u00e4kerst\u00e4lla att dina personuppgifter \u00e4r s\u00e4kra vid alla tidpunkter.<\/p>\n<p>Kommer vi att skicka dina uppgifter till andra l\u00e4nder?<\/p>\n<p>Det finns l\u00e4nder i v\u00e4rlden som \u00e4r s\u00e4kra f\u00f6r dina uppgifter och andra som inte \u00e4r s\u00e5 s\u00e4kra. Europeiska unionen \u00e4r till exempel en s\u00e4ker milj\u00f6 f\u00f6r dina uppgifter. V\u00e5r policy \u00e4r att inte skicka dina personuppgifter till n\u00e5got land som inte \u00e4r s\u00e4kert ur dataskyddssynpunkt.<\/p>\n<p>Om det, f\u00f6r att tillhandah\u00e5lla tj\u00e4nsten, \u00e4r n\u00f6dv\u00e4ndigt att skicka dina uppgifter till ett land som inte \u00e4r lika s\u00e4kert som Spanien, kommer vi alltid att beg\u00e4ra ditt f\u00f6rhandstillst\u00e5nd och vi kommer att till\u00e4mpa effektiva s\u00e4kerhets\u00e5tg\u00e4rder f\u00f6r att minska riskerna med att skicka dina personuppgifter till ett annat land.<\/p>\n<p>Hur l\u00e4nge sparar vi dina uppgifter?<\/p>\n<p>Vi beh\u00e5ller dina uppgifter s\u00e5 l\u00e4nge v\u00e5r relation varar och s\u00e5 l\u00e4nge vi \u00e4r skyldiga att g\u00f6ra det enligt lag. I slutet av de till\u00e4mpliga r\u00e4ttsliga perioderna kommer vi att kassera dem p\u00e5 ett s\u00e4kert och milj\u00f6v\u00e4nligt s\u00e4tt.<\/p>\n<p>Vilka r\u00e4ttigheter har du n\u00e4r det g\u00e4ller dataskydd?<\/p>\n<p>Du kan n\u00e4r som helst kontakta oss f\u00f6r att ta reda p\u00e5 vilken information vi har om dig, r\u00e4tta den om den \u00e4r felaktig och radera den efter att v\u00e5r relation har avslutats, d\u00e4r detta \u00e4r juridiskt m\u00f6jligt.<\/p>\n<p>Du har ocks\u00e5 r\u00e4tt att beg\u00e4ra att dina uppgifter \u00f6verf\u00f6rs till en annan enhet. Denna r\u00e4ttighet kallas \"portabilitet\" och kan vara anv\u00e4ndbar i vissa situationer.<\/p>\n<p>F\u00f6r att beg\u00e4ra n\u00e5gon av dessa r\u00e4ttigheter m\u00e5ste du skicka en skriftlig beg\u00e4ran till v\u00e5r adress tillsammans med en fotokopia av ditt ID-kort, s\u00e5 att vi kan identifiera dig.<\/p>\n<p>Vi har s\u00e4rskilda formul\u00e4r tillg\u00e4ngliga p\u00e5 v\u00e5ra kontor f\u00f6r att beg\u00e4ra dessa r\u00e4ttigheter och vi erbjuder dig v\u00e5r hj\u00e4lp med att fylla i dem.<\/p>\n<p>Om du vill veta mer om dina r\u00e4ttigheter n\u00e4r det g\u00e4ller dataskydd kan du bes\u00f6ka den spanska dataskyddsmyndighetens webbplats (www.agpd.es).<\/p>\n<p>Kan du \u00e5terkalla ditt samtycke om du \u00e5ngrar dig i ett senare skede?<\/p>\n<p>Du kan n\u00e4r som helst \u00e5terkalla ditt samtycke om du \u00e4ndrar dig ang\u00e5ende anv\u00e4ndningen av dina uppgifter.<\/p>\n<p>Om du till exempel en g\u00e5ng var intresserad av att f\u00e5 reklam f\u00f6r v\u00e5ra produkter eller tj\u00e4nster, men inte l\u00e4ngre vill f\u00e5 n\u00e5gon ytterligare reklam, kan du meddela oss detta genom att fylla i det inv\u00e4ndningsformul\u00e4r som finns p\u00e5 v\u00e5ra kontor.<\/p>\n<p>Om du anser att dina r\u00e4ttigheter har \u00e5sidosatts, var kan du l\u00e4mna in ett klagom\u00e5l?<br \/>\nOm du anser att dina r\u00e4ttigheter har \u00e5sidosatts av v\u00e5r enhet kan du l\u00e4mna in ett klagom\u00e5l till den spanska dataskyddsmyndigheten p\u00e5 n\u00e5got av f\u00f6ljande s\u00e4tt:<\/p>\n<p>Elektroniskt huvudkontor: www.agpd.es<br \/>\nPostadress:<br \/>\nSpanska dataskyddsmyndigheten<br \/>\nC\/ Jorge Juan, 6<br \/>\n28001-Madrid<\/p>\n<p>Via telefon:<br \/>\nTfn 901 100 099<\/p>\n<p>Tfn 91 266 35 17<\/p>\n<p>Att l\u00e4mna in ett klagom\u00e5l till den spanska dataskyddsmyndigheten medf\u00f6r inga kostnader och det \u00e4r inte n\u00f6dv\u00e4ndigt att ta hj\u00e4lp av en advokat eller jurist.<\/p>\n<p>Kommer vi att profilera dig?<\/p>\n<p>Det \u00e4r v\u00e5r policy att inte profilera anv\u00e4ndare av v\u00e5ra tj\u00e4nster.<\/p>\n<p>Det kan dock finnas situationer d\u00e4r vi, f\u00f6r service, marknadsf\u00f6ring eller andra \u00e4ndam\u00e5l, beh\u00f6ver profilera information om dig. Ett exempel kan vara anv\u00e4ndning av din ink\u00f6ps- eller servicehistorik f\u00f6r att vi ska kunna erbjuda dig produkter eller tj\u00e4nster som \u00e4r skr\u00e4ddarsydda efter din smak eller dina behov.<\/p>\n<p>I s\u00e5dana fall kommer vi att vidta effektiva s\u00e4kerhets\u00e5tg\u00e4rder f\u00f6r att alltid skydda dina uppgifter fr\u00e5n obeh\u00f6riga personer som f\u00f6rs\u00f6ker anv\u00e4nda dem f\u00f6r egen vinning.<\/p>\n<p>Kommer vi att anv\u00e4nda dina uppgifter f\u00f6r andra \u00e4ndam\u00e5l?<\/p>\n<p>V\u00e5r policy \u00e4r att inte anv\u00e4nda dina uppgifter f\u00f6r andra \u00e4ndam\u00e5l \u00e4n de som vi har f\u00f6rklarat f\u00f6r dig. Om vi \u00e4nd\u00e5 beh\u00f6ver anv\u00e4nda dina uppgifter f\u00f6r andra aktiviteter kommer vi alltid att be om ditt tillst\u00e5nd i f\u00f6rv\u00e4g genom att ge dig tydliga alternativ s\u00e5 att du kan fatta ett beslut.<\/p>","protected":false},"excerpt":{"rendered":"<p>Informaci\u00f3n en cumplimiento de la normativa de protecci\u00f3n de datos personales. En Europa y en Espa\u00f1a existen normas de protecci\u00f3n de datos pensadas para proteger su informaci\u00f3n personal de obligado cumplimiento para nuestra entidad. Por ello, es muy importante para nosotros que entienda perfectamente qu\u00e9 vamos a hacer con los datos personales que le pedimos. [&hellip;]<\/p>\n","protected":false},"author":1,"featured_media":0,"parent":0,"menu_order":0,"comment_status":"closed","ping_status":"closed","template":"","meta":{"site-sidebar-layout":"default","site-content-layout":"","ast-site-content-layout":"default","site-content-style":"default","site-sidebar-style":"default","ast-global-header-display":"","ast-banner-title-visibility":"","ast-main-header-display":"","ast-hfb-above-header-display":"","ast-hfb-below-header-display":"","ast-hfb-mobile-header-display":"","site-post-title":"","ast-breadcrumbs-content":"","ast-featured-img":"","footer-sml-layout":"","ast-disable-related-posts":"","theme-transparent-header-meta":"default","adv-header-id-meta":"","stick-header-meta":"","header-above-stick-meta":"","header-main-stick-meta":"","header-below-stick-meta":"","astra-migrate-meta-layouts":"set","ast-page-background-enabled":"default","ast-page-background-meta":{"desktop":{"background-color":"","background-image":"","background-repeat":"repeat","background-position":"center center","background-size":"auto","background-attachment":"scroll","background-type":"","background-media":"","overlay-type":"","overlay-color":"","overlay-opacity":"","overlay-gradient":""},"tablet":{"background-color":"","background-image":"","background-repeat":"repeat","background-position":"center center","background-size":"auto","background-attachment":"scroll","background-type":"","background-media":"","overlay-type":"","overlay-color":"","overlay-opacity":"","overlay-gradient":""},"mobile":{"background-color":"","background-image":"","background-repeat":"repeat","background-position":"center center","background-size":"auto","background-attachment":"scroll","background-type":"","background-media":"","overlay-type":"","overlay-color":"","overlay-opacity":"","overlay-gradient":""}},"ast-content-background-meta":{"desktop":{"background-color":"var(--ast-global-color-5)","background-image":"","background-repeat":"repeat","background-position":"center center","background-size":"auto","background-attachment":"scroll","background-type":"","background-media":"","overlay-type":"","overlay-color":"","overlay-opacity":"","overlay-gradient":""},"tablet":{"background-color":"var(--ast-global-color-5)","background-image":"","background-repeat":"repeat","background-position":"center center","background-size":"auto","background-attachment":"scroll","background-type":"","background-media":"","overlay-type":"","overlay-color":"","overlay-opacity":"","overlay-gradient":""},"mobile":{"background-color":"var(--ast-global-color-5)","background-image":"","background-repeat":"repeat","background-position":"center center","background-size":"auto","background-attachment":"scroll","background-type":"","background-media":"","overlay-type":"","overlay-color":"","overlay-opacity":"","overlay-gradient":""}},"_joinchat":[],"footnotes":""},"class_list":["post-1470","page","type-page","status-publish","hentry"],"_links":{"self":[{"href":"https:\/\/www.solar-model.com\/sv\/wp-json\/wp\/v2\/pages\/1470","targetHints":{"allow":["GET"]}}],"collection":[{"href":"https:\/\/www.solar-model.com\/sv\/wp-json\/wp\/v2\/pages"}],"about":[{"href":"https:\/\/www.solar-model.com\/sv\/wp-json\/wp\/v2\/types\/page"}],"author":[{"embeddable":true,"href":"https:\/\/www.solar-model.com\/sv\/wp-json\/wp\/v2\/users\/1"}],"replies":[{"embeddable":true,"href":"https:\/\/www.solar-model.com\/sv\/wp-json\/wp\/v2\/comments?post=1470"}],"version-history":[{"count":1,"href":"https:\/\/www.solar-model.com\/sv\/wp-json\/wp\/v2\/pages\/1470\/revisions"}],"predecessor-version":[{"id":1471,"href":"https:\/\/www.solar-model.com\/sv\/wp-json\/wp\/v2\/pages\/1470\/revisions\/1471"}],"wp:attachment":[{"href":"https:\/\/www.solar-model.com\/sv\/wp-json\/wp\/v2\/media?parent=1470"}],"curies":[{"name":"wp","href":"https:\/\/api.w.org\/{rel}","templated":true}]}}