{"id":738,"date":"2023-11-03T14:49:54","date_gmt":"2023-11-03T12:49:54","guid":{"rendered":"https:\/\/solar-model.com\/?page_id=738"},"modified":"2024-02-02T10:13:09","modified_gmt":"2024-02-02T08:13:09","slug":"nosotros","status":"publish","type":"page","link":"https:\/\/www.solar-model.com\/sv\/vi\/","title":{"rendered":"Vi"},"content":{"rendered":"<div data-elementor-type=\"wp-page\" data-elementor-id=\"738\" class=\"elementor elementor-738\" data-elementor-post-type=\"page\">\n\t\t\t\t\t\t<section class=\"has_ae_slider elementor-section elementor-top-section elementor-element elementor-element-1e83179 elementor-section-boxed elementor-section-height-default elementor-section-height-default ae-bg-gallery-type-default\" data-id=\"1e83179\" data-element_type=\"section\" data-e-type=\"section\">\n\t\t\t\t\t\t<div class=\"elementor-container elementor-column-gap-default\">\n\t\t\t\t\t<div class=\"has_ae_slider elementor-column elementor-col-50 elementor-top-column elementor-element elementor-element-a494220 ae-bg-gallery-type-default\" data-id=\"a494220\" data-element_type=\"column\" data-e-type=\"column\">\n\t\t\t<div class=\"elementor-widget-wrap elementor-element-populated\">\n\t\t\t\t\t\t<div class=\"elementor-element elementor-element-f1868db elementor-widget elementor-widget-text-editor\" data-id=\"f1868db\" data-element_type=\"widget\" data-e-type=\"widget\" data-widget_type=\"text-editor.default\">\n\t\t\t\t<div class=\"elementor-widget-container\">\n\t\t\t\t\t\t\t\t\t<p>Solar Model \u00e4r ett f\u00f6retag specialiserat p\u00e5 f\u00f6rs\u00e4ljning av solcellssystem och installation av solcellssystem med mer \u00e4n 10 \u00e5rs erfarenhet, ledande p\u00e5 marknaden med f\u00f6rstklassiga material fr\u00e5n v\u00e5r egen import. Vi har ett team av proffs, fr\u00e5n f\u00f6rs\u00e4ljningsavdelningen till kvalificerade installat\u00f6rer f\u00f6r att utf\u00f6ra installationer som \u00e4r skr\u00e4ddarsydda efter v\u00e5ra kunders behov. Fr\u00e5n v\u00e5r huvudanl\u00e4ggning i Torrevieja (Alicante) erbjuder vi service i provinserna Alicante, Murcia och Malaga. Vi betj\u00e4nar b\u00e5de privatpersoner och samh\u00e4llen och f\u00f6retag med solcellsinstallationer f\u00f6r sj\u00e4lvkonsumtion och solparksprojekt f\u00f6r investerare.<\/p>\t\t\t\t\t\t\t\t<\/div>\n\t\t\t\t<\/div>\n\t\t\t\t\t<\/div>\n\t\t<\/div>\n\t\t\t\t<div class=\"has_ae_slider elementor-column elementor-col-50 elementor-top-column elementor-element elementor-element-3d7d6d1 ae-bg-gallery-type-default\" data-id=\"3d7d6d1\" data-element_type=\"column\" data-e-type=\"column\">\n\t\t\t<div class=\"elementor-widget-wrap elementor-element-populated\">\n\t\t\t\t\t\t<div class=\"elementor-element elementor-element-1517b5e elementor-widget elementor-widget-image\" data-id=\"1517b5e\" data-element_type=\"widget\" data-e-type=\"widget\" data-widget_type=\"image.default\">\n\t\t\t\t<div class=\"elementor-widget-container\">\n\t\t\t\t\t\t\t\t\t\t\t\t\t\t\t<img fetchpriority=\"high\" decoding=\"async\" width=\"612\" height=\"408\" src=\"https:\/\/www.solar-model.com\/wp-content\/uploads\/2023\/05\/paneles.jpg\" class=\"attachment-large size-large wp-image-465\" alt=\"\" srcset=\"https:\/\/www.solar-model.com\/wp-content\/uploads\/2023\/05\/paneles.jpg 612w, https:\/\/www.solar-model.com\/wp-content\/uploads\/2023\/05\/paneles-300x200.jpg 300w, https:\/\/www.solar-model.com\/wp-content\/uploads\/2023\/05\/paneles-18x12.jpg 18w\" sizes=\"(max-width: 612px) 100vw, 612px\" \/>\t\t\t\t\t\t\t\t\t\t\t\t\t\t\t<\/div>\n\t\t\t\t<\/div>\n\t\t\t\t\t<\/div>\n\t\t<\/div>\n\t\t\t\t\t<\/div>\n\t\t<\/section>\n\t\t\t\t<section class=\"has_ae_slider elementor-section elementor-top-section elementor-element elementor-element-b6e5376 elementor-section-boxed elementor-section-height-default elementor-section-height-default ae-bg-gallery-type-default\" data-id=\"b6e5376\" data-element_type=\"section\" data-e-type=\"section\">\n\t\t\t\t\t\t<div class=\"elementor-container elementor-column-gap-default\">\n\t\t\t\t\t<div class=\"has_ae_slider elementor-column elementor-col-100 elementor-top-column elementor-element elementor-element-ba44bb0 ae-bg-gallery-type-default\" data-id=\"ba44bb0\" data-element_type=\"column\" data-e-type=\"column\">\n\t\t\t<div class=\"elementor-widget-wrap elementor-element-populated\">\n\t\t\t\t\t\t<div class=\"elementor-element elementor-element-9279c16 elementor-widget elementor-widget-heading\" data-id=\"9279c16\" data-element_type=\"widget\" data-e-type=\"widget\" data-widget_type=\"heading.default\">\n\t\t\t\t<div class=\"elementor-widget-container\">\n\t\t\t\t\t<h2 class=\"elementor-heading-title elementor-size-default\">Vad erbjuder vi?<\/h2>\t\t\t\t<\/div>\n\t\t\t\t<\/div>\n\t\t\t\t<div class=\"elementor-element elementor-element-d69f714 elementor-widget elementor-widget-text-editor\" data-id=\"d69f714\" data-element_type=\"widget\" data-e-type=\"widget\" data-widget_type=\"text-editor.default\">\n\t\t\t\t<div class=\"elementor-widget-container\">\n\t\t\t\t\t\t\t\t\t<p style=\"font-size: 16px; font-style: normal; font-weight: 400;\">V\u00e5ra k\u00e4rnv\u00e4rden \u00e4r h\u00e5llbarhet, komfort, bekv\u00e4mlighet och p\u00e5litligt samarbete. Och f\u00f6r v\u00e5ra kunder inneb\u00e4r samarbetet med f\u00f6retaget besparingar i \u00e4gande- och driftskostnader, oberoende av el- och gasf\u00f6rs\u00f6rjning.<\/p><p style=\"font-size: 16px; font-style: normal; font-weight: 400;\">F\u00f6rdelar du kan f\u00e5 av att arbeta med oss :<\/p><ul style=\"font-size: 16px; font-style: normal; font-weight: 400;\"><li style=\"font-size: 16px;\">Gratis konsultation med v\u00e5ra experter om val av utrustning, enskilda projekt, installation.<\/li><li style=\"font-size: 16px;\">Gratis bes\u00f6k av specialister f\u00f6r att g\u00f6ra m\u00e4tningar, f\u00f6rbereda enskilda projekt och offerter - betala f\u00f6rst efter att ha godk\u00e4nt offerten och undertecknat kontraktet<\/li><li style=\"font-size: 16px;\">Val av den optimala installationsplanen f\u00f6r solpaneler f\u00f6r din budget och dina behov, fullst\u00e4ndig assistans i alla skeden: fr\u00e5n konsultation till installation.<\/li><li style=\"font-size: 16px;\">Garanterad kvalitet och tillf\u00f6rlitlighet f\u00f6r v\u00e5ra installationer: garantin p\u00e5 installationen \u00e4r 1 \u00e5r, utrustningen - upp till 12 \u00e5r, beroende p\u00e5 vilket m\u00e4rke som valts. Kortaste ledtider: nyckelf\u00e4rdig installation av solpaneler p\u00e5 2 dagar!<\/li><li style=\"font-size: 16px;\">M\u00f6jlighet att erh\u00e5lla statligt st\u00f6d f\u00f6r installation och anv\u00e4ndning av solenergi. Vi utf\u00f6r hela f\u00f6rfarandet f\u00f6r att f\u00e5 ers\u00e4ttning f\u00f6r kostnader fr\u00e5n staten.<\/li><li style=\"font-size: 16px;\">Service efter garantitidens utg\u00e5ng.<\/li><\/ul>\t\t\t\t\t\t\t\t<\/div>\n\t\t\t\t<\/div>\n\t\t\t\t\t<\/div>\n\t\t<\/div>\n\t\t\t\t\t<\/div>\n\t\t<\/section>\n\t\t\t\t<section class=\"has_ae_slider elementor-section elementor-top-section elementor-element elementor-element-16d7a77 elementor-section-boxed elementor-section-height-default elementor-section-height-default ae-bg-gallery-type-default\" data-id=\"16d7a77\" data-element_type=\"section\" data-e-type=\"section\">\n\t\t\t\t\t\t<div class=\"elementor-container elementor-column-gap-default\">\n\t\t\t\t\t<div class=\"has_ae_slider elementor-column elementor-col-100 elementor-top-column elementor-element elementor-element-5ed7cb3 ae-bg-gallery-type-default\" data-id=\"5ed7cb3\" data-element_type=\"column\" data-e-type=\"column\">\n\t\t\t<div class=\"elementor-widget-wrap elementor-element-populated\">\n\t\t\t\t\t\t<div class=\"elementor-element elementor-element-6763450 elementor-widget elementor-widget-heading\" data-id=\"6763450\" data-element_type=\"widget\" data-e-type=\"widget\" data-widget_type=\"heading.default\">\n\t\t\t\t<div class=\"elementor-widget-container\">\n\t\t\t\t\t<h2 class=\"elementor-heading-title elementor-size-default\">Rekryteringsprocessen<\/h2>\t\t\t\t<\/div>\n\t\t\t\t<\/div>\n\t\t\t\t<div class=\"elementor-element elementor-element-6776f20 elementor-widget elementor-widget-text-editor\" data-id=\"6776f20\" data-element_type=\"widget\" data-e-type=\"widget\" data-widget_type=\"text-editor.default\">\n\t\t\t\t<div class=\"elementor-widget-container\">\n\t\t\t\t\t\t\t\t\t<ol>\n<li>Kunden vill ha ett f\u00f6rslag p\u00e5 ett solcellsprojekt.<\/li>\n<li>En av v\u00e5ra s\u00e4ljare kommer att kontakta kunden, svara p\u00e5 eventuella fr\u00e5gor och best\u00e4mma ett m\u00e4tdatum.<\/li>\n<li>V\u00e5ra experter kommer till r\u00e4tt plats f\u00f6r m\u00e4tningen.<\/li>\n<li>Efter m\u00e4tningarna tar vi fram en offert och ett kommersiellt erbjudande som \u00e4r skr\u00e4ddarsytt efter kundens behov.<\/li>\n<li>Kunden accepterar den erbjudna offerten.<\/li>\n<li>Undertecknande av kontrakt och betalning.<\/li><li>P\u00e5 mindre \u00e4n 10 dagar kommer du att kunna dra nytta av solenergin.<\/li><\/ol>\t\t\t\t\t\t\t\t<\/div>\n\t\t\t\t<\/div>\n\t\t\t\t<div class=\"elementor-element elementor-element-13c055c elementor-align-center elementor-widget elementor-widget-button\" data-id=\"13c055c\" data-element_type=\"widget\" data-e-type=\"widget\" data-widget_type=\"button.default\">\n\t\t\t\t<div class=\"elementor-widget-container\">\n\t\t\t\t\t\t\t\t\t<div class=\"elementor-button-wrapper\">\n\t\t\t\t\t<a class=\"elementor-button elementor-button-link elementor-size-lg\" href=\"https:\/\/www.solar-model.com\/sv\/budget\/\" target=\"_blank\">\n\t\t\t\t\t\t<span class=\"elementor-button-content-wrapper\">\n\t\t\t\t\t\t<span class=\"elementor-button-icon\">\n\t\t\t\t<i aria-hidden=\"true\" class=\"far fa-comment\"><\/i>\t\t\t<\/span>\n\t\t\t\t\t\t\t\t\t<span class=\"elementor-button-text\">Beg\u00e4r en studie utan f\u00f6rpliktelser<\/span>\n\t\t\t\t\t<\/span>\n\t\t\t\t\t<\/a>\n\t\t\t\t<\/div>\n\t\t\t\t\t\t\t\t<\/div>\n\t\t\t\t<\/div>\n\t\t\t\t\t<\/div>\n\t\t<\/div>\n\t\t\t\t\t<\/div>\n\t\t<\/section>\n\t\t\t\t<section class=\"has_ae_slider elementor-section elementor-top-section elementor-element elementor-element-2108137 elementor-section-boxed elementor-section-height-default elementor-section-height-default ae-bg-gallery-type-default\" data-id=\"2108137\" data-element_type=\"section\" data-e-type=\"section\">\n\t\t\t\t\t\t<div class=\"elementor-container elementor-column-gap-default\">\n\t\t\t\t\t<div class=\"has_ae_slider elementor-column elementor-col-100 elementor-top-column elementor-element elementor-element-e86df83 ae-bg-gallery-type-default\" data-id=\"e86df83\" data-element_type=\"column\" data-e-type=\"column\">\n\t\t\t<div class=\"elementor-widget-wrap elementor-element-populated\">\n\t\t\t\t\t\t<div class=\"elementor-element elementor-element-8989581 elementor-widget elementor-widget-heading\" data-id=\"8989581\" data-element_type=\"widget\" data-e-type=\"widget\" data-widget_type=\"heading.default\">\n\t\t\t\t<div class=\"elementor-widget-container\">\n\t\t\t\t\t<h2 class=\"elementor-heading-title elementor-size-default\">Var vi befinner oss<\/h2>\t\t\t\t<\/div>\n\t\t\t\t<\/div>\n\t\t\t\t\t<\/div>\n\t\t<\/div>\n\t\t\t\t\t<\/div>\n\t\t<\/section>\n\t\t\t\t<section class=\"has_ae_slider elementor-section elementor-top-section elementor-element elementor-element-3820313 elementor-section-boxed elementor-section-height-default elementor-section-height-default ae-bg-gallery-type-default\" data-id=\"3820313\" data-element_type=\"section\" data-e-type=\"section\">\n\t\t\t\t\t\t<div class=\"elementor-container elementor-column-gap-default\">\n\t\t\t\t\t<div class=\"has_ae_slider elementor-column elementor-col-100 elementor-top-column elementor-element elementor-element-4f6227a ae-bg-gallery-type-default\" data-id=\"4f6227a\" data-element_type=\"column\" data-e-type=\"column\">\n\t\t\t<div class=\"elementor-widget-wrap elementor-element-populated\">\n\t\t\t\t\t\t<div class=\"elementor-element elementor-element-ce762f3 elementor-widget elementor-widget-text-editor\" data-id=\"ce762f3\" data-element_type=\"widget\" data-e-type=\"widget\" data-widget_type=\"text-editor.default\">\n\t\t\t\t<div class=\"elementor-widget-container\">\n\t\t\t\t\t\t\t\t\t<p style=\"font-size: 16px; font-style: normal; font-weight: 400;\">V\u00e5ra kontor ligger bredvid v\u00e5ra lager med material f\u00f6r solcellsinstallationer i Pol\u00edgono Casagrande i Torrevieja, i Alicante-provinsen.<\/p><p style=\"font-size: 16px; font-style: normal; font-weight: 400;\">Det \u00e4r l\u00e4tt att ta sig hit fr\u00e5n de tv\u00e5 huvudinfarterna till staden. Antingen via Cartagena-v\u00e4gen (N-332) eller via Crevillente-v\u00e4gen (CV-905).<\/p>\t\t\t\t\t\t\t\t<\/div>\n\t\t\t\t<\/div>\n\t\t\t\t\t<\/div>\n\t\t<\/div>\n\t\t\t\t\t<\/div>\n\t\t<\/section>\n\t\t\t\t<section class=\"has_ae_slider elementor-section elementor-top-section elementor-element elementor-element-e88b66b elementor-section-boxed elementor-section-height-default elementor-section-height-default ae-bg-gallery-type-default\" data-id=\"e88b66b\" data-element_type=\"section\" data-e-type=\"section\">\n\t\t\t\t\t\t<div class=\"elementor-container elementor-column-gap-default\">\n\t\t\t\t\t<div class=\"has_ae_slider elementor-column elementor-col-100 elementor-top-column elementor-element elementor-element-061ac3e ae-bg-gallery-type-default\" data-id=\"061ac3e\" data-element_type=\"column\" data-e-type=\"column\">\n\t\t\t<div class=\"elementor-widget-wrap elementor-element-populated\">\n\t\t\t\t\t\t<div class=\"elementor-element elementor-element-8a5b61d elementor-widget elementor-widget-google_maps\" data-id=\"8a5b61d\" data-element_type=\"widget\" data-e-type=\"widget\" data-widget_type=\"google_maps.default\">\n\t\t\t\t<div class=\"elementor-widget-container\">\n\t\t\t\t\t\t\t<div class=\"elementor-custom-embed\">\n\t\t\t<iframe loading=\"lazy\"\n\t\t\t\t\tsrc=\"https:\/\/maps.google.com\/maps?q=Solar%20Model%2C%20Calle%20Acacio%20Rebagliato%20Pamies%2035%2C%2003183%20Torrevieja&#038;t=m&#038;z=16&#038;output=embed&#038;iwloc=near\"\n\t\t\t\t\ttitle=\"Modell f\u00f6r byggarbetsplats, Calle Acacio Rebagliato Pamies 35, 03183 Torrevieja\"\n\t\t\t\t\taria-label=\"Modell f\u00f6r byggarbetsplats, Calle Acacio Rebagliato Pamies 35, 03183 Torrevieja\"\n\t\t\t><\/iframe>\n\t\t<\/div>\n\t\t\t\t\t\t<\/div>\n\t\t\t\t<\/div>\n\t\t\t\t\t<\/div>\n\t\t<\/div>\n\t\t\t\t\t<\/div>\n\t\t<\/section>\n\t\t\t\t<\/div>","protected":false},"excerpt":{"rendered":"<p>Solar Model La tranquilidad de trabajar con una empresa l\u00edder del sector Solar Model es una empresa especializada en la comercializaci\u00f3n de sistemas fotovoltaicas e instalaci\u00f3n de sistemas solares con m\u00e1s de 10 a\u00f1os de experiencia, l\u00edder en el mercado con materiales de primera calidad de propia importaci\u00f3n. Disponemos de un equipo de profesionales, desde [&hellip;]<\/p>\n","protected":false},"author":1,"featured_media":0,"parent":0,"menu_order":0,"comment_status":"closed","ping_status":"closed","template":"","meta":{"site-sidebar-layout":"no-sidebar","site-content-layout":"page-builder","ast-site-content-layout":"full-width-container","site-content-style":"default","site-sidebar-style":"default","ast-global-header-display":"","ast-banner-title-visibility":"","ast-main-header-display":"","ast-hfb-above-header-display":"","ast-hfb-below-header-display":"","ast-hfb-mobile-header-display":"","site-post-title":"disabled","ast-breadcrumbs-content":"","ast-featured-img":"disabled","footer-sml-layout":"","ast-disable-related-posts":"","theme-transparent-header-meta":"","adv-header-id-meta":"","stick-header-meta":"","header-above-stick-meta":"","header-main-stick-meta":"","header-below-stick-meta":"","astra-migrate-meta-layouts":"default","ast-page-background-enabled":"default","ast-page-background-meta":{"desktop":{"background-color":"","background-image":"","background-repeat":"repeat","background-position":"center center","background-size":"auto","background-attachment":"scroll","background-type":"","background-media":"","overlay-type":"","overlay-color":"","overlay-opacity":"","overlay-gradient":""},"tablet":{"background-color":"","background-image":"","background-repeat":"repeat","background-position":"center center","background-size":"auto","background-attachment":"scroll","background-type":"","background-media":"","overlay-type":"","overlay-color":"","overlay-opacity":"","overlay-gradient":""},"mobile":{"background-color":"","background-image":"","background-repeat":"repeat","background-position":"center center","background-size":"auto","background-attachment":"scroll","background-type":"","background-media":"","overlay-type":"","overlay-color":"","overlay-opacity":"","overlay-gradient":""}},"ast-content-background-meta":{"desktop":{"background-color":"var(--ast-global-color-5)","background-image":"","background-repeat":"repeat","background-position":"center center","background-size":"auto","background-attachment":"scroll","background-type":"","background-media":"","overlay-type":"","overlay-color":"","overlay-opacity":"","overlay-gradient":""},"tablet":{"background-color":"var(--ast-global-color-5)","background-image":"","background-repeat":"repeat","background-position":"center center","background-size":"auto","background-attachment":"scroll","background-type":"","background-media":"","overlay-type":"","overlay-color":"","overlay-opacity":"","overlay-gradient":""},"mobile":{"background-color":"var(--ast-global-color-5)","background-image":"","background-repeat":"repeat","background-position":"center center","background-size":"auto","background-attachment":"scroll","background-type":"","background-media":"","overlay-type":"","overlay-color":"","overlay-opacity":"","overlay-gradient":""}},"_joinchat":[],"footnotes":""},"class_list":["post-738","page","type-page","status-publish","hentry"],"_links":{"self":[{"href":"https:\/\/www.solar-model.com\/sv\/wp-json\/wp\/v2\/pages\/738","targetHints":{"allow":["GET"]}}],"collection":[{"href":"https:\/\/www.solar-model.com\/sv\/wp-json\/wp\/v2\/pages"}],"about":[{"href":"https:\/\/www.solar-model.com\/sv\/wp-json\/wp\/v2\/types\/page"}],"author":[{"embeddable":true,"href":"https:\/\/www.solar-model.com\/sv\/wp-json\/wp\/v2\/users\/1"}],"replies":[{"embeddable":true,"href":"https:\/\/www.solar-model.com\/sv\/wp-json\/wp\/v2\/comments?post=738"}],"version-history":[{"count":129,"href":"https:\/\/www.solar-model.com\/sv\/wp-json\/wp\/v2\/pages\/738\/revisions"}],"predecessor-version":[{"id":1522,"href":"https:\/\/www.solar-model.com\/sv\/wp-json\/wp\/v2\/pages\/738\/revisions\/1522"}],"wp:attachment":[{"href":"https:\/\/www.solar-model.com\/sv\/wp-json\/wp\/v2\/media?parent=738"}],"curies":[{"name":"wp","href":"https:\/\/api.w.org\/{rel}","templated":true}]}}