{"id":845,"date":"2023-11-06T19:01:39","date_gmt":"2023-11-06T17:01:39","guid":{"rendered":"https:\/\/solar-model.com\/?page_id=845"},"modified":"2024-01-24T14:17:01","modified_gmt":"2024-01-24T12:17:01","slug":"energia-solar","status":"publish","type":"page","link":"https:\/\/www.solar-model.com\/sv\/solenergi\/","title":{"rendered":"Solenergi"},"content":{"rendered":"<div data-elementor-type=\"wp-page\" data-elementor-id=\"845\" class=\"elementor elementor-845\" data-elementor-post-type=\"page\">\n\t\t\t\t\t\t<section class=\"has_ae_slider elementor-section elementor-top-section elementor-element elementor-element-cdbc706 elementor-section-boxed elementor-section-height-default elementor-section-height-default ae-bg-gallery-type-default\" data-id=\"cdbc706\" data-element_type=\"section\" data-e-type=\"section\">\n\t\t\t\t\t\t<div class=\"elementor-container elementor-column-gap-default\">\n\t\t\t\t\t<div class=\"has_ae_slider elementor-column elementor-col-100 elementor-top-column elementor-element elementor-element-72f97a0 ae-bg-gallery-type-default\" data-id=\"72f97a0\" data-element_type=\"column\" data-e-type=\"column\">\n\t\t\t<div class=\"elementor-widget-wrap elementor-element-populated\">\n\t\t\t\t\t\t<div class=\"elementor-element elementor-element-d508ef7 elementor-widget elementor-widget-heading\" data-id=\"d508ef7\" data-element_type=\"widget\" data-e-type=\"widget\" data-widget_type=\"heading.default\">\n\t\t\t\t<div class=\"elementor-widget-container\">\n\t\t\t\t\t<h2 class=\"elementor-heading-title elementor-size-default\">Vad \u00e4r det och hur fungerar det?<\/h2>\t\t\t\t<\/div>\n\t\t\t\t<\/div>\n\t\t\t\t\t<\/div>\n\t\t<\/div>\n\t\t\t\t\t<\/div>\n\t\t<\/section>\n\t\t\t\t<section class=\"has_ae_slider elementor-section elementor-top-section elementor-element elementor-element-65af69f elementor-section-boxed elementor-section-height-default elementor-section-height-default ae-bg-gallery-type-default\" data-id=\"65af69f\" data-element_type=\"section\" data-e-type=\"section\">\n\t\t\t\t\t\t<div class=\"elementor-container elementor-column-gap-default\">\n\t\t\t\t\t<div class=\"has_ae_slider elementor-column elementor-col-100 elementor-top-column elementor-element elementor-element-6a928b3 ae-bg-gallery-type-default\" data-id=\"6a928b3\" data-element_type=\"column\" data-e-type=\"column\">\n\t\t\t<div class=\"elementor-widget-wrap elementor-element-populated\">\n\t\t\t\t\t\t<div class=\"elementor-element elementor-element-7b82a8b elementor-widget elementor-widget-text-editor\" data-id=\"7b82a8b\" data-element_type=\"widget\" data-e-type=\"widget\" data-widget_type=\"text-editor.default\">\n\t\t\t\t<div class=\"elementor-widget-container\">\n\t\t\t\t\t\t\t\t\t<p>Solenergi \u00e4r ett av de b\u00e4sta alternativen f\u00f6r att spara energi.<\/p><p><span style=\"font-style: inherit; font-weight: inherit; background-color: var(--ast-global-color-5); color: var(--ast-global-color-3);\">Ett sj\u00e4lvf\u00f6rbrukande solelsystem best\u00e5r i princip av solpaneler, en v\u00e4xelriktare och eventuellt batterier f\u00f6r att lagra den extra energi som genereras av solelsystemet.<\/span><\/p><p>Ett solenergisystem fungerar p\u00e5 f\u00f6ljande s\u00e4tt:<\/p><ol><li><strong>Solpaneler<\/strong>Solpaneler omvandlar solljus till elektricitet med hj\u00e4lp av fotovoltaiska celler. Dessa paneler installeras p\u00e5 taket eller p\u00e5 \u00f6ppna ytor d\u00e4r de kan ta emot s\u00e5 mycket solljus som m\u00f6jligt.<\/li><li><strong>Investerare<\/strong>Den el som genereras av solpanelerna \u00e4r likstr\u00f6m (DC), men v\u00e5ra hem och elektroniska apparater beh\u00f6ver v\u00e4xelstr\u00f6m (AC) f\u00f6r att fungera. V\u00e4xelriktaren omvandlar likstr\u00f6mmen fr\u00e5n panelerna till anv\u00e4ndbar v\u00e4xelstr\u00f6m.<\/li><li><strong>Sj\u00e4lvkonsumtion<\/strong>Den el som genereras av solpanelerna f\u00f6rbrukas direkt i hemmet f\u00f6r att driva hush\u00e5llsapparater och elektroniska enheter. Detta minskar beroendet av eln\u00e4tet och s\u00e4nker elkostnaderna.<\/li><li><strong>Dubbelriktad m\u00e4tare<\/strong>En dubbelriktad m\u00e4tare registrerar den m\u00e4ngd el som f\u00f6rbrukas och den m\u00e4ngd el som produceras av solsystemet. Om solsystemet producerar mer el \u00e4n vad som f\u00f6r n\u00e4rvarande f\u00f6rbrukas, skickas \u00f6verskottselen till eln\u00e4tet och registreras som en energikredit.<\/li><li><strong>Batterier<\/strong>Batterier f\u00f6r sj\u00e4lvf\u00f6rbrukande solsystem g\u00f6r att \u00f6verskottsel som genereras under dagen kan lagras f\u00f6r anv\u00e4ndning under natten eller vid tillf\u00e4llen med l\u00e5g solproduktion. Dessa batterier laddas n\u00e4r solsystemet genererar mer el \u00e4n vad som f\u00f6rbrukas och laddas ur n\u00e4r ytterligare el beh\u00f6vs.<\/li><li><strong>N\u00e4tanslutning<\/strong>Om solelsystemet inte producerar tillr\u00e4ckligt med el f\u00f6r att m\u00f6ta hush\u00e5llets efterfr\u00e5gan (t.ex. under molniga dagar eller under perioder med h\u00f6g efterfr\u00e5gan), kan hush\u00e5llet dra el fr\u00e5n eln\u00e4tet. Om solelsystemet genererar mer el \u00e4n vad som f\u00f6rbrukas skickas \u00f6verskottselen tillbaka till eln\u00e4tet och registreras som en energikredit.<\/li><\/ol><p>Kort sagt g\u00f6r ett sj\u00e4lvf\u00f6rbrukande solcellssystem med batterier det m\u00f6jligt att utnyttja solenergi f\u00f6r att driva hemmet och lagra \u00f6verskottsel som genereras f\u00f6r senare anv\u00e4ndning. Detta minskar beroendet av eln\u00e4tet, s\u00e4nker elkostnaderna och minskar koldioxidavtrycket.<\/p>\t\t\t\t\t\t\t\t<\/div>\n\t\t\t\t<\/div>\n\t\t\t\t<div class=\"elementor-element elementor-element-c71a6be elementor-widget elementor-widget-image\" data-id=\"c71a6be\" data-element_type=\"widget\" data-e-type=\"widget\" data-widget_type=\"image.default\">\n\t\t\t\t<div class=\"elementor-widget-container\">\n\t\t\t\t\t\t\t\t\t\t\t\t\t\t\t<img fetchpriority=\"high\" decoding=\"async\" width=\"1024\" height=\"507\" src=\"https:\/\/www.solar-model.com\/wp-content\/uploads\/2023\/11\/Sistema-solar-autoconsumo-con-bateria-1-1024x507.jpg\" class=\"attachment-large size-large wp-image-861\" alt=\"\" srcset=\"https:\/\/www.solar-model.com\/wp-content\/uploads\/2023\/11\/Sistema-solar-autoconsumo-con-bateria-1-1024x507.jpg 1024w, https:\/\/www.solar-model.com\/wp-content\/uploads\/2023\/11\/Sistema-solar-autoconsumo-con-bateria-1-300x148.jpg 300w, https:\/\/www.solar-model.com\/wp-content\/uploads\/2023\/11\/Sistema-solar-autoconsumo-con-bateria-1-768x380.jpg 768w, https:\/\/www.solar-model.com\/wp-content\/uploads\/2023\/11\/Sistema-solar-autoconsumo-con-bateria-1-18x9.jpg 18w, https:\/\/www.solar-model.com\/wp-content\/uploads\/2023\/11\/Sistema-solar-autoconsumo-con-bateria-1.jpg 1283w\" sizes=\"(max-width: 1024px) 100vw, 1024px\" \/>\t\t\t\t\t\t\t\t\t\t\t\t\t\t\t<\/div>\n\t\t\t\t<\/div>\n\t\t\t\t\t<\/div>\n\t\t<\/div>\n\t\t\t\t\t<\/div>\n\t\t<\/section>\n\t\t\t\t<section class=\"has_ae_slider elementor-section elementor-top-section elementor-element elementor-element-622a58f elementor-section-boxed elementor-section-height-default elementor-section-height-default ae-bg-gallery-type-default\" data-id=\"622a58f\" data-element_type=\"section\" data-e-type=\"section\">\n\t\t\t\t\t\t<div class=\"elementor-container elementor-column-gap-default\">\n\t\t\t\t\t<div class=\"has_ae_slider elementor-column elementor-col-100 elementor-top-column elementor-element elementor-element-c8cd452 ae-bg-gallery-type-default\" data-id=\"c8cd452\" data-element_type=\"column\" data-e-type=\"column\">\n\t\t\t<div class=\"elementor-widget-wrap elementor-element-populated\">\n\t\t\t\t\t\t<div class=\"elementor-element elementor-element-88bef37 elementor-widget elementor-widget-text-editor\" data-id=\"88bef37\" data-element_type=\"widget\" data-e-type=\"widget\" data-widget_type=\"text-editor.default\">\n\t\t\t\t<div class=\"elementor-widget-container\">\n\t\t\t\t\t\t\t\t\t<p style=\"font-size: 16px; font-style: normal; font-weight: 400;\">Anv\u00e4nd solenergi f\u00f6r att bli friare och spara pengar. G\u00f6r ditt hem rent och oberoende. Installera ett solcellssystem f\u00f6r ditt hus, villa, samh\u00e4lle eller f\u00f6retag!<\/p><p style=\"font-size: 16px; font-style: normal; font-weight: 400;\">Att installera solpaneler \u00e4r perfekt f\u00f6r:<\/p><ul style=\"font-size: 16px; font-style: normal; font-weight: 400;\"><li style=\"font-size: 16px;\">\u00c4gare av bungalows, hus och villor. Att installera solpaneler i ditt samh\u00e4lle\/hus kan vara ett bra alternativ f\u00f6r dig och alla boende i samh\u00e4llet som vill spara p\u00e5 sina energikostnader och minska sitt beroende av kommersiella energileverant\u00f6rer och fluktuerande energikostnader.<\/li><li style=\"font-size: 16px;\">Hur mycket kostar det att ansluta solpaneler till en privatbostad eller ett f\u00f6retag? Ring oss s\u00e5 informerar vi dig.<\/li><li style=\"font-size: 16px;\">F\u00f6retagare. Genom att installera solpaneler p\u00e5 taket till kommersiella byggnader (hotell, restauranger, verkst\u00e4der, jordbruksf\u00f6retag, lager etc.) kan du kraftigt \u00f6ka vinsten f\u00f6r ditt f\u00f6retag genom att minska dina kostnader. Energikostnaderna i vissa branscher kan trots allt vara mycket h\u00f6ga, och anv\u00e4ndningen av solpaneler p\u00e5 medell\u00e5ng\/l\u00e5ng sikt kommer att minska dina energir\u00e4kningar med upp till 90%. F\u00f6rdelarna med \"Carbon Footprint\" f\u00f6r ett f\u00f6retag b\u00f6r inte heller gl\u00f6mmas bort h\u00e4r.<\/li><li style=\"font-size: 16px;\">Investerare som skapar solparker och som bryr sig om att maximera sina vinster fr\u00e5n solenergi. En solpark \u00e4r trots allt din vinstgenerator. Vi ber\u00e4ttar hur du installerar nyckelf\u00e4rdiga solkraftverk (solparker) och b\u00f6rjar tj\u00e4na pengar. Fyll bara i formul\u00e4ret s\u00e5 kontaktar v\u00e5r chef dig.<\/li><li style=\"font-size: 16px;\">De som t\u00e4nker p\u00e5 planetens framtid och vill g\u00f6ra n\u00e5got bra f\u00f6r milj\u00f6n. Installationen av nyckelf\u00e4rdiga solpaneler med v\u00e5rt f\u00f6retag \u00e4r ett bidrag till milj\u00f6n och en minskning av koldioxidutsl\u00e4ppen i atmosf\u00e4ren.<\/li><\/ul>\t\t\t\t\t\t\t\t<\/div>\n\t\t\t\t<\/div>\n\t\t\t\t\t<\/div>\n\t\t<\/div>\n\t\t\t\t\t<\/div>\n\t\t<\/section>\n\t\t\t\t<section class=\"has_ae_slider elementor-section elementor-top-section elementor-element elementor-element-b9ab1ca elementor-section-boxed elementor-section-height-default elementor-section-height-default ae-bg-gallery-type-default\" data-id=\"b9ab1ca\" data-element_type=\"section\" data-e-type=\"section\">\n\t\t\t\t\t\t<div class=\"elementor-container elementor-column-gap-default\">\n\t\t\t\t\t<div class=\"has_ae_slider elementor-column elementor-col-100 elementor-top-column elementor-element elementor-element-2e82e94 ae-bg-gallery-type-default\" data-id=\"2e82e94\" data-element_type=\"column\" data-e-type=\"column\">\n\t\t\t<div class=\"elementor-widget-wrap elementor-element-populated\">\n\t\t\t\t\t\t<div class=\"elementor-element elementor-element-ce9e0f7 elementor-align-center elementor-widget elementor-widget-button\" data-id=\"ce9e0f7\" data-element_type=\"widget\" data-e-type=\"widget\" data-widget_type=\"button.default\">\n\t\t\t\t<div class=\"elementor-widget-container\">\n\t\t\t\t\t\t\t\t\t<div class=\"elementor-button-wrapper\">\n\t\t\t\t\t<a class=\"elementor-button elementor-button-link elementor-size-sm\" href=\"https:\/\/www.solar-model.com\/sv\/budget\/\">\n\t\t\t\t\t\t<span class=\"elementor-button-content-wrapper\">\n\t\t\t\t\t\t<span class=\"elementor-button-icon\">\n\t\t\t\t<i aria-hidden=\"true\" class=\"far fa-comment\"><\/i>\t\t\t<\/span>\n\t\t\t\t\t\t\t\t\t<span class=\"elementor-button-text\">beg\u00e4ra en kostnadsfri offert<\/span>\n\t\t\t\t\t<\/span>\n\t\t\t\t\t<\/a>\n\t\t\t\t<\/div>\n\t\t\t\t\t\t\t\t<\/div>\n\t\t\t\t<\/div>\n\t\t\t\t\t<\/div>\n\t\t<\/div>\n\t\t\t\t\t<\/div>\n\t\t<\/section>\n\t\t\t\t<\/div>","protected":false},"excerpt":{"rendered":"<p>\u00bfQu\u00e9 es y como funciona? La energ\u00eda solar es una de las mejores alternativas para ahorrar energ\u00eda. Un sistema solar de autoconsumo solar consiste b\u00e1sicamente de paneles solares, un inversor y opcionalmente bater\u00edas para almacenar energ\u00eda adicional generada por el sistema solar. Un sistema de energ\u00eda solar funciona de la siguiente forma: Paneles solares: Los [&hellip;]<\/p>\n","protected":false},"author":1,"featured_media":0,"parent":0,"menu_order":0,"comment_status":"closed","ping_status":"closed","template":"","meta":{"site-sidebar-layout":"default","site-content-layout":"","ast-site-content-layout":"default","site-content-style":"default","site-sidebar-style":"default","ast-global-header-display":"","ast-banner-title-visibility":"","ast-main-header-display":"","ast-hfb-above-header-display":"","ast-hfb-below-header-display":"","ast-hfb-mobile-header-display":"","site-post-title":"","ast-breadcrumbs-content":"","ast-featured-img":"","footer-sml-layout":"","ast-disable-related-posts":"","theme-transparent-header-meta":"","adv-header-id-meta":"","stick-header-meta":"","header-above-stick-meta":"","header-main-stick-meta":"","header-below-stick-meta":"","astra-migrate-meta-layouts":"default","ast-page-background-enabled":"default","ast-page-background-meta":{"desktop":{"background-color":"","background-image":"","background-repeat":"repeat","background-position":"center center","background-size":"auto","background-attachment":"scroll","background-type":"","background-media":"","overlay-type":"","overlay-color":"","overlay-opacity":"","overlay-gradient":""},"tablet":{"background-color":"","background-image":"","background-repeat":"repeat","background-position":"center center","background-size":"auto","background-attachment":"scroll","background-type":"","background-media":"","overlay-type":"","overlay-color":"","overlay-opacity":"","overlay-gradient":""},"mobile":{"background-color":"","background-image":"","background-repeat":"repeat","background-position":"center center","background-size":"auto","background-attachment":"scroll","background-type":"","background-media":"","overlay-type":"","overlay-color":"","overlay-opacity":"","overlay-gradient":""}},"ast-content-background-meta":{"desktop":{"background-color":"var(--ast-global-color-5)","background-image":"","background-repeat":"repeat","background-position":"center center","background-size":"auto","background-attachment":"scroll","background-type":"","background-media":"","overlay-type":"","overlay-color":"","overlay-opacity":"","overlay-gradient":""},"tablet":{"background-color":"var(--ast-global-color-5)","background-image":"","background-repeat":"repeat","background-position":"center center","background-size":"auto","background-attachment":"scroll","background-type":"","background-media":"","overlay-type":"","overlay-color":"","overlay-opacity":"","overlay-gradient":""},"mobile":{"background-color":"var(--ast-global-color-5)","background-image":"","background-repeat":"repeat","background-position":"center center","background-size":"auto","background-attachment":"scroll","background-type":"","background-media":"","overlay-type":"","overlay-color":"","overlay-opacity":"","overlay-gradient":""}},"_joinchat":[],"footnotes":""},"class_list":["post-845","page","type-page","status-publish","hentry"],"_links":{"self":[{"href":"https:\/\/www.solar-model.com\/sv\/wp-json\/wp\/v2\/pages\/845","targetHints":{"allow":["GET"]}}],"collection":[{"href":"https:\/\/www.solar-model.com\/sv\/wp-json\/wp\/v2\/pages"}],"about":[{"href":"https:\/\/www.solar-model.com\/sv\/wp-json\/wp\/v2\/types\/page"}],"author":[{"embeddable":true,"href":"https:\/\/www.solar-model.com\/sv\/wp-json\/wp\/v2\/users\/1"}],"replies":[{"embeddable":true,"href":"https:\/\/www.solar-model.com\/sv\/wp-json\/wp\/v2\/comments?post=845"}],"version-history":[{"count":30,"href":"https:\/\/www.solar-model.com\/sv\/wp-json\/wp\/v2\/pages\/845\/revisions"}],"predecessor-version":[{"id":1443,"href":"https:\/\/www.solar-model.com\/sv\/wp-json\/wp\/v2\/pages\/845\/revisions\/1443"}],"wp:attachment":[{"href":"https:\/\/www.solar-model.com\/sv\/wp-json\/wp\/v2\/media?parent=845"}],"curies":[{"name":"wp","href":"https:\/\/api.w.org\/{rel}","templated":true}]}}