{"id":956,"date":"2023-12-29T11:59:48","date_gmt":"2023-12-29T09:59:48","guid":{"rendered":"https:\/\/solar-model.com\/?page_id=956"},"modified":"2024-01-24T14:16:13","modified_gmt":"2024-01-24T12:16:13","slug":"autoconsumo-residencial","status":"publish","type":"page","link":"https:\/\/www.solar-model.com\/sv\/egenkonsumtion-i-bostader\/","title":{"rendered":"Egenkonsumtion i bost\u00e4der"},"content":{"rendered":"<div data-elementor-type=\"wp-page\" data-elementor-id=\"956\" class=\"elementor elementor-956\" data-elementor-post-type=\"page\">\n\t\t\t\t\t\t<section class=\"has_ae_slider elementor-section elementor-top-section elementor-element elementor-element-b4abeb7 elementor-section-boxed elementor-section-height-default elementor-section-height-default ae-bg-gallery-type-default\" data-id=\"b4abeb7\" data-element_type=\"section\" data-e-type=\"section\">\n\t\t\t\t\t\t<div class=\"elementor-container elementor-column-gap-default\">\n\t\t\t\t\t<div class=\"has_ae_slider elementor-column elementor-col-100 elementor-top-column elementor-element elementor-element-fdea704 ae-bg-gallery-type-default\" data-id=\"fdea704\" data-element_type=\"column\" data-e-type=\"column\">\n\t\t\t<div class=\"elementor-widget-wrap\">\n\t\t\t\t\t\t\t<\/div>\n\t\t<\/div>\n\t\t\t\t\t<\/div>\n\t\t<\/section>\n\t\t\t\t<section class=\"has_ae_slider elementor-section elementor-top-section elementor-element elementor-element-9e19359 elementor-section-boxed elementor-section-height-default elementor-section-height-default ae-bg-gallery-type-default\" data-id=\"9e19359\" data-element_type=\"section\" data-e-type=\"section\">\n\t\t\t\t\t\t<div class=\"elementor-container elementor-column-gap-default\">\n\t\t\t\t\t<div class=\"has_ae_slider elementor-column elementor-col-100 elementor-top-column elementor-element elementor-element-323ee09 ae-bg-gallery-type-default\" data-id=\"323ee09\" data-element_type=\"column\" data-e-type=\"column\">\n\t\t\t<div class=\"elementor-widget-wrap elementor-element-populated\">\n\t\t\t\t\t\t<div class=\"elementor-element elementor-element-7b34c82 elementor-widget elementor-widget-text-editor\" data-id=\"7b34c82\" data-element_type=\"widget\" data-e-type=\"widget\" data-widget_type=\"text-editor.default\">\n\t\t\t\t<div class=\"elementor-widget-container\">\n\t\t\t\t\t\t\t\t\t<p>Egenf\u00f6rbrukning av solceller \u00e4r en v\u00e4xande metod f\u00f6r att generera och f\u00f6rbruka el i hemmet fr\u00e5n f\u00f6rnybara k\u00e4llor. Med \u00f6kad medvetenhet om vikten av att minska milj\u00f6p\u00e5verkan och energikostnader v\u00e4ljer fler och fler m\u00e4nniskor att installera sj\u00e4lvf\u00f6rbrukningssystem i sina hem.<\/p><p>Egenkonsumtion i hemmet baseras p\u00e5 installation av fotovoltaiska solpaneler p\u00e5 taket, som f\u00e5ngar upp solstr\u00e5lning och omvandlar den till elektricitet. Den genererade energin anv\u00e4nds f\u00f6r att driva hush\u00e5llsapparater och belysningssystem, vilket minskar beroendet av det konventionella eln\u00e4tet.<\/p>\t\t\t\t\t\t\t\t<\/div>\n\t\t\t\t<\/div>\n\t\t\t\t<div class=\"elementor-element elementor-element-bf4828d elementor-widget elementor-widget-image\" data-id=\"bf4828d\" data-element_type=\"widget\" data-e-type=\"widget\" data-widget_type=\"image.default\">\n\t\t\t\t<div class=\"elementor-widget-container\">\n\t\t\t\t\t\t\t\t\t\t\t\t\t\t\t<img fetchpriority=\"high\" decoding=\"async\" width=\"1024\" height=\"576\" src=\"https:\/\/www.solar-model.com\/wp-content\/uploads\/2023\/12\/Autoconsumo-solar-residencial-1024x576.jpg\" class=\"attachment-large size-large wp-image-962\" alt=\"Egenf\u00f6rbrukning av solenergi i bost\u00e4der Solcellsmodell\" srcset=\"https:\/\/www.solar-model.com\/wp-content\/uploads\/2023\/12\/Autoconsumo-solar-residencial-1024x576.jpg 1024w, https:\/\/www.solar-model.com\/wp-content\/uploads\/2023\/12\/Autoconsumo-solar-residencial-300x169.jpg 300w, https:\/\/www.solar-model.com\/wp-content\/uploads\/2023\/12\/Autoconsumo-solar-residencial-768x432.jpg 768w, https:\/\/www.solar-model.com\/wp-content\/uploads\/2023\/12\/Autoconsumo-solar-residencial-1536x864.jpg 1536w, https:\/\/www.solar-model.com\/wp-content\/uploads\/2023\/12\/Autoconsumo-solar-residencial-2048x1152.jpg 2048w, https:\/\/www.solar-model.com\/wp-content\/uploads\/2023\/12\/Autoconsumo-solar-residencial-18x10.jpg 18w\" sizes=\"(max-width: 1024px) 100vw, 1024px\" \/>\t\t\t\t\t\t\t\t\t\t\t\t\t\t\t<\/div>\n\t\t\t\t<\/div>\n\t\t\t\t<div class=\"elementor-element elementor-element-431b679 elementor-widget elementor-widget-text-editor\" data-id=\"431b679\" data-element_type=\"widget\" data-e-type=\"widget\" data-widget_type=\"text-editor.default\">\n\t\t\t\t<div class=\"elementor-widget-container\">\n\t\t\t\t\t\t\t\t\t<p><span style=\"background-color: var(--ast-global-color-4); color: var(--ast-global-color-3); font-style: inherit; font-weight: inherit;\">En av de st\u00f6rsta f\u00f6rdelarna med egenf\u00f6rbrukning i bost\u00e4der \u00e4r att elr\u00e4kningarna minskar. Genom att generera ren, f\u00f6rnybar energi minskar behovet av att k\u00f6pa el fr\u00e5n eln\u00e4tet, vilket inneb\u00e4r l\u00e5ngsiktiga ekonomiska besparingar. I vissa l\u00e4nder \u00e4r det dessutom m\u00f6jligt att s\u00e4lja den \u00f6verskottsenergi som genereras till eln\u00e4tet, vilket ger en extra inkomst.<\/span><br><\/p>\n<p><span style=\"font-style: inherit; font-weight: inherit; background-color: var(--ast-global-color-4); color: var(--ast-global-color-3);\">En annan viktig f\u00f6rdel \u00e4r den minskade milj\u00f6p\u00e5verkan. Genom att anv\u00e4nda solenergi undviker man utsl\u00e4pp av v\u00e4xthusgaser och bidrar till kampen mot klimatf\u00f6r\u00e4ndringarna. Eftersom det \u00e4r en outt\u00f6mlig energik\u00e4lla tar den inte slut och genererar inte heller f\u00f6rorenande avfall.<\/span><\/p>\n<p><span style=\"font-style: inherit; font-weight: inherit; background-color: var(--ast-global-color-4); color: var(--ast-global-color-3);\">N\u00e4r det g\u00e4ller autonomi finns det ocks\u00e5 f\u00f6rdelar med sj\u00e4lvf\u00f6rbrukning i bost\u00e4der. I h\u00e4ndelse av en blackout eller ett str\u00f6mavbrott kan bost\u00e4der med sj\u00e4lvf\u00f6rbrukningssystem forts\u00e4tta att ha el, eftersom de \u00e4r anslutna till n\u00e4tet men ocks\u00e5 har ett energilagringssystem, till exempel batterier, som g\u00f6r att den lagrade solenergin kan anv\u00e4ndas.<\/span><\/p>\n<p><span style=\"font-style: inherit; font-weight: inherit; background-color: var(--ast-global-color-4); color: var(--ast-global-color-3);\">Sj\u00e4lvf\u00f6rbrukningssystem f\u00f6r bost\u00e4der \u00e4r ocks\u00e5 skalbara, dvs. de kan byggas ut i enlighet med varje familjs energibehov. Om det i framtiden finns fler elektriska apparater eller om du vill bygga ut ditt hem, kan du helt enkelt installera fler solpaneler f\u00f6r att t\u00e4cka den nya f\u00f6rbrukningen.<\/span><\/p>\n<p><span style=\"font-style: inherit; font-weight: inherit; background-color: var(--ast-global-color-4); color: var(--ast-global-color-3);\">Kort sagt \u00e4r sj\u00e4lvf\u00f6rbrukning i bost\u00e4der en alltmer popul\u00e4r och tillg\u00e4nglig metod f\u00f6r hush\u00e5llen. Det minskar elr\u00e4kningarna, minskar milj\u00f6p\u00e5verkan och \u00f6kar energiautonomin. Det \u00e4r ett h\u00e5llbart alternativ, ekonomiskt f\u00f6rdelaktigt och anpassningsbart till varje familjs behov.<\/span><\/p>\t\t\t\t\t\t\t\t<\/div>\n\t\t\t\t<\/div>\n\t\t\t\t\t<\/div>\n\t\t<\/div>\n\t\t\t\t\t<\/div>\n\t\t<\/section>\n\t\t\t\t<section class=\"has_ae_slider elementor-section elementor-top-section elementor-element elementor-element-fc607e2 elementor-section-boxed elementor-section-height-default elementor-section-height-default ae-bg-gallery-type-default\" data-id=\"fc607e2\" data-element_type=\"section\" data-e-type=\"section\">\n\t\t\t\t\t\t<div class=\"elementor-container elementor-column-gap-default\">\n\t\t\t\t\t<div class=\"has_ae_slider elementor-column elementor-col-100 elementor-top-column elementor-element elementor-element-3e6ca22 ae-bg-gallery-type-default\" data-id=\"3e6ca22\" data-element_type=\"column\" data-e-type=\"column\">\n\t\t\t<div class=\"elementor-widget-wrap elementor-element-populated\">\n\t\t\t\t\t\t<div class=\"elementor-element elementor-element-c87b484 elementor-align-center elementor-widget elementor-widget-button\" data-id=\"c87b484\" data-element_type=\"widget\" data-e-type=\"widget\" data-widget_type=\"button.default\">\n\t\t\t\t<div class=\"elementor-widget-container\">\n\t\t\t\t\t\t\t\t\t<div class=\"elementor-button-wrapper\">\n\t\t\t\t\t<a class=\"elementor-button elementor-button-link elementor-size-sm\" href=\"https:\/\/www.solar-model.com\/sv\/budget\/\">\n\t\t\t\t\t\t<span class=\"elementor-button-content-wrapper\">\n\t\t\t\t\t\t<span class=\"elementor-button-icon\">\n\t\t\t\t<i aria-hidden=\"true\" class=\"far fa-comment\"><\/i>\t\t\t<\/span>\n\t\t\t\t\t\t\t\t\t<span class=\"elementor-button-text\">Beg\u00e4r en kostnadsfri offert<\/span>\n\t\t\t\t\t<\/span>\n\t\t\t\t\t<\/a>\n\t\t\t\t<\/div>\n\t\t\t\t\t\t\t\t<\/div>\n\t\t\t\t<\/div>\n\t\t\t\t\t<\/div>\n\t\t<\/div>\n\t\t\t\t\t<\/div>\n\t\t<\/section>\n\t\t\t\t<\/div>","protected":false},"excerpt":{"rendered":"<p>Autoconsumo solar residencial Reduce tu factura de luz hasta un 80% El autoconsumo solar fotovoltaico residencial es una pr\u00e1ctica en crecimiento que consiste en generar y consumir energ\u00eda el\u00e9ctrica en el hogar a partir de fuentes renovables. Con el aumento de conciencia sobre la importancia de reducir el impacto ambiental y los costos de energ\u00eda, [&hellip;]<\/p>\n","protected":false},"author":1,"featured_media":0,"parent":0,"menu_order":0,"comment_status":"closed","ping_status":"closed","template":"","meta":{"site-sidebar-layout":"no-sidebar","site-content-layout":"page-builder","ast-site-content-layout":"full-width-container","site-content-style":"default","site-sidebar-style":"default","ast-global-header-display":"","ast-banner-title-visibility":"","ast-main-header-display":"","ast-hfb-above-header-display":"","ast-hfb-below-header-display":"","ast-hfb-mobile-header-display":"","site-post-title":"disabled","ast-breadcrumbs-content":"","ast-featured-img":"disabled","footer-sml-layout":"","ast-disable-related-posts":"","theme-transparent-header-meta":"","adv-header-id-meta":"","stick-header-meta":"","header-above-stick-meta":"","header-main-stick-meta":"","header-below-stick-meta":"","astra-migrate-meta-layouts":"default","ast-page-background-enabled":"default","ast-page-background-meta":{"desktop":{"background-color":"","background-image":"","background-repeat":"repeat","background-position":"center center","background-size":"auto","background-attachment":"scroll","background-type":"","background-media":"","overlay-type":"","overlay-color":"","overlay-opacity":"","overlay-gradient":""},"tablet":{"background-color":"","background-image":"","background-repeat":"repeat","background-position":"center center","background-size":"auto","background-attachment":"scroll","background-type":"","background-media":"","overlay-type":"","overlay-color":"","overlay-opacity":"","overlay-gradient":""},"mobile":{"background-color":"","background-image":"","background-repeat":"repeat","background-position":"center center","background-size":"auto","background-attachment":"scroll","background-type":"","background-media":"","overlay-type":"","overlay-color":"","overlay-opacity":"","overlay-gradient":""}},"ast-content-background-meta":{"desktop":{"background-color":"var(--ast-global-color-5)","background-image":"","background-repeat":"repeat","background-position":"center center","background-size":"auto","background-attachment":"scroll","background-type":"","background-media":"","overlay-type":"","overlay-color":"","overlay-opacity":"","overlay-gradient":""},"tablet":{"background-color":"var(--ast-global-color-5)","background-image":"","background-repeat":"repeat","background-position":"center center","background-size":"auto","background-attachment":"scroll","background-type":"","background-media":"","overlay-type":"","overlay-color":"","overlay-opacity":"","overlay-gradient":""},"mobile":{"background-color":"var(--ast-global-color-5)","background-image":"","background-repeat":"repeat","background-position":"center center","background-size":"auto","background-attachment":"scroll","background-type":"","background-media":"","overlay-type":"","overlay-color":"","overlay-opacity":"","overlay-gradient":""}},"_joinchat":[],"footnotes":""},"class_list":["post-956","page","type-page","status-publish","hentry"],"_links":{"self":[{"href":"https:\/\/www.solar-model.com\/sv\/wp-json\/wp\/v2\/pages\/956","targetHints":{"allow":["GET"]}}],"collection":[{"href":"https:\/\/www.solar-model.com\/sv\/wp-json\/wp\/v2\/pages"}],"about":[{"href":"https:\/\/www.solar-model.com\/sv\/wp-json\/wp\/v2\/types\/page"}],"author":[{"embeddable":true,"href":"https:\/\/www.solar-model.com\/sv\/wp-json\/wp\/v2\/users\/1"}],"replies":[{"embeddable":true,"href":"https:\/\/www.solar-model.com\/sv\/wp-json\/wp\/v2\/comments?post=956"}],"version-history":[{"count":21,"href":"https:\/\/www.solar-model.com\/sv\/wp-json\/wp\/v2\/pages\/956\/revisions"}],"predecessor-version":[{"id":1440,"href":"https:\/\/www.solar-model.com\/sv\/wp-json\/wp\/v2\/pages\/956\/revisions\/1440"}],"wp:attachment":[{"href":"https:\/\/www.solar-model.com\/sv\/wp-json\/wp\/v2\/media?parent=956"}],"curies":[{"name":"wp","href":"https:\/\/api.w.org\/{rel}","templated":true}]}}