{"id":986,"date":"2023-12-29T18:04:54","date_gmt":"2023-12-29T16:04:54","guid":{"rendered":"https:\/\/solar-model.com\/?page_id=986"},"modified":"2024-05-08T15:57:50","modified_gmt":"2024-05-08T14:57:50","slug":"huertos-solares","status":"publish","type":"page","link":"https:\/\/www.solar-model.com\/sv\/solcellstradgardar\/","title":{"rendered":"Solcellstr\u00e4dg\u00e5rdar"},"content":{"rendered":"<div data-elementor-type=\"wp-page\" data-elementor-id=\"986\" class=\"elementor elementor-986\" data-elementor-post-type=\"page\">\n\t\t\t\t\t\t<section class=\"has_ae_slider elementor-section elementor-top-section elementor-element elementor-element-17782d7 elementor-section-boxed elementor-section-height-default elementor-section-height-default ae-bg-gallery-type-default\" data-id=\"17782d7\" data-element_type=\"section\" data-e-type=\"section\">\n\t\t\t\t\t\t<div class=\"elementor-container elementor-column-gap-default\">\n\t\t\t\t\t<div class=\"has_ae_slider elementor-column elementor-col-100 elementor-top-column elementor-element elementor-element-2f1252c ae-bg-gallery-type-default\" data-id=\"2f1252c\" data-element_type=\"column\" data-e-type=\"column\">\n\t\t\t<div class=\"elementor-widget-wrap\">\n\t\t\t\t\t\t\t<\/div>\n\t\t<\/div>\n\t\t\t\t\t<\/div>\n\t\t<\/section>\n\t\t\t\t<section class=\"has_ae_slider elementor-section elementor-top-section elementor-element elementor-element-bb462e2 elementor-section-boxed elementor-section-height-default elementor-section-height-default ae-bg-gallery-type-default\" data-id=\"bb462e2\" data-element_type=\"section\" data-e-type=\"section\">\n\t\t\t\t\t\t<div class=\"elementor-container elementor-column-gap-default\">\n\t\t\t\t\t<div class=\"has_ae_slider elementor-column elementor-col-100 elementor-top-column elementor-element elementor-element-90bcce9 ae-bg-gallery-type-default\" data-id=\"90bcce9\" data-element_type=\"column\" data-e-type=\"column\">\n\t\t\t<div class=\"elementor-widget-wrap elementor-element-populated\">\n\t\t\t\t\t\t<div class=\"elementor-element elementor-element-1f9aea9 elementor-widget elementor-widget-text-editor\" data-id=\"1f9aea9\" data-element_type=\"widget\" data-e-type=\"widget\" data-widget_type=\"text-editor.default\">\n\t\t\t\t<div class=\"elementor-widget-container\">\n\t\t\t\t\t\t\t\t\t<p style=\"font-size: 16px; font-style: normal; font-weight: 400;\">Solcellsparker \u00e4r ett innovativt s\u00e4tt att utnyttja f\u00f6rnybar energi f\u00f6r att generera elektricitet. Dessa tr\u00e4dg\u00e5rdar best\u00e5r av installation av solcellspaneler p\u00e5 stora markomr\u00e5den, d\u00e4r solens str\u00e5lar f\u00e5ngas upp och omvandlas till elektrisk energi.<\/p>\t\t\t\t\t\t\t\t<\/div>\n\t\t\t\t<\/div>\n\t\t\t\t<div class=\"elementor-element elementor-element-6dad78e elementor-widget elementor-widget-image\" data-id=\"6dad78e\" data-element_type=\"widget\" data-e-type=\"widget\" data-widget_type=\"image.default\">\n\t\t\t\t<div class=\"elementor-widget-container\">\n\t\t\t\t\t\t\t\t\t\t\t\t\t\t\t<img fetchpriority=\"high\" decoding=\"async\" width=\"1024\" height=\"623\" src=\"https:\/\/www.solar-model.com\/wp-content\/uploads\/2023\/12\/Huertos-solares-1024x623.jpg\" class=\"attachment-large size-large wp-image-987\" alt=\"\" srcset=\"https:\/\/www.solar-model.com\/wp-content\/uploads\/2023\/12\/Huertos-solares-1024x623.jpg 1024w, https:\/\/www.solar-model.com\/wp-content\/uploads\/2023\/12\/Huertos-solares-300x182.jpg 300w, https:\/\/www.solar-model.com\/wp-content\/uploads\/2023\/12\/Huertos-solares-768x467.jpg 768w, https:\/\/www.solar-model.com\/wp-content\/uploads\/2023\/12\/Huertos-solares-18x12.jpg 18w, https:\/\/www.solar-model.com\/wp-content\/uploads\/2023\/12\/Huertos-solares.jpg 1470w\" sizes=\"(max-width: 1024px) 100vw, 1024px\" \/>\t\t\t\t\t\t\t\t\t\t\t\t\t\t\t<\/div>\n\t\t\t\t<\/div>\n\t\t\t\t<div class=\"elementor-element elementor-element-132fbdc elementor-widget elementor-widget-text-editor\" data-id=\"132fbdc\" data-element_type=\"widget\" data-e-type=\"widget\" data-widget_type=\"text-editor.default\">\n\t\t\t\t<div class=\"elementor-widget-container\">\n\t\t\t\t\t\t\t\t\t<p><span style=\"background-color: var(--ast-global-color-4); color: var(--ast-global-color-3); font-style: inherit; font-weight: inherit;\">En av de st\u00f6rsta f\u00f6rdelarna med solcellsparker \u00e4r att de \u00e4r en ren och f\u00f6rnybar energik\u00e4lla, vilket inneb\u00e4r att de inte genererar utsl\u00e4pp av v\u00e4xthusgaser eller f\u00f6roreningar som skadar milj\u00f6n. Eftersom det \u00e4r en outt\u00f6mlig energik\u00e4lla \u00e4r solcellsparker dessutom en l\u00e5ngsiktigt h\u00e5llbar l\u00f6sning.<\/span><br><\/p>\n<p><span style=\"font-style: inherit; font-weight: inherit; background-color: var(--ast-global-color-4); color: var(--ast-global-color-3);\">En annan f\u00f6rdel med solcellsparker \u00e4r att de upptar mark som inte \u00e4r l\u00e4mplig f\u00f6r andra gr\u00f6dor, t.ex. \u00f6demark eller \u00f6kenomr\u00e5den, vilket maximerar anv\u00e4ndningen av annars underutnyttjade ytor. Dessutom kan solcellsparker samexistera med traditionellt jordbruk, eftersom panelerna kan installeras h\u00f6gt \u00f6ver marken s\u00e5 att gr\u00f6dor kan v\u00e4xa under dem.<\/span><\/p>\n<p><span style=\"font-style: inherit; font-weight: inherit; background-color: var(--ast-global-color-4); color: var(--ast-global-color-3);\">Ekonomiskt sett \u00e4r solcellsparker en l\u00f6nsam investering p\u00e5 l\u00e5ng sikt, eftersom de efter installationen kr\u00e4ver lite underh\u00e5ll och l\u00e5ga driftskostnader. Genom att generera elektricitet \u00e4r det dessutom m\u00f6jligt att s\u00e4lja \u00f6verskottet till eln\u00e4tet, vilket inneb\u00e4r ytterligare int\u00e4kter f\u00f6r \u00e4garna till parkerna.<\/span><\/p>\n<p><span style=\"font-style: inherit; font-weight: inherit; background-color: var(--ast-global-color-4); color: var(--ast-global-color-3);\">N\u00e4r det g\u00e4ller de sociala effekterna bidrar solcellsparker ocks\u00e5 till att skapa arbetstillf\u00e4llen, eftersom de kr\u00e4ver specialiserad personal f\u00f6r installation, underh\u00e5ll och tillsyn. Genom att generera elektricitet p\u00e5 ett decentraliserat s\u00e4tt kan solcellsparker dessutom bidra till att minska beroendet av andra mer f\u00f6rorenande och kostsamma metoder f\u00f6r energiproduktion, s\u00e5som k\u00e4rnkraftverk eller v\u00e4rmekraftverk.<\/span><\/p>\n<p><span style=\"font-style: inherit; font-weight: inherit; background-color: var(--ast-global-color-4); color: var(--ast-global-color-3);\">Sammanfattningsvis utg\u00f6r solcellsparker en innovativ och h\u00e5llbar l\u00f6sning f\u00f6r elproduktion. F\u00f6rutom att de \u00e4r en ren och f\u00f6rnybar k\u00e4lla, upptar de mark som annars skulle vara underutnyttjad, har en god ekonomisk avkastning och bidrar till att skapa syssels\u00e4ttning. P\u00e5 s\u00e5 s\u00e4tt \u00e4r solcellsparker ett alternativ att \u00f6verv\u00e4ga f\u00f6r en mer h\u00e5llbar energiframtid.<\/span><\/p>\t\t\t\t\t\t\t\t<\/div>\n\t\t\t\t<\/div>\n\t\t\t\t\t<\/div>\n\t\t<\/div>\n\t\t\t\t\t<\/div>\n\t\t<\/section>\n\t\t\t\t<section class=\"has_ae_slider elementor-section elementor-top-section elementor-element elementor-element-a7c6d0c elementor-section-boxed elementor-section-height-default elementor-section-height-default ae-bg-gallery-type-default\" data-id=\"a7c6d0c\" data-element_type=\"section\" data-e-type=\"section\">\n\t\t\t\t\t\t<div class=\"elementor-container elementor-column-gap-default\">\n\t\t\t\t\t<div class=\"has_ae_slider elementor-column elementor-col-100 elementor-top-column elementor-element elementor-element-83bb1b0 ae-bg-gallery-type-default\" data-id=\"83bb1b0\" data-element_type=\"column\" data-e-type=\"column\">\n\t\t\t<div class=\"elementor-widget-wrap elementor-element-populated\">\n\t\t\t\t\t\t<div class=\"elementor-element elementor-element-efff1eb elementor-align-center elementor-widget elementor-widget-button\" data-id=\"efff1eb\" data-element_type=\"widget\" data-e-type=\"widget\" data-widget_type=\"button.default\">\n\t\t\t\t<div class=\"elementor-widget-container\">\n\t\t\t\t\t\t\t\t\t<div class=\"elementor-button-wrapper\">\n\t\t\t\t\t<a class=\"elementor-button elementor-button-link elementor-size-sm\" href=\"https:\/\/www.solar-model.com\/sv\/budget\/\">\n\t\t\t\t\t\t<span class=\"elementor-button-content-wrapper\">\n\t\t\t\t\t\t<span class=\"elementor-button-icon\">\n\t\t\t\t<i aria-hidden=\"true\" class=\"far fa-comment\"><\/i>\t\t\t<\/span>\n\t\t\t\t\t\t\t\t\t<span class=\"elementor-button-text\">Beg\u00e4r en kostnadsfri offert<\/span>\n\t\t\t\t\t<\/span>\n\t\t\t\t\t<\/a>\n\t\t\t\t<\/div>\n\t\t\t\t\t\t\t\t<\/div>\n\t\t\t\t<\/div>\n\t\t\t\t\t<\/div>\n\t\t<\/div>\n\t\t\t\t\t<\/div>\n\t\t<\/section>\n\t\t\t\t<\/div>","protected":false},"excerpt":{"rendered":"<p>Huertos solares Obt\u00e9n un rendimiento m\u00e1ximo invirtiendo en energ\u00eda solar Los huertos solares son una innovadora forma de aprovechar la energ\u00eda renovable para la generaci\u00f3n de electricidad. Estos huertos consisten en la instalaci\u00f3n de paneles fotovoltaicos en grandes superficies de terreno, donde se captan los rayos del sol y se convierten en energ\u00eda el\u00e9ctrica. Una [&hellip;]<\/p>\n","protected":false},"author":1,"featured_media":0,"parent":0,"menu_order":0,"comment_status":"closed","ping_status":"closed","template":"","meta":{"site-sidebar-layout":"no-sidebar","site-content-layout":"page-builder","ast-site-content-layout":"full-width-container","site-content-style":"default","site-sidebar-style":"default","ast-global-header-display":"","ast-banner-title-visibility":"","ast-main-header-display":"","ast-hfb-above-header-display":"","ast-hfb-below-header-display":"","ast-hfb-mobile-header-display":"","site-post-title":"disabled","ast-breadcrumbs-content":"","ast-featured-img":"disabled","footer-sml-layout":"","ast-disable-related-posts":"","theme-transparent-header-meta":"","adv-header-id-meta":"","stick-header-meta":"","header-above-stick-meta":"","header-main-stick-meta":"","header-below-stick-meta":"","astra-migrate-meta-layouts":"default","ast-page-background-enabled":"default","ast-page-background-meta":{"desktop":{"background-color":"","background-image":"","background-repeat":"repeat","background-position":"center center","background-size":"auto","background-attachment":"scroll","background-type":"","background-media":"","overlay-type":"","overlay-color":"","overlay-opacity":"","overlay-gradient":""},"tablet":{"background-color":"","background-image":"","background-repeat":"repeat","background-position":"center center","background-size":"auto","background-attachment":"scroll","background-type":"","background-media":"","overlay-type":"","overlay-color":"","overlay-opacity":"","overlay-gradient":""},"mobile":{"background-color":"","background-image":"","background-repeat":"repeat","background-position":"center center","background-size":"auto","background-attachment":"scroll","background-type":"","background-media":"","overlay-type":"","overlay-color":"","overlay-opacity":"","overlay-gradient":""}},"ast-content-background-meta":{"desktop":{"background-color":"var(--ast-global-color-5)","background-image":"","background-repeat":"repeat","background-position":"center center","background-size":"auto","background-attachment":"scroll","background-type":"","background-media":"","overlay-type":"","overlay-color":"","overlay-opacity":"","overlay-gradient":""},"tablet":{"background-color":"var(--ast-global-color-5)","background-image":"","background-repeat":"repeat","background-position":"center center","background-size":"auto","background-attachment":"scroll","background-type":"","background-media":"","overlay-type":"","overlay-color":"","overlay-opacity":"","overlay-gradient":""},"mobile":{"background-color":"var(--ast-global-color-5)","background-image":"","background-repeat":"repeat","background-position":"center center","background-size":"auto","background-attachment":"scroll","background-type":"","background-media":"","overlay-type":"","overlay-color":"","overlay-opacity":"","overlay-gradient":""}},"_joinchat":[],"footnotes":""},"class_list":["post-986","page","type-page","status-publish","hentry"],"_links":{"self":[{"href":"https:\/\/www.solar-model.com\/sv\/wp-json\/wp\/v2\/pages\/986","targetHints":{"allow":["GET"]}}],"collection":[{"href":"https:\/\/www.solar-model.com\/sv\/wp-json\/wp\/v2\/pages"}],"about":[{"href":"https:\/\/www.solar-model.com\/sv\/wp-json\/wp\/v2\/types\/page"}],"author":[{"embeddable":true,"href":"https:\/\/www.solar-model.com\/sv\/wp-json\/wp\/v2\/users\/1"}],"replies":[{"embeddable":true,"href":"https:\/\/www.solar-model.com\/sv\/wp-json\/wp\/v2\/comments?post=986"}],"version-history":[{"count":15,"href":"https:\/\/www.solar-model.com\/sv\/wp-json\/wp\/v2\/pages\/986\/revisions"}],"predecessor-version":[{"id":1618,"href":"https:\/\/www.solar-model.com\/sv\/wp-json\/wp\/v2\/pages\/986\/revisions\/1618"}],"wp:attachment":[{"href":"https:\/\/www.solar-model.com\/sv\/wp-json\/wp\/v2\/media?parent=986"}],"curies":[{"name":"wp","href":"https:\/\/api.w.org\/{rel}","templated":true}]}}